{"id":14101,"date":"2025-02-16T14:32:16","date_gmt":"2025-02-16T14:32:16","guid":{"rendered":"https:\/\/digistar.ma\/?post_type=product&#038;p=14101"},"modified":"2025-08-06T04:46:37","modified_gmt":"2025-08-06T04:46:37","slug":"mug-blanc-de-sublimation-simple","status":"publish","type":"product","link":"https:\/\/digistar.ma\/?product=mug-blanc-de-sublimation-simple","title":{"rendered":"Mug Blanc de Sublimation Simple"},"content":{"rendered":"<h3>Mug Blanc de Sublimation Simple<\/h3>\n<h3 data-start=\"0\" data-end=\"67\">Mug Blanc de Sublimation \u2013 Personnalisation Facile et Durable<\/h3>\n<p data-start=\"69\" data-end=\"304\">Le <strong data-start=\"72\" data-end=\"100\">mug blanc de sublimation<\/strong> est un incontournable pour la personnalisation. Son rev\u00eatement sp\u00e9cial permet une impression nette et r\u00e9sistante aux lavages, id\u00e9ale pour les cadeaux, le merchandising et la communication d\u2019entreprise.<\/p>\n<h3 data-start=\"306\" data-end=\"340\">Caract\u00e9ristiques principales<\/h3>\n<ul data-start=\"341\" data-end=\"786\">\n<li data-start=\"341\" data-end=\"435\"><strong data-start=\"343\" data-end=\"373\">Surface sublimable blanche<\/strong> : impression de haute qualit\u00e9 avec des couleurs \u00e9clatantes.<\/li>\n<li data-start=\"436\" data-end=\"537\"><strong data-start=\"438\" data-end=\"467\">Capacit\u00e9 de 330ml (11 oz)<\/strong> : format standard, parfait pour le caf\u00e9, le th\u00e9 et autres boissons.<\/li>\n<li data-start=\"538\" data-end=\"642\"><strong data-start=\"540\" data-end=\"582\">Mat\u00e9riau en c\u00e9ramique de haute qualit\u00e9<\/strong> : robuste, r\u00e9sistant \u00e0 la chaleur et aux lavages r\u00e9p\u00e9t\u00e9s.<\/li>\n<li data-start=\"643\" data-end=\"716\"><strong data-start=\"645\" data-end=\"682\">Compatible avec les presses \u00e0 mug<\/strong> : sublimation rapide et facile.<\/li>\n<li data-start=\"717\" data-end=\"786\"><strong data-start=\"719\" data-end=\"741\">Finition brillante<\/strong> : offre un rendu professionnel et \u00e9l\u00e9gant.<\/li>\n<\/ul>\n<h3 data-start=\"788\" data-end=\"836\">Pourquoi choisir ce mug blanc sublimable ?<\/h3>\n<ul data-start=\"837\" data-end=\"1111\">\n<li data-start=\"837\" data-end=\"935\"><strong data-start=\"839\" data-end=\"872\">Polyvalent et personnalisable<\/strong> : id\u00e9al pour les cadeaux, les entreprises et les \u00e9v\u00e9nements.<\/li>\n<li data-start=\"936\" data-end=\"1025\"><strong data-start=\"938\" data-end=\"974\">Excellente tenue des impressions<\/strong> : r\u00e9sistant au lave-vaisselle et au micro-ondes.<\/li>\n<li data-start=\"1026\" data-end=\"1111\"><strong data-start=\"1028\" data-end=\"1061\">Meilleur rapport qualit\u00e9\/prix<\/strong> pour les professionnels de la personnalisation.<\/li>\n<\/ul>\n<p data-start=\"1113\" data-end=\"1264\">Commandez d\u00e8s maintenant votre <strong data-start=\"1144\" data-end=\"1172\">mug blanc de sublimation<\/strong> sur <a href=\"https:\/\/www.digistar.ma\" target=\"_new\" rel=\"noopener\" data-start=\"1177\" data-end=\"1219\">www.digistar.ma<\/a> et cr\u00e9ez des designs uniques et durables !<\/p>\n","protected":false},"excerpt":{"rendered":"<ul data-start=\"341\" data-end=\"786\">\n<li data-start=\"341\" data-end=\"435\"><strong data-start=\"343\" data-end=\"373\">Surface sublimable blanche<\/strong> : impression de haute qualit\u00e9 avec des couleurs \u00e9clatantes.<\/li>\n<li data-start=\"436\" data-end=\"537\"><strong data-start=\"438\" data-end=\"467\">Capacit\u00e9 de 330ml (11 oz)<\/strong> : format standard, parfait pour le caf\u00e9, le th\u00e9 et autres boissons.<\/li>\n<li data-start=\"538\" data-end=\"642\"><strong data-start=\"540\" data-end=\"582\">Mat\u00e9riau en c\u00e9ramique de haute qualit\u00e9<\/strong> : robuste, r\u00e9sistant \u00e0 la chaleur et aux lavages r\u00e9p\u00e9t\u00e9s.<\/li>\n<li data-start=\"643\" data-end=\"716\"><strong data-start=\"645\" data-end=\"682\">Compatible avec les presses \u00e0 mug<\/strong> : sublimation rapide et facile.<\/li>\n<li data-start=\"717\" data-end=\"786\"><strong data-start=\"719\" data-end=\"741\">Finition brillante<\/strong> : offre un rendu professionnel et \u00e9l\u00e9gant.<\/li>\n<\/ul>\n","protected":false},"featured_media":14103,"comment_status":"open","ping_status":"closed","template":"","meta":{"_acf_changed":false,"_monsterinsights_skip_tracking":false,"_monsterinsights_sitenote_active":false,"_monsterinsights_sitenote_note":"","_monsterinsights_sitenote_category":0,"_uf_show_specific_survey":0,"_uf_disable_surveys":false,"_joinchat":[]},"product_brand":[],"product_cat":[384,385],"product_tag":[],"class_list":{"0":"post-14101","1":"product","2":"type-product","3":"status-publish","4":"has-post-thumbnail","6":"product_cat-fournitures-dimpression","7":"product_cat-sublimation","9":"first","10":"instock","11":"sale","12":"shipping-taxable","13":"purchasable","14":"product-type-simple"},"acf":[],"jetpack_sharing_enabled":true,"_links":{"self":[{"href":"https:\/\/digistar.ma\/index.php?rest_route=\/wp\/v2\/product\/14101","targetHints":{"allow":["GET"]}}],"collection":[{"href":"https:\/\/digistar.ma\/index.php?rest_route=\/wp\/v2\/product"}],"about":[{"href":"https:\/\/digistar.ma\/index.php?rest_route=\/wp\/v2\/types\/product"}],"replies":[{"embeddable":true,"href":"https:\/\/digistar.ma\/index.php?rest_route=%2Fwp%2Fv2%2Fcomments&post=14101"}],"version-history":[{"count":1,"href":"https:\/\/digistar.ma\/index.php?rest_route=\/wp\/v2\/product\/14101\/revisions"}],"predecessor-version":[{"id":14107,"href":"https:\/\/digistar.ma\/index.php?rest_route=\/wp\/v2\/product\/14101\/revisions\/14107"}],"wp:featuredmedia":[{"embeddable":true,"href":"https:\/\/digistar.ma\/index.php?rest_route=\/wp\/v2\/media\/14103"}],"wp:attachment":[{"href":"https:\/\/digistar.ma\/index.php?rest_route=%2Fwp%2Fv2%2Fmedia&parent=14101"}],"wp:term":[{"taxonomy":"product_brand","embeddable":true,"href":"https:\/\/digistar.ma\/index.php?rest_route=%2Fwp%2Fv2%2Fproduct_brand&post=14101"},{"taxonomy":"product_cat","embeddable":true,"href":"https:\/\/digistar.ma\/index.php?rest_route=%2Fwp%2Fv2%2Fproduct_cat&post=14101"},{"taxonomy":"product_tag","embeddable":true,"href":"https:\/\/digistar.ma\/index.php?rest_route=%2Fwp%2Fv2%2Fproduct_tag&post=14101"}],"curies":[{"name":"wp","href":"https:\/\/api.w.org\/{rel}","templated":true}]}}