{"id":14129,"date":"2025-02-16T16:43:24","date_gmt":"2025-02-16T16:43:24","guid":{"rendered":"https:\/\/digistar.ma\/?post_type=product&#038;p=14129"},"modified":"2025-02-16T17:05:54","modified_gmt":"2025-02-16T17:05:54","slug":"adhesif-micro-perfore-1-07x50m-one-way","status":"publish","type":"product","link":"https:\/\/digistar.ma\/?product=adhesif-micro-perfore-1-07x50m-one-way","title":{"rendered":"Adh\u00e9sif Micro-perfor\u00e9 1.07x50m One Way"},"content":{"rendered":"<h3>Adh\u00e9sif Micro-perfor\u00e9 1.07x50m One Way<\/h3>\n<h3 data-start=\"0\" data-end=\"76\">Publicit\u00e9 Ext\u00e9rieure Efficace<\/h3>\n<p data-start=\"78\" data-end=\"448\">L&#8217;<strong data-start=\"80\" data-end=\"113\">adh\u00e9sif micro-perfor\u00e9 One Way<\/strong> est une solution id\u00e9ale pour la <strong data-start=\"146\" data-end=\"182\">publicit\u00e9 sur vitres et fen\u00eatres<\/strong>. Gr\u00e2ce \u00e0 sa structure micro-perfor\u00e9e, il permet d&#8217;<strong data-start=\"233\" data-end=\"323\">afficher des visuels de haute qualit\u00e9 tout en offrant une visibilit\u00e9 unidirectionnelle<\/strong>, permettant aux passants de voir l&#8217;image imprim\u00e9e \u00e0 l&#8217;ext\u00e9rieur tout en permettant \u00e0 ceux \u00e0 l&#8217;int\u00e9rieur de voir \u00e0 travers.<\/p>\n<h3 data-start=\"450\" data-end=\"484\">Caract\u00e9ristiques principales<\/h3>\n<ul data-start=\"485\" data-end=\"1170\">\n<li data-start=\"485\" data-end=\"578\"><strong data-start=\"487\" data-end=\"501\">Dimensions<\/strong> : 1,07 m de large x 50 m de long, offrant une grande surface d\u2019impression.<\/li>\n<li data-start=\"579\" data-end=\"730\"><strong data-start=\"581\" data-end=\"613\">Visibilit\u00e9 unidirectionnelle<\/strong> : offre une vue claire de l&#8217;int\u00e9rieur vers l&#8217;ext\u00e9rieur tout en maintenant la lisibilit\u00e9 des visuels \u00e0 l&#8217;ext\u00e9rieur.<\/li>\n<li data-start=\"731\" data-end=\"813\"><strong data-start=\"733\" data-end=\"761\">Impression haute qualit\u00e9<\/strong> : pour des visuels nets, \u00e9clatants et r\u00e9sistants.<\/li>\n<li data-start=\"814\" data-end=\"940\"><strong data-start=\"816\" data-end=\"858\">Adapt\u00e9 pour une utilisation ext\u00e9rieure<\/strong> : con\u00e7u pour r\u00e9sister aux intemp\u00e9ries et aux conditions climatiques difficiles.<\/li>\n<li data-start=\"941\" data-end=\"1056\"><strong data-start=\"943\" data-end=\"1003\">Compatible avec les imprimantes \u00e0 solvant et \u00e9co-solvant<\/strong> : pour des impressions de qualit\u00e9 professionnelle.<\/li>\n<li data-start=\"1057\" data-end=\"1170\"><strong data-start=\"1059\" data-end=\"1081\">Facile \u00e0 installer<\/strong> : simple \u00e0 appliquer sur les vitrines, fen\u00eatres de v\u00e9hicules, ou toute surface vitr\u00e9e.<\/li>\n<\/ul>\n<h3 data-start=\"1172\" data-end=\"1228\">Pourquoi choisir l&#8217;adh\u00e9sif micro-perfor\u00e9 One Way ?<\/h3>\n<ul data-start=\"1229\" data-end=\"1569\">\n<li data-start=\"1229\" data-end=\"1347\"><strong data-start=\"1231\" data-end=\"1264\">Publicit\u00e9 ext\u00e9rieure efficace<\/strong> : permet une excellente visibilit\u00e9 tout en offrant un impact visuel remarquable.<\/li>\n<li data-start=\"1348\" data-end=\"1467\"><strong data-start=\"1350\" data-end=\"1371\">Durabilit\u00e9 accrue<\/strong> : con\u00e7u pour r\u00e9sister aux conditions ext\u00e9rieures tout en gardant l\u2019int\u00e9grit\u00e9 de l&#8217;impression.<\/li>\n<li data-start=\"1468\" data-end=\"1569\"><strong data-start=\"1470\" data-end=\"1485\">Polyvalence<\/strong> : id\u00e9al pour les <strong data-start=\"1503\" data-end=\"1566\">vitrines de magasins, v\u00e9hicules, et autres surfaces vitr\u00e9es<\/strong>.<\/li>\n<\/ul>\n<p data-start=\"1571\" data-end=\"1757\">Commandez d\u00e8s maintenant votre <strong data-start=\"1602\" data-end=\"1644\">adh\u00e9sif micro-perfor\u00e9 One Way 1,07x50m<\/strong> sur <a href=\"https:\/\/www.digistar.ma\" target=\"_new\" rel=\"noopener\" data-start=\"1649\" data-end=\"1691\">www.digistar.ma<\/a> pour cr\u00e9er des impressions publicitaires efficaces et durables.<\/p>\n","protected":false},"excerpt":{"rendered":"<ul data-start=\"485\" data-end=\"1170\">\n<li data-start=\"485\" data-end=\"578\"><strong data-start=\"487\" data-end=\"501\">Dimensions<\/strong> : 1,07 m de large x 50 m de long, offrant une grande surface d\u2019impression.<\/li>\n<li data-start=\"579\" data-end=\"730\"><strong data-start=\"581\" data-end=\"613\">Visibilit\u00e9 unidirectionnelle<\/strong> : offre une vue claire de l&#8217;int\u00e9rieur vers l&#8217;ext\u00e9rieur tout en maintenant la lisibilit\u00e9 des visuels \u00e0 l&#8217;ext\u00e9rieur.<\/li>\n<li data-start=\"731\" data-end=\"813\"><strong data-start=\"733\" data-end=\"761\">Impression haute qualit\u00e9<\/strong> : pour des visuels nets, \u00e9clatants et r\u00e9sistants.<\/li>\n<li data-start=\"814\" data-end=\"940\"><strong data-start=\"816\" data-end=\"858\">Adapt\u00e9 pour une utilisation ext\u00e9rieure<\/strong> : con\u00e7u pour r\u00e9sister aux intemp\u00e9ries et aux conditions climatiques difficiles.<\/li>\n<li data-start=\"941\" data-end=\"1056\"><strong data-start=\"943\" data-end=\"1003\">Compatible avec les imprimantes \u00e0 solvant et \u00e9co-solvant<\/strong> : pour des impressions de qualit\u00e9 professionnelle.<\/li>\n<li data-start=\"1057\" data-end=\"1170\"><strong data-start=\"1059\" data-end=\"1081\">Facile \u00e0 installer<\/strong> : simple \u00e0 appliquer sur les vitrines, fen\u00eatres de v\u00e9hicules, ou toute surface vitr\u00e9e.<\/li>\n<\/ul>\n","protected":false},"featured_media":14130,"comment_status":"open","ping_status":"closed","template":"","meta":{"_acf_changed":false,"_monsterinsights_skip_tracking":false,"_monsterinsights_sitenote_active":false,"_monsterinsights_sitenote_note":"","_monsterinsights_sitenote_category":0,"_uf_show_specific_survey":0,"_uf_disable_surveys":false,"_joinchat":[]},"product_brand":[],"product_cat":[384],"product_tag":[],"class_list":{"0":"post-14129","1":"product","2":"type-product","3":"status-publish","4":"has-post-thumbnail","6":"product_cat-fournitures-dimpression","8":"first","9":"instock","10":"sale","11":"shipping-taxable","12":"purchasable","13":"product-type-simple"},"acf":[],"jetpack_sharing_enabled":true,"_links":{"self":[{"href":"https:\/\/digistar.ma\/index.php?rest_route=\/wp\/v2\/product\/14129","targetHints":{"allow":["GET"]}}],"collection":[{"href":"https:\/\/digistar.ma\/index.php?rest_route=\/wp\/v2\/product"}],"about":[{"href":"https:\/\/digistar.ma\/index.php?rest_route=\/wp\/v2\/types\/product"}],"replies":[{"embeddable":true,"href":"https:\/\/digistar.ma\/index.php?rest_route=%2Fwp%2Fv2%2Fcomments&post=14129"}],"version-history":[{"count":1,"href":"https:\/\/digistar.ma\/index.php?rest_route=\/wp\/v2\/product\/14129\/revisions"}],"predecessor-version":[{"id":14135,"href":"https:\/\/digistar.ma\/index.php?rest_route=\/wp\/v2\/product\/14129\/revisions\/14135"}],"wp:featuredmedia":[{"embeddable":true,"href":"https:\/\/digistar.ma\/index.php?rest_route=\/wp\/v2\/media\/14130"}],"wp:attachment":[{"href":"https:\/\/digistar.ma\/index.php?rest_route=%2Fwp%2Fv2%2Fmedia&parent=14129"}],"wp:term":[{"taxonomy":"product_brand","embeddable":true,"href":"https:\/\/digistar.ma\/index.php?rest_route=%2Fwp%2Fv2%2Fproduct_brand&post=14129"},{"taxonomy":"product_cat","embeddable":true,"href":"https:\/\/digistar.ma\/index.php?rest_route=%2Fwp%2Fv2%2Fproduct_cat&post=14129"},{"taxonomy":"product_tag","embeddable":true,"href":"https:\/\/digistar.ma\/index.php?rest_route=%2Fwp%2Fv2%2Fproduct_tag&post=14129"}],"curies":[{"name":"wp","href":"https:\/\/api.w.org\/{rel}","templated":true}]}}