{"id":14160,"date":"2025-02-16T19:04:55","date_gmt":"2025-02-16T19:04:55","guid":{"rendered":"https:\/\/digistar.ma\/?post_type=product&#038;p=14160"},"modified":"2025-02-16T19:04:55","modified_gmt":"2025-02-16T19:04:55","slug":"rollup-aluminium-standard-85x200-cm","status":"publish","type":"product","link":"https:\/\/digistar.ma\/?product=rollup-aluminium-standard-85x200-cm","title":{"rendered":"Rollup Aluminium Standard 85&#215;200 cm"},"content":{"rendered":"<h3>Rollup Aluminium Standard 85&#215;200 cm<\/h3>\n<p data-start=\"87\" data-end=\"435\">Le <strong data-start=\"90\" data-end=\"130\">Roll-up Aluminium Standard 85&#215;200 cm<\/strong> est un support id\u00e9al pour la <strong data-start=\"160\" data-end=\"186\">communication visuelle<\/strong>, offrant un affichage professionnel, pratique et facile \u00e0 transporter. Con\u00e7u pour une utilisation en <strong data-start=\"288\" data-end=\"356\">salons, expositions, points de vente et \u00e9v\u00e9nements promotionnels<\/strong>, ce roll-up garantit une visibilit\u00e9 maximale avec un rendu \u00e9l\u00e9gant et moderne.<\/p>\n<h3 data-start=\"437\" data-end=\"471\">Caract\u00e9ristiques principales<\/h3>\n<ul data-start=\"472\" data-end=\"1083\">\n<li data-start=\"472\" data-end=\"560\"><strong data-start=\"474\" data-end=\"488\">Dimensions<\/strong> : 85 cm de large x 200 cm de haut, id\u00e9al pour des visuels impactants.<\/li>\n<li data-start=\"561\" data-end=\"654\"><strong data-start=\"563\" data-end=\"589\">Structure en aluminium<\/strong> : robuste, l\u00e9g\u00e8re et durable, assurant une stabilit\u00e9 optimale.<\/li>\n<li data-start=\"655\" data-end=\"756\"><strong data-start=\"657\" data-end=\"679\">Facile \u00e0 installer<\/strong> : m\u00e9canisme r\u00e9tractable permettant un montage rapide en quelques secondes.<\/li>\n<li data-start=\"757\" data-end=\"868\"><strong data-start=\"759\" data-end=\"781\">Transport pratique<\/strong> : livr\u00e9 avec une housse de transport pour faciliter les d\u00e9placements et le stockage.<\/li>\n<li data-start=\"869\" data-end=\"971\"><strong data-start=\"871\" data-end=\"898\">Support interchangeable<\/strong> : possibilit\u00e9 de remplacer l\u2019affiche pour des campagnes renouvelables.<\/li>\n<li data-start=\"972\" data-end=\"1083\"><strong data-start=\"974\" data-end=\"1000\">Id\u00e9al pour l\u2019int\u00e9rieur<\/strong> : parfait pour les <strong data-start=\"1020\" data-end=\"1082\">points de vente, foires, salons et \u00e9v\u00e9nements d\u2019entreprise<\/strong>.<\/li>\n<\/ul>\n<h3 data-start=\"1085\" data-end=\"1149\">Pourquoi choisir le Roll-up Aluminium Standard 85&#215;200 cm ?<\/h3>\n<ul data-start=\"1150\" data-end=\"1427\">\n<li data-start=\"1150\" data-end=\"1250\"><strong data-start=\"1152\" data-end=\"1175\">Visibilit\u00e9 optimale<\/strong> : format vertical qui attire l\u2019attention et met en valeur votre message.<\/li>\n<li data-start=\"1251\" data-end=\"1340\"><strong data-start=\"1253\" data-end=\"1274\">Pratique et l\u00e9ger<\/strong> : facile \u00e0 transporter et \u00e0 installer, sans outils n\u00e9cessaires.<\/li>\n<li data-start=\"1341\" data-end=\"1427\"><strong data-start=\"1343\" data-end=\"1370\">Qualit\u00e9 professionnelle<\/strong> : finition soign\u00e9e pour un rendu \u00e9l\u00e9gant et impactant.<\/li>\n<\/ul>\n<p data-start=\"1429\" data-end=\"1628\">Commandez d\u00e8s maintenant votre <strong data-start=\"1460\" data-end=\"1500\">Roll-up Aluminium Standard 85&#215;200 cm<\/strong> sur <a href=\"https:\/\/www.digistar.ma\" target=\"_new\" rel=\"noopener\" data-start=\"1505\" data-end=\"1547\">www.digistar.ma<\/a> pour dynamiser votre communication visuelle avec un support efficace et durable.<\/p>\n","protected":false},"excerpt":{"rendered":"<ul data-start=\"1150\" data-end=\"1427\">\n<li data-start=\"1150\" data-end=\"1250\"><strong data-start=\"1152\" data-end=\"1175\">Visibilit\u00e9 optimale<\/strong> : format vertical qui attire l\u2019attention et met en valeur votre message.<\/li>\n<li data-start=\"1251\" data-end=\"1340\"><strong data-start=\"1253\" data-end=\"1274\">Pratique et l\u00e9ger<\/strong> : facile \u00e0 transporter et \u00e0 installer, sans outils n\u00e9cessaires.<\/li>\n<li data-start=\"1341\" data-end=\"1427\"><strong data-start=\"1343\" data-end=\"1370\">Qualit\u00e9 professionnelle<\/strong> : finition soign\u00e9e pour un rendu \u00e9l\u00e9gant et impactant.<\/li>\n<\/ul>\n","protected":false},"featured_media":14161,"comment_status":"open","ping_status":"closed","template":"","meta":{"_acf_changed":false,"_monsterinsights_skip_tracking":false,"_monsterinsights_sitenote_active":false,"_monsterinsights_sitenote_note":"","_monsterinsights_sitenote_category":0,"_uf_show_specific_survey":0,"_uf_disable_surveys":false,"_joinchat":[]},"product_brand":[],"product_cat":[384],"product_tag":[],"class_list":{"0":"post-14160","1":"product","2":"type-product","3":"status-publish","4":"has-post-thumbnail","6":"product_cat-fournitures-dimpression","8":"first","9":"instock","10":"sale","11":"shipping-taxable","12":"purchasable","13":"product-type-simple"},"acf":[],"jetpack_sharing_enabled":true,"_links":{"self":[{"href":"https:\/\/digistar.ma\/index.php?rest_route=\/wp\/v2\/product\/14160","targetHints":{"allow":["GET"]}}],"collection":[{"href":"https:\/\/digistar.ma\/index.php?rest_route=\/wp\/v2\/product"}],"about":[{"href":"https:\/\/digistar.ma\/index.php?rest_route=\/wp\/v2\/types\/product"}],"replies":[{"embeddable":true,"href":"https:\/\/digistar.ma\/index.php?rest_route=%2Fwp%2Fv2%2Fcomments&post=14160"}],"version-history":[{"count":2,"href":"https:\/\/digistar.ma\/index.php?rest_route=\/wp\/v2\/product\/14160\/revisions"}],"predecessor-version":[{"id":14166,"href":"https:\/\/digistar.ma\/index.php?rest_route=\/wp\/v2\/product\/14160\/revisions\/14166"}],"wp:featuredmedia":[{"embeddable":true,"href":"https:\/\/digistar.ma\/index.php?rest_route=\/wp\/v2\/media\/14161"}],"wp:attachment":[{"href":"https:\/\/digistar.ma\/index.php?rest_route=%2Fwp%2Fv2%2Fmedia&parent=14160"}],"wp:term":[{"taxonomy":"product_brand","embeddable":true,"href":"https:\/\/digistar.ma\/index.php?rest_route=%2Fwp%2Fv2%2Fproduct_brand&post=14160"},{"taxonomy":"product_cat","embeddable":true,"href":"https:\/\/digistar.ma\/index.php?rest_route=%2Fwp%2Fv2%2Fproduct_cat&post=14160"},{"taxonomy":"product_tag","embeddable":true,"href":"https:\/\/digistar.ma\/index.php?rest_route=%2Fwp%2Fv2%2Fproduct_tag&post=14160"}],"curies":[{"name":"wp","href":"https:\/\/api.w.org\/{rel}","templated":true}]}}