{"id":14181,"date":"2025-02-16T20:00:06","date_gmt":"2025-02-16T20:00:06","guid":{"rendered":"https:\/\/digistar.ma\/?post_type=product&#038;p=14181"},"modified":"2025-02-16T20:00:07","modified_gmt":"2025-02-16T20:00:07","slug":"encre-eco-solvant-pour-traceur-galaxy-dx5-eco","status":"publish","type":"product","link":"https:\/\/digistar.ma\/?product=encre-eco-solvant-pour-traceur-galaxy-dx5-eco","title":{"rendered":"Encre \u00c9co-Solvant pour Traceur Galaxy DX5-ECO"},"content":{"rendered":"<h3>Encre \u00c9co-Solvant pour Traceur Galaxy DX5-ECO<\/h3>\n<h3 data-start=\"0\" data-end=\"81\">Haute Qualit\u00e9 et R\u00e9sistance<\/h3>\n<p data-start=\"83\" data-end=\"409\">L\u2019<strong data-start=\"85\" data-end=\"134\">encre \u00e9co-solvant pour traceur Galaxy DX5-ECO<\/strong> est sp\u00e9cialement con\u00e7ue pour offrir une <strong data-start=\"175\" data-end=\"245\">impression haute d\u00e9finition, durable et r\u00e9sistante aux intemp\u00e9ries<\/strong>. Compatible avec les t\u00eates d\u2019impression <strong data-start=\"286\" data-end=\"293\">DX5<\/strong>, cette encre garantit des <strong data-start=\"320\" data-end=\"406\">couleurs \u00e9clatantes, une excellente adh\u00e9rence aux supports et une grande long\u00e9vit\u00e9<\/strong>.<\/p>\n<h3 data-start=\"411\" data-end=\"445\">Caract\u00e9ristiques principales<\/h3>\n<ul data-start=\"446\" data-end=\"1066\">\n<li data-start=\"446\" data-end=\"527\"><strong data-start=\"448\" data-end=\"465\">Compatibilit\u00e9<\/strong> : con\u00e7ue pour les <strong data-start=\"484\" data-end=\"524\">traceurs Galaxy \u00e9quip\u00e9s de t\u00eates DX5<\/strong>.<\/li>\n<li data-start=\"528\" data-end=\"621\"><strong data-start=\"530\" data-end=\"565\">Qualit\u00e9 d\u2019impression sup\u00e9rieure<\/strong> : couleurs vives, d\u00e9tails pr\u00e9cis et d\u00e9grad\u00e9s fluides.<\/li>\n<li data-start=\"622\" data-end=\"715\"><strong data-start=\"624\" data-end=\"644\">Haute r\u00e9sistance<\/strong> : tenue optimale aux UV, \u00e0 l\u2019humidit\u00e9 et aux conditions ext\u00e9rieures.<\/li>\n<li data-start=\"716\" data-end=\"837\"><strong data-start=\"718\" data-end=\"734\">Faible odeur<\/strong> : formulation \u00e9co-solvant r\u00e9duisant l\u2019impact environnemental et am\u00e9liorant le confort d\u2019utilisation.<\/li>\n<li data-start=\"838\" data-end=\"918\"><strong data-start=\"840\" data-end=\"858\">S\u00e9chage rapide<\/strong> : assure une meilleure productivit\u00e9 et \u00e9vite les bavures.<\/li>\n<li data-start=\"919\" data-end=\"1066\"><strong data-start=\"921\" data-end=\"943\">Adh\u00e9rence parfaite<\/strong> : compatible avec une large gamme de supports d\u2019impression, y compris <strong data-start=\"1014\" data-end=\"1063\">vinyles, b\u00e2ches, adh\u00e9sifs et papiers sp\u00e9ciaux<\/strong>.<\/li>\n<\/ul>\n<h3 data-start=\"1068\" data-end=\"1116\">Pourquoi choisir cette encre \u00e9co-solvant ?<\/h3>\n<p data-start=\"1117\" data-end=\"1405\">\u2714 <strong data-start=\"1119\" data-end=\"1154\">Excellente qualit\u00e9 d\u2019impression<\/strong> pour des visuels professionnels et percutants.<br data-start=\"1201\" data-end=\"1204\" \/>\u2714 <strong data-start=\"1206\" data-end=\"1245\">Longue dur\u00e9e de vie des impressions<\/strong> gr\u00e2ce \u00e0 une haute r\u00e9sistance aux \u00e9l\u00e9ments ext\u00e9rieurs.<br data-start=\"1299\" data-end=\"1302\" \/>\u2714 <strong data-start=\"1304\" data-end=\"1354\">Formule optimis\u00e9e pour les traceurs Galaxy DX5<\/strong> garantissant un fonctionnement fluide et fiable.<\/p>\n<p data-start=\"1407\" data-end=\"1601\">Commandez d\u00e8s maintenant votre <strong data-start=\"1438\" data-end=\"1487\">encre \u00e9co-solvant pour traceur Galaxy DX5-ECO<\/strong> sur <a href=\"https:\/\/www.digistar.ma\" target=\"_new\" rel=\"noopener\" data-start=\"1492\" data-end=\"1534\">www.digistar.ma<\/a> et profitez d\u2019une impression grand format de qualit\u00e9 sup\u00e9rieure.<\/p>\n","protected":false},"excerpt":{"rendered":"<p>\u2714 <strong data-start=\"1119\" data-end=\"1154\">Excellente qualit\u00e9 d\u2019impression<\/strong> pour des visuels professionnels et percutants.<br data-start=\"1201\" data-end=\"1204\" \/>\u2714 <strong data-start=\"1206\" data-end=\"1245\">Longue dur\u00e9e de vie des impressions<\/strong> gr\u00e2ce \u00e0 une haute r\u00e9sistance aux \u00e9l\u00e9ments ext\u00e9rieurs.<br data-start=\"1299\" data-end=\"1302\" \/>\u2714 <strong data-start=\"1304\" data-end=\"1354\">Formule optimis\u00e9e pour les traceurs Galaxy DX5<\/strong> garantissant un fonctionnement fluide et fiable.<\/p>\n<p>*Prix par unit\u00e9*<\/p>\n","protected":false},"featured_media":14182,"comment_status":"open","ping_status":"closed","template":"","meta":{"_acf_changed":false,"_monsterinsights_skip_tracking":false,"_monsterinsights_sitenote_active":false,"_monsterinsights_sitenote_note":"","_monsterinsights_sitenote_category":0,"_uf_show_specific_survey":0,"_uf_disable_surveys":false,"_joinchat":[]},"product_brand":[],"product_cat":[384],"product_tag":[],"class_list":{"0":"post-14181","1":"product","2":"type-product","3":"status-publish","4":"has-post-thumbnail","6":"product_cat-fournitures-dimpression","8":"first","9":"instock","10":"sale","11":"shipping-taxable","12":"purchasable","13":"product-type-simple"},"acf":[],"jetpack_sharing_enabled":true,"_links":{"self":[{"href":"https:\/\/digistar.ma\/index.php?rest_route=\/wp\/v2\/product\/14181","targetHints":{"allow":["GET"]}}],"collection":[{"href":"https:\/\/digistar.ma\/index.php?rest_route=\/wp\/v2\/product"}],"about":[{"href":"https:\/\/digistar.ma\/index.php?rest_route=\/wp\/v2\/types\/product"}],"replies":[{"embeddable":true,"href":"https:\/\/digistar.ma\/index.php?rest_route=%2Fwp%2Fv2%2Fcomments&post=14181"}],"version-history":[{"count":1,"href":"https:\/\/digistar.ma\/index.php?rest_route=\/wp\/v2\/product\/14181\/revisions"}],"predecessor-version":[{"id":14190,"href":"https:\/\/digistar.ma\/index.php?rest_route=\/wp\/v2\/product\/14181\/revisions\/14190"}],"wp:featuredmedia":[{"embeddable":true,"href":"https:\/\/digistar.ma\/index.php?rest_route=\/wp\/v2\/media\/14182"}],"wp:attachment":[{"href":"https:\/\/digistar.ma\/index.php?rest_route=%2Fwp%2Fv2%2Fmedia&parent=14181"}],"wp:term":[{"taxonomy":"product_brand","embeddable":true,"href":"https:\/\/digistar.ma\/index.php?rest_route=%2Fwp%2Fv2%2Fproduct_brand&post=14181"},{"taxonomy":"product_cat","embeddable":true,"href":"https:\/\/digistar.ma\/index.php?rest_route=%2Fwp%2Fv2%2Fproduct_cat&post=14181"},{"taxonomy":"product_tag","embeddable":true,"href":"https:\/\/digistar.ma\/index.php?rest_route=%2Fwp%2Fv2%2Fproduct_tag&post=14181"}],"curies":[{"name":"wp","href":"https:\/\/api.w.org\/{rel}","templated":true}]}}