{"id":14208,"date":"2025-02-16T21:32:26","date_gmt":"2025-02-16T21:32:26","guid":{"rendered":"https:\/\/digistar.ma\/?post_type=product&#038;p=14208"},"modified":"2025-02-17T12:59:40","modified_gmt":"2025-02-17T12:59:40","slug":"stand-de-degustation-en-pvc","status":"publish","type":"product","link":"https:\/\/digistar.ma\/?product=stand-de-degustation-en-pvc","title":{"rendered":"Stand de D\u00e9gustation en PVC"},"content":{"rendered":"<h3>Stand de D\u00e9gustation en PVC<\/h3>\n<h3 data-start=\"0\" data-end=\"69\">Comptoir d\u2019Accueil Pratique et L\u00e9ger<\/h3>\n<p data-start=\"71\" data-end=\"420\">Le <strong data-start=\"74\" data-end=\"105\">Stand de D\u00e9gustation en PVC<\/strong> est un <strong data-start=\"113\" data-end=\"157\">comptoir d\u2019accueil mobile et fonctionnel<\/strong>, id\u00e9al pour les animations commerciales, foires, salons et promotions en magasin. Con\u00e7u pour offrir <strong data-start=\"258\" data-end=\"312\">une installation rapide et une visibilit\u00e9 optimale<\/strong>, ce stand est parfait pour pr\u00e9senter des produits, distribuer des \u00e9chantillons ou accueillir des clients.<\/p>\n<h3 data-start=\"422\" data-end=\"456\">Caract\u00e9ristiques principales<\/h3>\n<ul data-start=\"457\" data-end=\"996\">\n<li data-start=\"457\" data-end=\"531\"><strong data-start=\"459\" data-end=\"496\">Structure en PVC l\u00e9ger et robuste<\/strong> : facile \u00e0 monter et \u00e0 d\u00e9placer.<\/li>\n<li data-start=\"532\" data-end=\"634\"><strong data-start=\"534\" data-end=\"554\">Plateau spacieux<\/strong> : permet une pr\u00e9sentation efficace de vos produits et supports promotionnels.<\/li>\n<li data-start=\"635\" data-end=\"734\"><strong data-start=\"637\" data-end=\"674\">Panneau sup\u00e9rieur personnalisable<\/strong> : id\u00e9al pour afficher votre logo ou message publicitaire.<\/li>\n<li data-start=\"735\" data-end=\"808\"><strong data-start=\"737\" data-end=\"767\">Montage rapide sans outils<\/strong> : pr\u00eat \u00e0 l\u2019emploi en quelques minutes.<\/li>\n<li data-start=\"809\" data-end=\"888\"><strong data-start=\"811\" data-end=\"831\">Transport facile<\/strong> : livr\u00e9 avec une sacoche pour un d\u00e9placement pratique.<\/li>\n<li data-start=\"889\" data-end=\"996\"><strong data-start=\"891\" data-end=\"936\">Id\u00e9al pour les d\u00e9gustations et promotions<\/strong> : parfait pour les points de vente, salons et \u00e9v\u00e9nements.<\/li>\n<\/ul>\n<h3 data-start=\"998\" data-end=\"1046\">Pourquoi choisir ce Stand de D\u00e9gustation ?<\/h3>\n<p data-start=\"1047\" data-end=\"1233\">\u2714 <strong data-start=\"1049\" data-end=\"1070\">L\u00e9ger et portable<\/strong> pour une utilisation flexible.<br data-start=\"1101\" data-end=\"1104\" \/>\u2714 <strong data-start=\"1106\" data-end=\"1136\">Grande surface d\u2019affichage<\/strong> pour maximiser votre visibilit\u00e9.<br data-start=\"1169\" data-end=\"1172\" \/>\u2714 <strong data-start=\"1174\" data-end=\"1207\">Montage rapide et sans effort<\/strong> pour plus d\u2019efficacit\u00e9.<\/p>\n<p data-start=\"1235\" data-end=\"1424\">Commandez d\u00e8s maintenant votre <strong data-start=\"1266\" data-end=\"1315\">Stand de D\u00e9gustation PVC \u2013 Comptoir d\u2019Accueil<\/strong> sur <a href=\"https:\/\/www.digistar.ma\" target=\"_new\" rel=\"noopener\" data-start=\"1320\" data-end=\"1362\">www.digistar.ma<\/a> et mettez en avant vos produits de mani\u00e8re professionnelle.<\/p>\n","protected":false},"excerpt":{"rendered":"<ul data-start=\"457\" data-end=\"996\">\n<li data-start=\"457\" data-end=\"531\"><strong data-start=\"459\" data-end=\"496\">Structure en PVC l\u00e9ger et robuste<\/strong> : facile \u00e0 monter et \u00e0 d\u00e9placer.<\/li>\n<li data-start=\"532\" data-end=\"634\"><strong data-start=\"534\" data-end=\"554\">Plateau spacieux<\/strong> : permet une pr\u00e9sentation efficace de vos produits et supports promotionnels.<\/li>\n<li data-start=\"635\" data-end=\"734\"><strong data-start=\"637\" data-end=\"674\">Panneau sup\u00e9rieur personnalisable<\/strong> : id\u00e9al pour afficher votre logo ou message publicitaire.<\/li>\n<li data-start=\"735\" data-end=\"808\"><strong data-start=\"737\" data-end=\"767\">Montage rapide sans outils<\/strong> : pr\u00eat \u00e0 l\u2019emploi en quelques minutes.<\/li>\n<li data-start=\"809\" data-end=\"888\"><strong data-start=\"811\" data-end=\"831\">Transport facile<\/strong> : livr\u00e9 avec une sacoche pour un d\u00e9placement pratique.<\/li>\n<li data-start=\"889\" data-end=\"996\"><strong data-start=\"891\" data-end=\"936\">Id\u00e9al pour les d\u00e9gustations et promotions<\/strong> : parfait pour les points de vente, salons et \u00e9v\u00e9nements.<\/li>\n<\/ul>\n","protected":false},"featured_media":14210,"comment_status":"open","ping_status":"closed","template":"","meta":{"_acf_changed":false,"_monsterinsights_skip_tracking":false,"_monsterinsights_sitenote_active":false,"_monsterinsights_sitenote_note":"","_monsterinsights_sitenote_category":0,"_uf_show_specific_survey":0,"_uf_disable_surveys":false,"_joinchat":[]},"product_brand":[],"product_cat":[384],"product_tag":[],"class_list":{"0":"post-14208","1":"product","2":"type-product","3":"status-publish","4":"has-post-thumbnail","6":"product_cat-fournitures-dimpression","8":"first","9":"instock","10":"sale","11":"shipping-taxable","12":"purchasable","13":"product-type-simple"},"acf":[],"jetpack_sharing_enabled":true,"_links":{"self":[{"href":"https:\/\/digistar.ma\/index.php?rest_route=\/wp\/v2\/product\/14208","targetHints":{"allow":["GET"]}}],"collection":[{"href":"https:\/\/digistar.ma\/index.php?rest_route=\/wp\/v2\/product"}],"about":[{"href":"https:\/\/digistar.ma\/index.php?rest_route=\/wp\/v2\/types\/product"}],"replies":[{"embeddable":true,"href":"https:\/\/digistar.ma\/index.php?rest_route=%2Fwp%2Fv2%2Fcomments&post=14208"}],"version-history":[{"count":1,"href":"https:\/\/digistar.ma\/index.php?rest_route=\/wp\/v2\/product\/14208\/revisions"}],"predecessor-version":[{"id":14213,"href":"https:\/\/digistar.ma\/index.php?rest_route=\/wp\/v2\/product\/14208\/revisions\/14213"}],"wp:featuredmedia":[{"embeddable":true,"href":"https:\/\/digistar.ma\/index.php?rest_route=\/wp\/v2\/media\/14210"}],"wp:attachment":[{"href":"https:\/\/digistar.ma\/index.php?rest_route=%2Fwp%2Fv2%2Fmedia&parent=14208"}],"wp:term":[{"taxonomy":"product_brand","embeddable":true,"href":"https:\/\/digistar.ma\/index.php?rest_route=%2Fwp%2Fv2%2Fproduct_brand&post=14208"},{"taxonomy":"product_cat","embeddable":true,"href":"https:\/\/digistar.ma\/index.php?rest_route=%2Fwp%2Fv2%2Fproduct_cat&post=14208"},{"taxonomy":"product_tag","embeddable":true,"href":"https:\/\/digistar.ma\/index.php?rest_route=%2Fwp%2Fv2%2Fproduct_tag&post=14208"}],"curies":[{"name":"wp","href":"https:\/\/api.w.org\/{rel}","templated":true}]}}