{"id":14249,"date":"2025-03-02T00:07:35","date_gmt":"2025-03-02T00:07:35","guid":{"rendered":"https:\/\/digistar.ma\/?post_type=product&#038;p=14249"},"modified":"2025-03-02T00:52:04","modified_gmt":"2025-03-02T00:52:04","slug":"unomat-papier-photo-10x15-glossy-jet-dencre","status":"publish","type":"product","link":"https:\/\/digistar.ma\/?product=unomat-papier-photo-10x15-glossy-jet-dencre","title":{"rendered":"Unomat Papier Photo 10\u00d715 Glossy Jet d\u2019encre"},"content":{"rendered":"<h3>Unomat Papier Photo 10\u00d715 Glossy Jet d\u2019encre<\/h3>\n<p data-start=\"169\" data-end=\"275\"><strong data-start=\"169\" data-end=\"275\">Haute Qualit\u00e9 pour Impressions Vives et Pr\u00e9cises<\/strong><\/p>\n<p data-start=\"277\" data-end=\"610\">Am\u00e9liorez la qualit\u00e9 de vos impressions photo avec le <strong data-start=\"331\" data-end=\"386\">Papier Photo Unomat 10\u00d715 Glossy Jet d\u2019encre 260gsm<\/strong>, id\u00e9al pour toutes vos cr\u00e9ations.<\/p>\n<p data-start=\"277\" data-end=\"610\">Ce papier de 260gsm \u00e0 finition brillante est sp\u00e9cialement con\u00e7u pour les imprimantes \u00e0 jet d&#8217;encre, offrant des couleurs \u00e9clatantes et des d\u00e9tails pr\u00e9cis pour des r\u00e9sultats professionnels.<\/p>\n<p data-start=\"612\" data-end=\"646\"><strong data-start=\"612\" data-end=\"646\">Caract\u00e9ristiques principales :<\/strong><\/p>\n<ul data-start=\"647\" data-end=\"994\">\n<li data-start=\"647\" data-end=\"704\"><strong data-start=\"649\" data-end=\"661\">Format :<\/strong> 10\u00d715 cm (taille standard pour les photos)<\/li>\n<li data-start=\"705\" data-end=\"764\"><strong data-start=\"707\" data-end=\"718\">Poids :<\/strong> 260gsm pour une impression robuste et durable<\/li>\n<li data-start=\"765\" data-end=\"852\"><strong data-start=\"767\" data-end=\"781\">Finition :<\/strong> Glossy (brillante) pour une brillance sup\u00e9rieure et des couleurs vives<\/li>\n<li data-start=\"853\" data-end=\"917\"><strong data-start=\"855\" data-end=\"874\">Compatibilit\u00e9 :<\/strong> Parfait pour les imprimantes \u00e0 jet d&#8217;encre<\/li>\n<li data-start=\"918\" data-end=\"994\"><strong data-start=\"920\" data-end=\"944\">Utilisation id\u00e9ale :<\/strong> Impression de photos, cartes, et projets cr\u00e9atifs<\/li>\n<\/ul>\n<p data-start=\"996\" data-end=\"1252\">Offrant un s\u00e9chage rapide, ce papier garantit des impressions de qualit\u00e9 sup\u00e9rieure, parfaites pour des photos personnelles ou des impressions professionnelles dans des laboratoires ou studios photo. Obtenez des r\u00e9sultats exceptionnels \u00e0 chaque impression.<\/p>\n<p data-start=\"1254\" data-end=\"1389\"><strong data-start=\"1254\" data-end=\"1298\">Commandez d\u00e8s maintenant sur Digistar.ma<\/strong> et profitez de nos produits de qualit\u00e9 pour vos impressions \u00e0 la maison ou en entreprise !<\/p>\n","protected":false},"excerpt":{"rendered":"<ul class=\"a-unordered-list a-vertical a-spacing-mini\">\n<li class=\"a-spacing-mini\"><span class=\"a-list-item\">100 feuilles<\/span><\/li>\n<li class=\"a-spacing-mini\"><span class=\"a-list-item\">Densit\u00e9 du papier : 260 g\/m\u00b2<\/span><\/li>\n<li class=\"a-spacing-mini\"><span class=\"a-list-item\">Format du papier : 10*15<\/span><\/li>\n<li class=\"a-spacing-mini\"><span class=\"a-list-item\">Couleur blanche<\/span><\/li>\n<li>100% compatible avec Epson \u2013 Canon etc. Toutes les imprimantes \u00e0 jet d\u2019encre&#8230;<\/li>\n<\/ul>\n","protected":false},"featured_media":14252,"comment_status":"open","ping_status":"closed","template":"","meta":{"_acf_changed":false,"_monsterinsights_skip_tracking":false,"_monsterinsights_sitenote_active":false,"_monsterinsights_sitenote_note":"","_monsterinsights_sitenote_category":0,"_uf_show_specific_survey":0,"_uf_disable_surveys":false,"_joinchat":[]},"product_brand":[],"product_cat":[384,387],"product_tag":[],"class_list":{"0":"post-14249","1":"product","2":"type-product","3":"status-publish","4":"has-post-thumbnail","6":"product_cat-fournitures-dimpression","7":"product_cat-papier-photo","9":"first","10":"instock","11":"sale","12":"shipping-taxable","13":"purchasable","14":"product-type-simple"},"acf":[],"jetpack_sharing_enabled":true,"_links":{"self":[{"href":"https:\/\/digistar.ma\/index.php?rest_route=\/wp\/v2\/product\/14249","targetHints":{"allow":["GET"]}}],"collection":[{"href":"https:\/\/digistar.ma\/index.php?rest_route=\/wp\/v2\/product"}],"about":[{"href":"https:\/\/digistar.ma\/index.php?rest_route=\/wp\/v2\/types\/product"}],"replies":[{"embeddable":true,"href":"https:\/\/digistar.ma\/index.php?rest_route=%2Fwp%2Fv2%2Fcomments&post=14249"}],"version-history":[{"count":2,"href":"https:\/\/digistar.ma\/index.php?rest_route=\/wp\/v2\/product\/14249\/revisions"}],"predecessor-version":[{"id":14263,"href":"https:\/\/digistar.ma\/index.php?rest_route=\/wp\/v2\/product\/14249\/revisions\/14263"}],"wp:featuredmedia":[{"embeddable":true,"href":"https:\/\/digistar.ma\/index.php?rest_route=\/wp\/v2\/media\/14252"}],"wp:attachment":[{"href":"https:\/\/digistar.ma\/index.php?rest_route=%2Fwp%2Fv2%2Fmedia&parent=14249"}],"wp:term":[{"taxonomy":"product_brand","embeddable":true,"href":"https:\/\/digistar.ma\/index.php?rest_route=%2Fwp%2Fv2%2Fproduct_brand&post=14249"},{"taxonomy":"product_cat","embeddable":true,"href":"https:\/\/digistar.ma\/index.php?rest_route=%2Fwp%2Fv2%2Fproduct_cat&post=14249"},{"taxonomy":"product_tag","embeddable":true,"href":"https:\/\/digistar.ma\/index.php?rest_route=%2Fwp%2Fv2%2Fproduct_tag&post=14249"}],"curies":[{"name":"wp","href":"https:\/\/api.w.org\/{rel}","templated":true}]}}