{"id":14265,"date":"2025-03-02T01:13:19","date_gmt":"2025-03-02T01:13:19","guid":{"rendered":"https:\/\/digistar.ma\/?post_type=product&#038;p=14265"},"modified":"2025-03-02T01:13:19","modified_gmt":"2025-03-02T01:13:19","slug":"unomat-papier-photo-20x30-a4-glossy-jet-dencre-2","status":"publish","type":"product","link":"https:\/\/digistar.ma\/?product=unomat-papier-photo-20x30-a4-glossy-jet-dencre-2","title":{"rendered":"Unomat Papier Photo 20\u00d730 A4 Glossy Jet d\u2019encre"},"content":{"rendered":"<h3>Unomat Papier Photo 20\u00d730 A4 Glossy Jet d\u2019encre<\/h3>\n<p data-start=\"176\" data-end=\"282\"><strong data-start=\"176\" data-end=\"282\">Impressions Professionnelles de Haute Qualit\u00e9<\/strong><\/p>\n<p data-start=\"284\" data-end=\"748\">Le <strong data-start=\"287\" data-end=\"345\">Papier Photo Unomat 20\u00d730 A4 Glossy Jet d\u2019encre 260gsm<\/strong> est la solution id\u00e9ale pour obtenir des impressions photo nettes et \u00e9clatantes.<\/p>\n<p data-start=\"284\" data-end=\"748\">Con\u00e7u pour les imprimantes \u00e0 jet d\u2019encre, ce papier photo haut de gamme vous permet de r\u00e9aliser des impressions d\u2019une qualit\u00e9 professionnelle avec une finition brillante. Avec son poids de 260gsm, il offre une durabilit\u00e9 et une r\u00e9sistance exceptionnelles, garantissant que vos impressions restent intactes au fil du temps.<\/p>\n<p data-start=\"750\" data-end=\"784\"><strong data-start=\"750\" data-end=\"784\">Caract\u00e9ristiques principales :<\/strong><\/p>\n<ul data-start=\"785\" data-end=\"1224\">\n<li data-start=\"785\" data-end=\"872\"><strong data-start=\"787\" data-end=\"799\">Format :<\/strong> 20\u00d730 cm (taille A4) \u2013 Id\u00e9al pour des impressions photo de grande taille<\/li>\n<li data-start=\"873\" data-end=\"936\"><strong data-start=\"875\" data-end=\"886\">Poids :<\/strong> 260gsm \u2013 Un papier \u00e9pais et de qualit\u00e9 sup\u00e9rieure<\/li>\n<li data-start=\"937\" data-end=\"1021\"><strong data-start=\"939\" data-end=\"953\">Finition :<\/strong> Glossy (brillante) pour une brillance intense et des couleurs vives<\/li>\n<li data-start=\"1022\" data-end=\"1122\"><strong data-start=\"1024\" data-end=\"1043\">Compatibilit\u00e9 :<\/strong> Convient aux imprimantes \u00e0 jet d\u2019encre pour des impressions de haute pr\u00e9cision<\/li>\n<li data-start=\"1123\" data-end=\"1224\"><strong data-start=\"1125\" data-end=\"1142\">Utilisation :<\/strong> Parfait pour l\u2019impression de photos, posters, tirages artistiques, et plus encore<\/li>\n<\/ul>\n<p data-start=\"1226\" data-end=\"1619\">Gr\u00e2ce \u00e0 son s\u00e9chage rapide et \u00e0 sa surface brillante, ce papier permet de r\u00e9aliser des impressions de photos, posters et autres projets cr\u00e9atifs avec des couleurs vibrantes et des d\u00e9tails incroyablement nets. Que vous soyez un photographe professionnel ou que vous souhaitiez imprimer des photos de famille ou des \u0153uvres d\u2019art, ce papier offre des r\u00e9sultats exceptionnels \u00e0 chaque utilisation.<\/p>\n<p data-start=\"1621\" data-end=\"1749\"><strong data-start=\"1621\" data-end=\"1666\">Commandez d\u00e8s aujourd&#8217;hui sur Digistar.ma<\/strong> et profitez de la qualit\u00e9 sup\u00e9rieure pour vos impressions photo professionnelles !<\/p>\n","protected":false},"excerpt":{"rendered":"<ul class=\"a-unordered-list a-vertical a-spacing-mini\">\n<li class=\"a-spacing-mini\"><span class=\"a-list-item\">20 feuilles<\/span><\/li>\n<li class=\"a-spacing-mini\"><span class=\"a-list-item\">Densit\u00e9 du papier : 260 g\/m\u00b2<\/span><\/li>\n<li class=\"a-spacing-mini\"><span class=\"a-list-item\">Format du papier : 20*30<\/span><\/li>\n<li class=\"a-spacing-mini\"><span class=\"a-list-item\">Couleur blanche<\/span><\/li>\n<li>100% compatible avec Epson \u2013 Canon etc. Toutes les imprimantes \u00e0 jet d\u2019encre.<\/li>\n<\/ul>\n","protected":false},"featured_media":14266,"comment_status":"open","ping_status":"closed","template":"","meta":{"_acf_changed":false,"_monsterinsights_skip_tracking":false,"_monsterinsights_sitenote_active":false,"_monsterinsights_sitenote_note":"","_monsterinsights_sitenote_category":0,"_uf_show_specific_survey":0,"_uf_disable_surveys":false,"_joinchat":[]},"product_brand":[],"product_cat":[249,238,384,387],"product_tag":[],"class_list":{"0":"post-14265","1":"product","2":"type-product","3":"status-publish","4":"has-post-thumbnail","6":"product_cat-papier","7":"product_cat-consommables","8":"product_cat-fournitures-dimpression","9":"product_cat-papier-photo","11":"first","12":"instock","13":"sale","14":"shipping-taxable","15":"purchasable","16":"product-type-simple"},"acf":[],"jetpack_sharing_enabled":true,"_links":{"self":[{"href":"https:\/\/digistar.ma\/index.php?rest_route=\/wp\/v2\/product\/14265","targetHints":{"allow":["GET"]}}],"collection":[{"href":"https:\/\/digistar.ma\/index.php?rest_route=\/wp\/v2\/product"}],"about":[{"href":"https:\/\/digistar.ma\/index.php?rest_route=\/wp\/v2\/types\/product"}],"replies":[{"embeddable":true,"href":"https:\/\/digistar.ma\/index.php?rest_route=%2Fwp%2Fv2%2Fcomments&post=14265"}],"version-history":[{"count":1,"href":"https:\/\/digistar.ma\/index.php?rest_route=\/wp\/v2\/product\/14265\/revisions"}],"predecessor-version":[{"id":14270,"href":"https:\/\/digistar.ma\/index.php?rest_route=\/wp\/v2\/product\/14265\/revisions\/14270"}],"wp:featuredmedia":[{"embeddable":true,"href":"https:\/\/digistar.ma\/index.php?rest_route=\/wp\/v2\/media\/14266"}],"wp:attachment":[{"href":"https:\/\/digistar.ma\/index.php?rest_route=%2Fwp%2Fv2%2Fmedia&parent=14265"}],"wp:term":[{"taxonomy":"product_brand","embeddable":true,"href":"https:\/\/digistar.ma\/index.php?rest_route=%2Fwp%2Fv2%2Fproduct_brand&post=14265"},{"taxonomy":"product_cat","embeddable":true,"href":"https:\/\/digistar.ma\/index.php?rest_route=%2Fwp%2Fv2%2Fproduct_cat&post=14265"},{"taxonomy":"product_tag","embeddable":true,"href":"https:\/\/digistar.ma\/index.php?rest_route=%2Fwp%2Fv2%2Fproduct_tag&post=14265"}],"curies":[{"name":"wp","href":"https:\/\/api.w.org\/{rel}","templated":true}]}}