{"id":14271,"date":"2025-03-02T02:59:19","date_gmt":"2025-03-02T02:59:19","guid":{"rendered":"https:\/\/digistar.ma\/?post_type=product&#038;p=14271"},"modified":"2025-03-02T03:10:22","modified_gmt":"2025-03-02T03:10:22","slug":"papier-de-transfert-sublimation-a4","status":"publish","type":"product","link":"https:\/\/digistar.ma\/?product=papier-de-transfert-sublimation-a4","title":{"rendered":"Papier de transfert sublimation A4"},"content":{"rendered":"<p><strong>Papier de transfert sublimation A4<\/strong><\/p>\n<p data-start=\"124\" data-end=\"207\"><strong data-start=\"124\" data-end=\"207\">Haute Qualit\u00e9 pour Impressions Sublimation<\/strong><\/p>\n<p data-start=\"209\" data-end=\"541\">Obtenez des impressions de sublimation nettes et vibrantes avec le <strong data-start=\"276\" data-end=\"314\">Papier de Transfert Sublimation A4<\/strong>, id\u00e9al pour les impressions sur textile, c\u00e9ramique, mugs, coques et autres objets personnalis\u00e9s. Con\u00e7u pour les imprimantes \u00e0 sublimation, ce papier garantit un transfert optimal des couleurs pour des r\u00e9sultats professionnels.<\/p>\n<p data-start=\"543\" data-end=\"567\"><strong data-start=\"543\" data-end=\"565\">Caract\u00e9ristiques :<\/strong><\/p>\n<ul data-start=\"568\" data-end=\"897\">\n<li data-start=\"568\" data-end=\"600\"><strong data-start=\"570\" data-end=\"582\">Format :<\/strong> A4 (210\u00d7297 mm)<\/li>\n<li data-start=\"601\" data-end=\"677\"><strong data-start=\"603\" data-end=\"622\">Compatibilit\u00e9 :<\/strong> Imprimantes \u00e0 sublimation avec encres de sublimation<\/li>\n<li data-start=\"678\" data-end=\"751\"><strong data-start=\"680\" data-end=\"693\">Qualit\u00e9 :<\/strong> Transfert haute d\u00e9finition avec des couleurs \u00e9clatantes<\/li>\n<li data-start=\"752\" data-end=\"851\"><strong data-start=\"754\" data-end=\"771\">Utilisation :<\/strong> T-shirts, mugs, coussins, coques, c\u00e9ramiques, et autres supports en polyester<\/li>\n<li data-start=\"852\" data-end=\"897\"><strong data-start=\"854\" data-end=\"868\">S\u00e9curit\u00e9 :<\/strong> S\u00e9chage rapide sans bavure<\/li>\n<\/ul>\n<p data-start=\"899\" data-end=\"1044\">Id\u00e9al pour les professionnels de la personnalisation ou les cr\u00e9ateurs de cadeaux personnalis\u00e9s, ce papier assure des transferts nets et durables.<\/p>\n<p data-start=\"1046\" data-end=\"1159\" data-is-last-node=\"\" data-is-only-node=\"\"><strong data-start=\"1046\" data-end=\"1090\">Commandez d\u00e8s maintenant sur Digistar.ma<\/strong> et r\u00e9alisez des cr\u00e9ations uniques avec une qualit\u00e9 professionnelle !<\/p>\n","protected":false},"excerpt":{"rendered":"<ul data-start=\"568\" data-end=\"897\">\n<li data-start=\"568\" data-end=\"600\"><strong data-start=\"570\" data-end=\"582\">Format :<\/strong> A4 (210\u00d7297 mm)<\/li>\n<li data-start=\"568\" data-end=\"600\">100 Feuilles par Paquet<\/li>\n<li data-start=\"601\" data-end=\"677\"><strong data-start=\"603\" data-end=\"622\">Compatibilit\u00e9 :<\/strong> Imprimantes \u00e0 sublimation avec encres de sublimation<\/li>\n<li data-start=\"678\" data-end=\"751\"><strong data-start=\"680\" data-end=\"693\">Qualit\u00e9 :<\/strong> Transfert haute d\u00e9finition avec des couleurs \u00e9clatantes<\/li>\n<li data-start=\"752\" data-end=\"851\"><strong data-start=\"754\" data-end=\"771\">Utilisation :<\/strong> T-shirts, mugs, coussins, coques, c\u00e9ramiques, et autres supports en polyester<\/li>\n<li data-start=\"852\" data-end=\"897\"><strong data-start=\"854\" data-end=\"868\">S\u00e9curit\u00e9 :<\/strong> S\u00e9chage rapide sans bavure<\/li>\n<\/ul>\n","protected":false},"featured_media":14276,"comment_status":"open","ping_status":"closed","template":"","meta":{"_acf_changed":false,"_monsterinsights_skip_tracking":false,"_monsterinsights_sitenote_active":false,"_monsterinsights_sitenote_note":"","_monsterinsights_sitenote_category":0,"_uf_show_specific_survey":0,"_uf_disable_surveys":false,"_joinchat":[]},"product_brand":[],"product_cat":[384,386],"product_tag":[],"class_list":{"0":"post-14271","1":"product","2":"type-product","3":"status-publish","4":"has-post-thumbnail","6":"product_cat-fournitures-dimpression","7":"product_cat-consommables-sublimation-dtf","9":"first","10":"instock","11":"sale","12":"shipping-taxable","13":"purchasable","14":"product-type-simple"},"acf":[],"jetpack_sharing_enabled":true,"_links":{"self":[{"href":"https:\/\/digistar.ma\/index.php?rest_route=\/wp\/v2\/product\/14271","targetHints":{"allow":["GET"]}}],"collection":[{"href":"https:\/\/digistar.ma\/index.php?rest_route=\/wp\/v2\/product"}],"about":[{"href":"https:\/\/digistar.ma\/index.php?rest_route=\/wp\/v2\/types\/product"}],"replies":[{"embeddable":true,"href":"https:\/\/digistar.ma\/index.php?rest_route=%2Fwp%2Fv2%2Fcomments&post=14271"}],"version-history":[{"count":1,"href":"https:\/\/digistar.ma\/index.php?rest_route=\/wp\/v2\/product\/14271\/revisions"}],"predecessor-version":[{"id":14275,"href":"https:\/\/digistar.ma\/index.php?rest_route=\/wp\/v2\/product\/14271\/revisions\/14275"}],"wp:featuredmedia":[{"embeddable":true,"href":"https:\/\/digistar.ma\/index.php?rest_route=\/wp\/v2\/media\/14276"}],"wp:attachment":[{"href":"https:\/\/digistar.ma\/index.php?rest_route=%2Fwp%2Fv2%2Fmedia&parent=14271"}],"wp:term":[{"taxonomy":"product_brand","embeddable":true,"href":"https:\/\/digistar.ma\/index.php?rest_route=%2Fwp%2Fv2%2Fproduct_brand&post=14271"},{"taxonomy":"product_cat","embeddable":true,"href":"https:\/\/digistar.ma\/index.php?rest_route=%2Fwp%2Fv2%2Fproduct_cat&post=14271"},{"taxonomy":"product_tag","embeddable":true,"href":"https:\/\/digistar.ma\/index.php?rest_route=%2Fwp%2Fv2%2Fproduct_tag&post=14271"}],"curies":[{"name":"wp","href":"https:\/\/api.w.org\/{rel}","templated":true}]}}