{"id":14277,"date":"2025-03-02T03:19:51","date_gmt":"2025-03-02T03:19:51","guid":{"rendered":"https:\/\/digistar.ma\/?post_type=product&#038;p=14277"},"modified":"2025-03-02T03:19:51","modified_gmt":"2025-03-02T03:19:51","slug":"papier-de-transfert-sublimation-a3","status":"publish","type":"product","link":"https:\/\/digistar.ma\/?product=papier-de-transfert-sublimation-a3","title":{"rendered":"Papier de transfert sublimation A3"},"content":{"rendered":"<h3>Papier de transfert sublimation A3<\/h3>\n<p data-start=\"204\" data-end=\"557\">Le <strong data-start=\"207\" data-end=\"245\">Papier de Transfert Sublimation A3<\/strong> est con\u00e7u pour offrir des impressions de sublimation nettes, \u00e9clatantes et durables. Id\u00e9al pour les professionnels de la personnalisation, ce papier permet de transf\u00e9rer des visuels haute d\u00e9finition sur une large gamme de supports tels que les textiles en polyester, les mugs, la c\u00e9ramique, et bien plus encore.<\/p>\n<p data-start=\"559\" data-end=\"583\"><strong data-start=\"559\" data-end=\"581\">Caract\u00e9ristiques :<\/strong><\/p>\n<ul data-start=\"584\" data-end=\"971\">\n<li data-start=\"584\" data-end=\"616\"><strong data-start=\"586\" data-end=\"598\">Format :<\/strong> A3 (297\u00d7420 mm)<\/li>\n<li data-start=\"617\" data-end=\"693\"><strong data-start=\"619\" data-end=\"638\">Compatibilit\u00e9 :<\/strong> Imprimantes \u00e0 sublimation avec encres de sublimation<\/li>\n<li data-start=\"694\" data-end=\"788\"><strong data-start=\"696\" data-end=\"709\">Qualit\u00e9 :<\/strong> Transfert haute d\u00e9finition avec des couleurs vives et une pr\u00e9cision optimale<\/li>\n<li data-start=\"789\" data-end=\"899\"><strong data-start=\"791\" data-end=\"808\">Utilisation :<\/strong> V\u00eatements, mugs, coussins, plaques aluminium, puzzles, et autres objets personnalisables<\/li>\n<li data-start=\"900\" data-end=\"971\"><strong data-start=\"902\" data-end=\"917\">Avantages :<\/strong> S\u00e9chage rapide, pas de bavure, excellente adh\u00e9rence<\/li>\n<\/ul>\n<p data-start=\"973\" data-end=\"1095\">Gr\u00e2ce \u00e0 sa surface sp\u00e9ciale, ce papier garantit une restitution fid\u00e8le des couleurs et une haute r\u00e9sistance dans le temps.<\/p>\n<p data-start=\"1097\" data-end=\"1217\" data-is-last-node=\"\" data-is-only-node=\"\"><strong data-start=\"1097\" data-end=\"1141\">Commandez d\u00e8s maintenant sur Digistar.ma<\/strong> et d\u00e9marrez vos cr\u00e9ations personnalis\u00e9es avec une qualit\u00e9 professionnelle !<\/p>\n","protected":false},"excerpt":{"rendered":"<ul data-start=\"584\" data-end=\"971\">\n<li data-start=\"584\" data-end=\"616\"><strong data-start=\"586\" data-end=\"598\">Format :<\/strong> A3 (297\u00d7420 mm)<\/li>\n<li data-start=\"617\" data-end=\"693\"><strong data-start=\"619\" data-end=\"638\">Compatibilit\u00e9 :<\/strong> Imprimantes \u00e0 sublimation avec encres de sublimation<\/li>\n<li data-start=\"694\" data-end=\"788\"><strong data-start=\"696\" data-end=\"709\">Qualit\u00e9 :<\/strong> Transfert haute d\u00e9finition avec des couleurs vives et une pr\u00e9cision optimale<\/li>\n<li data-start=\"789\" data-end=\"899\"><strong data-start=\"791\" data-end=\"808\">Utilisation :<\/strong> V\u00eatements, mugs, coussins, plaques aluminium, puzzles, et autres objets personnalisables<\/li>\n<li data-start=\"900\" data-end=\"971\"><strong data-start=\"902\" data-end=\"917\">Avantages :<\/strong> S\u00e9chage rapide, pas de bavure, excellente adh\u00e9rence<\/li>\n<\/ul>\n","protected":false},"featured_media":14278,"comment_status":"open","ping_status":"closed","template":"","meta":{"_acf_changed":false,"_monsterinsights_skip_tracking":false,"_monsterinsights_sitenote_active":false,"_monsterinsights_sitenote_note":"","_monsterinsights_sitenote_category":0,"_uf_show_specific_survey":0,"_uf_disable_surveys":false,"_joinchat":[]},"product_brand":[],"product_cat":[384,386],"product_tag":[],"class_list":{"0":"post-14277","1":"product","2":"type-product","3":"status-publish","4":"has-post-thumbnail","6":"product_cat-fournitures-dimpression","7":"product_cat-consommables-sublimation-dtf","9":"first","10":"instock","11":"sale","12":"shipping-taxable","13":"purchasable","14":"product-type-simple"},"acf":[],"jetpack_sharing_enabled":true,"_links":{"self":[{"href":"https:\/\/digistar.ma\/index.php?rest_route=\/wp\/v2\/product\/14277","targetHints":{"allow":["GET"]}}],"collection":[{"href":"https:\/\/digistar.ma\/index.php?rest_route=\/wp\/v2\/product"}],"about":[{"href":"https:\/\/digistar.ma\/index.php?rest_route=\/wp\/v2\/types\/product"}],"replies":[{"embeddable":true,"href":"https:\/\/digistar.ma\/index.php?rest_route=%2Fwp%2Fv2%2Fcomments&post=14277"}],"version-history":[{"count":1,"href":"https:\/\/digistar.ma\/index.php?rest_route=\/wp\/v2\/product\/14277\/revisions"}],"predecessor-version":[{"id":14280,"href":"https:\/\/digistar.ma\/index.php?rest_route=\/wp\/v2\/product\/14277\/revisions\/14280"}],"wp:featuredmedia":[{"embeddable":true,"href":"https:\/\/digistar.ma\/index.php?rest_route=\/wp\/v2\/media\/14278"}],"wp:attachment":[{"href":"https:\/\/digistar.ma\/index.php?rest_route=%2Fwp%2Fv2%2Fmedia&parent=14277"}],"wp:term":[{"taxonomy":"product_brand","embeddable":true,"href":"https:\/\/digistar.ma\/index.php?rest_route=%2Fwp%2Fv2%2Fproduct_brand&post=14277"},{"taxonomy":"product_cat","embeddable":true,"href":"https:\/\/digistar.ma\/index.php?rest_route=%2Fwp%2Fv2%2Fproduct_cat&post=14277"},{"taxonomy":"product_tag","embeddable":true,"href":"https:\/\/digistar.ma\/index.php?rest_route=%2Fwp%2Fv2%2Fproduct_tag&post=14277"}],"curies":[{"name":"wp","href":"https:\/\/api.w.org\/{rel}","templated":true}]}}