{"id":14281,"date":"2025-03-02T03:37:15","date_gmt":"2025-03-02T03:37:15","guid":{"rendered":"https:\/\/digistar.ma\/?post_type=product&#038;p=14281"},"modified":"2025-03-02T03:37:15","modified_gmt":"2025-03-02T03:37:15","slug":"jojo-papier-photo-20x30-a4-glossy-jet-dencre","status":"publish","type":"product","link":"https:\/\/digistar.ma\/?product=jojo-papier-photo-20x30-a4-glossy-jet-dencre","title":{"rendered":"JoJo Papier Photo 20\u00d730 A4 Glossy Jet d\u2019encre"},"content":{"rendered":"<h3>JoJo Papier Photo 20\u00d730 A4 Glossy Jet d\u2019encre<\/h3>\n<p data-start=\"142\" data-end=\"258\"><strong data-start=\"142\" data-end=\"258\">Qualit\u00e9 Brillante pour Impressions Photo Professionnelles<\/strong><\/p>\n<p data-start=\"260\" data-end=\"574\">Le <strong data-start=\"263\" data-end=\"319\">Papier Photo JOJO 20\u00d730 A4 Glossy Jet d\u2019encre 240gsm<\/strong> est parfait pour des impressions photo haute qualit\u00e9 avec une finition brillante qui met en valeur chaque d\u00e9tail.<\/p>\n<p data-start=\"260\" data-end=\"574\">Con\u00e7u pour les imprimantes \u00e0 jet d\u2019encre, ce papier garantit des couleurs \u00e9clatantes, une nettet\u00e9 exceptionnelle et une r\u00e9sistance optimale.<\/p>\n<p data-start=\"576\" data-end=\"600\"><strong data-start=\"576\" data-end=\"598\">Caract\u00e9ristiques :<\/strong><\/p>\n<ul data-start=\"601\" data-end=\"965\">\n<li data-start=\"601\" data-end=\"631\"><strong data-start=\"603\" data-end=\"615\">Format :<\/strong> 20\u00d730 cm (A4)<\/li>\n<li data-start=\"632\" data-end=\"680\"><strong data-start=\"634\" data-end=\"645\">Poids :<\/strong> 240gsm \u2013 Papier \u00e9pais et durable<\/li>\n<li data-start=\"681\" data-end=\"766\"><strong data-start=\"683\" data-end=\"697\">Finition :<\/strong> Glossy brillante pour des couleurs vives et un rendu professionnel<\/li>\n<li data-start=\"767\" data-end=\"816\"><strong data-start=\"769\" data-end=\"788\">Compatibilit\u00e9 :<\/strong> Imprimantes \u00e0 jet d\u2019encre<\/li>\n<li data-start=\"817\" data-end=\"899\"><strong data-start=\"819\" data-end=\"836\">Utilisation :<\/strong> Impressions photo, affiches, projets artistiques et cr\u00e9atifs<\/li>\n<li data-start=\"900\" data-end=\"965\"><strong data-start=\"902\" data-end=\"917\">Avantages :<\/strong> S\u00e9chage rapide, haute r\u00e9solution, anti-bavure<\/li>\n<\/ul>\n<p data-start=\"967\" data-end=\"1087\">Id\u00e9al pour les studios photo, artistes ou amateurs de photographie, ce papier garantit des r\u00e9sultats pr\u00e9cis et durables.<\/p>\n<p data-start=\"1089\" data-end=\"1210\" data-is-last-node=\"\" data-is-only-node=\"\"><strong data-start=\"1089\" data-end=\"1133\">Commandez d\u00e8s maintenant sur Digistar.ma<\/strong> et donnez vie \u00e0 vos souvenirs avec une qualit\u00e9 d\u2019impression exceptionnelle<\/p>\n","protected":false},"excerpt":{"rendered":"<ul data-start=\"601\" data-end=\"965\">\n<li data-start=\"601\" data-end=\"631\"><strong data-start=\"603\" data-end=\"615\">Format :<\/strong> 20\u00d730 cm (A4)<\/li>\n<li data-start=\"601\" data-end=\"631\">20 Feuilles par paquet<\/li>\n<li data-start=\"632\" data-end=\"680\"><strong data-start=\"634\" data-end=\"645\">Poids :<\/strong> 240gsm \u2013 Papier \u00e9pais et durable<\/li>\n<li data-start=\"681\" data-end=\"766\"><strong data-start=\"683\" data-end=\"697\">Finition :<\/strong> Glossy brillante pour des couleurs vives et un rendu professionnel<\/li>\n<li data-start=\"767\" data-end=\"816\"><strong data-start=\"769\" data-end=\"788\">Compatibilit\u00e9 :<\/strong> Imprimantes \u00e0 jet d\u2019encre<\/li>\n<li data-start=\"817\" data-end=\"899\"><strong data-start=\"819\" data-end=\"836\">Utilisation :<\/strong> Impressions photo, affiches, projets artistiques et cr\u00e9atifs<\/li>\n<li data-start=\"900\" data-end=\"965\"><strong data-start=\"902\" data-end=\"917\">Avantages :<\/strong> S\u00e9chage rapide, haute r\u00e9solution, anti-bavure<\/li>\n<\/ul>\n","protected":false},"featured_media":14283,"comment_status":"open","ping_status":"closed","template":"","meta":{"_acf_changed":false,"_monsterinsights_skip_tracking":false,"_monsterinsights_sitenote_active":false,"_monsterinsights_sitenote_note":"","_monsterinsights_sitenote_category":0,"_uf_show_specific_survey":0,"_uf_disable_surveys":false,"_joinchat":[]},"product_brand":[],"product_cat":[238,384,249,387],"product_tag":[],"class_list":{"0":"post-14281","1":"product","2":"type-product","3":"status-publish","4":"has-post-thumbnail","6":"product_cat-consommables","7":"product_cat-fournitures-dimpression","8":"product_cat-papier","9":"product_cat-papier-photo","11":"first","12":"instock","13":"sale","14":"shipping-taxable","15":"purchasable","16":"product-type-simple"},"acf":[],"jetpack_sharing_enabled":true,"_links":{"self":[{"href":"https:\/\/digistar.ma\/index.php?rest_route=\/wp\/v2\/product\/14281","targetHints":{"allow":["GET"]}}],"collection":[{"href":"https:\/\/digistar.ma\/index.php?rest_route=\/wp\/v2\/product"}],"about":[{"href":"https:\/\/digistar.ma\/index.php?rest_route=\/wp\/v2\/types\/product"}],"replies":[{"embeddable":true,"href":"https:\/\/digistar.ma\/index.php?rest_route=%2Fwp%2Fv2%2Fcomments&post=14281"}],"version-history":[{"count":1,"href":"https:\/\/digistar.ma\/index.php?rest_route=\/wp\/v2\/product\/14281\/revisions"}],"predecessor-version":[{"id":14286,"href":"https:\/\/digistar.ma\/index.php?rest_route=\/wp\/v2\/product\/14281\/revisions\/14286"}],"wp:featuredmedia":[{"embeddable":true,"href":"https:\/\/digistar.ma\/index.php?rest_route=\/wp\/v2\/media\/14283"}],"wp:attachment":[{"href":"https:\/\/digistar.ma\/index.php?rest_route=%2Fwp%2Fv2%2Fmedia&parent=14281"}],"wp:term":[{"taxonomy":"product_brand","embeddable":true,"href":"https:\/\/digistar.ma\/index.php?rest_route=%2Fwp%2Fv2%2Fproduct_brand&post=14281"},{"taxonomy":"product_cat","embeddable":true,"href":"https:\/\/digistar.ma\/index.php?rest_route=%2Fwp%2Fv2%2Fproduct_cat&post=14281"},{"taxonomy":"product_tag","embeddable":true,"href":"https:\/\/digistar.ma\/index.php?rest_route=%2Fwp%2Fv2%2Fproduct_tag&post=14281"}],"curies":[{"name":"wp","href":"https:\/\/api.w.org\/{rel}","templated":true}]}}