{"id":14387,"date":"2025-03-31T23:08:04","date_gmt":"2025-03-31T23:08:04","guid":{"rendered":"https:\/\/digistar.ma\/?post_type=product&#038;p=14387"},"modified":"2025-03-31T23:08:05","modified_gmt":"2025-03-31T23:08:05","slug":"imprimante-multifonction-laser-monochrome-canon-i-sensys-mf264dw-ii","status":"publish","type":"product","link":"https:\/\/digistar.ma\/?product=imprimante-multifonction-laser-monochrome-canon-i-sensys-mf264dw-ii","title":{"rendered":"Imprimante Multifonction Laser Monochrome Canon i-SENSYS MF264DW II"},"content":{"rendered":"<h3>Imprimante Multifonction Laser Monochrome Canon i-SENSYS MF264DW II<\/h3>\n<h3 class=\"h2-master\">Productivit\u00e9 am\u00e9lior\u00e9e pour les PME et les bureaux \u00e0 domicile<\/h3>\n<section>Au chevet des petites entreprises et des bureaux \u00e0 domicile, l&#8217;imprimante multifonction\u00a0<strong>Canon i-SENSYS MF264dw<\/strong>\u00a0se dote de fonctions d&#8217;impression, de num\u00e9risation et de copie pour r\u00e9pondre \u00e0 l&#8217;ensemble des besoins quotidiens. Simple, performante et intuitive, elle offre une prise en main rapide. Bien dans son \u00e9poque, elle dispose de fonctionnalit\u00e9s conviviales sans fil pour une utilisation connect\u00e9e.\u00a0Entre la connexion sans fil directe, le Wi-Fi, les compatibilit\u00e9s Google Cloud Print et AirPrint, la gestion de vos documents devient plus facile.\u00a0Elle propose \u00e9galement une technologie d&#8217;impression hautement efficace avec des options avanc\u00e9es.<\/p>\n<\/section>\n<section>\n<div class=\"desc-image\"><img fetchpriority=\"high\" decoding=\"async\" class=\"alignnone  wp-image-14388\" src=\"https:\/\/digistar.ma\/wp-content\/uploads\/2025\/03\/Imprimante-Multifonction-Laser-Monochrome-Canon-i-SENSYS-MF264DW-II-300x300.webp\" alt=\"Imprimante Multifonction Laser Monochrome Canon i-SENSYS MF264DW II\" width=\"387\" height=\"387\" srcset=\"https:\/\/digistar.ma\/wp-content\/uploads\/2025\/03\/Imprimante-Multifonction-Laser-Monochrome-Canon-i-SENSYS-MF264DW-II-300x300.webp 300w, https:\/\/digistar.ma\/wp-content\/uploads\/2025\/03\/Imprimante-Multifonction-Laser-Monochrome-Canon-i-SENSYS-MF264DW-II-150x150.webp 150w, https:\/\/digistar.ma\/wp-content\/uploads\/2025\/03\/Imprimante-Multifonction-Laser-Monochrome-Canon-i-SENSYS-MF264DW-II-100x100.webp 100w, https:\/\/digistar.ma\/wp-content\/uploads\/2025\/03\/Imprimante-Multifonction-Laser-Monochrome-Canon-i-SENSYS-MF264DW-II.webp 552w\" sizes=\"(max-width: 387px) 100vw, 387px\" \/><\/div>\n<div class=\"desc-text\">\n<h2>multifonction connect\u00e9 et performant<\/h2>\n<p>Le\u00a0<strong>multifonction i-SENSYS MF264dw<\/strong>\u00a0c&#8217;est avant tout une\u00a0<strong>imprimante 3-en-1\u00a0noir et blanc<\/strong>\u00a0avec une connexion mobile s\u00e9curis\u00e9e et des fonctionnalit\u00e9s conviviales, offrant une qualit\u00e9 et une vitesse impressionnantes. Elle utilise notamment une cartouche haute capacit\u00e9 jusqu&#8217;\u00e0 4100 pages pour une agr\u00e9able tranquillit\u00e9 d&#8217;esprit.<\/p>\n<p>Avec une premi\u00e8re impression sortie en seulement 5.2 secondes, la possibilit\u00e9 d&#8217;imprimer\u00a0<strong>jusqu&#8217;\u00e0 28 pages par minute<\/strong>\u00a0et une capacit\u00e9 papier de 250 feuilles, facilitez vos impressions quotidiennes. Un\u00a0<strong>\u00e9cran LCD\u00a0<\/strong>noir et blanc de 5 lignes est \u00e9galement int\u00e9gr\u00e9.<\/p>\n<\/div>\n<\/section>\n<section class=\"list\">\n<h2>Caract\u00e9ristiques principales :<\/h2>\n<ul>\n<li><strong>Multifonction laser noir et blanc<\/strong><\/li>\n<li><strong>Imprimante 3-en-1<\/strong>\u00a0: impression, copie et num\u00e9risation<\/li>\n<li>M\u00e9thode d&#8217;impression : monochrome par syst\u00e8me \u00e0 faisceau laser<\/li>\n<li>Vitesse d&#8217;impression : recto jusqu&#8217;\u00e0 28 ppm (A4) \/ recto verso jusqu&#8217;\u00e0 17,8 ipm (A4)<\/li>\n<li>Qualit\u00e9 d&#8217;impression :\u00a0<strong>jusqu&#8217;\u00e0 1200 x 1200 ppp\u00a0<\/strong>(r\u00e9solution : 600 x 600 ppp)<\/li>\n<li>Premi\u00e8re impression rapide : environ 5.2 secondes maximum<\/li>\n<li>Capacit\u00e9 papier de 250 feuilles<\/li>\n<li>\u00c9cran LCD noir et blanc de 5 lignes<\/li>\n<li>Compatibilit\u00e9\u00a0<strong>Google Cloud Print<\/strong><\/li>\n<li><strong>iOS\u00a0<\/strong>: AirPrint, application Canon PRINT Business<\/li>\n<li><strong>Android\u00a0<\/strong>: Mopria certifi\u00e9, Plug-in de service d&#8217;impression Canon, application Canon PRINT Business<\/li>\n<li><strong>Interface<\/strong>\u00a0: USB 2.0, 10BASE-T\/100BASE-TX, 802.11b\/g\/n sans fil, connexion directe sans fil<\/li>\n<li>Dimensions avec bacs : 390 x 405 x 375 mm<\/li>\n<li>Poids : 12.9 kg<\/li>\n<\/ul>\n<h2><a href=\"https:\/\/digistar.ma\/wp-content\/uploads\/2025\/03\/mf267dw-ii_mf264dw-ii_datasheet_fr_final_hr_0022c194ab4f42549c5e6f247d3fc651.pdf\">Fiche Technique Canon i-SENSYS MF264DW II<\/a><\/h2>\n<\/section>\n","protected":false},"excerpt":{"rendered":"<p>Impression, copie, scan<br \/>\nVitesse d&#8217;impression noir: 28 pages par minute (norme ISO)<br \/>\nQualit\u00e9 d&#8217;impression noire: 1200 ppp \u00d7 1200 ppp<br \/>\nVolume de pages mensuel recommand\u00e9: 250 \u00e0 2500 pages par mois<br \/>\nImpression Recto Verso : Automatique<br \/>\nFonctionne avec: 1 Cartouche de toner (noire)<br \/>\nConnectivit\u00e9: WI-FI; USB 2.0 Haute Vitesse<\/p>\n","protected":false},"featured_media":14388,"comment_status":"open","ping_status":"closed","template":"","meta":{"_acf_changed":false,"_monsterinsights_skip_tracking":false,"_monsterinsights_sitenote_active":false,"_monsterinsights_sitenote_note":"","_monsterinsights_sitenote_category":0,"_uf_show_specific_survey":0,"_uf_disable_surveys":false,"_joinchat":[]},"product_brand":[],"product_cat":[15,253,271],"product_tag":[],"class_list":{"0":"post-14387","1":"product","2":"type-product","3":"status-publish","4":"has-post-thumbnail","6":"product_cat-imprimante-scanner","7":"product_cat-imprimante","8":"product_cat-multifonction-laser-monochrome","10":"first","11":"instock","12":"sale","13":"shipping-taxable","14":"purchasable","15":"product-type-simple"},"acf":[],"jetpack_sharing_enabled":true,"_links":{"self":[{"href":"https:\/\/digistar.ma\/index.php?rest_route=\/wp\/v2\/product\/14387","targetHints":{"allow":["GET"]}}],"collection":[{"href":"https:\/\/digistar.ma\/index.php?rest_route=\/wp\/v2\/product"}],"about":[{"href":"https:\/\/digistar.ma\/index.php?rest_route=\/wp\/v2\/types\/product"}],"replies":[{"embeddable":true,"href":"https:\/\/digistar.ma\/index.php?rest_route=%2Fwp%2Fv2%2Fcomments&post=14387"}],"version-history":[{"count":1,"href":"https:\/\/digistar.ma\/index.php?rest_route=\/wp\/v2\/product\/14387\/revisions"}],"predecessor-version":[{"id":14393,"href":"https:\/\/digistar.ma\/index.php?rest_route=\/wp\/v2\/product\/14387\/revisions\/14393"}],"wp:featuredmedia":[{"embeddable":true,"href":"https:\/\/digistar.ma\/index.php?rest_route=\/wp\/v2\/media\/14388"}],"wp:attachment":[{"href":"https:\/\/digistar.ma\/index.php?rest_route=%2Fwp%2Fv2%2Fmedia&parent=14387"}],"wp:term":[{"taxonomy":"product_brand","embeddable":true,"href":"https:\/\/digistar.ma\/index.php?rest_route=%2Fwp%2Fv2%2Fproduct_brand&post=14387"},{"taxonomy":"product_cat","embeddable":true,"href":"https:\/\/digistar.ma\/index.php?rest_route=%2Fwp%2Fv2%2Fproduct_cat&post=14387"},{"taxonomy":"product_tag","embeddable":true,"href":"https:\/\/digistar.ma\/index.php?rest_route=%2Fwp%2Fv2%2Fproduct_tag&post=14387"}],"curies":[{"name":"wp","href":"https:\/\/api.w.org\/{rel}","templated":true}]}}