{"id":14394,"date":"2025-03-31T23:32:46","date_gmt":"2025-03-31T23:32:46","guid":{"rendered":"https:\/\/digistar.ma\/?post_type=product&#038;p=14394"},"modified":"2025-03-31T23:33:23","modified_gmt":"2025-03-31T23:33:23","slug":"boite-dentretien-pour-epson-c6000-et-c6500-c33s021501","status":"publish","type":"product","link":"https:\/\/digistar.ma\/?product=boite-dentretien-pour-epson-c6000-et-c6500-c33s021501","title":{"rendered":"Bo\u00eete d&#8217;entretien pour EPSON C6000 et C6500 C33S021501"},"content":{"rendered":"<h3>Bo\u00eete d&#8217;entretien pour EPSON C6000 et C6500 C33S021501<\/h3>\n<p>Bac de r\u00e9cup\u00e9ration d&#8217;encre usag\u00e9e pour imprimante EPSON Colorworks C6000 \/ C6500 \/ D6000 \/ D6500<\/p>\n<ul class=\"listTech\">\n<li class=\"row detailRow\"><span class=\"col-lg-7 col-md-7 col-sm-7 col-xs-24\">Type de consommable<\/span><span class=\"col-lg-17 col-md-17 col-sm-17 col-xs-24\">Bo\u00eete de maintenance pour cartouche d&#8217;encre<\/span><\/li>\n<li class=\"row detailRow\"><span class=\"col-lg-7 col-md-7 col-sm-7 col-xs-24\">Technologie d&#8217;impression<\/span><span class=\"col-lg-17 col-md-17 col-sm-17 col-xs-24\">Jet d&#8217;encre<\/span><\/li>\n<\/ul>\n<p>Bo\u00eete de maintenance d&#8217;origine Epson SJMB6000\/6500 C33S021501 adapt\u00e9e \u00e0 C6010, Epson Colorworks C6010A, Epson Colorworks C6010P, Epson Colorworks C6510, Epson Colorworks C6510A, Epson Colorworks C6510P, et plus encore.<\/p>\n<p>Le bo\u00eetier de maintenance SJMB6000\/6500 stocke l&#8217;encre \u00e9vacu\u00e9e du syst\u00e8me lors du nettoyage de la t\u00eate d&#8217;impression. Lorsqu&#8217;une cartouche d&#8217;encre est vide ou que le bo\u00eetier de maintenance est en fin de vie, il est n\u00e9cessaire de le remplacer.<\/p>\n<p>Le r\u00e9servoir de maintenance de l&#8217;imprimante est rempla\u00e7able par l&#8217;utilisateur. L&#8217;imprimante vous avertit lorsque le bo\u00eetier de maintenance doit \u00eatre remplac\u00e9. Lors de l&#8217;installation, veillez \u00e0 ne pas toucher la puce verte du bo\u00eetier de maintenance.<\/p>\n<ul>\n<li style=\"list-style-type: none;\">\n<ul>\n<li>Les consommables Epson authentiques permettent \u00e0 votre imprimante de fonctionner dans des conditions optimales.<\/li>\n<li>Garantie compl\u00e8te du fabricant pour votre tranquillit\u00e9 d&#8217;esprit totale.<\/li>\n<li>Code produit Epson\u00a0:\u00a0\u00a0<b>\u00a0SJMB6000\/6500<\/b><\/li>\n<\/ul>\n<\/li>\n<\/ul>\n<p>Les mod\u00e8les ci-dessous sont compatibles avec un ou plusieurs produits de cette gamme. Pour plus d\u2019informations, veuillez vous reporter aux liens ci-dessous ou au manuel de votre produit.<\/p>\n<ul class=\"listTech\">\n<li class=\"row detailRow\"><span class=\"col-lg-7 col-md-7 col-sm-7 col-xs-24\">Compatible avec<\/span><span class=\"col-lg-17 col-md-17 col-sm-17 col-xs-24\">Epson ColorWorks CW-C6000A, CW-C6000Ae, CW-C6000P, CW-C6000Pe, CW-C6500A, CW-C6500Ae, CW-C6500P, CW-C6500Pe<\/span><\/li>\n<\/ul>\n<h4 class=\"page-title h1\"><span class=\"base\" data-ui-id=\"page-title-wrapper\">Maintenance Box SJMB6000\/6500 pour Epson ColorWorks C6500\/C6000<\/span><\/h4>\n<p>&nbsp;<\/p>\n","protected":false},"excerpt":{"rendered":"<ul>\n<li class=\"page-title h1\"><span class=\"base\" data-ui-id=\"page-title-wrapper\">Maintenance Box SJMB6000\/6500 pour Epson ColorWorks C6500\/C6000<\/span><\/li>\n<li>Les consommables Epson authentiques permettent \u00e0 votre imprimante de fonctionner dans des conditions optimales.<\/li>\n<li>Garantie compl\u00e8te du fabricant pour votre tranquillit\u00e9 d&#8217;esprit totale.<\/li>\n<li>Code produit Epson\u00a0:\u00a0\u00a0<b>\u00a0SJMB6000\/6500<\/b><\/li>\n<\/ul>\n<p>&nbsp;<\/p>\n","protected":false},"featured_media":14395,"comment_status":"open","ping_status":"closed","template":"","meta":{"_acf_changed":false,"_monsterinsights_skip_tracking":false,"_monsterinsights_sitenote_active":false,"_monsterinsights_sitenote_note":"","_monsterinsights_sitenote_category":0,"_uf_show_specific_survey":0,"_uf_disable_surveys":false,"_joinchat":[]},"product_brand":[],"product_cat":[15,273],"product_tag":[],"class_list":{"0":"post-14394","1":"product","2":"type-product","3":"status-publish","4":"has-post-thumbnail","6":"product_cat-imprimante-scanner","7":"product_cat-imprimante-matricielle","9":"first","10":"instock","11":"sale","12":"shipping-taxable","13":"purchasable","14":"product-type-simple"},"acf":[],"jetpack_sharing_enabled":true,"_links":{"self":[{"href":"https:\/\/digistar.ma\/index.php?rest_route=\/wp\/v2\/product\/14394","targetHints":{"allow":["GET"]}}],"collection":[{"href":"https:\/\/digistar.ma\/index.php?rest_route=\/wp\/v2\/product"}],"about":[{"href":"https:\/\/digistar.ma\/index.php?rest_route=\/wp\/v2\/types\/product"}],"replies":[{"embeddable":true,"href":"https:\/\/digistar.ma\/index.php?rest_route=%2Fwp%2Fv2%2Fcomments&post=14394"}],"version-history":[{"count":2,"href":"https:\/\/digistar.ma\/index.php?rest_route=\/wp\/v2\/product\/14394\/revisions"}],"predecessor-version":[{"id":14402,"href":"https:\/\/digistar.ma\/index.php?rest_route=\/wp\/v2\/product\/14394\/revisions\/14402"}],"wp:featuredmedia":[{"embeddable":true,"href":"https:\/\/digistar.ma\/index.php?rest_route=\/wp\/v2\/media\/14395"}],"wp:attachment":[{"href":"https:\/\/digistar.ma\/index.php?rest_route=%2Fwp%2Fv2%2Fmedia&parent=14394"}],"wp:term":[{"taxonomy":"product_brand","embeddable":true,"href":"https:\/\/digistar.ma\/index.php?rest_route=%2Fwp%2Fv2%2Fproduct_brand&post=14394"},{"taxonomy":"product_cat","embeddable":true,"href":"https:\/\/digistar.ma\/index.php?rest_route=%2Fwp%2Fv2%2Fproduct_cat&post=14394"},{"taxonomy":"product_tag","embeddable":true,"href":"https:\/\/digistar.ma\/index.php?rest_route=%2Fwp%2Fv2%2Fproduct_tag&post=14394"}],"curies":[{"name":"wp","href":"https:\/\/api.w.org\/{rel}","templated":true}]}}