{"id":14414,"date":"2025-04-01T00:03:55","date_gmt":"2025-04-01T00:03:55","guid":{"rendered":"https:\/\/digistar.ma\/?post_type=product&#038;p=14414"},"modified":"2025-04-01T00:03:56","modified_gmt":"2025-04-01T00:03:56","slug":"imprimante-multifonction-laser-monochrome-canon-i-sensys-mf272dw","status":"publish","type":"product","link":"https:\/\/digistar.ma\/?product=imprimante-multifonction-laser-monochrome-canon-i-sensys-mf272dw","title":{"rendered":"Imprimante Multifonction Laser Monochrome Canon i-SENSYS MF272dw"},"content":{"rendered":"<h3>Imprimante Multifonction Laser Monochrome Canon i-SENSYS MF272dw<\/h3>\n<h3 class=\"h2-master\">Pour des impressions et num\u00e9risations qui am\u00e9lioront votre productivit\u00e9<\/h3>\n<section>Rationalisez vos processus d&#8217;impression et am\u00e9liorez votre efficacit\u00e9 \u00e0 domicile ou dans les petits bureaux gr\u00e2ce \u00e0 l&#8217;imprimante\u00a0laser multifonction\u00a0monochrome\u00a0rapide\u00a0et fiable\u00a0<strong>i-SENSYS MF272dw<\/strong>.<\/p>\n<p>Efficace, c&#8217;est\u00a0un appareil compact et s\u00e9curis\u00e9 capable d&#8217;<strong>imprimer, de copier et\u00a0de num\u00e9riser<\/strong>\u00a0des documents.<\/p>\n<p>Elle est compatible\u00a0<strong>AirPrint<\/strong>,\u00a0<strong>Canon PRINT Business application<\/strong>\u00a0et elle est\u00a0<strong>certifi\u00e9e Mopria<\/strong>. Outre une\u00a0<strong>vitesse d&#8217;impression de 29 ppm,<\/strong>\u00a0l&#8217;impression recto verso.<\/p>\n<p>elle contribue\u00a0\u00e0 un flux de travail fluide, ce qui vous permet de travailler plus intelligemment, sans effort.\u00a0B\u00e9n\u00e9ficiez d&#8217;impressions toujours qualitatives en utilisant les cartouches authentiques Tout-en-Un de Canon.<\/p>\n<p>Cette imprimante multifonction laser monochrome\u00a0ne vous laissera jamais tomber.<\/p>\n<\/section>\n<section>\n<div class=\"desc-image\"><img decoding=\"async\" src=\"https:\/\/media.ldlc.com\/bo\/images\/fiches\/imprimante\/canon\/MF272dw\/MF272dw_800_1.jpg\" alt=\"\" \/><\/div>\n<div class=\"desc-text\">\n<h2>Simplifiez votre quotidien<\/h2>\n<p>Conciliant commodit\u00e9 et innovation, l&#8217;imprimante\u00a0<strong>MF272dw<\/strong>\u00a0est con\u00e7ue pour les petites entreprises en pleine croissance.\u00a0Ce\u00a0<strong>multifonction laser monochrome A4<\/strong>\u00a0offre qualit\u00e9 et fiabilit\u00e9 pour tout ce qui est\u00a0<strong>impression, copie, et num\u00e9risation<\/strong>.<\/p>\n<p>Le temps de pr\u00e9chauffage rapide de 7.5 secondes, l&#8217;impression recto verso jusqu&#8217;\u00e0 18.5 ppm, la num\u00e9risation\u00a0et la\u00a0cassette de 150 feuilles vous aideront \u00e0 r\u00e9aliser d&#8217;importantes t\u00e2ches administratives et de bureau en toute simplicit\u00e9.<\/p>\n<p>Prot\u00e9gez vos documents, vos appareils et votre r\u00e9seau contre les virus et le vol de donn\u00e9es gr\u00e2ce \u00e0 une s\u00e9curit\u00e9 \u00e0 360\u00a0degr\u00e9s. Les fonctionnalit\u00e9s incluent le d\u00e9marrage s\u00e9curis\u00e9 et un guide de gestion de la s\u00e9curit\u00e9.<\/p>\n<\/div>\n<\/section>\n<section class=\"list\">\n<h2>Caract\u00e9ristiques principales :<\/h2>\n<ul>\n<li><strong>Imprimante noir et blanc 3-en-1 :\u00a0impression, copie, scan<\/strong><\/li>\n<li>Vitesse d&#8217;impression Recto\u00a0: jusqu&#8217;\u00e0 29\u00a0ppm (A4)<\/li>\n<li>Vitesse d&#8217;impression Recto\u00a0verso\u00a0: jusqu&#8217;\u00e0 18,5\u00a0ipm (A4)<\/li>\n<li><strong>R\u00e9solution d&#8217;impression\u00a0<\/strong>jusqu&#8217;\u00e0 2400\u00a0x\u00a0600\u00a0ppp<\/li>\n<li>Vitesse de copie Recto : jusqu&#8217;\u00e0 29 ppm (A4)<\/li>\n<li>Vitesse de copie Recto verso : jusqu&#8217;\u00e0 18,5 ppm (A4)<\/li>\n<li><strong>R\u00e9solution de copie : jusqu&#8217;\u00e0 600 x 600 ppp<\/strong><\/li>\n<li><strong><span>R\u00e9solution de num\u00e9risation<\/span>\u00a0<span>optique : jusqu&#8217;\u00e0 600 x 600 ppp<\/span><\/strong>\u00a0et\u00a0<span>am\u00e9lior\u00e9 : jusqu&#8217;\u00e0 9600 x 9600 ppp<\/span><\/li>\n<li><span>Vitesse de num\u00e9risation\u00a0<\/span>Monochrome Recto : 2,7 s\/page (300 x 600 ppp)<\/li>\n<li>Vitesse de num\u00e9risation Recto couleur : 3,5 s\/page (300 x 300 ppp)<\/li>\n<li>Simplicit\u00e9 d&#8217;utilisation gr\u00e2ce \u00e0 un\u00a0\u00e9cran\u00a0LCD noir et blanc de 5\u00a0lignes<\/li>\n<li>Am\u00e9liorez la qualit\u00e9 et la fiabilit\u00e9 gr\u00e2ce aux authentiques cartouches Tout-en-Un Canon<\/li>\n<li><strong>iOS :\u00a0AirPrint, application Canon PRINT Business<\/strong><\/li>\n<li><strong>Android :\u00a0Mopria certifi\u00e9, application Canon PRINT Business<\/strong><\/li>\n<li>Dimensions avec bacs : 372\u00a0x\u00a0320\u00a0x\u00a0271 mm<\/li>\n<li>Poids : 9 kg<\/li>\n<\/ul>\n<h3><a href=\"https:\/\/digistar.ma\/wp-content\/uploads\/2025\/03\/i-sensys-mf272dw_i-sensys-mf275dw_data-sheet_fr_final_hr_737514ce41324e13a17986c2f4c58d0c.pdf\">FICHE TECHNIQUE<\/a><\/h3>\n<\/section>\n","protected":false},"excerpt":{"rendered":"<ul>\n<li><strong>Imprimante noir et blanc 3-en-1 :\u00a0impression, copie, scan<\/strong><\/li>\n<li>Vitesse d&#8217;impression Recto\u00a0: jusqu&#8217;\u00e0 29\u00a0ppm (A4)<\/li>\n<li>Vitesse d&#8217;impression Recto\u00a0verso\u00a0: jusqu&#8217;\u00e0 18,5\u00a0ipm (A4)<\/li>\n<li><strong>R\u00e9solution d&#8217;impression\u00a0<\/strong>jusqu&#8217;\u00e0 2400\u00a0x\u00a0600\u00a0ppp<\/li>\n<li>Vitesse de copie Recto : jusqu&#8217;\u00e0 29 ppm (A4)<\/li>\n<li>Vitesse de copie Recto verso : jusqu&#8217;\u00e0 18,5 ppm (A4)<\/li>\n<li><strong>R\u00e9solution de copie : jusqu&#8217;\u00e0 600 x 600 ppp<\/strong><\/li>\n<li><strong>R\u00e9solution de num\u00e9risation\u00a0optique : jusqu&#8217;\u00e0 600 x 600 ppp<\/strong>\u00a0et\u00a0am\u00e9lior\u00e9 : jusqu&#8217;\u00e0 9600 x 9600 ppp<\/li>\n<li>Vitesse de num\u00e9risation\u00a0Monochrome Recto : 2,7 s\/page (300 x 600 ppp)<\/li>\n<li>Vitesse de num\u00e9risation Recto couleur : 3,5 s\/page (300 x 300 ppp)<\/li>\n<li>Simplicit\u00e9 d&#8217;utilisation gr\u00e2ce \u00e0 un\u00a0\u00e9cran\u00a0LCD noir et blanc de 5\u00a0lignes<\/li>\n<li>Am\u00e9liorez la qualit\u00e9 et la fiabilit\u00e9 gr\u00e2ce aux authentiques cartouches Tout-en-Un Canon<\/li>\n<li><strong>iOS :\u00a0AirPrint, application Canon PRINT Business<\/strong><\/li>\n<li><strong>Android :\u00a0Mopria certifi\u00e9, application Canon PRINT Business<\/strong><\/li>\n<li>Dimensions avec bacs : 372\u00a0x\u00a0320\u00a0x\u00a0271 mm<\/li>\n<li>Poids : 9 kg<\/li>\n<\/ul>\n","protected":false},"featured_media":14416,"comment_status":"open","ping_status":"closed","template":"","meta":{"_acf_changed":false,"_monsterinsights_skip_tracking":false,"_monsterinsights_sitenote_active":false,"_monsterinsights_sitenote_note":"","_monsterinsights_sitenote_category":0,"_uf_show_specific_survey":0,"_uf_disable_surveys":false,"_joinchat":[]},"product_brand":[],"product_cat":[15,253,271],"product_tag":[],"class_list":{"0":"post-14414","1":"product","2":"type-product","3":"status-publish","4":"has-post-thumbnail","6":"product_cat-imprimante-scanner","7":"product_cat-imprimante","8":"product_cat-multifonction-laser-monochrome","10":"first","11":"instock","12":"sale","13":"shipping-taxable","14":"purchasable","15":"product-type-simple"},"acf":[],"jetpack_sharing_enabled":true,"_links":{"self":[{"href":"https:\/\/digistar.ma\/index.php?rest_route=\/wp\/v2\/product\/14414","targetHints":{"allow":["GET"]}}],"collection":[{"href":"https:\/\/digistar.ma\/index.php?rest_route=\/wp\/v2\/product"}],"about":[{"href":"https:\/\/digistar.ma\/index.php?rest_route=\/wp\/v2\/types\/product"}],"replies":[{"embeddable":true,"href":"https:\/\/digistar.ma\/index.php?rest_route=%2Fwp%2Fv2%2Fcomments&post=14414"}],"version-history":[{"count":1,"href":"https:\/\/digistar.ma\/index.php?rest_route=\/wp\/v2\/product\/14414\/revisions"}],"predecessor-version":[{"id":14421,"href":"https:\/\/digistar.ma\/index.php?rest_route=\/wp\/v2\/product\/14414\/revisions\/14421"}],"wp:featuredmedia":[{"embeddable":true,"href":"https:\/\/digistar.ma\/index.php?rest_route=\/wp\/v2\/media\/14416"}],"wp:attachment":[{"href":"https:\/\/digistar.ma\/index.php?rest_route=%2Fwp%2Fv2%2Fmedia&parent=14414"}],"wp:term":[{"taxonomy":"product_brand","embeddable":true,"href":"https:\/\/digistar.ma\/index.php?rest_route=%2Fwp%2Fv2%2Fproduct_brand&post=14414"},{"taxonomy":"product_cat","embeddable":true,"href":"https:\/\/digistar.ma\/index.php?rest_route=%2Fwp%2Fv2%2Fproduct_cat&post=14414"},{"taxonomy":"product_tag","embeddable":true,"href":"https:\/\/digistar.ma\/index.php?rest_route=%2Fwp%2Fv2%2Fproduct_tag&post=14414"}],"curies":[{"name":"wp","href":"https:\/\/api.w.org\/{rel}","templated":true}]}}