{"id":14430,"date":"2025-04-01T00:41:36","date_gmt":"2025-04-01T00:41:36","guid":{"rendered":"https:\/\/digistar.ma\/?post_type=product&#038;p=14430"},"modified":"2025-04-01T00:41:36","modified_gmt":"2025-04-01T00:41:36","slug":"souris-sans-fil-ugreen-2-4ghz-90373","status":"publish","type":"product","link":"https:\/\/digistar.ma\/?product=souris-sans-fil-ugreen-2-4ghz-90373","title":{"rendered":"Souris sans fil Ugreen 2.4Ghz 90373"},"content":{"rendered":"<h3>Souris sans fil Ugreen 2.4Ghz 90373<\/h3>\n<p>Souris sans fil UGREEN pour ordinateur portable, ultra fine, portable, silencieuse, USB, 4\u00a0000\u00a0DPI, suivi fluide, avec r\u00e9cepteur USB, compatible avec PC, MacBook, iPad (gris)<\/p>\n<p><b><span>Souris sans fil silencieuse pour ordinateur portable\u00a0\u00a0<\/span><\/b><b><span>Moins de bruit, plus de concentration :<\/span><\/b><br \/>\n<span>la souris sans fil confortable r\u00e9duit le bruit de 90 % et r\u00e9alise une r\u00e9duction du bruit de 40 dB, ce qui signifie que vous pouvez ressentir chaque clic mais n&#8217;entendre pratiquement rien. <\/span><\/p>\n<p><span>Restez concentr\u00e9 sur votre travail sans distractions sonores pour vous ou toute personne autour de vous avec cette souris USB silencieuse.<\/span><\/p>\n<p><img fetchpriority=\"high\" decoding=\"async\" class=\"alignnone size-medium wp-image-14437\" src=\"https:\/\/digistar.ma\/wp-content\/uploads\/2025\/04\/id-11134207-7rasi-m1dpeah3qua751-300x300.jpeg\" alt=\"Souris sans fil Ugreen 2.4Ghz\" width=\"300\" height=\"300\" srcset=\"https:\/\/digistar.ma\/wp-content\/uploads\/2025\/04\/id-11134207-7rasi-m1dpeah3qua751-300x300.jpeg 300w, https:\/\/digistar.ma\/wp-content\/uploads\/2025\/04\/id-11134207-7rasi-m1dpeah3qua751-150x150.jpeg 150w, https:\/\/digistar.ma\/wp-content\/uploads\/2025\/04\/id-11134207-7rasi-m1dpeah3qua751-768x768.jpeg 768w, https:\/\/digistar.ma\/wp-content\/uploads\/2025\/04\/id-11134207-7rasi-m1dpeah3qua751-600x600.jpeg 600w, https:\/\/digistar.ma\/wp-content\/uploads\/2025\/04\/id-11134207-7rasi-m1dpeah3qua751-100x100.jpeg 100w, https:\/\/digistar.ma\/wp-content\/uploads\/2025\/04\/id-11134207-7rasi-m1dpeah3qua751.jpeg 800w\" sizes=\"(max-width: 300px) 100vw, 300px\" \/><\/p>\n<p><b><span>Con\u00e7ue pour un confort tout au long de la journ\u00e9e :<\/span><\/b><br \/>\n<span>la souris sans fil USB UGREEN pr\u00e9sente un contour doux et une taille l\u00e9g\u00e8re pour r\u00e9duire la douleur au poignet caus\u00e9e par une pr\u00e9hension \u00e0 long terme. <\/span><\/p>\n<p><span>La conception ambidextre rend cette souris sans fil d&#8217;ordinateur id\u00e9ale pour les utilisateurs droitiers et gauchers.<\/span><br \/>\n<b><\/b><\/p>\n<p><b><span>Red\u00e9finissez votre espace :<\/span><\/b><\/p>\n<p><span>La conception sans fil signifie moins de d\u00e9sordre. Rendez n&#8217;importe quel espace minimaliste, bien rang\u00e9 et silencieux avec la souris sans fil mince UGREEN. La souris sans fil portable s&#8217;adapte \u00e0 votre style de vie et vous accompagne partout o\u00f9 la vie vous m\u00e8ne.<\/span><\/p>\n<p><b><span>Souris sans fil USB 4\u00a0000\u00a0DPI\u00a0:<\/span><\/b><br \/>\n<span>contr\u00f4le pr\u00e9cis, navigation fluide<\/span><\/p>\n<p><b><span>Suivez en douceur et avec pr\u00e9cision sur n&#8217;importe quelle surface :<\/span><\/b><br \/>\n<span>un d\u00e9filement ligne par ligne contr\u00f4l\u00e9 signifie aucun clic manqu\u00e9. La souris sans fil UGREEN 2,4 GHz adopte un curseur de capteur 4000 DPI \u00e0 4 niveaux pour garantir une r\u00e9ponse sensible sur les \u00e9crans haute r\u00e9solution 2K\/4K\/8K et r\u00e9pondre \u00e0 divers besoins de charge de travail.<\/span><\/p>\n<p><b><span>Plug &amp; Play\u00a0:<\/span><br \/>\n<\/b><span>la souris USB 2,4\u00a0G UGREEN est sans pilote et fonctionne sur les ordinateurs, portables, de bureau et Chromebooks fonctionnant sous Windows\u00a011\/10\/8\/7, macOS, Chrome OS et Linux. Elle fonctionne instantan\u00e9ment en branchant le r\u00e9cepteur USB sur votre appareil. Ce r\u00e9cepteur offre une connexion fiable et fiable jusqu&#8217;\u00e0 10\u00a0m\u00e8tres.<\/span><br \/>\n<b><\/b><\/p>\n<p>&nbsp;<\/p>\n","protected":false},"excerpt":{"rendered":"<p>Souris sans fil UGREEN pour ordinateur portable, ultra fine, portable, silencieuse, USB, 4\u00a0000\u00a0DPI, suivi fluide, avec r\u00e9cepteur USB, compatible avec PC, MacBook, iPad (gris)<\/p>\n","protected":false},"featured_media":14432,"comment_status":"open","ping_status":"closed","template":"","meta":{"_acf_changed":false,"_monsterinsights_skip_tracking":false,"_monsterinsights_sitenote_active":false,"_monsterinsights_sitenote_note":"","_monsterinsights_sitenote_category":0,"_uf_show_specific_survey":0,"_uf_disable_surveys":false,"_joinchat":[]},"product_brand":[],"product_cat":[246,263,323],"product_tag":[],"class_list":{"0":"post-14430","1":"product","2":"type-product","3":"status-publish","4":"has-post-thumbnail","6":"product_cat-peripherique","7":"product_cat-souris-clavier","8":"product_cat-souris-sans-fil","10":"first","11":"instock","12":"sale","13":"shipping-taxable","14":"purchasable","15":"product-type-simple"},"acf":[],"jetpack_sharing_enabled":true,"_links":{"self":[{"href":"https:\/\/digistar.ma\/index.php?rest_route=\/wp\/v2\/product\/14430","targetHints":{"allow":["GET"]}}],"collection":[{"href":"https:\/\/digistar.ma\/index.php?rest_route=\/wp\/v2\/product"}],"about":[{"href":"https:\/\/digistar.ma\/index.php?rest_route=\/wp\/v2\/types\/product"}],"replies":[{"embeddable":true,"href":"https:\/\/digistar.ma\/index.php?rest_route=%2Fwp%2Fv2%2Fcomments&post=14430"}],"version-history":[{"count":1,"href":"https:\/\/digistar.ma\/index.php?rest_route=\/wp\/v2\/product\/14430\/revisions"}],"predecessor-version":[{"id":14438,"href":"https:\/\/digistar.ma\/index.php?rest_route=\/wp\/v2\/product\/14430\/revisions\/14438"}],"wp:featuredmedia":[{"embeddable":true,"href":"https:\/\/digistar.ma\/index.php?rest_route=\/wp\/v2\/media\/14432"}],"wp:attachment":[{"href":"https:\/\/digistar.ma\/index.php?rest_route=%2Fwp%2Fv2%2Fmedia&parent=14430"}],"wp:term":[{"taxonomy":"product_brand","embeddable":true,"href":"https:\/\/digistar.ma\/index.php?rest_route=%2Fwp%2Fv2%2Fproduct_brand&post=14430"},{"taxonomy":"product_cat","embeddable":true,"href":"https:\/\/digistar.ma\/index.php?rest_route=%2Fwp%2Fv2%2Fproduct_cat&post=14430"},{"taxonomy":"product_tag","embeddable":true,"href":"https:\/\/digistar.ma\/index.php?rest_route=%2Fwp%2Fv2%2Fproduct_tag&post=14430"}],"curies":[{"name":"wp","href":"https:\/\/api.w.org\/{rel}","templated":true}]}}