{"id":14461,"date":"2025-04-01T16:55:00","date_gmt":"2025-04-01T16:55:00","guid":{"rendered":"https:\/\/digistar.ma\/?post_type=product&#038;p=14461"},"modified":"2025-04-01T16:55:01","modified_gmt":"2025-04-01T16:55:01","slug":"souris-sans-fil-ugreen-design-ergonomique-2-4-blue-15064","status":"publish","type":"product","link":"https:\/\/digistar.ma\/?product=souris-sans-fil-ugreen-design-ergonomique-2-4-blue-15064","title":{"rendered":"Souris sans fil Ugreen Design Ergonomique 2.4 Blue 15064"},"content":{"rendered":"<h3>Souris sans fil Ugreen Design Ergonomique 2.4 Blue 15064<\/h3>\n<p><span class=\"a-list-item\"><span>Cette souris ergonomique sans fil \u00e9pouse les courbes naturelles de votre ordinateur, est dot\u00e9e de poign\u00e9es en caoutchouc souple et d&#8217;une large zone de paume. Ses c\u00f4t\u00e9s sculpt\u00e9s offrent une meilleure prise en main, am\u00e9liorent consid\u00e9rablement le confort et soulagent les tensions au niveau des \u00e9paules et des poignets apr\u00e8s une longue p\u00e9riode de travail.<\/span><\/span><\/p>\n<p><img fetchpriority=\"high\" decoding=\"async\" class=\"alignnone size-medium wp-image-14467\" src=\"https:\/\/digistar.ma\/wp-content\/uploads\/2025\/04\/61iu-okgp-l-_ac_sl1500-300x300.webp\" alt=\"\" width=\"300\" height=\"300\" srcset=\"https:\/\/digistar.ma\/wp-content\/uploads\/2025\/04\/61iu-okgp-l-_ac_sl1500-300x300.webp 300w, https:\/\/digistar.ma\/wp-content\/uploads\/2025\/04\/61iu-okgp-l-_ac_sl1500-1024x1024.webp 1024w, https:\/\/digistar.ma\/wp-content\/uploads\/2025\/04\/61iu-okgp-l-_ac_sl1500-150x150.webp 150w, https:\/\/digistar.ma\/wp-content\/uploads\/2025\/04\/61iu-okgp-l-_ac_sl1500-768x768.webp 768w, https:\/\/digistar.ma\/wp-content\/uploads\/2025\/04\/61iu-okgp-l-_ac_sl1500-600x600.webp 600w, https:\/\/digistar.ma\/wp-content\/uploads\/2025\/04\/61iu-okgp-l-_ac_sl1500-100x100.webp 100w, https:\/\/digistar.ma\/wp-content\/uploads\/2025\/04\/61iu-okgp-l-_ac_sl1500.webp 1125w\" sizes=\"(max-width: 300px) 100vw, 300px\" \/><\/p>\n<p><span class=\"a-list-item\"><span>Dot\u00e9e de quatre boutons standard et de boutons Pr\u00e9c\u00e9dent\/Suivant, la souris ergonomique UGREEN simplifie la navigation sur le Web, que ce soit sous Mac ou Windows.<\/span><\/span><\/p>\n<p><span class=\"a-list-item\"><strong><span>DPI r\u00e9glable sur 5 niveaux\u00a0:<\/span><\/strong><span>\u00a0Dot\u00e9e de 5 niveaux de DPI r\u00e9glables (4000\/2400\/1600\/1200\/800), cette souris sans fil offre une sensibilit\u00e9 accrue pour un suivi rapide et pr\u00e9cis. Son capteur optique fonctionne de mani\u00e8re fluide et pr\u00e9cise \u00e0 haute vitesse, m\u00eame sur diff\u00e9rentes surfaces, ce qui est id\u00e9al pour les \u00e9crans HD 4K\/8K.<\/span><\/span><\/p>\n<p><span class=\"a-list-item\"><strong><span>Souris ultra silencieuse<\/span><\/strong><span>\u00a0: cette souris pour ordinateur portable avec une conception silencieuse peut r\u00e9duire de 90 % le bruit de clic et r\u00e9aliser une r\u00e9duction du bruit de 40 dB, ce qui est super silencieux que vous cliquiez sur un bouton, fassiez d\u00e9filer ou d\u00e9placiez la souris, ce qui en fait une souris d&#8217;ordinateur id\u00e9ale pour le bureau, la salle de conf\u00e9rence, le caf\u00e9, la biblioth\u00e8que, la chambre.<\/span><\/span><\/p>\n<p><span class=\"a-list-item\"><strong><span>Autonomie de 18 mois\u00a0:<\/span><\/strong><span>\u00a0La souris sans fil UGREEN pour ordinateur portable offre jusqu&#8217;\u00e0 18 mois d&#8217;autonomie, \u00e9liminant ainsi le besoin de remplacer les piles. Une puce intelligente d&#8217;\u00e9conomie d&#8217;\u00e9nergie, un mode veille automatique et un interrupteur marche\/arr\u00eat contribuent \u00e0 prolonger l&#8217;autonomie. Remarque\u00a0: la souris est aliment\u00e9e par une pile AA (non fournie).<\/span><\/span><\/p>\n<p><span class=\"a-list-item\"><strong><span>Large compatibilit\u00e9\u00a0:<\/span><\/strong><span>\u00a0cette souris sans fil est compatible avec Windows\u00a07\/8.1\/10\/11\/XP, macOS, Linux, Chrome OS et Android. Compatible avec les ordinateurs portables, les PC, les MacBook, les Chromebooks, les tablettes, les notebooks et bien plus encore. Remarque\u00a0: connexion USB 2,4\u00a0GHz uniquement, pas de Bluetooth pour la souris USB.<\/span><\/span><\/p>\n","protected":false},"excerpt":{"rendered":"<p class=\"product-title h5\"><span>Souris ergonomique sans fil 2,4 G UGREEN \u00e0 5 niveaux, 4 000 DPI, 6 boutons, USB, silencieuse, avec nano-r\u00e9cepteur<\/span><\/p>\n<p class=\"product-title h5\"><span>pour ordinateur portable, PC, MacBook, Chromebook &#8211; Bleu (15064)<\/span><\/p>\n","protected":false},"featured_media":14462,"comment_status":"open","ping_status":"closed","template":"","meta":{"_acf_changed":false,"_monsterinsights_skip_tracking":false,"_monsterinsights_sitenote_active":false,"_monsterinsights_sitenote_note":"","_monsterinsights_sitenote_category":0,"_uf_show_specific_survey":0,"_uf_disable_surveys":false,"_joinchat":[]},"product_brand":[],"product_cat":[246,263,323],"product_tag":[],"class_list":{"0":"post-14461","1":"product","2":"type-product","3":"status-publish","4":"has-post-thumbnail","6":"product_cat-peripherique","7":"product_cat-souris-clavier","8":"product_cat-souris-sans-fil","10":"first","11":"instock","12":"sale","13":"shipping-taxable","14":"purchasable","15":"product-type-simple"},"acf":[],"jetpack_sharing_enabled":true,"_links":{"self":[{"href":"https:\/\/digistar.ma\/index.php?rest_route=\/wp\/v2\/product\/14461","targetHints":{"allow":["GET"]}}],"collection":[{"href":"https:\/\/digistar.ma\/index.php?rest_route=\/wp\/v2\/product"}],"about":[{"href":"https:\/\/digistar.ma\/index.php?rest_route=\/wp\/v2\/types\/product"}],"replies":[{"embeddable":true,"href":"https:\/\/digistar.ma\/index.php?rest_route=%2Fwp%2Fv2%2Fcomments&post=14461"}],"version-history":[{"count":1,"href":"https:\/\/digistar.ma\/index.php?rest_route=\/wp\/v2\/product\/14461\/revisions"}],"predecessor-version":[{"id":14468,"href":"https:\/\/digistar.ma\/index.php?rest_route=\/wp\/v2\/product\/14461\/revisions\/14468"}],"wp:featuredmedia":[{"embeddable":true,"href":"https:\/\/digistar.ma\/index.php?rest_route=\/wp\/v2\/media\/14462"}],"wp:attachment":[{"href":"https:\/\/digistar.ma\/index.php?rest_route=%2Fwp%2Fv2%2Fmedia&parent=14461"}],"wp:term":[{"taxonomy":"product_brand","embeddable":true,"href":"https:\/\/digistar.ma\/index.php?rest_route=%2Fwp%2Fv2%2Fproduct_brand&post=14461"},{"taxonomy":"product_cat","embeddable":true,"href":"https:\/\/digistar.ma\/index.php?rest_route=%2Fwp%2Fv2%2Fproduct_cat&post=14461"},{"taxonomy":"product_tag","embeddable":true,"href":"https:\/\/digistar.ma\/index.php?rest_route=%2Fwp%2Fv2%2Fproduct_tag&post=14461"}],"curies":[{"name":"wp","href":"https:\/\/api.w.org\/{rel}","templated":true}]}}