{"id":14469,"date":"2025-04-01T17:44:31","date_gmt":"2025-04-01T17:44:31","guid":{"rendered":"https:\/\/digistar.ma\/?post_type=product&#038;p=14469"},"modified":"2025-04-01T17:44:31","modified_gmt":"2025-04-01T17:44:31","slug":"souris-sans-fil-bluetooth-ugreen-silencieuse-ergonomique-2-4ghz-90395","status":"publish","type":"product","link":"https:\/\/digistar.ma\/?product=souris-sans-fil-bluetooth-ugreen-silencieuse-ergonomique-2-4ghz-90395","title":{"rendered":"Souris sans fil Bluetooth Ugreen Silencieuse Ergonomique 2.4GHz 90395"},"content":{"rendered":"<h4>Souris sans fil Bluetooth Ugreen Silencieuse Ergonomique 2.4GHz 90395<\/h4>\n<p><span>La souris ergonomique silencieuse \u00e0 double mode Ugreen offre une flexibilit\u00e9 d&#8217;utilisation en offrant des options de connexion Bluetooth et sans fil 2,4 GHz et peut fonctionner de mani\u00e8re compatible avec diff\u00e9rents appareils. Avec ses fonctionnalit\u00e9s Bluetooth 5.0 et dongle, vous pouvez l&#8217;utiliser soit via Bluetooth, soit via dongle.<\/span><\/p>\n<p><span>Avec sa conception ergonomique, il offre un confort d&#8217;utilisation \u00e0 long terme et augmente votre efficacit\u00e9 au travail tout en prot\u00e9geant votre sant\u00e9.<\/span><\/p>\n<p><span>Gr\u00e2ce \u00e0 la fonction de clic silencieux, vous pouvez travailler sans d\u00e9ranger votre environnement et garder vos r\u00e9unions ou environnements de travail silencieux.<\/span><\/p>\n<p><span>Le capteur de haute pr\u00e9cision d&#8217;Ugreen assure un suivi pr\u00e9cis et fluide et peut \u00eatre adapt\u00e9 \u00e0 vos pr\u00e9f\u00e9rences d&#8217;utilisation avec des niveaux DPI r\u00e9glables. Cette souris est un choix id\u00e9al pour les environnements de travail modernes.<\/span><\/p>\n<div class=\"qodef-woo-single-inner\">\n<div class=\"qodef-woo-single-image\">\n<div class=\"woocommerce-product-gallery woocommerce-product-gallery--with-images woocommerce-product-gallery--columns-4 images qodef-position--below\" data-columns=\"4\">\n<div class=\"woocommerce-product-gallery__wrapper\">\n<div class=\"woocommerce-product-gallery__image\" data-thumb=\"https:\/\/maroctechnologie.ma\/wp-content\/uploads\/2024\/11\/Souris-UGREEN-90395-Maroc-Souris-ergonomique-Maroc-Souris-sans-fil-Bluetooth-300x300.webp\" data-thumb-alt=\"UGREEN 90395 Souris ergonomique sans fil Bluetooth 5.0 4000 DPI 6 boutons (90395)\" data-thumb-srcset=\"https:\/\/maroctechnologie.ma\/wp-content\/uploads\/2024\/11\/Souris-UGREEN-90395-Maroc-Souris-ergonomique-Maroc-Souris-sans-fil-Bluetooth-300x300.webp 300w, https:\/\/maroctechnologie.ma\/wp-content\/uploads\/2024\/11\/Souris-UGREEN-90395-Maroc-Souris-ergonomique-Maroc-Souris-sans-fil-Bluetooth-150x150.webp 150w, https:\/\/maroctechnologie.ma\/wp-content\/uploads\/2024\/11\/Souris-UGREEN-90395-Maroc-Souris-ergonomique-Maroc-Souris-sans-fil-Bluetooth-650x650.webp 650w, https:\/\/maroctechnologie.ma\/wp-content\/uploads\/2024\/11\/Souris-UGREEN-90395-Maroc-Souris-ergonomique-Maroc-Souris-sans-fil-Bluetooth-600x600.webp 600w, https:\/\/maroctechnologie.ma\/wp-content\/uploads\/2024\/11\/Souris-UGREEN-90395-Maroc-Souris-ergonomique-Maroc-Souris-sans-fil-Bluetooth-100x100.webp 100w, https:\/\/maroctechnologie.ma\/wp-content\/uploads\/2024\/11\/Souris-UGREEN-90395-Maroc-Souris-ergonomique-Maroc-Souris-sans-fil-Bluetooth.webp 750w\" data-thumb-sizes=\"(max-width: 300px) 100vw, 300px\"><\/div>\n<\/div>\n<\/div>\n<\/div>\n<\/div>\n<div class=\"woocommerce-tabs wc-tabs-wrapper\">\n<div id=\"tab-description\" class=\"woocommerce-Tabs-panel woocommerce-Tabs-panel--description panel entry-content wc-tab\" role=\"tabpanel\" aria-labelledby=\"tab-title-description\">\n<p>La souris ergonomique sans fil Bluetooth 5.0 UGREEN 90395 est con\u00e7ue pour le confort et la commodit\u00e9 de l\u2019utilisateur. Avec sa conception ergonomique et son fonctionnement silencieux, elle garantit une exp\u00e9rience utilisateur fluide et silencieuse.<\/p>\n<p>Mais cela ne s\u2019arr\u00eate pas l\u00e0. Avec un DPI de 4000, cette souris sans fil assure des mouvements et une navigation ultra-pr\u00e9cis. Il fonctionne sur une technologie sans fil 2,4 GHz vous offrant la libert\u00e9 de vous connecter de mani\u00e8re transparente \u00e0 votre appareil n\u2019importe o\u00f9 dans un rayon de 10 m\u00e8tres.<\/p>\n<p>Il dispose \u00e9galement d\u2019un r\u00e9cepteur USB pour plus de commodit\u00e9. Enfin, \u00e9tant compatible avec Mac, PC, ordinateur portable et tablette, elle s\u2019adapte parfaitement \u00e0 n\u2019importe quelle configuration de poste de travail. Ainsi, que vous jouiez, travailliez ou surfiez sur Internet, cette souris optique sans fil Bluetooth 5.0 est votre appareil de pr\u00e9dilection.<\/p>\n<p><span>Code produit : 90395<\/span><\/p>\n<p><span>Couleur : Noir<\/span><\/p>\n<p><span>Mat\u00e9riau : ABS<\/span><\/p>\n<p><span>Connectivit\u00e9 : Bluetooth \/ Wi-Fi 2,4 GHz<\/span><\/p>\n<p><span>DPI : 1000\/1600\/2000\/4000 DPI<\/span><\/p>\n<p><span>Fonction : touche silencieuse<\/span><\/p>\n<p><span>Distance de tir : 10 m\u00e8tres<\/span><\/p>\n<p><span>Syst\u00e8mes d&#8217;exploitation compatibles\u00a0: Windows 7\/8\/10\/11, MacOS, Linux, ChromeOS<\/span><\/p>\n<p><span>Batterie : 1 pile AA (non incluse dans l&#8217;emballage)<\/span><\/p>\n<p>&nbsp;<\/p>\n<\/div>\n<\/div>\n","protected":false},"excerpt":{"rendered":"<ul>\n<li>Code produit : 90395<\/li>\n<li>Couleur : Noir<\/li>\n<li>Mat\u00e9riau : ABS<\/li>\n<li>Connectivit\u00e9 : Bluetooth \/ Wi-Fi 2,4 GHz<\/li>\n<li>DPI : 1000\/1600\/2000\/4000 DPI<\/li>\n<li>Fonction : touche silencieuse<\/li>\n<li>Distance de tir : 10 m\u00e8tres<\/li>\n<li>Syst\u00e8mes d&#8217;exploitation compatibles\u00a0: Windows 7\/8\/10\/11, MacOS, Linux, ChromeOS<\/li>\n<li>Batterie : 1 pile AA (non incluse dans l&#8217;emballage)<\/li>\n<\/ul>\n","protected":false},"featured_media":14470,"comment_status":"open","ping_status":"closed","template":"","meta":{"_acf_changed":false,"_monsterinsights_skip_tracking":false,"_monsterinsights_sitenote_active":false,"_monsterinsights_sitenote_note":"","_monsterinsights_sitenote_category":0,"_uf_show_specific_survey":0,"_uf_disable_surveys":false,"_joinchat":[]},"product_brand":[],"product_cat":[246,263,323],"product_tag":[],"class_list":{"0":"post-14469","1":"product","2":"type-product","3":"status-publish","4":"has-post-thumbnail","6":"product_cat-peripherique","7":"product_cat-souris-clavier","8":"product_cat-souris-sans-fil","10":"first","11":"instock","12":"sale","13":"shipping-taxable","14":"purchasable","15":"product-type-simple"},"acf":[],"jetpack_sharing_enabled":true,"_links":{"self":[{"href":"https:\/\/digistar.ma\/index.php?rest_route=\/wp\/v2\/product\/14469","targetHints":{"allow":["GET"]}}],"collection":[{"href":"https:\/\/digistar.ma\/index.php?rest_route=\/wp\/v2\/product"}],"about":[{"href":"https:\/\/digistar.ma\/index.php?rest_route=\/wp\/v2\/types\/product"}],"replies":[{"embeddable":true,"href":"https:\/\/digistar.ma\/index.php?rest_route=%2Fwp%2Fv2%2Fcomments&post=14469"}],"version-history":[{"count":1,"href":"https:\/\/digistar.ma\/index.php?rest_route=\/wp\/v2\/product\/14469\/revisions"}],"predecessor-version":[{"id":14475,"href":"https:\/\/digistar.ma\/index.php?rest_route=\/wp\/v2\/product\/14469\/revisions\/14475"}],"wp:featuredmedia":[{"embeddable":true,"href":"https:\/\/digistar.ma\/index.php?rest_route=\/wp\/v2\/media\/14470"}],"wp:attachment":[{"href":"https:\/\/digistar.ma\/index.php?rest_route=%2Fwp%2Fv2%2Fmedia&parent=14469"}],"wp:term":[{"taxonomy":"product_brand","embeddable":true,"href":"https:\/\/digistar.ma\/index.php?rest_route=%2Fwp%2Fv2%2Fproduct_brand&post=14469"},{"taxonomy":"product_cat","embeddable":true,"href":"https:\/\/digistar.ma\/index.php?rest_route=%2Fwp%2Fv2%2Fproduct_cat&post=14469"},{"taxonomy":"product_tag","embeddable":true,"href":"https:\/\/digistar.ma\/index.php?rest_route=%2Fwp%2Fv2%2Fproduct_tag&post=14469"}],"curies":[{"name":"wp","href":"https:\/\/api.w.org\/{rel}","templated":true}]}}