{"id":14483,"date":"2025-04-01T18:47:13","date_gmt":"2025-04-01T18:47:13","guid":{"rendered":"https:\/\/digistar.ma\/?post_type=product&#038;p=14483"},"modified":"2025-04-01T18:50:17","modified_gmt":"2025-04-01T18:50:17","slug":"hub-usb-c-ugreen-5-en-1-supporte-pd-100w-recharge-10919","status":"publish","type":"product","link":"https:\/\/digistar.ma\/?product=hub-usb-c-ugreen-5-en-1-supporte-pd-100w-recharge-10919","title":{"rendered":"Hub USB-C Ugreen 5 en 1 Supporte PD 100W Recharge 10919"},"content":{"rendered":"<h3>Hub USB-C Ugreen 5 en 1 Supporte PD 100W Recharge 10919<\/h3>\n<p class=\"t4s-product__title\">Hub USB C UGREEN 60 Hz, adaptateur Gigabit USB C vers Ethernet 5 en 1 avec HDMI 4K<\/p>\n<p><b>Hub USB C 5 en 1 ultra fin avec Ethernet et HDMI : &#8211;<\/b><br \/>\nL&#8217;Ethernet Gigabit filaire pourrait certainement assurer une connexion stable et une vitesse maximale jusqu&#8217;\u00e0 1000 Mbps.<br \/>\n&#8211; Sortie vid\u00e9o et audio via le port HDMI avec une r\u00e9solution jusqu&#8217;\u00e0 3840 x 2160 \u00e0 30 Hz.<br \/>\n&#8211; Deux ports USB 3.0 Type-A avec une vitesse de transfert de donn\u00e9es jusqu&#8217;\u00e0 5 Gbp\/s.<br \/>\n&#8211; Utilis\u00e9 sans pilote externe ni alimentation requise.<br \/>\n&#8211; Bo\u00eetier en alliage d&#8217;aluminium monocoque.<br \/>\n&#8211; Indicateur LED cach\u00e9.<\/p>\n<p><b>Les appareils compatibles incluent\u00a0:<\/b><br \/>\nMacBook (2015\/2016\/2017\/2018)<br \/>\nMacBook Pro (2015\/2016\/2017\/2018)<br \/>\niMac\/iMac Pro (21,5 pouces, 27 pouces)<br \/>\nChromeBook Pixel (2016\/2017)<\/p>\n<p><b>Syst\u00e8mes pris en charge\u00a0:<\/b><br \/>\nWindows 10, 8, 7, Vista, XP, Mac OS X 10.6 ou version ult\u00e9rieure, Linux 2.6.14 ou version ult\u00e9rieure.<\/p>\n<p><img fetchpriority=\"high\" decoding=\"async\" class=\"alignnone  wp-image-14485\" src=\"https:\/\/digistar.ma\/wp-content\/uploads\/2025\/04\/Hub-USB-C-Ugreen-5-en-1-Supporte-PD-100W-Recharge-10919-7-225x300.webp\" alt=\"\" width=\"288\" height=\"384\" srcset=\"https:\/\/digistar.ma\/wp-content\/uploads\/2025\/04\/Hub-USB-C-Ugreen-5-en-1-Supporte-PD-100W-Recharge-10919-7-225x300.webp 225w, https:\/\/digistar.ma\/wp-content\/uploads\/2025\/04\/Hub-USB-C-Ugreen-5-en-1-Supporte-PD-100W-Recharge-10919-7.webp 400w\" sizes=\"(max-width: 288px) 100vw, 288px\" \/><\/p>\n<p><b>Remarque\u00a0:<\/b><br \/>\nPour une connexion stable, le courant combin\u00e9 des appareils connect\u00e9s ne doit pas d\u00e9passer 900\u00a0mA. Ce c\u00e2ble n&#8217;est pas con\u00e7u pour \u00eatre utilis\u00e9 avec des appareils \u00e0 forte puissance (disques durs externes, iPad, etc.).<br \/>\nLes appareils sans fil 2,4\u00a0GHz, les appareils MIDI et certains p\u00e9riph\u00e9riques USB\u00a03.0 peuvent ne pas \u00eatre pris en charge.<br \/>\nLe c\u00e2ble rallong\u00e9 mesure 1,5\u00a0m de long.<\/p>\n<p><strong>Contenu de l&#8217;emballage :<\/strong><br \/>\n1 x hub USB C ultra fin 5 en 1<br \/>\n1 x manuel d&#8217;utilisation<\/p>\n<p>&nbsp;<\/p>\n<p>&nbsp;<\/p>\n","protected":false},"excerpt":{"rendered":"<ul>\n<li><b>UGS\u00a0:<\/b>\u00a0\u00a010919<br \/>\n<b><\/b><\/li>\n<li><b>Entr\u00e9e :<\/b>\u00a0\u00a01 x USB-C m\u00e2le<br \/>\n<b><\/b><\/li>\n<li><b>Sortie :<\/b>\u00a0\u00a02 x USB 3.0 femelle, 1 x HDMI femelle, 1 x RJ45<br \/>\n<b><\/b><\/li>\n<li><b>Norme USB :<\/b>\u00a0\u00a0L&#8217;USB 3.0 est capable de fournir une vitesse de transfert de donn\u00e9es allant jusqu&#8217;\u00e0 5 Gbit\/s<br \/>\n<b><\/b><\/li>\n<li><b>Port HDMI\u00a0:<\/b>\u00a0\u00a0prend en charge jusqu&#8217;\u00e0 4K x 2K \u00e0 30\u00a0Hz<br \/>\n<b><\/b><\/li>\n<li><b>Port Ethernet\u00a0:<\/b>\u00a0\u00a0Ethernet 10\/100\/1\u00a0000\u00a0Mbps<br \/>\n<b><\/b><\/li>\n<li><b>Port d&#8217;alimentation :<\/b>\u00a0\u00a0prend en charge une charge PD jusqu&#8217;\u00e0 100 W<br \/>\n<b><\/b><\/li>\n<li><b>Mat\u00e9riau :\u00a0<\/b>\u00a0alliage d&#8217;aluminium<br \/>\n<b><\/b><\/li>\n<li><b>Dimensions :<\/b>\u00a0\u00a0L 122 mm x l 26,3 mm x H 17,6 mm<\/li>\n<\/ul>\n","protected":false},"featured_media":14484,"comment_status":"open","ping_status":"closed","template":"","meta":{"_acf_changed":false,"_monsterinsights_skip_tracking":false,"_monsterinsights_sitenote_active":false,"_monsterinsights_sitenote_note":"","_monsterinsights_sitenote_category":0,"_uf_show_specific_survey":0,"_uf_disable_surveys":false,"_joinchat":[]},"product_brand":[],"product_cat":[281,260],"product_tag":[],"class_list":{"0":"post-14483","1":"product","2":"type-product","3":"status-publish","4":"has-post-thumbnail","6":"product_cat-accessoires-telephone-portable","7":"product_cat-accessoires-composants","9":"first","10":"instock","11":"sale","12":"shipping-taxable","13":"purchasable","14":"product-type-simple"},"acf":[],"jetpack_sharing_enabled":true,"_links":{"self":[{"href":"https:\/\/digistar.ma\/index.php?rest_route=\/wp\/v2\/product\/14483","targetHints":{"allow":["GET"]}}],"collection":[{"href":"https:\/\/digistar.ma\/index.php?rest_route=\/wp\/v2\/product"}],"about":[{"href":"https:\/\/digistar.ma\/index.php?rest_route=\/wp\/v2\/types\/product"}],"replies":[{"embeddable":true,"href":"https:\/\/digistar.ma\/index.php?rest_route=%2Fwp%2Fv2%2Fcomments&post=14483"}],"version-history":[{"count":3,"href":"https:\/\/digistar.ma\/index.php?rest_route=\/wp\/v2\/product\/14483\/revisions"}],"predecessor-version":[{"id":14494,"href":"https:\/\/digistar.ma\/index.php?rest_route=\/wp\/v2\/product\/14483\/revisions\/14494"}],"wp:featuredmedia":[{"embeddable":true,"href":"https:\/\/digistar.ma\/index.php?rest_route=\/wp\/v2\/media\/14484"}],"wp:attachment":[{"href":"https:\/\/digistar.ma\/index.php?rest_route=%2Fwp%2Fv2%2Fmedia&parent=14483"}],"wp:term":[{"taxonomy":"product_brand","embeddable":true,"href":"https:\/\/digistar.ma\/index.php?rest_route=%2Fwp%2Fv2%2Fproduct_brand&post=14483"},{"taxonomy":"product_cat","embeddable":true,"href":"https:\/\/digistar.ma\/index.php?rest_route=%2Fwp%2Fv2%2Fproduct_cat&post=14483"},{"taxonomy":"product_tag","embeddable":true,"href":"https:\/\/digistar.ma\/index.php?rest_route=%2Fwp%2Fv2%2Fproduct_tag&post=14483"}],"curies":[{"name":"wp","href":"https:\/\/api.w.org\/{rel}","templated":true}]}}