{"id":14495,"date":"2025-04-01T19:19:34","date_gmt":"2025-04-01T19:19:34","guid":{"rendered":"https:\/\/digistar.ma\/?post_type=product&#038;p=14495"},"modified":"2025-05-14T13:12:29","modified_gmt":"2025-05-14T13:12:29","slug":"hub-usb-c-ugreen-usb-c-7-en-1-supporte-pd-100w-recharge-50852","status":"publish","type":"product","link":"https:\/\/digistar.ma\/?product=hub-usb-c-ugreen-usb-c-7-en-1-supporte-pd-100w-recharge-50852","title":{"rendered":"Hub USB-C Ugreen USB-C 7 en 1 Supporte PD 100W Recharge 50852"},"content":{"rendered":"<h3>Hub USB-C Ugreen USB-C 7 en 1 Supporte PD 100W Recharge 50852<\/h3>\n<ul class=\"a-unordered-list a-vertical a-spacing-mini\">\n<li><span class=\"a-list-item\">Solution id\u00e9ale pour l\u2019espace de travail : le hub USB-C permet \u00e0 votre PC, tablette ou t\u00e9l\u00e9phone d\u2019acc\u00e9der \u00e0 l\u2019extension HDMI, Gigabit Ethernet, 2 ports USB 3.0, emplacements Micro SD et SD, \u00e9largissant votre espace de travail et am\u00e9liorant votre efficacit\u00e9 de travail<\/span><\/li>\n<li><span class=\"a-list-item\">Vid\u00e9o 4K vive et lisse : l\u2019adaptateur HDMI Hub USB C est livr\u00e9 avec HDMI 4K, transf\u00e9rant un monde vid\u00e9o net, net et sans d\u00e9calage, perte de signal et scintillement, capturant chaque moment de films avec vos amis et votre famille<\/span><\/li>\n<li><span class=\"a-list-item\">Connexion Ethernet Gigabit stable et rapide : l\u2019adaptateur USB C Hub Ethernet est livr\u00e9 avec un port Ethernet Gigabit RJ45 qui prend en charge 10\/100\/1000 Mbps avec une connexion stable et rapide, ce qui garantit une navigation plus fluide sur Internet. Le port LAN 1 Gbit\/s du routeur, le c\u00e2ble CAT5e et le pilote Ethernet haut d\u00e9bit sont n\u00e9cessaires pour obtenir 1 Gbit\/s<\/span><\/li>\n<li><span class=\"a-list-item\">Transfert de donn\u00e9es ultra-rapide de 5 Gbit\/s : le hub USB C vers USB 3.0 peut connecter des p\u00e9riph\u00e9riques USB tels que souris, clavier, cl\u00e9s USB ou disques durs externes avec un taux de transfert de donn\u00e9es allant jusqu\u2019\u00e0 5 Gbit\/s, transf\u00e9rant des films HD en quelques secondes<\/span><\/li>\n<li><span class=\"a-list-item\">Chargement rapide de 100 W : le hub USB-C dispose d\u2019un port USB C de charge rapide de 100 W sans vous soucier de la faible puissance lors de l\u2019utilisation du PC ou de la connexion d\u2019appareils gourmands en \u00e9nergie. Le hub USB C offre 95 W pour charger l\u2019ordinateur portable et 5 W pour alimenter le hub lors de la connexion \u00e0 une entr\u00e9e d\u2019alimentation de 100 W<\/span><\/li>\n<li><span class=\"a-list-item\">Lecture simultan\u00e9e des cartes SD et micro SD : l\u2019adaptateur multiport USB C peut \u00eatre utilis\u00e9 comme lecteur de carte micro SD, qui peut lire et \u00e9crire des cartes SD et micro SD simultan\u00e9ment avec un taux de transfert de donn\u00e9es allant jusqu\u2019\u00e0 104 Mbp\/s<\/span><\/li>\n<li><span class=\"a-list-item\">Large compatibilit\u00e9 : le hub USB C 4K 60 Hz est compatible avec MacBook Pro M1 14\u2033 Pro 2021, MacBook Air 13\u2033 2020, MacBook Air 13\u2033 M1 2020, MacBook Pro 16\u2033 2019, iPad Pro 12,9\u2033 2021\/2020\/2019. 8, iPad Pro 2. 3\u2033 2021\/2020\/2018, DELL XPS 13, Samsung Galaxy S22 S21 S20 et plus encore<\/span><\/li>\n<\/ul>\n","protected":false},"excerpt":{"rendered":"<p><span>Couleur du c\u00e2ble : gris<\/span><br \/>\n<span>Longueur : 20 cm<\/span><br \/>\n<span>Entr\u00e9e : USB Type-C (Thunderbolt 3)<\/span><br \/>\n<span>Sortie : 1 HDMI, 1 RJ45, 2 USB 3.0, 1 lecteur de carte TF\/SD, 1 USB-C 5 V PD<\/span><br \/>\n<span>R\u00e9solution prise en charge : 4K UHD 3840-2160 30 Hz<\/span><br \/>\n<span>Vitesse du r\u00e9seau : 1 Gbit\/s<\/span><br \/>\n<span>Vitesse de transmission USB 3.0 : jusqu&#8217;\u00e0 5 Gbit\/s<\/span><br \/>\n<span>Prise en charge de la lecture simultan\u00e9e de 2 cartes<\/span><br \/>\n<span>&#8211; Emplacement SD : prise en charge UHS-I (SD, SDXC, SDHC, RS-MMC)<\/span><br \/>\n<span>&#8211; Emplacement TF : prise en charge UHS-I (Micro SD, Micro SDHC, Micro SDXC)<\/span><br \/>\n<span>Prise en charge du port USB-C PD<\/span><br \/>\n<span>Mat\u00e9riau : alliage d&#8217;aluminium<\/span><\/p>\n","protected":false},"featured_media":14496,"comment_status":"open","ping_status":"closed","template":"","meta":{"_acf_changed":false,"_monsterinsights_skip_tracking":false,"_monsterinsights_sitenote_active":false,"_monsterinsights_sitenote_note":"","_monsterinsights_sitenote_category":0,"_uf_show_specific_survey":0,"_uf_disable_surveys":false,"_joinchat":[]},"product_brand":[],"product_cat":[260,281,366],"product_tag":[],"class_list":{"0":"post-14495","1":"product","2":"type-product","3":"status-publish","4":"has-post-thumbnail","6":"product_cat-accessoires-composants","7":"product_cat-accessoires-telephone-portable","8":"product_cat-cable-et-adaptateur","10":"first","11":"instock","12":"sale","13":"shipping-taxable","14":"purchasable","15":"product-type-simple"},"acf":[],"jetpack_sharing_enabled":true,"_links":{"self":[{"href":"https:\/\/digistar.ma\/index.php?rest_route=\/wp\/v2\/product\/14495","targetHints":{"allow":["GET"]}}],"collection":[{"href":"https:\/\/digistar.ma\/index.php?rest_route=\/wp\/v2\/product"}],"about":[{"href":"https:\/\/digistar.ma\/index.php?rest_route=\/wp\/v2\/types\/product"}],"replies":[{"embeddable":true,"href":"https:\/\/digistar.ma\/index.php?rest_route=%2Fwp%2Fv2%2Fcomments&post=14495"}],"version-history":[{"count":1,"href":"https:\/\/digistar.ma\/index.php?rest_route=\/wp\/v2\/product\/14495\/revisions"}],"predecessor-version":[{"id":14503,"href":"https:\/\/digistar.ma\/index.php?rest_route=\/wp\/v2\/product\/14495\/revisions\/14503"}],"wp:featuredmedia":[{"embeddable":true,"href":"https:\/\/digistar.ma\/index.php?rest_route=\/wp\/v2\/media\/14496"}],"wp:attachment":[{"href":"https:\/\/digistar.ma\/index.php?rest_route=%2Fwp%2Fv2%2Fmedia&parent=14495"}],"wp:term":[{"taxonomy":"product_brand","embeddable":true,"href":"https:\/\/digistar.ma\/index.php?rest_route=%2Fwp%2Fv2%2Fproduct_brand&post=14495"},{"taxonomy":"product_cat","embeddable":true,"href":"https:\/\/digistar.ma\/index.php?rest_route=%2Fwp%2Fv2%2Fproduct_cat&post=14495"},{"taxonomy":"product_tag","embeddable":true,"href":"https:\/\/digistar.ma\/index.php?rest_route=%2Fwp%2Fv2%2Fproduct_tag&post=14495"}],"curies":[{"name":"wp","href":"https:\/\/api.w.org\/{rel}","templated":true}]}}