{"id":14511,"date":"2025-04-09T17:45:55","date_gmt":"2025-04-09T17:45:55","guid":{"rendered":"https:\/\/digistar.ma\/?post_type=product&#038;p=14511"},"modified":"2026-02-24T20:49:56","modified_gmt":"2026-02-24T20:49:56","slug":"epson-ef-21w-videoprojecteur-laser-full-hd-1080p-v11hb35040","status":"publish","type":"product","link":"https:\/\/digistar.ma\/?product=epson-ef-21w-videoprojecteur-laser-full-hd-1080p-v11hb35040","title":{"rendered":"Epson EF-21W VideoProjecteur laser Full HD 1080p V11HB35040"},"content":{"rendered":"<h3>Epson EF-21W VideoProjecteur laser Full HD 1080p V11HB35040<\/h3>\n<h2 class=\"h2-master\">Une exp\u00e9rience grand \u00e9cran \u00e0 la maison avec un projecteur \u00e9l\u00e9gant et compact<\/h2>\n<section><strong>Epson\u00a0<\/strong>vous propose l&#8217;<strong>EF-21W<\/strong>\u00a0un\u00a0<strong>mini projecteur \u00e9l\u00e9gant et compact\u00a0<\/strong>qui peut vous afficher une taille d&#8217;image allant\u00a0<strong>jusqu&#8217;\u00e0 150&#8243; (3.81 m)<\/strong>. Ce\u00a0<strong>projecteur compact<\/strong>\u00a0de couleur blanc intense peut projeter dans n\u2019importe quelle direction\u00a0: au mur, au plafond ou au sol. Sa simplicit\u00e9 d\u2019utilisation, de configuration et de transport vous permettent de profiter de vos divertissements partout en d\u00e9placement.<\/section>\n<section>\n<div class=\"desc-image\"><img decoding=\"async\" src=\"https:\/\/media.ldlc.com\/bo\/images\/fiches\/videoprojecteur\/Epson\/EF-21W\/EF-21W_800_1.jpg\" alt=\"\" \/><\/div>\n<div class=\"desc-text\">\n<h2>En plus grand, c&#8217;est toujours mieux<\/h2>\n<p>Profitez d&#8217;une projection lumineuse et durable pour vos besoins personnels\u00a0avec le\u00a0<strong>vid\u00e9oprojecteur Epson EF-21W<\/strong>. Ce mod\u00e8le embarque la\u00a0<strong>technologie 3LCD<\/strong>\u00a0laser et une belle\u00a0<strong>luminosit\u00e9 de 1000 Lumens<\/strong>\u00a0pour afficher vos contenus id\u00e9alement \u00e0 la maison, dans votre chambre ou votre salon.<\/p>\n<p>B\u00e9n\u00e9ficiez d&#8217;une r\u00e9solution Full HD (1920 x 1080)\u00a0et d&#8217;une\u00a0<strong>dur\u00e9e d&#8217;utilisation pouvant atteindre 20\u00a0000 heures<\/strong>\u00a0(mode Eco). Capable de projeter\u00a0une image de 150 pouces maximum (3.81 m) ce vid\u00e9oprojecteur vous permet de vivre\u00a0une exp\u00e9rience immersive.<\/p>\n<p>Les<strong>\u00a0technologies int\u00e9gr\u00e9es telles que la mise au point automatique<\/strong>, la\u00a0<strong>correction du trap\u00e8ze<\/strong>, l\u2019<strong>\u00e9vitement des obstacles\u00a0<\/strong>et l\u2019<strong>ajustement de l\u2019\u00e9cran<\/strong>\u00a0vous permettent de profiter d\u2019un divertissement instantan\u00e9 \u00e0 la maison ou en d\u00e9placement. Allumez simplement le projecteur et laissez-le trouver la taille d\u2019image la mieux adapt\u00e9e \u00e0 votre environnement.<\/p>\n<\/div>\n<\/section>\n<section>\n<div class=\"desc-text\">\n<h2>Divertissement \u00e0 domicile intelligent et Installation optimis\u00e9e<\/h2>\n<p>Tous vos contenus en streaming sont disponibles gr\u00e2ce \u00e0 ce\u00a0<strong>projecteur EF-21W\u00a0<\/strong>d&#8217;<strong>Epson<\/strong>, le tout sur une seule interface. Acc\u00e9dez \u00e0 plus de 400\u00a0000\u00a0films et \u00e9pisodes de s\u00e9ries t\u00e9l\u00e9vis\u00e9es, le tout au m\u00eame endroit.<strong>\u00a0Google\u00a0TV<\/strong>\u00a0vous permet d&#8217;acc\u00e9der \u00e0 vos contenus pr\u00e9f\u00e9r\u00e9s de l\u2019ensemble de vos applications et abonnements et les organise tout sp\u00e9cialement pour vous. Demandez \u00e0 Google\u00a0Assistant de trouver des films, de diffuser des applications, de jouer de la musique et de contr\u00f4ler votre projecteur, le tout avec votre voix. Diffusez facilement des films, des \u00e9missions, des photos et bien plus encore depuis votre t\u00e9l\u00e9phone ou tablette, directement sur votre projecteur avec Google\u00a0Cast. Les\u00a0<strong>haut-parleurs Bluetooth 5\u00a0W int\u00e9gr\u00e9s<\/strong>\u00a0peuvent \u00eatre utilis\u00e9s avec ou sans affichage.<\/p>\n<p>C\u00f4t\u00e9 connectique, le\u00a0<strong>vid\u00e9oprojecteur EF-21W<\/strong>\u00a0va \u00e0 l&#8217;essentiel pour vous faciliter grandement son installation. Il est \u00e9quip\u00e9 d&#8217;un port HDMI et d&#8217;un port USB-A.<\/p>\n<\/div>\n<div class=\"desc-image\"><img decoding=\"async\" src=\"https:\/\/media.ldlc.com\/bo\/images\/fiches\/videoprojecteur\/Epson\/EF-21W\/EF-21W_800_2.jpg\" alt=\"\" \/><\/div>\n<\/section>\n<section class=\"list\">\n<h2>Caract\u00e9ristiques principales :<\/h2>\n<ul>\n<li><strong>Vid\u00e9oprojecteur Laser polyvalent, compact et \u00e9l\u00e9gant \u00e0 technologie 3LCD<\/strong><\/li>\n<li><strong>R\u00e9solution<\/strong>\u00a0: Full HD\u00a0(1920 x 1080 pixels)<\/li>\n<li><strong>Luminosit\u00e9<\/strong>\u00a0: 1000 Lumens<\/li>\n<li>Rapport de contraste : 5.000.000:1<\/li>\n<li>Prise en charge HDR<\/li>\n<li>Projection d&#8217;une image jusqu&#8217;\u00e0 150 pouces<\/li>\n<li>Lampe avec dur\u00e9e de vie\u00a0<strong>jusqu&#8217;\u00e0 20\u00a0000 heures<\/strong>\u00a0(mode Eco)<\/li>\n<li>Correction keystone H\/V (manuel +\/-30\u00b0)<\/li>\n<li>1x HDMI ARC + 1x USB-A 2.0 + 1x USB mini-B 2.0, Prise jack<\/li>\n<li>Haut-parleurs int\u00e9gr\u00e9s 2 x 5 Watts<\/li>\n<\/ul>\n<p><a href=\"https:\/\/digistar.ma\/wp-content\/uploads\/2025\/04\/ef-21w.ef-21w-datasheet-1.pdf\"><strong>FICHE TECHNIQUE PRODUIT\u00a0<\/strong><\/a><\/p>\n<\/section>\n","protected":false},"excerpt":{"rendered":"<ul>\n<li><strong>Vid\u00e9oprojecteur Laser polyvalent, compact et \u00e9l\u00e9gant \u00e0 technologie 3LCD<\/strong><\/li>\n<li><strong>R\u00e9solution<\/strong>\u00a0: Full HD\u00a0(1920 x 1080 pixels)<\/li>\n<li><strong>Luminosit\u00e9<\/strong>\u00a0: 1000 Lumens<\/li>\n<li>Rapport de contraste : 5.000.000:1<\/li>\n<li>Prise en charge HDR<\/li>\n<li>Projection d&#8217;une image jusqu&#8217;\u00e0 150 pouces<\/li>\n<li>Lampe avec dur\u00e9e de vie\u00a0<strong>jusqu&#8217;\u00e0 20\u00a0000 heures<\/strong>\u00a0(mode Eco)<\/li>\n<li>Correction keystone H\/V (manuel +\/-30\u00b0)<\/li>\n<li>1x HDMI ARC + 1x USB-A 2.0 + 1x USB mini-B 2.0, Prise jack<\/li>\n<li>Haut-parleurs int\u00e9gr\u00e9s 2 x 5 Watts<\/li>\n<\/ul>\n","protected":false},"featured_media":14512,"comment_status":"open","ping_status":"closed","template":"","meta":{"_acf_changed":false,"_monsterinsights_skip_tracking":false,"_monsterinsights_sitenote_active":false,"_monsterinsights_sitenote_note":"","_monsterinsights_sitenote_category":0,"_uf_show_specific_survey":0,"_uf_disable_surveys":false,"_joinchat":[]},"product_brand":[],"product_cat":[274,340],"product_tag":[],"class_list":{"0":"post-14511","1":"product","2":"type-product","3":"status-publish","4":"has-post-thumbnail","6":"product_cat-videoprojecteur-ecran","7":"product_cat-videoprojecteur","9":"first","10":"instock","11":"sale","12":"shipping-taxable","13":"purchasable","14":"product-type-simple"},"acf":[],"jetpack_sharing_enabled":true,"_links":{"self":[{"href":"https:\/\/digistar.ma\/index.php?rest_route=\/wp\/v2\/product\/14511","targetHints":{"allow":["GET"]}}],"collection":[{"href":"https:\/\/digistar.ma\/index.php?rest_route=\/wp\/v2\/product"}],"about":[{"href":"https:\/\/digistar.ma\/index.php?rest_route=\/wp\/v2\/types\/product"}],"replies":[{"embeddable":true,"href":"https:\/\/digistar.ma\/index.php?rest_route=%2Fwp%2Fv2%2Fcomments&post=14511"}],"version-history":[{"count":2,"href":"https:\/\/digistar.ma\/index.php?rest_route=\/wp\/v2\/product\/14511\/revisions"}],"predecessor-version":[{"id":14522,"href":"https:\/\/digistar.ma\/index.php?rest_route=\/wp\/v2\/product\/14511\/revisions\/14522"}],"wp:featuredmedia":[{"embeddable":true,"href":"https:\/\/digistar.ma\/index.php?rest_route=\/wp\/v2\/media\/14512"}],"wp:attachment":[{"href":"https:\/\/digistar.ma\/index.php?rest_route=%2Fwp%2Fv2%2Fmedia&parent=14511"}],"wp:term":[{"taxonomy":"product_brand","embeddable":true,"href":"https:\/\/digistar.ma\/index.php?rest_route=%2Fwp%2Fv2%2Fproduct_brand&post=14511"},{"taxonomy":"product_cat","embeddable":true,"href":"https:\/\/digistar.ma\/index.php?rest_route=%2Fwp%2Fv2%2Fproduct_cat&post=14511"},{"taxonomy":"product_tag","embeddable":true,"href":"https:\/\/digistar.ma\/index.php?rest_route=%2Fwp%2Fv2%2Fproduct_tag&post=14511"}],"curies":[{"name":"wp","href":"https:\/\/api.w.org\/{rel}","templated":true}]}}