{"id":14526,"date":"2025-04-13T23:23:07","date_gmt":"2025-04-13T23:23:07","guid":{"rendered":"https:\/\/digistar.ma\/?post_type=product&#038;p=14526"},"modified":"2026-04-09T10:50:23","modified_gmt":"2026-04-09T10:50:23","slug":"epson-ecotank-m1120-imprimante-monochrome-a-reservoirs-rechargeables","status":"publish","type":"product","link":"https:\/\/digistar.ma\/?product=epson-ecotank-m1120-imprimante-monochrome-a-reservoirs-rechargeables","title":{"rendered":"Epson EcoTank M1120 Imprimante monochrome \u00e0 r\u00e9servoirs rechargeables"},"content":{"rendered":"<h2>Epson EcoTank M1120 Imprimante monochrome \u00e0 r\u00e9servoirs rechargeables<\/h2>\n<h2 class=\"h2-master\">Une imprimante monochrome monofonction intuitive<\/h2>\n<section>Gagnez en fiabilit\u00e9 et en temps tout en r\u00e9alisant des \u00e9conomies gr\u00e2ce \u00e0 l&#8217;<strong>imprimante monofonction\u00a0monochrome\u00a0Epson EcoTank ET-M1120<\/strong>\u00a0! Gr\u00e2ce \u00e0 elle,\u00a0<strong>imprimez<\/strong>\u00a0en b\u00e9n\u00e9ficiant d\u2019une autonomie pouvant atteindre 5 000 pages avec l\u2019encre fournie d\u00e8s l\u2019achat et de la connectivit\u00e9\u00a0<strong>Wi-Fi\u00a0et USB<\/strong>.Cette imprimante\u00a0robuste, rapide et \u00e9conome,\u00a0dispose d&#8217;un bac papier de 150 feuilles.\u00a0Son r\u00e9servoir frontal permet des recharges simples. Les bouteilles sont dot\u00e9es d\u2019un syst\u00e8me de pressurisation.<\/p>\n<p>Ainsi, il est inutile d\u2019appuyer sur la bouteille pendant le processus de remplissage. Gr\u00e2ce \u00e0 l\u2019affichage du niveau de l\u2019encre en fa\u00e7ade, il est facile de savoir quand une recharge en encre est n\u00e9cessaire.<\/p>\n<\/section>\n<section>\n<div class=\"desc-image\"><img decoding=\"async\" src=\"https:\/\/media.ldlc.com\/bo\/images\/fiches\/imprimante\/Epson\/EcoTank%20ET-M1120\/et-m1120_800_1.jpg\" alt=\"\" \/><\/div>\n<div class=\"desc-text\">\n<h2>Ultra \u00e9conomique<\/h2>\n<p>Ne perdez pas de temps \u00e0 changer de consommable : gr\u00e2ce au\u00a0syst\u00e8me de r\u00e9servoir d\u2019encre, le remplissage est un jeu d\u2019enfant. L\u2019impression est rapide, sans temps de pr\u00e9chauffage et la vitesse d\u2019impression peut atteindre jusqu\u2019\u00e0 15 ppm.<\/p>\n<p>R\u00e9duisez votre consommation d\u2019\u00e9nergie et vos frais g\u00e9n\u00e9raux avec une imprimante monochrome EcoTank. Elle permet d\u2019\u00e9conomiser jusqu&#8217;\u00e0 95% de consommation \u00e9lectrique par rapport aux imprimantes laser monochromes.<\/p>\n<\/div>\n<\/section>\n<section class=\"list\">\n<h2>Caract\u00e9ristiques principales :<\/h2>\n<ul>\n<li><strong>Imprimante jet d&#8217;encre monofonction et monochrome\u00a0<\/strong><\/li>\n<li>Impression A4<\/li>\n<li>R\u00e9solution d&#8217;impression : 1440 x 720 dpi<\/li>\n<li>R\u00e9servoir d\u2019encre \u00e9conomique\u00a0: livr\u00e9 avec une grande quantit\u00e9 d\u2019encre<\/li>\n<li>Fiabilit\u00e9 et robustesse jour apr\u00e8s jour<\/li>\n<li>R\u00e9duisez votre consommation d&#8217;\u00e9nergie : \u00e9conomisez jusqu&#8217;\u00e0 95% de consommation \u00e9lectrique<\/li>\n<li>Impression de qualit\u00e9 professionnelle rapide avec vitesse d\u2019impression de 15 ppm sans temps de pr\u00e9chauffage<\/li>\n<li>T\u00eate d&#8217;impression PrecisionCore<\/li>\n<li>Bac \u00e0 papier standard : 150 feuilles<\/li>\n<li>Capacit\u00e9 de sortie : 30 feuilles<\/li>\n<li>Connexion : USB,\u00a0Wi-Fi et Wi-Fi Direct<\/li>\n<li>Services d&#8217;impression mobile et via le cloud : Epson Connect (iPrint, Email Print, Remote Print Driver, Scan-to-Cloud), Apple AirPrint, Google Cloud Print<\/li>\n<li>Dimensions : 375 x 267 x 161\u00a0mm<\/li>\n<li>Poids : 3.5 kg<\/li>\n<\/ul>\n<\/section>\n","protected":false},"excerpt":{"rendered":"<ul>\n<li><strong>Imprimante jet d&#8217;encre monofonction et monochrome\u00a0<\/strong><\/li>\n<li>Impression A4<\/li>\n<li>R\u00e9solution d&#8217;impression : 1440 x 720 dpi<\/li>\n<li>R\u00e9servoir d\u2019encre \u00e9conomique\u00a0: livr\u00e9 avec une grande quantit\u00e9 d\u2019encre<\/li>\n<li>Fiabilit\u00e9 et robustesse jour apr\u00e8s jour<\/li>\n<li>R\u00e9duisez votre consommation d&#8217;\u00e9nergie : \u00e9conomisez jusqu&#8217;\u00e0 95% de consommation \u00e9lectrique<\/li>\n<li>Impression de qualit\u00e9 professionnelle rapide avec vitesse d\u2019impression de 15 ppm sans temps de pr\u00e9chauffage<\/li>\n<li>T\u00eate d&#8217;impression PrecisionCore<\/li>\n<li>Bac \u00e0 papier standard : 150 feuilles<\/li>\n<li>Capacit\u00e9 de sortie : 30 feuilles<\/li>\n<li>Connexion : USB,\u00a0Wi-Fi et Wi-Fi Direct<\/li>\n<li>Services d&#8217;impression mobile et via le cloud : Epson Connect (iPrint, Email Print, Remote Print Driver, Scan-to-Cloud), Apple AirPrint, Google Cloud Print<\/li>\n<li>Dimensions : 375 x 267 x 161\u00a0mm<\/li>\n<li>Poids : 3.5 kg<\/li>\n<\/ul>\n","protected":false},"featured_media":14528,"comment_status":"open","ping_status":"closed","template":"","meta":{"_acf_changed":false,"_monsterinsights_skip_tracking":false,"_monsterinsights_sitenote_active":false,"_monsterinsights_sitenote_note":"","_monsterinsights_sitenote_category":0,"_uf_show_specific_survey":0,"_uf_disable_surveys":false,"_joinchat":[]},"product_brand":[],"product_cat":[15,253,265,269],"product_tag":[],"class_list":{"0":"post-14526","1":"product","2":"type-product","3":"status-publish","4":"has-post-thumbnail","6":"product_cat-imprimante-scanner","7":"product_cat-imprimante","8":"product_cat-imprimante-a-reservoirs-rechargeables","9":"product_cat-imprimante-jet-dencre","11":"first","12":"instock","13":"sale","14":"shipping-taxable","15":"purchasable","16":"product-type-simple"},"acf":[],"jetpack_sharing_enabled":true,"_links":{"self":[{"href":"https:\/\/digistar.ma\/index.php?rest_route=\/wp\/v2\/product\/14526","targetHints":{"allow":["GET"]}}],"collection":[{"href":"https:\/\/digistar.ma\/index.php?rest_route=\/wp\/v2\/product"}],"about":[{"href":"https:\/\/digistar.ma\/index.php?rest_route=\/wp\/v2\/types\/product"}],"replies":[{"embeddable":true,"href":"https:\/\/digistar.ma\/index.php?rest_route=%2Fwp%2Fv2%2Fcomments&post=14526"}],"version-history":[{"count":2,"href":"https:\/\/digistar.ma\/index.php?rest_route=\/wp\/v2\/product\/14526\/revisions"}],"predecessor-version":[{"id":14534,"href":"https:\/\/digistar.ma\/index.php?rest_route=\/wp\/v2\/product\/14526\/revisions\/14534"}],"wp:featuredmedia":[{"embeddable":true,"href":"https:\/\/digistar.ma\/index.php?rest_route=\/wp\/v2\/media\/14528"}],"wp:attachment":[{"href":"https:\/\/digistar.ma\/index.php?rest_route=%2Fwp%2Fv2%2Fmedia&parent=14526"}],"wp:term":[{"taxonomy":"product_brand","embeddable":true,"href":"https:\/\/digistar.ma\/index.php?rest_route=%2Fwp%2Fv2%2Fproduct_brand&post=14526"},{"taxonomy":"product_cat","embeddable":true,"href":"https:\/\/digistar.ma\/index.php?rest_route=%2Fwp%2Fv2%2Fproduct_cat&post=14526"},{"taxonomy":"product_tag","embeddable":true,"href":"https:\/\/digistar.ma\/index.php?rest_route=%2Fwp%2Fv2%2Fproduct_tag&post=14526"}],"curies":[{"name":"wp","href":"https:\/\/api.w.org\/{rel}","templated":true}]}}