{"id":14570,"date":"2025-05-14T13:23:26","date_gmt":"2025-05-14T13:23:26","guid":{"rendered":"https:\/\/digistar.ma\/?post_type=product&#038;p=14570"},"modified":"2025-05-18T21:12:58","modified_gmt":"2025-05-18T21:12:58","slug":"epson-workforce-enterprise-am-c5000-c11cj42401","status":"publish","type":"product","link":"https:\/\/digistar.ma\/?product=epson-workforce-enterprise-am-c5000-c11cj42401","title":{"rendered":"Epson WorkForce Enterprise AM-C5000 C11CJ42401"},"content":{"rendered":"<h3>Epson WorkForce Enterprise AM-C5000 C11CJ42401<\/h3>\n<div class=\"product-overview__introText--neon\">Le mod\u00e8le WorkForce\u00a0Enterprise AM-C5000 allie hautes performances et faible consommation d\u2019\u00e9nergie. Con\u00e7ue pour les entreprises modernes, cette solution d\u2019impression \u00e0 faible empreinte au sol et \u00e0 la conception modulaire vous permet de composer le produit qui r\u00e9pond exactement \u00e0 vos exigences.<\/div>\n<div><\/div>\n<div class=\"product-overview__introText--neon\">De plus, sa technologie innovante assure une installation et un entretien rapides et ais\u00e9s.<\/div>\n<div class=\"product-overview__section\">\n<div class=\"product-overview__section-content\">\n<div class=\"product-overview__description product-overview__description--neon\">\n<div class=\"\u201ddescrip-cols\u201d\">\n<div class=\"\u201dparagraph1\u201d\">\n<h4>Grande fiabilit\u00e9 et impact environnemental r\u00e9duit<\/h4>\n<p>Gr\u00e2ce \u00e0 un chemin papier plus simple et plus court, les acc\u00e8s au papier sont facilit\u00e9s et la connectivit\u00e9 au module de finition est am\u00e9lior\u00e9e. Cela permet de r\u00e9duire les temps d\u2019arr\u00eat du mat\u00e9riel sur site. Moins de consommables et moins de pi\u00e8ces de rechange, donc moins de d\u00e9chets g\u00e9n\u00e9r\u00e9s.<\/p>\n<p>Sa faible consommation \u00e9lectrique diminue drastiquement l\u2019impact environnemental de l\u2019impression.<\/p>\n<\/div>\n<div class=\"\u201dparagraph2\u201d\">\n<h4>Maintenance efficace<\/h4>\n<p>Le nombre de pi\u00e8ces de rechange r\u00e9duit permet de limiter les interventions des utilisateurs, ce qui rend la maintenance quotidienne rapide et efficace.<\/p>\n<\/div>\n<div class=\"\u201dparagraph3\u201d\">\n<h4>Technologie Z\u00e9ro Chaleur<\/h4>\n<p>La technologie Z\u00e9ro Chaleur PrecisionCore Epson ne n\u00e9cessite pas de pr\u00e9chauffage \u00e0 la mise sous tension ou \u00e0 la sortie du mode veille, ce qui r\u00e9duit consid\u00e9rablement la consommation d\u2019\u00e9nergie.<\/p>\n<p>Ces solutions d\u2019impression Jet d\u2019Encre Professionnel Z\u00e9ro Chaleur Epson offrent donc un temps de sortie de la premi\u00e8re page beaucoup plus faible que les mod\u00e8les laser \u00e9quivalents.<\/p>\n<\/div>\n<div class=\"\u201dparagraph4\u201d\">\n<h4>Compatibilit\u00e9 avec une large gamme de solutions logicielles<\/h4>\n<p>De nombreuses solutions logicielles peuvent \u00eatre int\u00e9gr\u00e9es \u00e0 votre infrastructure informatique existante pour am\u00e9liorer votre productivit\u00e9. De plus, Epson fournit en standard son service Cloud de supervision et de gestion de parc, Epson Remote Services (ERS), qui permet d\u2019\u00e9tablir \u00e0 distance un diagnostic pr\u00e9cis des solutions d\u2019impression professionnelles Epson.<\/p>\n<\/div>\n<\/div>\n<\/div>\n<\/div>\n<\/div>\n","protected":false},"excerpt":{"rendered":"<ul class=\"features\">\n<li><strong>Fiabilit\u00e9 \u00e9lev\u00e9e<\/strong>\u00a0M\u00e9canisme simple pour les environnements o\u00f9 les temps d\u2019arr\u00eat sont \u00e0 proscrire<\/li>\n<li><strong>Moindre impact environnemental<\/strong>\u00a0Une consommation d\u2019\u00e9lectricit\u00e9 plus faible permet d\u2019\u00e9conomiser de l\u2019\u00e9nergie gr\u00e2ce \u00e0 la technologie Z\u00e9ro Chaleur<\/li>\n<li><strong>Design compact<\/strong>\u00a0Parmi les empreintes au sol les plus faibles de sa cat\u00e9gorie<\/li>\n<li><strong>Temps d\u2019arr\u00eat r\u00e9duits<\/strong>\u00a0Chemin papier plus simple et plus court pour faciliter l\u2019acc\u00e8s au papier<\/li>\n<li><strong>Compatibilit\u00e9 avec des solutions logicielles<\/strong>\u00a0Une large gamme de solutions logicielles embarqu\u00e9es<\/li>\n<\/ul>\n","protected":false},"featured_media":14575,"comment_status":"open","ping_status":"closed","template":"","meta":{"_acf_changed":false,"_monsterinsights_skip_tracking":false,"_monsterinsights_sitenote_active":false,"_monsterinsights_sitenote_note":"","_monsterinsights_sitenote_category":0,"_uf_show_specific_survey":0,"_uf_disable_surveys":false,"_joinchat":[]},"product_brand":[],"product_cat":[15,253],"product_tag":[],"class_list":{"0":"post-14570","1":"product","2":"type-product","3":"status-publish","4":"has-post-thumbnail","6":"product_cat-imprimante-scanner","7":"product_cat-imprimante","9":"first","10":"instock","11":"shipping-taxable","12":"product-type-simple"},"acf":[],"jetpack_sharing_enabled":true,"_links":{"self":[{"href":"https:\/\/digistar.ma\/index.php?rest_route=\/wp\/v2\/product\/14570","targetHints":{"allow":["GET"]}}],"collection":[{"href":"https:\/\/digistar.ma\/index.php?rest_route=\/wp\/v2\/product"}],"about":[{"href":"https:\/\/digistar.ma\/index.php?rest_route=\/wp\/v2\/types\/product"}],"replies":[{"embeddable":true,"href":"https:\/\/digistar.ma\/index.php?rest_route=%2Fwp%2Fv2%2Fcomments&post=14570"}],"version-history":[{"count":1,"href":"https:\/\/digistar.ma\/index.php?rest_route=\/wp\/v2\/product\/14570\/revisions"}],"predecessor-version":[{"id":14577,"href":"https:\/\/digistar.ma\/index.php?rest_route=\/wp\/v2\/product\/14570\/revisions\/14577"}],"wp:featuredmedia":[{"embeddable":true,"href":"https:\/\/digistar.ma\/index.php?rest_route=\/wp\/v2\/media\/14575"}],"wp:attachment":[{"href":"https:\/\/digistar.ma\/index.php?rest_route=%2Fwp%2Fv2%2Fmedia&parent=14570"}],"wp:term":[{"taxonomy":"product_brand","embeddable":true,"href":"https:\/\/digistar.ma\/index.php?rest_route=%2Fwp%2Fv2%2Fproduct_brand&post=14570"},{"taxonomy":"product_cat","embeddable":true,"href":"https:\/\/digistar.ma\/index.php?rest_route=%2Fwp%2Fv2%2Fproduct_cat&post=14570"},{"taxonomy":"product_tag","embeddable":true,"href":"https:\/\/digistar.ma\/index.php?rest_route=%2Fwp%2Fv2%2Fproduct_tag&post=14570"}],"curies":[{"name":"wp","href":"https:\/\/api.w.org\/{rel}","templated":true}]}}