{"id":14627,"date":"2025-05-30T13:36:51","date_gmt":"2025-05-30T13:36:51","guid":{"rendered":"https:\/\/digistar.ma\/?post_type=product&#038;p=14627"},"modified":"2026-03-11T04:40:39","modified_gmt":"2026-03-11T04:40:39","slug":"epson-colorworks-c8000-bk-imprimante-etiquettes-couleur-industrielle","status":"publish","type":"product","link":"https:\/\/digistar.ma\/?product=epson-colorworks-c8000-bk-imprimante-etiquettes-couleur-industrielle","title":{"rendered":"Epson ColorWorks C8000 BK Imprimante \u00e9tiquettes couleur industrielle"},"content":{"rendered":"<h2>Epson ColorWorks C8000 BK Imprimante \u00e9tiquettes couleur industrielle<\/h2>\n<h2>Imprimante d&#8217;\u00e9tiquettes couleur industrielle<\/h2>\n<div class=\"briefdescription\">L&#8217;imprimante industrielle ultime pour produire des \u00e9tiquettes couleur de haute qualit\u00e9 en interne et \u00e0 la demande en grands volumes.<\/div>\n<div class=\"highlights\">\n<ul>\n<li>Conception industrielle robuste<\/li>\n<li>\u00c9tiquettes couleur de haute qualit\u00e9<\/li>\n<li>Vitesses d&#8217;impression rapides<\/li>\n<\/ul>\n<\/div>\n<div class=\"introtext\">La C8000 est la solution id\u00e9ale pour l&#8217;impression industrielle d&#8217;\u00e9tiquettes couleur. Les fabricants peuvent d\u00e9sormais r\u00e9pondre \u00e0 leurs besoins d&#8217;\u00e9tiquetage en interne de mani\u00e8re fiable et rentable, avec une rapidit\u00e9 et une qualit\u00e9 exceptionnelles. La C8000 permet \u00e9galement d&#8217;\u00e9liminer les co\u00fbts li\u00e9s \u00e0 la pr\u00e9-impression en produisant des \u00e9tiquettes personnalis\u00e9es \u00e0 la demande et en petites s\u00e9ries.<\/div>\n<div>\n<p><strong>R\u00e9sultats fiables et homog\u00e8nes<\/strong><br \/>\nL&#8217;imprimante C8000 permet aux fabricants de produire des \u00e9tiquettes homog\u00e8nes et de haute qualit\u00e9, en interne et \u00e0 la demande. Elle est \u00e9quip\u00e9e de la t\u00eate d&#8217;impression PrecisionCore pour garantir des r\u00e9sultats fiables et de haute qualit\u00e9.<\/p>\n<p>Notre technologie unique de v\u00e9rification des buses (NVT) et la substitution de points permettent d&#8217;\u00e9viter les erreurs d&#8217;impression et les pixels morts pour des impressions homog\u00e8nes.<\/p>\n<p><strong>Vitesses \u00e9lev\u00e9es<\/strong><\/p>\n<p>Produisez rapidement une gamme d&#8217;\u00e9tiquettes de haute qualit\u00e9, notamment pour les produits alimentaires et les boissons, les emballages et les bo\u00eetes, ainsi que les \u00e9tiquettes \u00e9nerg\u00e9tiques europ\u00e9ennes et les \u00e9tiquettes SGH. Avec des vitesses d&#8217;impression allant jusqu&#8217;\u00e0 300 mm\/s, vous pouvez d\u00e9sormais imprimer des \u00e9tiquettes en couleur, \u00e0 la m\u00eame vitesse que certaines imprimantes monochromes thermiques existantes.<\/p>\n<p><strong>Rentabilit\u00e9<\/strong><br \/>\nL&#8217;impression d&#8217;\u00e9tiquettes \u00e0 la demande permet d&#8217;\u00e9liminer les co\u00fbts associ\u00e9s \u00e0 la pr\u00e9-impression, tels que le gaspillage d&#8217;\u00e9tiquettes et les stocks importants d&#8217;\u00e9tiquettes. Les poches d&#8217;encre haute capacit\u00e9 offrent un faible co\u00fbt par impression. La t\u00eate d&#8217;impression permanente permet des \u00e9conomies significatives et une tranquillit\u00e9 d&#8217;esprit car aucun de ses principaux composants n&#8217;aura besoin d&#8217;\u00eatre remplac\u00e9 pendant au moins 500 km d&#8217;impression.<\/p>\n<p><strong>Facile \u00e0 utiliser avec un minimum d&#8217;entretien<\/strong><br \/>\nGr\u00e2ce \u00e0 son panneau de commande LCD, la configuration est facile. ESC\/Label permet l&#8217;int\u00e9gration avec pratiquement n&#8217;importe quel syst\u00e8me d&#8217;exploitation.<\/p>\n<p>De plus, l&#8217;appareil est livr\u00e9 avec une gamme compl\u00e8te d&#8217;utilitaires logiciels pour prendre en charge le d\u00e9ploiement de l&#8217;imprimante, tandis que NVT aide \u00e0 pr\u00e9venir l&#8217;obstruction des buses. De nombreuses options de connectivit\u00e9 et la prise en charge de l&#8217;impression dans le cloud permettent des configurations sans PC.<\/p>\n<p><strong>Flexible<\/strong><br \/>\nLa C8000 offre la flexibilit\u00e9 d&#8217;imprimer sur une vari\u00e9t\u00e9 de types de supports, y compris le papier mat et brillant, le film et le synth\u00e9tique, prenant en charge des largeurs d&#8217;impression de 1 \u00e0 4 pouces. L&#8217;\u00e9cartement r\u00e9glable du plateau permet d&#8217;utiliser des supports \u00e9pais tels que des \u00e9tiquettes de prix ou des \u00e9tiquettes florales.<\/p>\n<p><strong>Moins de temps d&#8217;arr\u00eat<\/strong><br \/>\nToutes les op\u00e9rations, telles que le chargement du papier, le remplacement de l&#8217;encre et les op\u00e9rations d&#8217;impression, peuvent \u00eatre effectu\u00e9es d&#8217;un seul c\u00f4t\u00e9. De plus, les grandes poches d&#8217;encre permettent d&#8217;imprimer plus longtemps sans interruption.<\/p>\n<h2>Caract\u00e9ristiques principales<\/h2>\n<div class=\"bullets\">\n<ul>\n<li><strong>Excellente fiabilit\u00e9 et endurance<\/strong><br \/>\nT\u00eate d&#8217;impression PrecisionCore pour des r\u00e9sultats coh\u00e9rents et une longue dur\u00e9e de vie de l&#8217;imprimante<\/li>\n<li><strong>Gagnez du temps et de l&#8217;argent<\/strong><br \/>\nRationalisez la production d&#8217;\u00e9tiquettes en imprimant vos \u00e9tiquettes couleur \u00e0 la demande<\/li>\n<li><strong>Haute vitesse et haute qualit\u00e9 d&#8217;impression<\/strong><br \/>\nVitesses d&#8217;impression jusqu&#8217;\u00e0 300 mm\/s \u00e0 une r\u00e9solution d&#8217;image de 600 x 1200 dpi<\/li>\n<li><strong>Faible maintenance, temps d&#8217;arr\u00eat r\u00e9duits<\/strong><br \/>\nT\u00eate d&#8217;impression permanente et NVT pour l&#8217;auto-maintenance<\/li>\n<li><strong>Int\u00e9gration facile<\/strong><br \/>\nLangage de programmation ESC\/Label pour une int\u00e9gration avec pratiquement n&#8217;importe quel syst\u00e8me d&#8217;exploitation<\/li>\n<li><strong>Pochettes d&#8217;encre<\/strong><br \/>\nGrandes pochettes d&#8217;encre pour imprimer plus longtemps sans s&#8217;arr\u00eate<\/li>\n<\/ul>\n<p>&nbsp;<\/p>\n<h3><a href=\"https:\/\/digistar.ma\/wp-content\/uploads\/2025\/05\/colorworks-c8000e-bk-datasheet.pdf\"><strong>FICHE TECHNIQUE ColorWorks C8000e (BK)<\/strong><\/a><\/h3>\n<\/div>\n<\/div>\n","protected":false},"excerpt":{"rendered":"<ul>\n<li><strong>Excellente fiabilit\u00e9 et endurance<\/strong><br \/>\nT\u00eate d&#8217;impression PrecisionCore pour des r\u00e9sultats coh\u00e9rents et une longue dur\u00e9e de vie de l&#8217;imprimante<\/li>\n<li><strong>Gagnez du temps et de l&#8217;argent<\/strong><br \/>\nRationalisez la production d&#8217;\u00e9tiquettes en imprimant vos \u00e9tiquettes couleur \u00e0 la demande<\/li>\n<li><strong>Haute vitesse et haute qualit\u00e9 d&#8217;impression<\/strong><br \/>\nVitesses d&#8217;impression jusqu&#8217;\u00e0 300 mm\/s \u00e0 une r\u00e9solution d&#8217;image de 600 x 1200 dpi<\/li>\n<li><strong>Faible maintenance, temps d&#8217;arr\u00eat r\u00e9duits<\/strong><br \/>\nT\u00eate d&#8217;impression permanente et NVT pour l&#8217;auto-maintenance<\/li>\n<li><strong>Int\u00e9gration facile<\/strong><br \/>\nLangage de programmation ESC\/Label pour une int\u00e9gration avec pratiquement n&#8217;importe quel syst\u00e8me d&#8217;exploitation<\/li>\n<li><strong>Pochettes d&#8217;encre<\/strong><br \/>\nGrandes pochettes d&#8217;encre pour imprimer plus longtemps sans s&#8217;arr\u00eater<\/li>\n<\/ul>\n","protected":false},"featured_media":14641,"comment_status":"open","ping_status":"closed","template":"","meta":{"_acf_changed":false,"_monsterinsights_skip_tracking":false,"_monsterinsights_sitenote_active":false,"_monsterinsights_sitenote_note":"","_monsterinsights_sitenote_category":0,"_uf_show_specific_survey":0,"_uf_disable_surveys":false,"_joinchat":[]},"product_brand":[],"product_cat":[15,380],"product_tag":[],"class_list":{"0":"post-14627","1":"product","2":"type-product","3":"status-publish","4":"has-post-thumbnail","6":"product_cat-imprimante-scanner","7":"product_cat-epson","9":"first","10":"onbackorder","11":"sale","12":"shipping-taxable","13":"purchasable","14":"product-type-simple"},"acf":[],"jetpack_sharing_enabled":true,"_links":{"self":[{"href":"https:\/\/digistar.ma\/index.php?rest_route=\/wp\/v2\/product\/14627","targetHints":{"allow":["GET"]}}],"collection":[{"href":"https:\/\/digistar.ma\/index.php?rest_route=\/wp\/v2\/product"}],"about":[{"href":"https:\/\/digistar.ma\/index.php?rest_route=\/wp\/v2\/types\/product"}],"replies":[{"embeddable":true,"href":"https:\/\/digistar.ma\/index.php?rest_route=%2Fwp%2Fv2%2Fcomments&post=14627"}],"version-history":[{"count":3,"href":"https:\/\/digistar.ma\/index.php?rest_route=\/wp\/v2\/product\/14627\/revisions"}],"predecessor-version":[{"id":14642,"href":"https:\/\/digistar.ma\/index.php?rest_route=\/wp\/v2\/product\/14627\/revisions\/14642"}],"wp:featuredmedia":[{"embeddable":true,"href":"https:\/\/digistar.ma\/index.php?rest_route=\/wp\/v2\/media\/14641"}],"wp:attachment":[{"href":"https:\/\/digistar.ma\/index.php?rest_route=%2Fwp%2Fv2%2Fmedia&parent=14627"}],"wp:term":[{"taxonomy":"product_brand","embeddable":true,"href":"https:\/\/digistar.ma\/index.php?rest_route=%2Fwp%2Fv2%2Fproduct_brand&post=14627"},{"taxonomy":"product_cat","embeddable":true,"href":"https:\/\/digistar.ma\/index.php?rest_route=%2Fwp%2Fv2%2Fproduct_cat&post=14627"},{"taxonomy":"product_tag","embeddable":true,"href":"https:\/\/digistar.ma\/index.php?rest_route=%2Fwp%2Fv2%2Fproduct_tag&post=14627"}],"curies":[{"name":"wp","href":"https:\/\/api.w.org\/{rel}","templated":true}]}}