{"id":14651,"date":"2025-06-02T11:40:08","date_gmt":"2025-06-02T11:40:08","guid":{"rendered":"https:\/\/digistar.ma\/?post_type=product&#038;p=14651"},"modified":"2025-06-02T11:42:07","modified_gmt":"2025-06-02T11:42:07","slug":"imprimante-de-tickets-epson-colorworks-c6500ae-c31ch77102mk","status":"publish","type":"product","link":"https:\/\/digistar.ma\/?product=imprimante-de-tickets-epson-colorworks-c6500ae-c31ch77102mk","title":{"rendered":"Imprimante de tickets Epson ColorWorks C6500Ae C31CH77102MK"},"content":{"rendered":"<h3>Imprimante de tickets Epson ColorWorks C6500Ae C31CH77102MK<\/h3>\n<div class=\"tab-panel__section tab-panel__section--full-width js-tab-panel-section\" data-section=\"overview\" data-sticky-header-anchor=\"overview\">\n<div class=\"tab-panel__section-inner\">\n<div class=\"tab-panel__section-content\">\n<div class=\"product-overview\">\n<div class=\"product-overview-section\">\n<div class=\"product-overview__introText--neon\">Cette imprimante num\u00e9rique d\u2019\u00e9tiquettes quatre\u00a0couleurs \u00e0 la demande ouvre de nouvelles opportunit\u00e9s pour les entreprises ayant \u00e0 g\u00e9rer de nombreuses r\u00e9f\u00e9rences produit et peu de temps. La ColorWorks CW-C6500Ae vient compl\u00e9ter la gamme d\u2019imprimantes Epson afin de r\u00e9pondre aux besoins des clients imprimant des s\u00e9ries de petit et moyen volume dans de nombreux secteurs (alimentation, produits chimiques, boissons, fabrication, etc.).<\/div>\n<div class=\"product-overview__section\">\n<div class=\"product-overview__section-content\">\n<div class=\"product-overview__description product-overview__description--neon\">\n<div class=\"descrip-cols owl-carousel owl-loaded owl-drag\">\n<div class=\"owl-stage-outer\">\n<div class=\"owl-stage\">\n<div class=\"owl-item active\">\n<div class=\"paragraph1\">\n<h4>Flexibilit\u00e9 des m\u00e9dias<\/h4>\n<p>La CW-C6500Ae b\u00e9n\u00e9ficie d\u2019une multitude de nouvelles fonctionnalit\u00e9s con\u00e7ues pour offrir des solutions pratiques et cr\u00e9atives. Elle prend en charge des largeurs de m\u00e9dia allant de 25,4\u00a0mm \u00e0 215.9\u00a0mm et prend en charge un \u00e9ventail de m\u00e9dias encore plus vaste, dont le papier textur\u00e9.<\/p>\n<p>En pratique, cette gamme d\u2019\u00e9tiqueteuses ColorWorks permet d\u2019imprimer n\u2019importe quel format, des minuscules \u00e9tiquettes pour bouteilles de liquide de vapotage aux grandes \u00e9tiquettes r\u00e9sistantes pour barils de produits chimiques.<\/p>\n<p>En outre, le capteur mobile innovant permet d\u2019imprimer sur n\u2019importe quelle forme, sans avoir besoin d\u2019un second pr\u00e9-d\u00e9coupage. Cette version de la CW-C6500Ae avec encre Noir mat offre aux utilisateurs une plus grande flexibilit\u00e9 de finition d\u2019impression sur du papier ordinaire ou textur\u00e9.<\/p>\n<\/div>\n<\/div>\n<div class=\"owl-item active\">\n<div class=\"paragraph2\">\n<h4>Compacte et facile \u00e0 utiliser<\/h4>\n<p>La CW-C6500Ae a \u00e9t\u00e9 con\u00e7ue pour \u00eatre extr\u00eamement facile \u00e0 utiliser. Toutes les op\u00e9rations peuvent se faire \u00e0 l\u2019avant, ce qui est synonyme de gain de place en termes d\u2019espace de fonctionnement. Le remplacement du rouleau est possible depuis l\u2019avant, sur la droite et la gauche.<\/p>\n<p>Nous avons \u00e9galement con\u00e7u un certain nombre d\u2019outils techniques qui aident \u00e0 g\u00e9rer, configurer et entretenir l\u2019imprimante, notamment\u00a0: une interface Web et la gestion du parc d\u2019imprimantes, et la configuration, maintenance et surveillance \u00e0 distance.<\/p>\n<\/div>\n<\/div>\n<div class=\"owl-item active\">\n<div class=\"paragraph3\">\n<h4>Qualit\u00e9 d\u2019impression<\/h4>\n<p>Cette imprimante offre en standard des impressions de haute qualit\u00e9 et haute r\u00e9solution en quatre couleurs, ainsi que la fonctionnalit\u00e9 de correspondance colorim\u00e9trique (profil ICC et outil de concordance des tons directs) pour des \u00e9tiquettes couleur \u00e0 la demande impressionnantes et percutantes.<\/p>\n<\/div>\n<\/div>\n<div class=\"owl-item active\">\n<div class=\"paragraph4\">\n<h4>Int\u00e9gration simplifi\u00e9e<\/h4>\n<p>Tous les mod\u00e8les de la gamme s\u2019int\u00e8grent facilement\u00a0: prise en charge directe SAP, ESC\/Label, pilotes Linux et Mac.<\/p>\n<p>&nbsp;<\/p>\n<\/div>\n<h3><a href=\"https:\/\/digistar.ma\/wp-content\/uploads\/2025\/06\/colorworks-d6500ae-datasheet.pdf\"><strong>FICHE TECHNIQUE\u00a0<\/strong><\/a><\/h3>\n<\/div>\n<\/div>\n<\/div>\n<\/div>\n<\/div>\n<\/div>\n<\/div>\n<\/div>\n<\/div>\n<\/div>\n<\/div>\n<\/div>\n<div class=\"section-container__section\">\n<div class=\"section-container__section-inner\"><\/div>\n<\/div>\n","protected":false},"excerpt":{"rendered":"<ul class=\"features\">\n<li><strong>Flexibilit\u00e9 des m\u00e9dias<\/strong>\u00a0Prise en charge \u00e9tendue des m\u00e9dias. Largeurs d\u2019\u00e9tiquette de 25,4\u00a0mm \u00e0 215.9\u00a0mm<\/li>\n<li><strong>Design compact<\/strong>\u00a0Design simple et discret avec panneau de commandes \u00e0 l\u2019avant<\/li>\n<li><strong>Cutter automatique<\/strong>\u00a0Pour l\u2019\u00e9tiquetage primaire et secondaire des produits chimiques, de l\u2019alimentaire et des boissons, de l\u2019horticulture et de la logistique.<\/li>\n<li><strong>Version encre Noir mat<\/strong>\u00a0Plus grande flexibilit\u00e9 de finition d\u2019impression sur du papier ordinaire ou textur\u00e9.<\/li>\n<li><strong>Faites des \u00e9conomies<\/strong>\u00a0Pas besoin d\u2019avoir un stock d\u2019\u00e9tiquettes pr\u00e9-imprim\u00e9es. Imprimez en couleur sur des \u00e9tiquettes vierges<\/li>\n<\/ul>\n","protected":false},"featured_media":14652,"comment_status":"open","ping_status":"closed","template":"","meta":{"_acf_changed":false,"_monsterinsights_skip_tracking":false,"_monsterinsights_sitenote_active":false,"_monsterinsights_sitenote_note":"","_monsterinsights_sitenote_category":0,"_uf_show_specific_survey":0,"_uf_disable_surveys":false,"_joinchat":[]},"product_brand":[],"product_cat":[15,380],"product_tag":[],"class_list":{"0":"post-14651","1":"product","2":"type-product","3":"status-publish","4":"has-post-thumbnail","6":"product_cat-imprimante-scanner","7":"product_cat-epson","9":"first","10":"onbackorder","11":"sale","12":"shipping-taxable","13":"purchasable","14":"product-type-simple"},"acf":[],"jetpack_sharing_enabled":true,"_links":{"self":[{"href":"https:\/\/digistar.ma\/index.php?rest_route=\/wp\/v2\/product\/14651","targetHints":{"allow":["GET"]}}],"collection":[{"href":"https:\/\/digistar.ma\/index.php?rest_route=\/wp\/v2\/product"}],"about":[{"href":"https:\/\/digistar.ma\/index.php?rest_route=\/wp\/v2\/types\/product"}],"replies":[{"embeddable":true,"href":"https:\/\/digistar.ma\/index.php?rest_route=%2Fwp%2Fv2%2Fcomments&post=14651"}],"version-history":[{"count":1,"href":"https:\/\/digistar.ma\/index.php?rest_route=\/wp\/v2\/product\/14651\/revisions"}],"predecessor-version":[{"id":14660,"href":"https:\/\/digistar.ma\/index.php?rest_route=\/wp\/v2\/product\/14651\/revisions\/14660"}],"wp:featuredmedia":[{"embeddable":true,"href":"https:\/\/digistar.ma\/index.php?rest_route=\/wp\/v2\/media\/14652"}],"wp:attachment":[{"href":"https:\/\/digistar.ma\/index.php?rest_route=%2Fwp%2Fv2%2Fmedia&parent=14651"}],"wp:term":[{"taxonomy":"product_brand","embeddable":true,"href":"https:\/\/digistar.ma\/index.php?rest_route=%2Fwp%2Fv2%2Fproduct_brand&post=14651"},{"taxonomy":"product_cat","embeddable":true,"href":"https:\/\/digistar.ma\/index.php?rest_route=%2Fwp%2Fv2%2Fproduct_cat&post=14651"},{"taxonomy":"product_tag","embeddable":true,"href":"https:\/\/digistar.ma\/index.php?rest_route=%2Fwp%2Fv2%2Fproduct_tag&post=14651"}],"curies":[{"name":"wp","href":"https:\/\/api.w.org\/{rel}","templated":true}]}}