{"id":14663,"date":"2025-06-09T00:33:59","date_gmt":"2025-06-09T00:33:59","guid":{"rendered":"https:\/\/digistar.ma\/?post_type=product&#038;p=14663"},"modified":"2025-08-24T13:18:13","modified_gmt":"2025-08-24T13:18:13","slug":"sac-a-dos-pc-portable-rivacase-14-pouces-8264-noir","status":"publish","type":"product","link":"https:\/\/digistar.ma\/?product=sac-a-dos-pc-portable-rivacase-14-pouces-8264-noir","title":{"rendered":"Sac \u00e0 dos PC portable Rivacase 14 pouces 8264 noir"},"content":{"rendered":"<h3><strong>Sac \u00e0 dos PC portable Rivacase 14 pouces 8264 noir<\/strong><\/h3>\n<p>S\u00e9rie de sacs \u00e0 dos pour ordinateur portable jusqu&#8217;\u00e0 13,3-14&#8243;.<\/p>\n<p data-start=\"150\" data-end=\"427\">Le sac \u00e0 dos Rivacase 8264 noir est con\u00e7u pour transporter et prot\u00e9ger efficacement un ordinateur portable jusqu\u2019\u00e0 14 pouces. Compact, \u00e9l\u00e9gant et robuste, il r\u00e9pond parfaitement aux besoins des professionnels, \u00e9tudiants et voyageurs \u00e0 la recherche d\u2019un sac fiable au quotidien.<\/p>\n<h4 data-start=\"429\" data-end=\"464\">Caract\u00e9ristiques principales :<\/h4>\n<ul data-start=\"465\" data-end=\"1042\">\n<li data-start=\"465\" data-end=\"531\">\n<p data-start=\"467\" data-end=\"531\"><strong data-start=\"467\" data-end=\"484\">Compatibilit\u00e9<\/strong> : pour ordinateurs portables jusqu\u2019\u00e0 14 pouces<\/p>\n<\/li>\n<li data-start=\"532\" data-end=\"625\">\n<p data-start=\"534\" data-end=\"625\"><strong data-start=\"534\" data-end=\"560\">Conception ergonomique<\/strong> : bretelles rembourr\u00e9es et dos matelass\u00e9 pour un confort optimal<\/p>\n<\/li>\n<li data-start=\"626\" data-end=\"744\">\n<p data-start=\"628\" data-end=\"744\"><strong data-start=\"628\" data-end=\"652\">Mat\u00e9riaux r\u00e9sistants<\/strong> : tissu imperm\u00e9able et durable pour une meilleure protection contre l\u2019humidit\u00e9 et les chocs<\/p>\n<\/li>\n<li data-start=\"745\" data-end=\"867\">\n<p data-start=\"747\" data-end=\"867\"><strong data-start=\"747\" data-end=\"773\">Compartiment principal<\/strong> rembourr\u00e9 pour ordinateur avec poches int\u00e9rieures pour accessoires (souris, chargeur, c\u00e2bles)<\/p>\n<\/li>\n<li data-start=\"868\" data-end=\"957\">\n<p data-start=\"870\" data-end=\"957\"><strong data-start=\"870\" data-end=\"895\">Poche frontale zipp\u00e9e<\/strong> avec organiseur int\u00e9gr\u00e9 (stylos, t\u00e9l\u00e9phone, carnet, cl\u00e9s USB)<\/p>\n<\/li>\n<li data-start=\"958\" data-end=\"1042\">\n<p data-start=\"960\" data-end=\"1042\"><strong data-start=\"960\" data-end=\"976\">Design sobre<\/strong> : finition noire, id\u00e9ale pour un usage professionnel ou personnel<\/p>\n<\/li>\n<\/ul>\n<p>Caract\u00e9ristiques du produit: 4260709012735<\/p>\n<p>\u2022 Le sac \u00e0 dos urbain est fabriqu\u00e9 en mat\u00e9riau r\u00e9sistant \u00e0 l&#8217;eau de haute qualit\u00e9.<br \/>\n\u2022 En outre, le compartiment pour ordinateur portable suspendu en n\u00e9opr\u00e8ne est prot\u00e9g\u00e9.<br \/>\n\u2022 Le sac \u00e0 dos dispose d&#8217;un compartiment principal pour les documents, les accessoires.<br \/>\n\u2022 Deux poches frontales zipp\u00e9es pour smartphone, cartes de visite, accessoires.<br \/>\n\u2022 Des poches lat\u00e9rales pour une bouteille d&#8217;eau.<br \/>\n\u2022 Poign\u00e9e souple confortable, bretelles avec bandes assouplies.<br \/>\n\u2022 Le syst\u00e8me de gestion des sangles emp\u00eache l&#8217;exc\u00e8s de mat\u00e9riau de la sangle de pendre.<\/p>\n<ul id=\"meg-short-\" class=\"uk-accordion-content uk-list uk-list-divider uk-margin uk-panel uk-tile-default uk-border-rounded uk-scrollspy-inview\" role=\"region\" data-id=\"page#0-0-1-4\" data-element=\"\" aria-labelledby=\"uk-accordion-16\">\n<li class=\"el-item\" role=\"presentation\">\n<div class=\"uk-child-width-auto uk-grid-column-small uk-grid-row-collapse uk-grid\">\n<div class=\"uk-width-expand@s uk-text-break uk-first-column\">\n<div class=\"el-title uk-margin-remove\">Poids:<\/div>\n<\/div>\n<div>\n<div class=\"el-content uk-panel\">0.44 Kg<\/div>\n<\/div>\n<\/div>\n<\/li>\n<li class=\"el-item\" role=\"presentation\">\n<div class=\"uk-child-width-auto uk-grid-column-small uk-grid-row-collapse uk-grid\">\n<div class=\"uk-width-expand@s uk-text-break uk-first-column\">\n<div class=\"el-title uk-margin-remove\">Dimensions ext\u00e9rieures:<\/div>\n<\/div>\n<div>\n<div class=\"el-content uk-panel\">275x405x110 mm<\/div>\n<\/div>\n<div class=\"uk-child-width-auto uk-grid-column-small uk-grid-row-collapse uk-grid uk-flex-center\"><\/div>\n<\/div>\n<\/li>\n<\/ul>\n","protected":false},"excerpt":{"rendered":"<p>\u2022 Le sac \u00e0 dos urbain est fabriqu\u00e9 en mat\u00e9riau r\u00e9sistant \u00e0 l&#8217;eau de haute qualit\u00e9.<br \/>\n\u2022 En outre, le compartiment pour ordinateur portable suspendu en n\u00e9opr\u00e8ne est prot\u00e9g\u00e9.<br \/>\n\u2022 Le sac \u00e0 dos dispose d&#8217;un compartiment principal pour les documents, les accessoires.<br \/>\n\u2022 Deux poches frontales zipp\u00e9es pour smartphone, cartes de visite, accessoires.<br \/>\n\u2022 Des poches lat\u00e9rales pour une bouteille d&#8217;eau.<br \/>\n\u2022 Poign\u00e9e souple confortable, bretelles avec bandes assouplies.<br \/>\n\u2022 Le syst\u00e8me de gestion des sangles emp\u00eache l&#8217;exc\u00e8s de mat\u00e9riau de la sangle de pendre.<\/p>\n","protected":false},"featured_media":14664,"comment_status":"open","ping_status":"closed","template":"","meta":{"_acf_changed":false,"_monsterinsights_skip_tracking":false,"_monsterinsights_sitenote_active":false,"_monsterinsights_sitenote_note":"","_monsterinsights_sitenote_category":0,"_uf_show_specific_survey":0,"_uf_disable_surveys":false,"_joinchat":[]},"product_brand":[],"product_cat":[257,306],"product_tag":[],"class_list":{"0":"post-14663","1":"product","2":"type-product","3":"status-publish","4":"has-post-thumbnail","6":"product_cat-sacoche-et-sac-a-dos","7":"product_cat-sac-a-dos-pc-portable","9":"first","10":"instock","11":"sale","12":"shipping-taxable","13":"purchasable","14":"product-type-simple"},"acf":[],"jetpack_sharing_enabled":true,"_links":{"self":[{"href":"https:\/\/digistar.ma\/index.php?rest_route=\/wp\/v2\/product\/14663","targetHints":{"allow":["GET"]}}],"collection":[{"href":"https:\/\/digistar.ma\/index.php?rest_route=\/wp\/v2\/product"}],"about":[{"href":"https:\/\/digistar.ma\/index.php?rest_route=\/wp\/v2\/types\/product"}],"replies":[{"embeddable":true,"href":"https:\/\/digistar.ma\/index.php?rest_route=%2Fwp%2Fv2%2Fcomments&post=14663"}],"version-history":[{"count":2,"href":"https:\/\/digistar.ma\/index.php?rest_route=\/wp\/v2\/product\/14663\/revisions"}],"predecessor-version":[{"id":14674,"href":"https:\/\/digistar.ma\/index.php?rest_route=\/wp\/v2\/product\/14663\/revisions\/14674"}],"wp:featuredmedia":[{"embeddable":true,"href":"https:\/\/digistar.ma\/index.php?rest_route=\/wp\/v2\/media\/14664"}],"wp:attachment":[{"href":"https:\/\/digistar.ma\/index.php?rest_route=%2Fwp%2Fv2%2Fmedia&parent=14663"}],"wp:term":[{"taxonomy":"product_brand","embeddable":true,"href":"https:\/\/digistar.ma\/index.php?rest_route=%2Fwp%2Fv2%2Fproduct_brand&post=14663"},{"taxonomy":"product_cat","embeddable":true,"href":"https:\/\/digistar.ma\/index.php?rest_route=%2Fwp%2Fv2%2Fproduct_cat&post=14663"},{"taxonomy":"product_tag","embeddable":true,"href":"https:\/\/digistar.ma\/index.php?rest_route=%2Fwp%2Fv2%2Fproduct_tag&post=14663"}],"curies":[{"name":"wp","href":"https:\/\/api.w.org\/{rel}","templated":true}]}}