{"id":15117,"date":"2025-09-16T12:18:54","date_gmt":"2025-09-16T12:18:54","guid":{"rendered":"https:\/\/digistar.ma\/?post_type=product&#038;p=15117"},"modified":"2025-09-16T12:18:55","modified_gmt":"2025-09-16T12:18:55","slug":"pistolet-a-air-chaud-electrique-1600w","status":"publish","type":"product","link":"https:\/\/digistar.ma\/?product=pistolet-a-air-chaud-electrique-1600w","title":{"rendered":"Pistolet \u00e0 Air Chaud \u00c9lectrique 1600W"},"content":{"rendered":"<h2>Pistolet \u00e0 Air Chaud \u00c9lectrique 1600W<\/h2>\n<p data-start=\"268\" data-end=\"605\">Le <strong data-start=\"271\" data-end=\"312\">pistolet \u00e0 air chaud \u00e9lectrique 1600W<\/strong> est un outil puissant et polyvalent con\u00e7u pour les <strong data-start=\"364\" data-end=\"431\">travaux de bricolage, d\u2019artisanat, d\u2019entretien et de r\u00e9novation<\/strong>. Gr\u00e2ce \u00e0 sa puissance de <strong data-start=\"457\" data-end=\"471\">1600 watts<\/strong>, il g\u00e9n\u00e8re un <strong data-start=\"486\" data-end=\"515\">flux d\u2019air chaud r\u00e9glable<\/strong>, permettant de r\u00e9aliser une grande vari\u00e9t\u00e9 d\u2019applications avec efficacit\u00e9 et pr\u00e9cision.<\/p>\n<p data-start=\"607\" data-end=\"975\">Compact, l\u00e9ger et ergonomique, ce <strong data-start=\"641\" data-end=\"663\">pistolet thermique<\/strong> est facile \u00e0 manipuler et offre un excellent confort d\u2019utilisation, m\u00eame lors de travaux prolong\u00e9s. Il est id\u00e9al pour <strong data-start=\"782\" data-end=\"972\">enlever de la peinture, d\u00e9coller du papier peint, souder des plastiques, ramollir des colles, s\u00e9cher, chauffer, cintrer des tuyaux en PVC ou encore r\u00e9aliser des r\u00e9parations \u00e9lectroniques<\/strong>.<\/p>\n<p data-start=\"977\" data-end=\"1158\">Con\u00e7u pour les <strong data-start=\"992\" data-end=\"1044\">professionnels, artisans, ateliers et bricoleurs<\/strong>, le <strong data-start=\"1049\" data-end=\"1079\">pistolet \u00e0 air chaud 1600W<\/strong> est un outil indispensable qui allie <strong data-start=\"1117\" data-end=\"1155\">performance, s\u00e9curit\u00e9 et fiabilit\u00e9<\/strong>.<\/p>\n<h2 data-start=\"1165\" data-end=\"1199\">Caract\u00e9ristiques techniques :<\/h2>\n<ul data-start=\"1200\" data-end=\"1616\">\n<li data-start=\"1200\" data-end=\"1246\">\n<p data-start=\"1202\" data-end=\"1246\"><strong data-start=\"1202\" data-end=\"1210\">Type<\/strong> : Pistolet \u00e0 air chaud \u00e9lectrique<\/p>\n<\/li>\n<li data-start=\"1247\" data-end=\"1272\">\n<p data-start=\"1249\" data-end=\"1272\"><strong data-start=\"1249\" data-end=\"1262\">Puissance<\/strong> : 1600W<\/p>\n<\/li>\n<li data-start=\"1273\" data-end=\"1323\">\n<p data-start=\"1275\" data-end=\"1323\"><strong data-start=\"1275\" data-end=\"1290\">Temp\u00e9rature<\/strong> : R\u00e9glable selon l\u2019utilisation<\/p>\n<\/li>\n<li data-start=\"1324\" data-end=\"1483\">\n<p data-start=\"1326\" data-end=\"1483\"><strong data-start=\"1326\" data-end=\"1342\">Applications<\/strong> : D\u00e9capage de peinture, d\u00e9collement papier peint, soudure plastique, s\u00e9chage, chauffage, cintrage de tuyaux PVC, r\u00e9parations \u00e9lectroniques<\/p>\n<\/li>\n<li data-start=\"1484\" data-end=\"1530\">\n<p data-start=\"1486\" data-end=\"1530\"><strong data-start=\"1486\" data-end=\"1496\">Design<\/strong> : Compact, l\u00e9ger et ergonomique<\/p>\n<\/li>\n<li data-start=\"1531\" data-end=\"1616\">\n<p data-start=\"1533\" data-end=\"1616\"><strong data-start=\"1533\" data-end=\"1548\">Utilisation<\/strong> : Bricolage, ateliers, artisanat et applications professionnelles<\/p>\n<\/li>\n<\/ul>\n<h2 data-start=\"1623\" data-end=\"1669\">Avantages du Pistolet \u00e0 Air Chaud 1600W :<\/h2>\n<ul data-start=\"1670\" data-end=\"1979\">\n<li data-start=\"1670\" data-end=\"1729\">\n<p data-start=\"1672\" data-end=\"1729\"><strong data-start=\"1672\" data-end=\"1701\">Polyvalence d\u2019utilisation<\/strong> pour de nombreux travaux.<\/p>\n<\/li>\n<li data-start=\"1730\" data-end=\"1792\">\n<p data-start=\"1732\" data-end=\"1792\"><strong data-start=\"1732\" data-end=\"1752\">Puissance \u00e9lev\u00e9e<\/strong> pour un chauffage rapide et efficace.<\/p>\n<\/li>\n<li data-start=\"1793\" data-end=\"1860\">\n<p data-start=\"1795\" data-end=\"1860\"><strong data-start=\"1795\" data-end=\"1823\">Manipulation confortable<\/strong> gr\u00e2ce \u00e0 sa conception ergonomique.<\/p>\n<\/li>\n<li data-start=\"1861\" data-end=\"1923\">\n<p data-start=\"1863\" data-end=\"1923\"><strong data-start=\"1863\" data-end=\"1886\">Outil indispensable<\/strong> pour bricoleurs et professionnels.<\/p>\n<\/li>\n<li data-start=\"1924\" data-end=\"1979\">\n<p data-start=\"1926\" data-end=\"1979\"><strong data-start=\"1926\" data-end=\"1953\">Durabilit\u00e9 et fiabilit\u00e9<\/strong> pour un usage r\u00e9gulier.<\/p>\n<\/li>\n<\/ul>\n","protected":false},"excerpt":{"rendered":"<ul data-start=\"1200\" data-end=\"1616\">\n<li data-start=\"1200\" data-end=\"1246\">\n<p data-start=\"1202\" data-end=\"1246\"><strong data-start=\"1202\" data-end=\"1210\">Type<\/strong> : Pistolet \u00e0 air chaud \u00e9lectrique<\/p>\n<\/li>\n<li data-start=\"1247\" data-end=\"1272\">\n<p data-start=\"1249\" data-end=\"1272\"><strong data-start=\"1249\" data-end=\"1262\">Puissance<\/strong> : 1600W<\/p>\n<\/li>\n<li data-start=\"1273\" data-end=\"1323\">\n<p data-start=\"1275\" data-end=\"1323\"><strong data-start=\"1275\" data-end=\"1290\">Temp\u00e9rature<\/strong> : R\u00e9glable selon l\u2019utilisation<\/p>\n<\/li>\n<li data-start=\"1324\" data-end=\"1483\">\n<p data-start=\"1326\" data-end=\"1483\"><strong data-start=\"1326\" data-end=\"1342\">Applications<\/strong> : D\u00e9capage de peinture, d\u00e9collement papier peint, soudure plastique, s\u00e9chage, chauffage, cintrage de tuyaux PVC, r\u00e9parations \u00e9lectroniques<\/p>\n<\/li>\n<li data-start=\"1484\" data-end=\"1530\">\n<p data-start=\"1486\" data-end=\"1530\"><strong data-start=\"1486\" data-end=\"1496\">Design<\/strong> : Compact, l\u00e9ger et ergonomique<\/p>\n<\/li>\n<li data-start=\"1531\" data-end=\"1616\">\n<p data-start=\"1533\" data-end=\"1616\"><strong data-start=\"1533\" data-end=\"1548\">Utilisation<\/strong> : Bricolage, ateliers, artisanat et applications professionnelles<\/p>\n<\/li>\n<\/ul>\n","protected":false},"featured_media":15121,"comment_status":"open","ping_status":"closed","template":"","meta":{"_acf_changed":false,"_monsterinsights_skip_tracking":false,"_monsterinsights_sitenote_active":false,"_monsterinsights_sitenote_note":"","_monsterinsights_sitenote_category":0,"_uf_show_specific_survey":0,"_uf_disable_surveys":false,"_joinchat":[]},"product_brand":[],"product_cat":[384],"product_tag":[],"class_list":{"0":"post-15117","1":"product","2":"type-product","3":"status-publish","4":"has-post-thumbnail","6":"product_cat-fournitures-dimpression","8":"first","9":"instock","10":"sale","11":"shipping-taxable","12":"purchasable","13":"product-type-simple"},"acf":[],"jetpack_sharing_enabled":true,"_links":{"self":[{"href":"https:\/\/digistar.ma\/index.php?rest_route=\/wp\/v2\/product\/15117","targetHints":{"allow":["GET"]}}],"collection":[{"href":"https:\/\/digistar.ma\/index.php?rest_route=\/wp\/v2\/product"}],"about":[{"href":"https:\/\/digistar.ma\/index.php?rest_route=\/wp\/v2\/types\/product"}],"replies":[{"embeddable":true,"href":"https:\/\/digistar.ma\/index.php?rest_route=%2Fwp%2Fv2%2Fcomments&post=15117"}],"version-history":[{"count":1,"href":"https:\/\/digistar.ma\/index.php?rest_route=\/wp\/v2\/product\/15117\/revisions"}],"predecessor-version":[{"id":15122,"href":"https:\/\/digistar.ma\/index.php?rest_route=\/wp\/v2\/product\/15117\/revisions\/15122"}],"wp:featuredmedia":[{"embeddable":true,"href":"https:\/\/digistar.ma\/index.php?rest_route=\/wp\/v2\/media\/15121"}],"wp:attachment":[{"href":"https:\/\/digistar.ma\/index.php?rest_route=%2Fwp%2Fv2%2Fmedia&parent=15117"}],"wp:term":[{"taxonomy":"product_brand","embeddable":true,"href":"https:\/\/digistar.ma\/index.php?rest_route=%2Fwp%2Fv2%2Fproduct_brand&post=15117"},{"taxonomy":"product_cat","embeddable":true,"href":"https:\/\/digistar.ma\/index.php?rest_route=%2Fwp%2Fv2%2Fproduct_cat&post=15117"},{"taxonomy":"product_tag","embeddable":true,"href":"https:\/\/digistar.ma\/index.php?rest_route=%2Fwp%2Fv2%2Fproduct_tag&post=15117"}],"curies":[{"name":"wp","href":"https:\/\/api.w.org\/{rel}","templated":true}]}}