{"id":15165,"date":"2025-09-18T15:25:46","date_gmt":"2025-09-18T15:25:46","guid":{"rendered":"https:\/\/digistar.ma\/?post_type=product&#038;p=15165"},"modified":"2025-09-18T15:26:47","modified_gmt":"2025-09-18T15:26:47","slug":"presse-a-oeillets-semi-automatique-2","status":"publish","type":"product","link":"https:\/\/digistar.ma\/?product=presse-a-oeillets-semi-automatique-2","title":{"rendered":"Presse \u00e0 \u0152illets Semi-Automatique"},"content":{"rendered":"<h2>Presse \u00e0 \u0152illets Semi-Automatique<\/h2>\n<p data-start=\"276\" data-end=\"728\">La <strong data-start=\"279\" data-end=\"316\">presse \u00e0 \u0153illets semi-automatique<\/strong> est une machine professionnelle con\u00e7ue pour la <strong data-start=\"364\" data-end=\"410\">pose rapide, efficace et pr\u00e9cise d\u2019\u0153illets<\/strong> sur diff\u00e9rents supports tels que les <strong data-start=\"448\" data-end=\"559\">b\u00e2ches publicitaires, banderoles, textiles, rideaux, toiles, supports de communication et tissus techniques<\/strong>. Gr\u00e2ce \u00e0 sa conception robuste et ergonomique, elle assure une <strong data-start=\"623\" data-end=\"648\">utilisation intensive<\/strong> avec un minimum d\u2019effort, tout en garantissant un r\u00e9sultat propre et durable.<\/p>\n<p data-start=\"730\" data-end=\"986\">Id\u00e9ale pour les ateliers de <strong data-start=\"758\" data-end=\"863\">signal\u00e9tique, d\u2019impression num\u00e9rique, de confection textile et de fabrication de b\u00e2ches publicitaires<\/strong>, cette presse est l\u2019outil indispensable pour optimiser la <strong data-start=\"922\" data-end=\"967\">production et la finition professionnelle<\/strong> de vos supports.<\/p>\n<h4 data-start=\"988\" data-end=\"1025\">Caract\u00e9ristiques principales :<\/h4>\n<ul data-start=\"1026\" data-end=\"1481\">\n<li data-start=\"1026\" data-end=\"1087\">\n<p data-start=\"1028\" data-end=\"1087\"><strong data-start=\"1028\" data-end=\"1056\">Machine semi-automatique<\/strong> pour une productivit\u00e9 accrue<\/p>\n<\/li>\n<li data-start=\"1088\" data-end=\"1162\">\n<p data-start=\"1090\" data-end=\"1162\"><strong data-start=\"1090\" data-end=\"1117\">Pose rapide et uniforme<\/strong> des \u0153illets sur b\u00e2ches, textiles et toiles<\/p>\n<\/li>\n<li data-start=\"1163\" data-end=\"1227\">\n<p data-start=\"1165\" data-end=\"1227\">Compatible avec diff\u00e9rents formats d\u2019<strong data-start=\"1202\" data-end=\"1225\">\u0153illets m\u00e9talliques<\/strong><\/p>\n<\/li>\n<li data-start=\"1228\" data-end=\"1304\">\n<p data-start=\"1230\" data-end=\"1304\"><strong data-start=\"1230\" data-end=\"1254\">Construction robuste<\/strong> et durable pour une utilisation professionnelle<\/p>\n<\/li>\n<li data-start=\"1305\" data-end=\"1373\">\n<p data-start=\"1307\" data-end=\"1373\"><strong data-start=\"1307\" data-end=\"1330\">Ergonomie optimis\u00e9e<\/strong> pour r\u00e9duire la fatigue de l\u2019utilisateur<\/p>\n<\/li>\n<li data-start=\"1374\" data-end=\"1481\">\n<p data-start=\"1376\" data-end=\"1481\">Convient aux secteurs de la <strong data-start=\"1404\" data-end=\"1479\">publicit\u00e9 visuelle, impression grand format, confection et signal\u00e9tique<\/strong><\/p>\n<\/li>\n<\/ul>\n<h4 data-start=\"1483\" data-end=\"1541\">Avantages de la presse \u00e0 \u0153illets semi-automatique :<\/h4>\n<ul data-start=\"1542\" data-end=\"2018\">\n<li data-start=\"1542\" data-end=\"1609\">\n<p data-start=\"1544\" data-end=\"1609\"><strong data-start=\"1544\" data-end=\"1574\">Gain de temps consid\u00e9rable<\/strong> gr\u00e2ce \u00e0 la pose semi-automatis\u00e9e<\/p>\n<\/li>\n<li data-start=\"1610\" data-end=\"1705\">\n<p data-start=\"1612\" data-end=\"1705\"><strong data-start=\"1612\" data-end=\"1640\">Finition professionnelle<\/strong> pour vos b\u00e2ches publicitaires, banderoles et supports textiles<\/p>\n<\/li>\n<li data-start=\"1706\" data-end=\"1797\">\n<p data-start=\"1708\" data-end=\"1797\"><strong data-start=\"1708\" data-end=\"1723\">Polyvalence<\/strong> : s\u2019adapte \u00e0 plusieurs mat\u00e9riaux (PVC, tissu, toile, polyester, vinyle)<\/p>\n<\/li>\n<li data-start=\"1798\" data-end=\"1882\">\n<p data-start=\"1800\" data-end=\"1882\"><strong data-start=\"1800\" data-end=\"1814\">Durabilit\u00e9<\/strong> : qualit\u00e9 de pose assurant une tenue r\u00e9sistante m\u00eame en ext\u00e9rieur<\/p>\n<\/li>\n<li data-start=\"1883\" data-end=\"2018\">\n<p data-start=\"1885\" data-end=\"2018\">Outil indispensable pour les <strong data-start=\"1914\" data-end=\"2016\">ateliers d\u2019impression, fabricants de banderoles, artisans et entreprises de communication visuelle<\/strong><\/p>\n<\/li>\n<\/ul>\n","protected":false},"excerpt":{"rendered":"<ul data-start=\"1026\" data-end=\"1481\">\n<li data-start=\"1026\" data-end=\"1087\">\n<p data-start=\"1028\" data-end=\"1087\"><strong data-start=\"1028\" data-end=\"1056\">Machine semi-automatique<\/strong> pour une productivit\u00e9 accrue<\/p>\n<\/li>\n<li data-start=\"1088\" data-end=\"1162\">\n<p data-start=\"1090\" data-end=\"1162\"><strong data-start=\"1090\" data-end=\"1117\">Pose rapide et uniforme<\/strong> des \u0153illets sur b\u00e2ches, textiles et toiles<\/p>\n<\/li>\n<li data-start=\"1163\" data-end=\"1227\">\n<p data-start=\"1165\" data-end=\"1227\">Compatible avec diff\u00e9rents formats d\u2019<strong data-start=\"1202\" data-end=\"1225\">\u0153illets m\u00e9talliques<\/strong><\/p>\n<\/li>\n<li data-start=\"1228\" data-end=\"1304\">\n<p data-start=\"1230\" data-end=\"1304\"><strong data-start=\"1230\" data-end=\"1254\">Construction robuste<\/strong> et durable pour une utilisation professionnelle<\/p>\n<\/li>\n<li data-start=\"1305\" data-end=\"1373\">\n<p data-start=\"1307\" data-end=\"1373\"><strong data-start=\"1307\" data-end=\"1330\">Ergonomie optimis\u00e9e<\/strong> pour r\u00e9duire la fatigue de l\u2019utilisateur<\/p>\n<\/li>\n<li data-start=\"1374\" data-end=\"1481\">\n<p data-start=\"1376\" data-end=\"1481\">Convient aux secteurs de la <strong data-start=\"1404\" data-end=\"1479\">publicit\u00e9 visuelle, impression grand format, confection et signal\u00e9tique<\/strong><\/p>\n<\/li>\n<\/ul>\n","protected":false},"featured_media":15167,"comment_status":"open","ping_status":"closed","template":"","meta":{"_acf_changed":false,"_monsterinsights_skip_tracking":false,"_monsterinsights_sitenote_active":false,"_monsterinsights_sitenote_note":"","_monsterinsights_sitenote_category":0,"_uf_show_specific_survey":0,"_uf_disable_surveys":false,"_joinchat":[]},"product_brand":[],"product_cat":[384],"product_tag":[],"class_list":{"0":"post-15165","1":"product","2":"type-product","3":"status-publish","4":"has-post-thumbnail","6":"product_cat-fournitures-dimpression","8":"first","9":"instock","10":"sale","11":"shipping-taxable","12":"purchasable","13":"product-type-simple"},"acf":[],"jetpack_sharing_enabled":true,"_links":{"self":[{"href":"https:\/\/digistar.ma\/index.php?rest_route=\/wp\/v2\/product\/15165","targetHints":{"allow":["GET"]}}],"collection":[{"href":"https:\/\/digistar.ma\/index.php?rest_route=\/wp\/v2\/product"}],"about":[{"href":"https:\/\/digistar.ma\/index.php?rest_route=\/wp\/v2\/types\/product"}],"replies":[{"embeddable":true,"href":"https:\/\/digistar.ma\/index.php?rest_route=%2Fwp%2Fv2%2Fcomments&post=15165"}],"version-history":[{"count":1,"href":"https:\/\/digistar.ma\/index.php?rest_route=\/wp\/v2\/product\/15165\/revisions"}],"predecessor-version":[{"id":15170,"href":"https:\/\/digistar.ma\/index.php?rest_route=\/wp\/v2\/product\/15165\/revisions\/15170"}],"wp:featuredmedia":[{"embeddable":true,"href":"https:\/\/digistar.ma\/index.php?rest_route=\/wp\/v2\/media\/15167"}],"wp:attachment":[{"href":"https:\/\/digistar.ma\/index.php?rest_route=%2Fwp%2Fv2%2Fmedia&parent=15165"}],"wp:term":[{"taxonomy":"product_brand","embeddable":true,"href":"https:\/\/digistar.ma\/index.php?rest_route=%2Fwp%2Fv2%2Fproduct_brand&post=15165"},{"taxonomy":"product_cat","embeddable":true,"href":"https:\/\/digistar.ma\/index.php?rest_route=%2Fwp%2Fv2%2Fproduct_cat&post=15165"},{"taxonomy":"product_tag","embeddable":true,"href":"https:\/\/digistar.ma\/index.php?rest_route=%2Fwp%2Fv2%2Fproduct_tag&post=15165"}],"curies":[{"name":"wp","href":"https:\/\/api.w.org\/{rel}","templated":true}]}}