{"id":15201,"date":"2025-09-22T16:57:36","date_gmt":"2025-09-22T16:57:36","guid":{"rendered":"https:\/\/digistar.ma\/?post_type=product&#038;p=15201"},"modified":"2026-04-07T23:35:34","modified_gmt":"2026-04-07T23:35:34","slug":"pack-machine-de-fabrication-magnets-image-635-x-635-mm","status":"publish","type":"product","link":"https:\/\/digistar.ma\/?product=pack-machine-de-fabrication-magnets-image-635-x-635-mm","title":{"rendered":"Pack Machine de Fabrication Magnets Image 63,5 x 63,5 mm"},"content":{"rendered":"<h2>Pack Machine de Fabrication Magnets Image 63,5 x 63,5 mm<\/h2>\n<p data-start=\"252\" data-end=\"750\">Le <strong data-start=\"255\" data-end=\"315\">Pack Machine de Fabrication Magnets Image 63,5 x 63,5 mm<\/strong> est la solution id\u00e9ale pour les professionnels et cr\u00e9ateurs souhaitant produire des <strong data-start=\"400\" data-end=\"442\">magnets personnalis\u00e9s de haute qualit\u00e9<\/strong>. Con\u00e7u pour les <strong data-start=\"459\" data-end=\"597\">ateliers d\u2019impression, les agences publicitaires, les fabricants de cadeaux promotionnels et les entreprises de communication visuelle<\/strong>, ce pack complet permet de <strong data-start=\"625\" data-end=\"697\">fabriquer facilement et rapidement des magnets carr\u00e9s 63,5 x 63,5 mm<\/strong> avec vos propres images, logos, photos ou designs.<\/p>\n<p data-start=\"752\" data-end=\"1087\">Gr\u00e2ce \u00e0 son syst\u00e8me robuste et ergonomique, cette machine garantit une <strong data-start=\"823\" data-end=\"845\">pr\u00e9cision parfaite<\/strong>, une <strong data-start=\"851\" data-end=\"868\">d\u00e9coupe nette<\/strong> et une <strong data-start=\"876\" data-end=\"896\">fixation durable<\/strong> de l\u2019image sur le support magn\u00e9tique. Le processus est simple : impression du visuel, d\u00e9coupe au format adapt\u00e9, et pressage rapide pour obtenir un <strong data-start=\"1044\" data-end=\"1084\">magnet professionnel pr\u00eat \u00e0 l\u2019emploi<\/strong>.<\/p>\n<p data-start=\"1089\" data-end=\"1312\">Ce pack de fabrication de magnets est con\u00e7u pour r\u00e9pondre aux besoins des <strong data-start=\"1163\" data-end=\"1211\">petites s\u00e9ries comme des grandes productions<\/strong>, offrant une <strong data-start=\"1225\" data-end=\"1249\">rentabilit\u00e9 optimale<\/strong>. Les <strong data-start=\"1255\" data-end=\"1280\">magnets personnalis\u00e9s<\/strong> r\u00e9alis\u00e9s sont parfaits pour :<\/p>\n<ul data-start=\"1313\" data-end=\"1478\">\n<li data-start=\"1313\" data-end=\"1341\">\n<p data-start=\"1315\" data-end=\"1341\"><strong data-start=\"1315\" data-end=\"1339\">Objets publicitaires<\/strong><\/p>\n<\/li>\n<li data-start=\"1342\" data-end=\"1372\">\n<p data-start=\"1344\" data-end=\"1372\"><strong data-start=\"1344\" data-end=\"1370\">Souvenirs touristiques<\/strong><\/p>\n<\/li>\n<li data-start=\"1373\" data-end=\"1403\">\n<p data-start=\"1375\" data-end=\"1403\"><strong data-start=\"1375\" data-end=\"1401\">Articles de d\u00e9coration<\/strong><\/p>\n<\/li>\n<li data-start=\"1404\" data-end=\"1432\">\n<p data-start=\"1406\" data-end=\"1432\"><strong data-start=\"1406\" data-end=\"1430\">Cadeaux d\u2019entreprise<\/strong><\/p>\n<\/li>\n<li data-start=\"1433\" data-end=\"1478\">\n<p data-start=\"1435\" data-end=\"1478\"><strong data-start=\"1435\" data-end=\"1476\">\u00c9v\u00e9nements promotionnels et marketing<\/strong><\/p>\n<\/li>\n<\/ul>\n<h2 data-start=\"1485\" data-end=\"1525\"><strong data-start=\"1490\" data-end=\"1523\">Caract\u00e9ristiques Techniques :<\/strong><\/h2>\n<ul data-start=\"1526\" data-end=\"1954\">\n<li data-start=\"1526\" data-end=\"1579\">\n<p data-start=\"1528\" data-end=\"1579\"><strong data-start=\"1528\" data-end=\"1539\">Produit<\/strong> : Pack Machine de Fabrication Magnets<\/p>\n<\/li>\n<li data-start=\"1580\" data-end=\"1629\">\n<p data-start=\"1582\" data-end=\"1629\"><strong data-start=\"1582\" data-end=\"1602\">Format du magnet<\/strong> : 63,5 x 63,5 mm (carr\u00e9)<\/p>\n<\/li>\n<li data-start=\"1630\" data-end=\"1713\">\n<p data-start=\"1632\" data-end=\"1713\"><strong data-start=\"1632\" data-end=\"1648\">Applications<\/strong> : Cr\u00e9ation de magnets personnalis\u00e9s avec images, photos, logos<\/p>\n<\/li>\n<li data-start=\"1714\" data-end=\"1765\">\n<p data-start=\"1716\" data-end=\"1765\"><strong data-start=\"1716\" data-end=\"1731\">Utilisation<\/strong> : Simple, rapide et ergonomique<\/p>\n<\/li>\n<li data-start=\"1766\" data-end=\"1855\">\n<p data-start=\"1768\" data-end=\"1855\"><strong data-start=\"1768\" data-end=\"1781\">Structure<\/strong> : Machine robuste, durable et adapt\u00e9e \u00e0 une utilisation professionnelle<\/p>\n<\/li>\n<li data-start=\"1856\" data-end=\"1954\">\n<p data-start=\"1858\" data-end=\"1954\"><strong data-start=\"1858\" data-end=\"1874\">Public cible<\/strong> : Imprimeurs, agences publicitaires, ateliers cr\u00e9atifs, fabricants de cadeaux<\/p>\n<\/li>\n<\/ul>\n<h2 data-start=\"1961\" data-end=\"2022\"><strong data-start=\"1966\" data-end=\"2020\">Avantages du Pack Machine Magnets 63,5 x 63,5 mm :<\/strong><\/h2>\n<ul data-start=\"2023\" data-end=\"2400\">\n<li data-start=\"2023\" data-end=\"2084\">\n<p data-start=\"2025\" data-end=\"2084\"><strong data-start=\"2025\" data-end=\"2057\">Fabrication rapide et facile<\/strong> de magnets personnalis\u00e9s<\/p>\n<\/li>\n<li data-start=\"2085\" data-end=\"2142\">\n<p data-start=\"2087\" data-end=\"2142\"><strong data-start=\"2087\" data-end=\"2114\">Qualit\u00e9 professionnelle<\/strong> avec rendu net et durable<\/p>\n<\/li>\n<li data-start=\"2143\" data-end=\"2207\">\n<p data-start=\"2145\" data-end=\"2207\"><strong data-start=\"2145\" data-end=\"2179\">Format standard 63,5 x 63,5 mm<\/strong> adapt\u00e9 aux visuels vari\u00e9s<\/p>\n<\/li>\n<li data-start=\"2208\" data-end=\"2260\">\n<p data-start=\"2210\" data-end=\"2260\"><strong data-start=\"2210\" data-end=\"2258\">Id\u00e9al pour objets publicitaires et souvenirs<\/strong><\/p>\n<\/li>\n<li data-start=\"2261\" data-end=\"2325\">\n<p data-start=\"2263\" data-end=\"2325\"><strong data-start=\"2263\" data-end=\"2292\">Machine robuste et fiable<\/strong>, con\u00e7ue pour un usage intensif<\/p>\n<\/li>\n<li data-start=\"2326\" data-end=\"2400\">\n<p data-start=\"2328\" data-end=\"2400\"><strong data-start=\"2328\" data-end=\"2349\">Solution rentable<\/strong> pour d\u00e9velopper une activit\u00e9 de personnalisation<\/p>\n<\/li>\n<\/ul>\n","protected":false},"excerpt":{"rendered":"<ul data-start=\"1526\" data-end=\"1954\">\n<li data-start=\"1526\" data-end=\"1579\">\n<p data-start=\"1528\" data-end=\"1579\"><strong data-start=\"1528\" data-end=\"1539\">Produit<\/strong> : Pack Machine de Fabrication Magnets<\/p>\n<\/li>\n<li data-start=\"1580\" data-end=\"1629\">\n<p data-start=\"1582\" data-end=\"1629\"><strong data-start=\"1582\" data-end=\"1602\">Format du magnet<\/strong> : 63,5 x 63,5 mm (carr\u00e9)<\/p>\n<\/li>\n<li data-start=\"1630\" data-end=\"1713\">\n<p data-start=\"1632\" data-end=\"1713\"><strong data-start=\"1632\" data-end=\"1648\">Applications<\/strong> : Cr\u00e9ation de magnets personnalis\u00e9s avec images, photos, logos<\/p>\n<\/li>\n<li data-start=\"1714\" data-end=\"1765\">\n<p data-start=\"1716\" data-end=\"1765\"><strong data-start=\"1716\" data-end=\"1731\">Utilisation<\/strong> : Simple, rapide et ergonomique<\/p>\n<\/li>\n<li data-start=\"1766\" data-end=\"1855\">\n<p data-start=\"1768\" data-end=\"1855\"><strong data-start=\"1768\" data-end=\"1781\">Structure<\/strong> : Machine robuste, durable et adapt\u00e9e \u00e0 une utilisation professionnelle<\/p>\n<\/li>\n<li data-start=\"1856\" data-end=\"1954\">\n<p data-start=\"1858\" data-end=\"1954\"><strong data-start=\"1858\" data-end=\"1874\">Public cible<\/strong> : Imprimeurs, agences publicitaires, ateliers cr\u00e9atifs, fabricants de cadeaux<\/p>\n<\/li>\n<\/ul>\n","protected":false},"featured_media":17023,"comment_status":"open","ping_status":"closed","template":"","meta":{"_acf_changed":false,"_monsterinsights_skip_tracking":false,"_monsterinsights_sitenote_active":false,"_monsterinsights_sitenote_note":"","_monsterinsights_sitenote_category":0,"_uf_show_specific_survey":0,"_uf_disable_surveys":false,"_joinchat":[]},"product_brand":[],"product_cat":[384],"product_tag":[],"class_list":{"0":"post-15201","1":"product","2":"type-product","3":"status-publish","4":"has-post-thumbnail","6":"product_cat-fournitures-dimpression","8":"first","9":"instock","10":"sale","11":"shipping-taxable","12":"purchasable","13":"product-type-simple"},"acf":[],"jetpack_sharing_enabled":true,"_links":{"self":[{"href":"https:\/\/digistar.ma\/index.php?rest_route=\/wp\/v2\/product\/15201","targetHints":{"allow":["GET"]}}],"collection":[{"href":"https:\/\/digistar.ma\/index.php?rest_route=\/wp\/v2\/product"}],"about":[{"href":"https:\/\/digistar.ma\/index.php?rest_route=\/wp\/v2\/types\/product"}],"replies":[{"embeddable":true,"href":"https:\/\/digistar.ma\/index.php?rest_route=%2Fwp%2Fv2%2Fcomments&post=15201"}],"version-history":[{"count":2,"href":"https:\/\/digistar.ma\/index.php?rest_route=\/wp\/v2\/product\/15201\/revisions"}],"predecessor-version":[{"id":17022,"href":"https:\/\/digistar.ma\/index.php?rest_route=\/wp\/v2\/product\/15201\/revisions\/17022"}],"wp:featuredmedia":[{"embeddable":true,"href":"https:\/\/digistar.ma\/index.php?rest_route=\/wp\/v2\/media\/17023"}],"wp:attachment":[{"href":"https:\/\/digistar.ma\/index.php?rest_route=%2Fwp%2Fv2%2Fmedia&parent=15201"}],"wp:term":[{"taxonomy":"product_brand","embeddable":true,"href":"https:\/\/digistar.ma\/index.php?rest_route=%2Fwp%2Fv2%2Fproduct_brand&post=15201"},{"taxonomy":"product_cat","embeddable":true,"href":"https:\/\/digistar.ma\/index.php?rest_route=%2Fwp%2Fv2%2Fproduct_cat&post=15201"},{"taxonomy":"product_tag","embeddable":true,"href":"https:\/\/digistar.ma\/index.php?rest_route=%2Fwp%2Fv2%2Fproduct_tag&post=15201"}],"curies":[{"name":"wp","href":"https:\/\/api.w.org\/{rel}","templated":true}]}}