{"id":15221,"date":"2025-09-23T11:42:04","date_gmt":"2025-09-23T11:42:04","guid":{"rendered":"https:\/\/digistar.ma\/?post_type=product&#038;p=15221"},"modified":"2025-09-23T11:42:33","modified_gmt":"2025-09-23T11:42:33","slug":"imprimante-de-tickets-pos-epson-tm-t20x-051-usb-c31ch26051","status":"publish","type":"product","link":"https:\/\/digistar.ma\/?product=imprimante-de-tickets-pos-epson-tm-t20x-051-usb-c31ch26051","title":{"rendered":"Imprimante de Tickets POS Epson TM-T20X (051) \u2013 USB C31CH26051"},"content":{"rendered":"<h2>Imprimante de Tickets POS Epson TM-T20X (051) \u2013 USB C31CH26051<\/h2>\n<p data-start=\"315\" data-end=\"832\">L\u2019<strong data-start=\"317\" data-end=\"366\">imprimante de tickets POS Epson TM-T20X (051)<\/strong> est une imprimante thermique fiable et performante, con\u00e7ue pour r\u00e9pondre aux besoins des commerces, restaurants, caf\u00e9s, supermarch\u00e9s et points de vente au Maroc. Gr\u00e2ce \u00e0 sa technologie avanc\u00e9e, elle garantit une impression rapide, claire et \u00e9conomique de tickets et re\u00e7us. Ce mod\u00e8le <strong data-start=\"650\" data-end=\"664\">C31CH26051<\/strong> se distingue par sa connectivit\u00e9 <strong data-start=\"698\" data-end=\"715\">USB et Serial<\/strong>, sa compatibilit\u00e9 avec de nombreux syst\u00e8mes de caisse et son design compact et \u00e9l\u00e9gant en couleur <strong data-start=\"814\" data-end=\"829\">noire (Blk)<\/strong>.<\/p>\n<p data-start=\"834\" data-end=\"1322\">Avec une vitesse d\u2019impression allant jusqu\u2019\u00e0 <strong data-start=\"879\" data-end=\"901\">200 mm par seconde<\/strong>, cette <strong data-start=\"909\" data-end=\"947\">imprimante thermique Epson TM-T20X<\/strong> assure un service fluide et r\u00e9duit consid\u00e9rablement les temps d\u2019attente des clients. Elle prend en charge les rouleaux de papier thermique standards de <strong data-start=\"1100\" data-end=\"1120\">80 mm de largeur<\/strong>, offrant ainsi une compatibilit\u00e9 universelle et un co\u00fbt d\u2019utilisation r\u00e9duit. Sa r\u00e9solution de <strong data-start=\"1216\" data-end=\"1227\">203 dpi<\/strong> permet d\u2019imprimer des textes, des logos et des codes-barres avec une nettet\u00e9 exceptionnelle.<\/p>\n<p data-start=\"1324\" data-end=\"1776\">Robuste et durable, la TM-T20X (051) est con\u00e7ue pour une longue dur\u00e9e de vie avec un m\u00e9canisme capable de supporter jusqu\u2019\u00e0 <strong data-start=\"1448\" data-end=\"1483\">15 millions de lignes imprim\u00e9es<\/strong> et un <strong data-start=\"1490\" data-end=\"1516\">MTBF de 360 000 heures<\/strong>. Elle est \u00e9galement \u00e9quip\u00e9e d\u2019un <strong data-start=\"1550\" data-end=\"1573\">auto-cutter partiel<\/strong> qui garantit une d\u00e9coupe automatique efficace et fiable des tickets. De plus, sa fonction de <strong data-start=\"1667\" data-end=\"1702\">r\u00e9duction automatique du papier<\/strong> permet de diminuer la consommation de rouleaux et de r\u00e9duire les co\u00fbts.<\/p>\n<p data-start=\"1778\" data-end=\"2031\">Compacte et pratique (<strong data-start=\"1800\" data-end=\"1822\">149 \u00d7 192 \u00d7 140 mm<\/strong> pour environ <strong data-start=\"1836\" data-end=\"1846\">1,5 kg<\/strong>), cette imprimante Epson peut \u00eatre install\u00e9e facilement sur un comptoir ou \u00e0 proximit\u00e9 de la caisse. Elle est fournie avec alimentation secteur (<strong data-start=\"1992\" data-end=\"1998\">PS<\/strong>), compatible avec la norme UK.<\/p>\n<h2 data-start=\"2038\" data-end=\"2108\">\u00a0Caract\u00e9ristiques principales<\/h2>\n<ul data-start=\"2109\" data-end=\"2733\">\n<li data-start=\"2109\" data-end=\"2158\">\n<p data-start=\"2111\" data-end=\"2158\"><strong data-start=\"2111\" data-end=\"2121\">Mod\u00e8le<\/strong> : Epson TM-T20X (051) \u2013 C31CH26051<\/p>\n<\/li>\n<li data-start=\"2159\" data-end=\"2206\">\n<p data-start=\"2161\" data-end=\"2206\"><strong data-start=\"2161\" data-end=\"2169\">Type<\/strong> : Imprimante tickets thermique POS<\/p>\n<\/li>\n<li data-start=\"2207\" data-end=\"2235\">\n<p data-start=\"2209\" data-end=\"2235\"><strong data-start=\"2209\" data-end=\"2220\">Couleur<\/strong> : Noir (Blk)<\/p>\n<\/li>\n<li data-start=\"2236\" data-end=\"2279\">\n<p data-start=\"2238\" data-end=\"2279\"><strong data-start=\"2238\" data-end=\"2259\">Largeur du papier<\/strong> : 80 mm (79,5 mm)<\/p>\n<\/li>\n<li data-start=\"2280\" data-end=\"2319\">\n<p data-start=\"2282\" data-end=\"2319\"><strong data-start=\"2282\" data-end=\"2306\">Vitesse d\u2019impression<\/strong> : 200 mm\/s<\/p>\n<\/li>\n<li data-start=\"2320\" data-end=\"2348\">\n<p data-start=\"2322\" data-end=\"2348\"><strong data-start=\"2322\" data-end=\"2336\">R\u00e9solution<\/strong> : 203 dpi<\/p>\n<\/li>\n<li data-start=\"2349\" data-end=\"2392\">\n<p data-start=\"2351\" data-end=\"2392\"><strong data-start=\"2351\" data-end=\"2367\">Connectivit\u00e9<\/strong> : USB + Serial (RS232)<\/p>\n<\/li>\n<li data-start=\"2393\" data-end=\"2442\">\n<p data-start=\"2395\" data-end=\"2442\"><strong data-start=\"2395\" data-end=\"2418\">D\u00e9coupe automatique<\/strong> : Auto-cutter partiel<\/p>\n<\/li>\n<li data-start=\"2443\" data-end=\"2503\">\n<p data-start=\"2445\" data-end=\"2503\"><strong data-start=\"2445\" data-end=\"2467\">Fonctions avanc\u00e9es<\/strong> : R\u00e9duction automatique du papier<\/p>\n<\/li>\n<li data-start=\"2504\" data-end=\"2558\">\n<p data-start=\"2506\" data-end=\"2558\"><strong data-start=\"2506\" data-end=\"2522\">Dur\u00e9e de vie<\/strong> : 15 millions de lignes imprim\u00e9es<\/p>\n<\/li>\n<li data-start=\"2559\" data-end=\"2600\">\n<p data-start=\"2561\" data-end=\"2600\"><strong data-start=\"2561\" data-end=\"2581\">Fiabilit\u00e9 (MTBF)<\/strong> : 360 000 heures<\/p>\n<\/li>\n<li data-start=\"2601\" data-end=\"2640\">\n<p data-start=\"2603\" data-end=\"2640\"><strong data-start=\"2603\" data-end=\"2617\">Dimensions<\/strong> : 149 \u00d7 192 \u00d7 140 mm<\/p>\n<\/li>\n<li data-start=\"2641\" data-end=\"2665\">\n<p data-start=\"2643\" data-end=\"2665\"><strong data-start=\"2643\" data-end=\"2652\">Poids<\/strong> : \u2248 1,5 kg<\/p>\n<\/li>\n<li data-start=\"2666\" data-end=\"2733\">\n<p data-start=\"2668\" data-end=\"2733\"><strong data-start=\"2668\" data-end=\"2690\">Accessoires inclus<\/strong> : Alimentation secteur (PS) \u2013 version UK<\/p>\n<\/li>\n<\/ul>\n<h2 data-start=\"2740\" data-end=\"2777\">\u00a0Avantages pour votre commerce<\/h2>\n<ul data-start=\"2778\" data-end=\"3106\">\n<li data-start=\"2778\" data-end=\"2826\">\n<p data-start=\"2780\" data-end=\"2826\">Impression rapide et \u00e9conomique des tickets.<\/p>\n<\/li>\n<li data-start=\"2827\" data-end=\"2872\">\n<p data-start=\"2829\" data-end=\"2872\">Compacte, \u00e9l\u00e9gante et facile \u00e0 installer.<\/p>\n<\/li>\n<li data-start=\"2873\" data-end=\"2933\">\n<p data-start=\"2875\" data-end=\"2933\">Compatible avec les syst\u00e8mes POS et logiciels de caisse.<\/p>\n<\/li>\n<li data-start=\"2934\" data-end=\"2977\">\n<p data-start=\"2936\" data-end=\"2977\">Fonction d\u2019\u00e9conomie de papier int\u00e9gr\u00e9e.<\/p>\n<\/li>\n<li data-start=\"2978\" data-end=\"3032\">\n<p data-start=\"2980\" data-end=\"3032\">Robuste et durable pour une utilisation intensive.<\/p>\n<\/li>\n<li data-start=\"3033\" data-end=\"3106\">\n<p data-start=\"3035\" data-end=\"3106\">Id\u00e9ale pour restaurants, caf\u00e9s, magasins, pharmacies et supermarch\u00e9s.<\/p>\n<\/li>\n<\/ul>\n","protected":false},"excerpt":{"rendered":"<ul>\n<li data-start=\"2109\" data-end=\"2158\">\n<p data-start=\"2111\" data-end=\"2158\"><strong data-start=\"2111\" data-end=\"2121\">Mod\u00e8le<\/strong> : Epson TM-T20X (051) \u2013 C31CH26051<\/p>\n<\/li>\n<li data-start=\"2159\" data-end=\"2206\">\n<p data-start=\"2161\" data-end=\"2206\"><strong data-start=\"2161\" data-end=\"2169\">Type<\/strong> : Imprimante tickets thermique POS<\/p>\n<\/li>\n<li data-start=\"2207\" data-end=\"2235\">\n<p data-start=\"2209\" data-end=\"2235\"><strong data-start=\"2209\" data-end=\"2220\">Couleur<\/strong> : Noir (Blk)<\/p>\n<\/li>\n<li data-start=\"2236\" data-end=\"2279\">\n<p data-start=\"2238\" data-end=\"2279\"><strong data-start=\"2238\" data-end=\"2259\">Largeur du papier<\/strong> : 80 mm (79,5 mm)<\/p>\n<\/li>\n<li data-start=\"2280\" data-end=\"2319\">\n<p data-start=\"2282\" data-end=\"2319\"><strong data-start=\"2282\" data-end=\"2306\">Vitesse d\u2019impression<\/strong> : 200 mm\/s<\/p>\n<\/li>\n<li data-start=\"2320\" data-end=\"2348\">\n<p data-start=\"2322\" data-end=\"2348\"><strong data-start=\"2322\" data-end=\"2336\">R\u00e9solution<\/strong> : 203 dpi<\/p>\n<\/li>\n<li data-start=\"2349\" data-end=\"2392\">\n<p data-start=\"2351\" data-end=\"2392\"><strong data-start=\"2351\" data-end=\"2367\">Connectivit\u00e9<\/strong> : USB + Serial (RS232)<\/p>\n<\/li>\n<li data-start=\"2393\" data-end=\"2442\">\n<p data-start=\"2395\" data-end=\"2442\"><strong data-start=\"2395\" data-end=\"2418\">D\u00e9coupe automatique<\/strong> : Auto-cutter partiel<\/p>\n<\/li>\n<li data-start=\"2443\" data-end=\"2503\">\n<p data-start=\"2445\" data-end=\"2503\"><strong data-start=\"2445\" data-end=\"2467\">Fonctions avanc\u00e9es<\/strong> : R\u00e9duction automatique du papier<\/p>\n<\/li>\n<li data-start=\"2504\" data-end=\"2558\">\n<p data-start=\"2506\" data-end=\"2558\"><strong data-start=\"2506\" data-end=\"2522\">Dur\u00e9e de vie<\/strong> : 15 millions de lignes imprim\u00e9es<\/p>\n<\/li>\n<li data-start=\"2559\" data-end=\"2600\">\n<p data-start=\"2561\" data-end=\"2600\"><strong data-start=\"2561\" data-end=\"2581\">Fiabilit\u00e9 (MTBF)<\/strong> : 360 000 heures<\/p>\n<\/li>\n<li data-start=\"2601\" data-end=\"2640\">\n<p data-start=\"2603\" data-end=\"2640\"><strong data-start=\"2603\" data-end=\"2617\">Dimensions<\/strong> : 149 \u00d7 192 \u00d7 140 mm<\/p>\n<\/li>\n<li data-start=\"2641\" data-end=\"2665\">\n<p data-start=\"2643\" data-end=\"2665\"><strong data-start=\"2643\" data-end=\"2652\">Poids<\/strong> : \u2248 1,5 kg<\/p>\n<\/li>\n<li data-start=\"2666\" data-end=\"2733\">\n<p data-start=\"2668\" data-end=\"2733\"><strong data-start=\"2668\" data-end=\"2690\">Accessoires inclus<\/strong> : Alimentation secteur (PS) \u2013 version UK<\/p>\n<\/li>\n<\/ul>\n","protected":false},"featured_media":15222,"comment_status":"open","ping_status":"closed","template":"","meta":{"_acf_changed":false,"_monsterinsights_skip_tracking":false,"_monsterinsights_sitenote_active":false,"_monsterinsights_sitenote_note":"","_monsterinsights_sitenote_category":0,"_uf_show_specific_survey":0,"_uf_disable_surveys":false,"_joinchat":[]},"product_brand":[],"product_cat":[384],"product_tag":[],"class_list":{"0":"post-15221","1":"product","2":"type-product","3":"status-publish","4":"has-post-thumbnail","6":"product_cat-fournitures-dimpression","8":"first","9":"instock","10":"sale","11":"shipping-taxable","12":"purchasable","13":"product-type-simple"},"acf":[],"jetpack_sharing_enabled":true,"_links":{"self":[{"href":"https:\/\/digistar.ma\/index.php?rest_route=\/wp\/v2\/product\/15221","targetHints":{"allow":["GET"]}}],"collection":[{"href":"https:\/\/digistar.ma\/index.php?rest_route=\/wp\/v2\/product"}],"about":[{"href":"https:\/\/digistar.ma\/index.php?rest_route=\/wp\/v2\/types\/product"}],"replies":[{"embeddable":true,"href":"https:\/\/digistar.ma\/index.php?rest_route=%2Fwp%2Fv2%2Fcomments&post=15221"}],"version-history":[{"count":1,"href":"https:\/\/digistar.ma\/index.php?rest_route=\/wp\/v2\/product\/15221\/revisions"}],"predecessor-version":[{"id":15226,"href":"https:\/\/digistar.ma\/index.php?rest_route=\/wp\/v2\/product\/15221\/revisions\/15226"}],"wp:featuredmedia":[{"embeddable":true,"href":"https:\/\/digistar.ma\/index.php?rest_route=\/wp\/v2\/media\/15222"}],"wp:attachment":[{"href":"https:\/\/digistar.ma\/index.php?rest_route=%2Fwp%2Fv2%2Fmedia&parent=15221"}],"wp:term":[{"taxonomy":"product_brand","embeddable":true,"href":"https:\/\/digistar.ma\/index.php?rest_route=%2Fwp%2Fv2%2Fproduct_brand&post=15221"},{"taxonomy":"product_cat","embeddable":true,"href":"https:\/\/digistar.ma\/index.php?rest_route=%2Fwp%2Fv2%2Fproduct_cat&post=15221"},{"taxonomy":"product_tag","embeddable":true,"href":"https:\/\/digistar.ma\/index.php?rest_route=%2Fwp%2Fv2%2Fproduct_tag&post=15221"}],"curies":[{"name":"wp","href":"https:\/\/api.w.org\/{rel}","templated":true}]}}