{"id":15230,"date":"2025-09-24T12:26:20","date_gmt":"2025-09-24T12:26:20","guid":{"rendered":"https:\/\/digistar.ma\/?post_type=product&#038;p=15230"},"modified":"2025-09-24T12:36:38","modified_gmt":"2025-09-24T12:36:38","slug":"tt-450-plotter-de-decoupe-portable","status":"publish","type":"product","link":"https:\/\/digistar.ma\/?product=tt-450-plotter-de-decoupe-portable","title":{"rendered":"TT-450 Plotter de D\u00e9coupe Portable"},"content":{"rendered":"<h2>TT-450 Plotter de D\u00e9coupe Portable<\/h2>\n<p data-start=\"247\" data-end=\"573\">Le <strong data-start=\"250\" data-end=\"260\">TT-450<\/strong> est un <strong data-start=\"268\" data-end=\"299\">plotter de d\u00e9coupe portable<\/strong> con\u00e7u pour offrir pr\u00e9cision, rapidit\u00e9 et fiabilit\u00e9 dans vos travaux de d\u00e9coupe sur divers mat\u00e9riaux. Id\u00e9al pour les <strong data-start=\"416\" data-end=\"529\">professionnels de la signal\u00e9tique, du marketing, de la personnalisation textile, et les cr\u00e9ateurs de stickers<\/strong>, ce plotter allie performance et praticit\u00e9.<\/p>\n<h4 data-start=\"575\" data-end=\"614\"><strong data-start=\"580\" data-end=\"614\">Caract\u00e9ristiques principales :<\/strong><\/h4>\n<ul data-start=\"615\" data-end=\"1447\">\n<li data-start=\"615\" data-end=\"733\">\n<p data-start=\"617\" data-end=\"733\"><strong data-start=\"617\" data-end=\"647\">Format de d\u00e9coupe portable<\/strong> : Compact et l\u00e9ger, facile \u00e0 transporter et \u00e0 installer sur tout espace de travail.<\/p>\n<\/li>\n<li data-start=\"734\" data-end=\"847\">\n<p data-start=\"736\" data-end=\"847\"><strong data-start=\"736\" data-end=\"758\">Largeur de d\u00e9coupe<\/strong> : Jusqu\u2019\u00e0 450 mm, adapt\u00e9e pour stickers, vinyles, papiers, films autocollants et plus.<\/p>\n<\/li>\n<li data-start=\"848\" data-end=\"963\">\n<p data-start=\"850\" data-end=\"963\"><strong data-start=\"850\" data-end=\"872\">Pr\u00e9cision optimale<\/strong> : Syst\u00e8me de d\u00e9coupe de haute pr\u00e9cision pour des contours nets et des d\u00e9tails complexes.<\/p>\n<\/li>\n<li data-start=\"964\" data-end=\"1064\">\n<p data-start=\"966\" data-end=\"1064\"><strong data-start=\"966\" data-end=\"993\">Compatibilit\u00e9 mat\u00e9riaux<\/strong> : Vinyle, papier, carton fin, film PVC, film transfert textile, etc.<\/p>\n<\/li>\n<li data-start=\"1065\" data-end=\"1223\">\n<p data-start=\"1067\" data-end=\"1223\"><strong data-start=\"1067\" data-end=\"1086\">Logiciel inclus<\/strong> : Compatible avec les logiciels de cr\u00e9ation graphique (CorelDRAW, Adobe Illustrator, etc.), facile \u00e0 param\u00e9trer pour tous vos projets.<\/p>\n<\/li>\n<li data-start=\"1224\" data-end=\"1344\">\n<p data-start=\"1226\" data-end=\"1344\"><strong data-start=\"1226\" data-end=\"1248\">Interface pratique<\/strong> : Connexion USB rapide et simple, avec commandes intuitives pour d\u00e9butants et professionnels.<\/p>\n<\/li>\n<li data-start=\"1345\" data-end=\"1447\">\n<p data-start=\"1347\" data-end=\"1447\"><strong data-start=\"1347\" data-end=\"1373\">Maintenance simplifi\u00e9e<\/strong> : Lames rempla\u00e7ables et entretien facile pour une durabilit\u00e9 prolong\u00e9e.<\/p>\n<\/li>\n<\/ul>\n<h4 data-start=\"1449\" data-end=\"1469\"><strong data-start=\"1454\" data-end=\"1469\">Avantages :<\/strong><\/h4>\n<ul data-start=\"1470\" data-end=\"1798\">\n<li data-start=\"1470\" data-end=\"1537\">\n<p data-start=\"1472\" data-end=\"1537\">Portable et l\u00e9ger, id\u00e9al pour d\u00e9placements ou ateliers mobiles.<\/p>\n<\/li>\n<li data-start=\"1538\" data-end=\"1604\">\n<p data-start=\"1540\" data-end=\"1604\">Haute pr\u00e9cision pour des d\u00e9coupes propres et professionnelles.<\/p>\n<\/li>\n<li data-start=\"1605\" data-end=\"1714\">\n<p data-start=\"1607\" data-end=\"1714\">Polyvalent : adapt\u00e9 \u00e0 la cr\u00e9ation de stickers, signal\u00e9tiques, emballages, motifs textiles et projets DIY.<\/p>\n<\/li>\n<li data-start=\"1715\" data-end=\"1798\">\n<p data-start=\"1717\" data-end=\"1798\">Gain de temps : d\u00e9coupes rapides et efficaces, r\u00e9duction des erreurs manuelles.<\/p>\n<\/li>\n<\/ul>\n<h4 data-start=\"1800\" data-end=\"1836\"><strong data-start=\"1805\" data-end=\"1836\">Applications recommand\u00e9es :<\/strong><\/h4>\n<ul data-start=\"1837\" data-end=\"2046\">\n<li data-start=\"1837\" data-end=\"1892\">\n<p data-start=\"1839\" data-end=\"1892\">Cr\u00e9ation de stickers personnalis\u00e9s et autocollants.<\/p>\n<\/li>\n<li data-start=\"1893\" data-end=\"1944\">\n<p data-start=\"1895\" data-end=\"1944\">D\u00e9coupe de vinyles pour v\u00e9hicules ou enseignes.<\/p>\n<\/li>\n<li data-start=\"1945\" data-end=\"1988\">\n<p data-start=\"1947\" data-end=\"1988\">Projets de scrapbooking et DIY cr\u00e9atif.<\/p>\n<\/li>\n<li data-start=\"1989\" data-end=\"2046\">\n<p data-start=\"1991\" data-end=\"2046\">Transfert de motifs pour textile ou supports rigides.<\/p>\n<\/li>\n<\/ul>\n","protected":false},"excerpt":{"rendered":"<ul data-start=\"615\" data-end=\"1447\">\n<li data-start=\"615\" data-end=\"733\">\n<p data-start=\"617\" data-end=\"733\"><strong data-start=\"617\" data-end=\"647\">Format de d\u00e9coupe portable<\/strong> : Compact et l\u00e9ger, facile \u00e0 transporter et \u00e0 installer sur tout espace de travail.<\/p>\n<\/li>\n<li data-start=\"734\" data-end=\"847\">\n<p data-start=\"736\" data-end=\"847\"><strong data-start=\"736\" data-end=\"758\">Largeur de d\u00e9coupe<\/strong> : Jusqu\u2019\u00e0 450 mm, adapt\u00e9e pour stickers, vinyles, papiers, films autocollants et plus.<\/p>\n<\/li>\n<li data-start=\"848\" data-end=\"963\">\n<p data-start=\"850\" data-end=\"963\"><strong data-start=\"850\" data-end=\"872\">Pr\u00e9cision optimale<\/strong> : Syst\u00e8me de d\u00e9coupe de haute pr\u00e9cision pour des contours nets et des d\u00e9tails complexes.<\/p>\n<\/li>\n<li data-start=\"964\" data-end=\"1064\">\n<p data-start=\"966\" data-end=\"1064\"><strong data-start=\"966\" data-end=\"993\">Compatibilit\u00e9 mat\u00e9riaux<\/strong> : Vinyle, papier, carton fin, film PVC, film transfert textile, etc.<\/p>\n<\/li>\n<li data-start=\"1065\" data-end=\"1223\">\n<p data-start=\"1067\" data-end=\"1223\"><strong data-start=\"1067\" data-end=\"1086\">Logiciel inclus<\/strong> : Compatible avec les logiciels de cr\u00e9ation graphique (CorelDRAW, Adobe Illustrator, etc.), facile \u00e0 param\u00e9trer pour tous vos projets.<\/p>\n<\/li>\n<li data-start=\"1224\" data-end=\"1344\">\n<p data-start=\"1226\" data-end=\"1344\"><strong data-start=\"1226\" data-end=\"1248\">Interface pratique<\/strong> : Connexion USB rapide et simple, avec commandes intuitives pour d\u00e9butants et professionnels.<\/p>\n<\/li>\n<li data-start=\"1345\" data-end=\"1447\">\n<p data-start=\"1347\" data-end=\"1447\"><strong data-start=\"1347\" data-end=\"1373\">Maintenance simplifi\u00e9e<\/strong> : Lames rempla\u00e7ables et entretien facile pour une durabilit\u00e9 prolong\u00e9e.<\/p>\n<\/li>\n<\/ul>\n","protected":false},"featured_media":15231,"comment_status":"open","ping_status":"closed","template":"","meta":{"_acf_changed":false,"_monsterinsights_skip_tracking":false,"_monsterinsights_sitenote_active":false,"_monsterinsights_sitenote_note":"","_monsterinsights_sitenote_category":0,"_uf_show_specific_survey":0,"_uf_disable_surveys":false,"_joinchat":[]},"product_brand":[],"product_cat":[384],"product_tag":[],"class_list":{"0":"post-15230","1":"product","2":"type-product","3":"status-publish","4":"has-post-thumbnail","6":"product_cat-fournitures-dimpression","8":"first","9":"instock","10":"sale","11":"shipping-taxable","12":"purchasable","13":"product-type-simple"},"acf":[],"jetpack_sharing_enabled":true,"_links":{"self":[{"href":"https:\/\/digistar.ma\/index.php?rest_route=\/wp\/v2\/product\/15230","targetHints":{"allow":["GET"]}}],"collection":[{"href":"https:\/\/digistar.ma\/index.php?rest_route=\/wp\/v2\/product"}],"about":[{"href":"https:\/\/digistar.ma\/index.php?rest_route=\/wp\/v2\/types\/product"}],"replies":[{"embeddable":true,"href":"https:\/\/digistar.ma\/index.php?rest_route=%2Fwp%2Fv2%2Fcomments&post=15230"}],"version-history":[{"count":1,"href":"https:\/\/digistar.ma\/index.php?rest_route=\/wp\/v2\/product\/15230\/revisions"}],"predecessor-version":[{"id":15235,"href":"https:\/\/digistar.ma\/index.php?rest_route=\/wp\/v2\/product\/15230\/revisions\/15235"}],"wp:featuredmedia":[{"embeddable":true,"href":"https:\/\/digistar.ma\/index.php?rest_route=\/wp\/v2\/media\/15231"}],"wp:attachment":[{"href":"https:\/\/digistar.ma\/index.php?rest_route=%2Fwp%2Fv2%2Fmedia&parent=15230"}],"wp:term":[{"taxonomy":"product_brand","embeddable":true,"href":"https:\/\/digistar.ma\/index.php?rest_route=%2Fwp%2Fv2%2Fproduct_brand&post=15230"},{"taxonomy":"product_cat","embeddable":true,"href":"https:\/\/digistar.ma\/index.php?rest_route=%2Fwp%2Fv2%2Fproduct_cat&post=15230"},{"taxonomy":"product_tag","embeddable":true,"href":"https:\/\/digistar.ma\/index.php?rest_route=%2Fwp%2Fv2%2Fproduct_tag&post=15230"}],"curies":[{"name":"wp","href":"https:\/\/api.w.org\/{rel}","templated":true}]}}