{"id":15248,"date":"2025-09-24T15:42:47","date_gmt":"2025-09-24T15:42:47","guid":{"rendered":"https:\/\/digistar.ma\/?post_type=product&#038;p=15248"},"modified":"2026-01-19T09:32:56","modified_gmt":"2026-01-19T09:32:56","slug":"tt-450-plotter-de-decoupe-portable-a3","status":"publish","type":"product","link":"https:\/\/digistar.ma\/?product=tt-450-plotter-de-decoupe-portable-a3","title":{"rendered":"TT-450 Plotter de D\u00e9coupe Portable A3"},"content":{"rendered":"<h2>TT-450 Plotter de D\u00e9coupe Portable A3<\/h2>\n<p data-start=\"299\" data-end=\"704\">Le <strong data-start=\"302\" data-end=\"343\">TT-450 Plotter de D\u00e9coupe Portable A3<\/strong> est une machine compacte et performante, id\u00e9ale pour les <strong data-start=\"401\" data-end=\"533\">professionnels de la signal\u00e9tique, de l\u2019impression, de la publicit\u00e9, de la personnalisation textile et les cr\u00e9ateurs de stickers<\/strong>. Con\u00e7u pour offrir une <strong data-start=\"557\" data-end=\"593\">d\u00e9coupe nette, rapide et pr\u00e9cise<\/strong>, ce plotter est l\u2019outil parfait pour vos travaux de <strong data-start=\"646\" data-end=\"701\">d\u00e9coration, emballage, marquage et personnalisation<\/strong>.<\/p>\n<h4 data-start=\"706\" data-end=\"745\"><strong data-start=\"711\" data-end=\"745\">Caract\u00e9ristiques principales :<\/strong><\/h4>\n<ul data-start=\"746\" data-end=\"1458\">\n<li data-start=\"746\" data-end=\"882\">\n<p data-start=\"748\" data-end=\"882\"><strong data-start=\"748\" data-end=\"772\">Format de d\u00e9coupe A3<\/strong> : largeur de travail jusqu\u2019\u00e0 <strong data-start=\"802\" data-end=\"812\">450 mm<\/strong>, id\u00e9al pour vinyle, papier, autocollants, flex, flock et films PVC.<\/p>\n<\/li>\n<li data-start=\"883\" data-end=\"987\">\n<p data-start=\"885\" data-end=\"987\"><strong data-start=\"885\" data-end=\"904\">Haute pr\u00e9cision<\/strong> : d\u00e9coupe parfaite des lettrages, logos, motifs complexes et contours d\u00e9taill\u00e9s.<\/p>\n<\/li>\n<li data-start=\"988\" data-end=\"1092\">\n<p data-start=\"990\" data-end=\"1092\"><strong data-start=\"990\" data-end=\"1013\">Portable et compact<\/strong> : facile \u00e0 transporter et \u00e0 installer dans n\u2019importe quel espace de travail.<\/p>\n<\/li>\n<li data-start=\"1093\" data-end=\"1226\">\n<p data-start=\"1095\" data-end=\"1226\"><strong data-start=\"1095\" data-end=\"1123\">Compatibilit\u00e9 logicielle<\/strong> : fonctionne avec <strong data-start=\"1142\" data-end=\"1191\">CorelDRAW, Illustrator, SignMaster, FlexiSign<\/strong> et autres logiciels de cr\u00e9ation.<\/p>\n<\/li>\n<li data-start=\"1227\" data-end=\"1360\">\n<p data-start=\"1229\" data-end=\"1360\"><strong data-start=\"1229\" data-end=\"1252\">Connectivit\u00e9 simple<\/strong> : connexion <strong data-start=\"1265\" data-end=\"1284\">USB Plug &amp; Play<\/strong>, commandes intuitives, utilisable par d\u00e9butants comme par professionnels.<\/p>\n<\/li>\n<li data-start=\"1361\" data-end=\"1458\">\n<p data-start=\"1363\" data-end=\"1458\"><strong data-start=\"1363\" data-end=\"1383\">Entretien facile<\/strong> : lames interchangeables, robuste et con\u00e7u pour une utilisation durable.<\/p>\n<\/li>\n<\/ul>\n<h4 data-start=\"1460\" data-end=\"1480\"><strong data-start=\"1465\" data-end=\"1480\">Avantages :<\/strong><\/h4>\n<ul data-start=\"1481\" data-end=\"1831\">\n<li data-start=\"1481\" data-end=\"1592\">\n<p data-start=\"1483\" data-end=\"1592\">Machine <strong data-start=\"1491\" data-end=\"1506\">polyvalente<\/strong> adapt\u00e9e aux projets de <strong data-start=\"1530\" data-end=\"1589\">stickers, signal\u00e9tiques, cartes, emballages et textiles<\/strong>.<\/p>\n<\/li>\n<li data-start=\"1593\" data-end=\"1653\">\n<p data-start=\"1595\" data-end=\"1653\">Gain de temps gr\u00e2ce \u00e0 une <strong data-start=\"1621\" data-end=\"1650\">d\u00e9coupe rapide et pr\u00e9cise<\/strong>.<\/p>\n<\/li>\n<li data-start=\"1654\" data-end=\"1750\">\n<p data-start=\"1656\" data-end=\"1750\">Id\u00e9al pour <strong data-start=\"1667\" data-end=\"1747\">ateliers cr\u00e9atifs, agences de publicit\u00e9, imprimeurs, d\u00e9corateurs et artisans<\/strong>.<\/p>\n<\/li>\n<li data-start=\"1751\" data-end=\"1831\">\n<p data-start=\"1753\" data-end=\"1831\">Portable et l\u00e9ger, parfait pour <strong data-start=\"1785\" data-end=\"1828\">ateliers mobiles ou production sur site<\/strong>.<\/p>\n<\/li>\n<\/ul>\n<h4 data-start=\"1833\" data-end=\"1869\"><strong data-start=\"1838\" data-end=\"1869\">Applications recommand\u00e9es :<\/strong><\/h4>\n<ul data-start=\"1870\" data-end=\"2186\">\n<li data-start=\"1870\" data-end=\"1917\">\n<p data-start=\"1872\" data-end=\"1917\"><strong data-start=\"1872\" data-end=\"1914\">Stickers et autocollants personnalis\u00e9s<\/strong>.<\/p>\n<\/li>\n<li data-start=\"1918\" data-end=\"1989\">\n<p data-start=\"1920\" data-end=\"1989\"><strong data-start=\"1920\" data-end=\"1938\">D\u00e9coupe vinyle<\/strong> pour vitrines, v\u00e9hicules, panneaux et enseignes.<\/p>\n<\/li>\n<li data-start=\"1990\" data-end=\"2072\">\n<p data-start=\"1992\" data-end=\"2072\"><strong data-start=\"1992\" data-end=\"2013\">Transfert textile<\/strong> pour t-shirts, casquettes, sacs et objets personnalis\u00e9s.<\/p>\n<\/li>\n<li data-start=\"2073\" data-end=\"2118\">\n<p data-start=\"2075\" data-end=\"2118\"><strong data-start=\"2075\" data-end=\"2106\">Scrapbooking et projets DIY<\/strong> cr\u00e9atifs.<\/p>\n<\/li>\n<li data-start=\"2119\" data-end=\"2186\">\n<p data-start=\"2121\" data-end=\"2186\"><strong data-start=\"2121\" data-end=\"2148\">D\u00e9coration d\u2019\u00e9v\u00e9nements<\/strong> (mariage, anniversaire, publicit\u00e9).<\/p>\n<\/li>\n<\/ul>\n","protected":false},"excerpt":{"rendered":"<ul data-start=\"746\" data-end=\"1458\">\n<li data-start=\"746\" data-end=\"882\">\n<p data-start=\"748\" data-end=\"882\"><strong data-start=\"748\" data-end=\"772\">Format de d\u00e9coupe A3<\/strong> : largeur de travail jusqu\u2019\u00e0 <strong data-start=\"802\" data-end=\"812\">450 mm<\/strong>, id\u00e9al pour vinyle, papier, autocollants, flex, flock et films PVC.<\/p>\n<\/li>\n<li data-start=\"883\" data-end=\"987\">\n<p data-start=\"885\" data-end=\"987\"><strong data-start=\"885\" data-end=\"904\">Haute pr\u00e9cision<\/strong> : d\u00e9coupe parfaite des lettrages, logos, motifs complexes et contours d\u00e9taill\u00e9s.<\/p>\n<\/li>\n<li data-start=\"988\" data-end=\"1092\">\n<p data-start=\"990\" data-end=\"1092\"><strong data-start=\"990\" data-end=\"1013\">Portable et compact<\/strong> : facile \u00e0 transporter et \u00e0 installer dans n\u2019importe quel espace de travail.<\/p>\n<\/li>\n<li data-start=\"1093\" data-end=\"1226\">\n<p data-start=\"1095\" data-end=\"1226\"><strong data-start=\"1095\" data-end=\"1123\">Compatibilit\u00e9 logicielle<\/strong> : fonctionne avec <strong data-start=\"1142\" data-end=\"1191\">CorelDRAW, Illustrator, SignMaster, FlexiSign<\/strong> et autres logiciels de cr\u00e9ation.<\/p>\n<\/li>\n<li data-start=\"1227\" data-end=\"1360\">\n<p data-start=\"1229\" data-end=\"1360\"><strong data-start=\"1229\" data-end=\"1252\">Connectivit\u00e9 simple<\/strong> : connexion <strong data-start=\"1265\" data-end=\"1284\">USB Plug &amp; Play<\/strong>, commandes intuitives, utilisable par d\u00e9butants comme par professionnels.<\/p>\n<\/li>\n<li data-start=\"1361\" data-end=\"1458\">\n<p data-start=\"1363\" data-end=\"1458\"><strong data-start=\"1363\" data-end=\"1383\">Entretien facile<\/strong> : lames interchangeables, robuste et con\u00e7u pour une utilisation durable.<\/p>\n<\/li>\n<\/ul>\n","protected":false},"featured_media":15251,"comment_status":"open","ping_status":"closed","template":"","meta":{"_acf_changed":false,"_monsterinsights_skip_tracking":false,"_monsterinsights_sitenote_active":false,"_monsterinsights_sitenote_note":"","_monsterinsights_sitenote_category":0,"_uf_show_specific_survey":0,"_uf_disable_surveys":false,"_joinchat":[]},"product_brand":[],"product_cat":[384],"product_tag":[],"class_list":{"0":"post-15248","1":"product","2":"type-product","3":"status-publish","4":"has-post-thumbnail","6":"product_cat-fournitures-dimpression","8":"first","9":"instock","10":"sale","11":"shipping-taxable","12":"purchasable","13":"product-type-simple"},"acf":[],"jetpack_sharing_enabled":true,"_links":{"self":[{"href":"https:\/\/digistar.ma\/index.php?rest_route=\/wp\/v2\/product\/15248","targetHints":{"allow":["GET"]}}],"collection":[{"href":"https:\/\/digistar.ma\/index.php?rest_route=\/wp\/v2\/product"}],"about":[{"href":"https:\/\/digistar.ma\/index.php?rest_route=\/wp\/v2\/types\/product"}],"replies":[{"embeddable":true,"href":"https:\/\/digistar.ma\/index.php?rest_route=%2Fwp%2Fv2%2Fcomments&post=15248"}],"version-history":[{"count":1,"href":"https:\/\/digistar.ma\/index.php?rest_route=\/wp\/v2\/product\/15248\/revisions"}],"predecessor-version":[{"id":15257,"href":"https:\/\/digistar.ma\/index.php?rest_route=\/wp\/v2\/product\/15248\/revisions\/15257"}],"wp:featuredmedia":[{"embeddable":true,"href":"https:\/\/digistar.ma\/index.php?rest_route=\/wp\/v2\/media\/15251"}],"wp:attachment":[{"href":"https:\/\/digistar.ma\/index.php?rest_route=%2Fwp%2Fv2%2Fmedia&parent=15248"}],"wp:term":[{"taxonomy":"product_brand","embeddable":true,"href":"https:\/\/digistar.ma\/index.php?rest_route=%2Fwp%2Fv2%2Fproduct_brand&post=15248"},{"taxonomy":"product_cat","embeddable":true,"href":"https:\/\/digistar.ma\/index.php?rest_route=%2Fwp%2Fv2%2Fproduct_cat&post=15248"},{"taxonomy":"product_tag","embeddable":true,"href":"https:\/\/digistar.ma\/index.php?rest_route=%2Fwp%2Fv2%2Fproduct_tag&post=15248"}],"curies":[{"name":"wp","href":"https:\/\/api.w.org\/{rel}","templated":true}]}}