{"id":15340,"date":"2025-10-09T17:46:36","date_gmt":"2025-10-09T17:46:36","guid":{"rendered":"https:\/\/digistar.ma\/?post_type=product&#038;p=15340"},"modified":"2025-10-09T17:46:36","modified_gmt":"2025-10-09T17:46:36","slug":"ecran-interactif-graphique-a-stylet-wacom-cintiq-16-dtk168k0b","status":"publish","type":"product","link":"https:\/\/digistar.ma\/?product=ecran-interactif-graphique-a-stylet-wacom-cintiq-16-dtk168k0b","title":{"rendered":"\u00c9cran interactif graphique \u00e0 stylet Wacom Cintiq 16 DTK168K0B"},"content":{"rendered":"<h4>\u00c9cran interactif graphique \u00e0 stylet Wacom Cintiq 16 DTK168K0B<\/h4>\n<h2 class=\"h2-master\">Performance et pr\u00e9cision au creux de votre main<\/h2>\n<section>Cette tablette graphique\u00a0<strong>Wacom Cintiq\u202f16<\/strong>\u00a0s&#8217;adresse aux cr\u00e9ateurs exigeants qu&#8217;ils soient illustrateurs, graphistes ou amateurs passionn\u00e9s recherchant performances, fiabilit\u00e9 et confort. \u00c9quip\u00e9e d\u2019un \u00e9cran 16&#8243; 2,5\u202fK, elle offre une reproduction fid\u00e8le des couleurs, un stylet Pro\u202fPen\u202f3 (ou 2) sans pile avec 8\u202f192 niveaux de pression pour un contr\u00f4le pr\u00e9cis du trait, le tout dans un format fin et id\u00e9al pour les petits espaces de travail.<\/p>\n<\/section>\n<section>\n<div class=\"desc-image\"><img decoding=\"async\" src=\"https:\/\/media.ldlc.com\/bo\/images\/fiches\/Tablette_graphique\/wacom\/Cintiq_16\/1.jpg\" alt=\"\" \/><\/div>\n<div class=\"desc-text\">\n<h2>\u00c9cran immersif &amp; couleurs \u00e9clatantes<\/h2>\n<p>L\u2019\u00e9cran 15,6&#8243; propose une\u00a0<strong>r\u00e9solution 2\u202f560\u202f\u00d7\u202f1\u202f600 px (2,5\u202fK)<\/strong>\u00a0avec un ratio 16:10 offrant une nettet\u00e9 1,8x sup\u00e9rieure au Full\u202fHD. Il couvre\u00a0<strong>99\u202f% DCI\u2011P3 et 100\u202f% sRGB<\/strong>, assurant des rendus fid\u00e8les, avec une luminosit\u00e9 de 290\u202fcd\/m\u00b2 et un verre textur\u00e9 anti-reflets pour une sensation proche du papier. L\u2019exp\u00e9rience visuelle devient immersive, fid\u00e8le et confortable m\u00eame par fortes luminosit\u00e9s.<\/p>\n<p>Le temps de r\u00e9ponse est rapide (12\u202fms), id\u00e9al pour un retour visuel fluide lors du trac\u00e9. Les technologies d\u2019\u00e9talonnage et de liaison directe r\u00e9duisent le parallaxe \u00e0 quasi z\u00e9ro, pour que chaque trait s\u2019aligne parfaitement avec le stylo.<\/p>\n<\/div>\n<\/section>\n<section>\n<div class=\"desc-text\">\n<h2>pr\u00e9cision et aisance<\/h2>\n<p>Le\u00a0<strong>Wacom Pro\u202fPen\u202f3<\/strong>\u00a0(inclus) est un bijou de r\u00e9activit\u00e9, avec\u00a0<strong>8\u202f192 niveaux de pression<\/strong>\u00a0et d\u00e9tection d\u2019inclinaison jusqu\u2019\u00e0 60\u00b0. Aliment\u00e9 par technologie EMR, il est sans pile, l\u00e9ger et \u00e9quilibr\u00e9, et dispose de trois boutons personnalisables, pour acc\u00e9der \u00e0 vos raccourcis en un geste.<\/p>\n<p>Son ressenti sur la surface textur\u00e9e est fluide et naturel, id\u00e9al pour des sessions prolong\u00e9es. Compatible avec tous les stylos Wacom de la gamme Pro, il s\u2019adapte \u00e0 tous vos usages : dessin, retouche photo, mod\u00e9lisation, avec une pr\u00e9cision professionnelle.<\/p>\n<\/div>\n<div class=\"desc-image\"><img decoding=\"async\" src=\"https:\/\/media.ldlc.com\/bo\/images\/fiches\/Tablette_graphique\/wacom\/Cintiq_16\/2.jpg\" alt=\"\" \/><\/div>\n<\/section>\n<section>\n<div class=\"desc-image\"><img decoding=\"async\" src=\"https:\/\/media.ldlc.com\/bo\/images\/fiches\/Tablette_graphique\/wacom\/Cintiq_16\/3.jpg\" alt=\"\" \/><\/div>\n<div class=\"desc-text\">\n<h2>Design fin et installation simplifi\u00e9e<\/h2>\n<p>Avec seulement\u00a0<strong>15\u202fmm d\u2019\u00e9paisseur<\/strong>\u00a0et\u00a0<strong>2\u202fkg<\/strong>, la Cintiq\u202f16 se glisse dans un espace de travail minimal. Ses\u00a0<strong>pieds int\u00e9gr\u00e9s offrent un angle de travail de 20\u00b0<\/strong>, parfait d\u00e8s la sortie de la bo\u00eete, et un support optionnel permet un ajustement suppl\u00e9mentaire.<\/p>\n<p>Pour un setup \u00e9pur\u00e9, un seul c\u00e2ble USB\u2011C suffit pour le signal et l\u2019alimentation ; sinon, une connexion HDMI + USB\u2011A est \u00e9galement possible via le c\u00e2ble 3\u2011en\u20111 fourni. L\u2019absence de boutons sur le ch\u00e2ssis privil\u00e9gie un design rationalis\u00e9, mais vous pouvez ajouter une ExpressKey Remote selon vos besoins.<\/p>\n<\/div>\n<\/section>\n","protected":false},"excerpt":{"rendered":"<ul>\n<li><strong>\u00c9cran\u202f15,6\u2033 2,5\u202fK (2\u202f560\u202fx\u202f1\u202f600 px) 16:10<\/strong><\/li>\n<li>Couverture couleur\u202f: 99\u202f% DCI\u2011P3 \/ 100\u202f% sRGB<\/li>\n<li>Temps de r\u00e9ponse 12\u202fms<\/li>\n<li><strong>Stylet Wacom Pro\u202fPen\u202f3, 8\u202f192 niveaux de pression, inclinaison 60\u00b0<\/strong><\/li>\n<li>Technologie EMR\u00a0: stylet sans pile<\/li>\n<li>Surface verre grav\u00e9 anti\u2011reflets (texture papier)<\/li>\n<li>Format fin\u202f:\u202f15\u202fmm d\u2019\u00e9paisseur, poids 2\u202fkg<\/li>\n<li>Pieds int\u00e9gr\u00e9s \u00e0 20\u00b0 + support optionnel<\/li>\n<li>Connectique\u202f: USB\u2011C (DP Alt Mode), HDMI + USB\u2011A via c\u00e2ble 3\u2011en\u20111<\/li>\n<li>Compatibilit\u00e9 Windows 7\/macOS 10.12 et ult\u00e9rieurs<\/li>\n<\/ul>\n","protected":false},"featured_media":15341,"comment_status":"open","ping_status":"closed","template":"","meta":{"_acf_changed":false,"_monsterinsights_skip_tracking":false,"_monsterinsights_sitenote_active":false,"_monsterinsights_sitenote_note":"","_monsterinsights_sitenote_category":0,"_uf_show_specific_survey":0,"_uf_disable_surveys":false,"_joinchat":[]},"product_brand":[],"product_cat":[15],"product_tag":[],"class_list":{"0":"post-15340","1":"product","2":"type-product","3":"status-publish","4":"has-post-thumbnail","6":"product_cat-imprimante-scanner","8":"first","9":"instock","10":"sale","11":"shipping-taxable","12":"purchasable","13":"product-type-simple"},"acf":[],"jetpack_sharing_enabled":true,"_links":{"self":[{"href":"https:\/\/digistar.ma\/index.php?rest_route=\/wp\/v2\/product\/15340","targetHints":{"allow":["GET"]}}],"collection":[{"href":"https:\/\/digistar.ma\/index.php?rest_route=\/wp\/v2\/product"}],"about":[{"href":"https:\/\/digistar.ma\/index.php?rest_route=\/wp\/v2\/types\/product"}],"replies":[{"embeddable":true,"href":"https:\/\/digistar.ma\/index.php?rest_route=%2Fwp%2Fv2%2Fcomments&post=15340"}],"version-history":[{"count":1,"href":"https:\/\/digistar.ma\/index.php?rest_route=\/wp\/v2\/product\/15340\/revisions"}],"predecessor-version":[{"id":15347,"href":"https:\/\/digistar.ma\/index.php?rest_route=\/wp\/v2\/product\/15340\/revisions\/15347"}],"wp:featuredmedia":[{"embeddable":true,"href":"https:\/\/digistar.ma\/index.php?rest_route=\/wp\/v2\/media\/15341"}],"wp:attachment":[{"href":"https:\/\/digistar.ma\/index.php?rest_route=%2Fwp%2Fv2%2Fmedia&parent=15340"}],"wp:term":[{"taxonomy":"product_brand","embeddable":true,"href":"https:\/\/digistar.ma\/index.php?rest_route=%2Fwp%2Fv2%2Fproduct_brand&post=15340"},{"taxonomy":"product_cat","embeddable":true,"href":"https:\/\/digistar.ma\/index.php?rest_route=%2Fwp%2Fv2%2Fproduct_cat&post=15340"},{"taxonomy":"product_tag","embeddable":true,"href":"https:\/\/digistar.ma\/index.php?rest_route=%2Fwp%2Fv2%2Fproduct_tag&post=15340"}],"curies":[{"name":"wp","href":"https:\/\/api.w.org\/{rel}","templated":true}]}}