{"id":15453,"date":"2025-11-06T16:09:34","date_gmt":"2025-11-06T16:09:34","guid":{"rendered":"https:\/\/digistar.ma\/?post_type=product&#038;p=15453"},"modified":"2025-11-06T16:09:35","modified_gmt":"2025-11-06T16:09:35","slug":"viewsonic-ls740hd-projecteur-a-focale-standard-5000-ansi-lumens-1080p","status":"publish","type":"product","link":"https:\/\/digistar.ma\/?product=viewsonic-ls740hd-projecteur-a-focale-standard-5000-ansi-lumens-1080p","title":{"rendered":"Viewsonic LS740HD projecteur \u00e0 focale standard 5000 ANSI lumens 1080p"},"content":{"rendered":"<h3>Viewsonic LS740HD projecteur \u00e0 focale standard 5000 ANSI lumens 1080p<\/h3>\n<p>Vid\u00e9oprojecteur laser Full HD &#8211; 5000 Lumens &#8211; HDMI\/USB &#8211; Zoom 1.3x &#8211; 24\/7 &#8211; Orientation 360\u00b0 &#8211; 15 Watts<\/p>\n<section>Le vid\u00e9oprojecteur laser\u00a0<strong>ViewSonic LS740HD<\/strong>\u00a0fait partie de la s\u00e9rie\u00a0<strong>Luminous Superior de ViewSonic<\/strong>, une gamme de vid\u00e9oprojecteurs tr\u00e8s lumineux sans lampe, con\u00e7us pour les espaces commerciaux et \u00e9ducatifs.<\/p>\n<p>Gr\u00e2ce \u00e0 l&#8217;adoption de la technologie de phosphore laser de troisi\u00e8me g\u00e9n\u00e9ration, il d\u00e9livre 5 000 lumens ANSI avec une dur\u00e9e de vie de 30 000 heures, garantissant des images lumineuses et \u00e9clatantes sans remplacement de la lampe. La conception sans lampe constitue une solution \u00e9cologique et rentable, il est aussi l\u00e9g\u00e9 et compact ce qui r\u00e9duit les co\u00fbts de transport.<\/p>\n<p>Avec une projection jusqu&#8217;\u00e0 300 pouces en\u00a0<strong>Full HD 1080p<\/strong>\u00a0et un contraste natif \u00e9lev\u00e9, il convient parfaitement aux salles de conf\u00e9rence, aux amphith\u00e9\u00e2tres et aux espaces publics.<\/p>\n<p>Ce vid\u00e9oprojecteur est dot\u00e9 d&#8217;un zoom optique 1,3x, d&#8217;un trap\u00e8ze H\/V, d&#8217;un r\u00e9glage sur 4 angles, d&#8217;une projection \u00e0 360\u00b0 et d&#8217;un mode portrait pour une installation facile et des applications polyvalentes.<\/p>\n<\/section>\n<section>\n<div class=\"desc-image\"><img decoding=\"async\" src=\"https:\/\/media.ldlc.com\/bo\/images\/fiches\/videoprojecteur\/Viewsonic\/LS740HD\/1.jpg\" alt=\"\" \/><\/div>\n<div class=\"desc-text\">\n<h2>Technologie de phosphore laser 3\u00e8me g\u00e9n\u00e9ration<\/h2>\n<p>Le LS740HD int\u00e8gre la technologie avanc\u00e9e du phosphore laser de 3\u00e8me g\u00e9n\u00e9ration,\u00a0<strong>am\u00e9liorant la luminosit\u00e9 de 20 % et l&#8217;efficacit\u00e9 lumineuse, tout en \u00e9tant 32 % plus compact et plus accessible que la g\u00e9n\u00e9ration pr\u00e9c\u00e9dente<\/strong>.<\/p>\n<p>Sa source lumineuse sans lampe offre une mise sous tension\/hors tension instantan\u00e9e et\u00a0<strong>une dur\u00e9e de vie de 30 000 heures<\/strong>\u00a0sans maintenance, garantissant une qualit\u00e9 d&#8217;image constante m\u00eame pendant les p\u00e9riodes d&#8217;utilisation prolong\u00e9es.<\/p>\n<p>Avec ses\u00a0<strong>5 000 lumens ANSI<\/strong>, le LS740HD offre\u00a0<strong>une projection nette et vibrante en 1080p FHD<\/strong>\u00a0dans toutes les conditions d&#8217;\u00e9clairage pour les auditoriums, les salles de conf\u00e9rence, les lieux publics et autres espaces \u00e9tendus.<\/p>\n<\/div>\n<\/section>\n<section>\n<div class=\"desc-text\">\n<h2>Jusqu&#8217;\u00e0 300\u201d<\/h2>\n<p>Ce vid\u00e9oprojecteur facile \u00e0 installer permet d&#8217;obtenir\u00a0<strong>une taille d&#8217;image allant jusqu&#8217;\u00e0 300 pouces<\/strong>, offrant ainsi un co\u00fbt par pouce inf\u00e9rieur \u00e0 celui d&#8217;autres types d&#8217;\u00e9crans commerciaux.<\/p>\n<p>Le LS740HD est 35 % plus l\u00e9ger et 35 % plus petit que son pr\u00e9d\u00e9cesseur et m\u00eame que la plupart des vid\u00e9oprojecteurs concurrents sur le march\u00e9, ce qui r\u00e9duit consid\u00e9rablement les co\u00fbts de transport et facilite l&#8217;installation.\u200b<\/p>\n<p>Gr\u00e2ce \u00e0 sa source lumineuse avanc\u00e9e sans lampe, le LS740HD offre une solution d&#8217;affichage tr\u00e8s \u00e9conome en \u00e9nergie et en co\u00fbts en consommant jusqu&#8217;\u00e0 51 % d&#8217;\u00e9nergie en moins que les vid\u00e9oprojecteurs concurrents.<\/p>\n<\/div>\n<div class=\"desc-image\"><img decoding=\"async\" src=\"https:\/\/media.ldlc.com\/bo\/images\/fiches\/videoprojecteur\/Viewsonic\/LS740HD\/2.jpg\" alt=\"\" \/><\/div>\n<\/section>\n<section>\n<div class=\"desc-image\"><\/div>\n<div class=\"desc-text\">\n<h2>Flexibilit\u00e9 d&#8217;installation accrue<\/h2>\n<p>Dot\u00e9 d&#8217;un\u00a0<strong>zoom optique 1,3x<\/strong>, le vid\u00e9oprojecteur vous permet de choisir l&#8217;emplacement d&#8217;installation le plus id\u00e9al \u00e0 l&#8217;int\u00e9rieur d&#8217;une zone donn\u00e9e, afin d&#8217;obtenir la taille d&#8217;image souhait\u00e9e sans avoir \u00e0 modifier l&#8217;am\u00e9nagement int\u00e9rieur existant.<\/p>\n<p>La\u00a0<strong>correction horizontale et verticale<\/strong>\u00a0de la distorsion trap\u00e9zo\u00efdale ainsi que les 4 fonctions de r\u00e9glage des angles \u00e9liminent les images tordues ou d\u00e9form\u00e9es pour obtenir \u00e0 chaque fois une image parfaitement proportionn\u00e9e.<\/p>\n<p>De plus,\u00a0le vid\u00e9oprojecteur peut pivoter verticalement \u00e0 n&#8217;importe quel angle, ce qui permet de projeter sur des plafonds, des murs ou des sols. Son mode portrait \u00e9largit encore ses capacit\u00e9s pour la projection de cartes, la mise en sc\u00e8ne et les applications publicitaires cr\u00e9atives.<\/p>\n<\/div>\n<\/section>\n<section>\n<h2>Caract\u00e9ristiques principales :<\/h2>\n<ul>\n<li><strong>Vid\u00e9oprojecteur laser<\/strong><\/li>\n<li><strong>Technologie de phosphore laser de troisi\u00e8me g\u00e9n\u00e9ration avec une dur\u00e9e de vie de 30 000 heures<\/strong><\/li>\n<li>5 000 ANSI Lumens pour des images lumineuses dans tous les environnements<\/li>\n<li>\u00c9cran ultra-large jusqu&#8217;\u00e0 300 pouces avec un co\u00fbt par pouce inf\u00e9rieur<\/li>\n<li>R\u00e9solution : 1920 x 1080 pixels<\/li>\n<li>Taille compacte et poids l\u00e9ger r\u00e9duisant les co\u00fbts de transport et d&#8217;installation<\/li>\n<li>Connectique : HDMI (x2), Jack 3.5 mm, USB<\/li>\n<\/ul>\n<\/section>\n","protected":false},"excerpt":{"rendered":"<ul>\n<li><strong>Vid\u00e9oprojecteur laser<\/strong><\/li>\n<li><strong>Technologie de phosphore laser de troisi\u00e8me g\u00e9n\u00e9ration avec une dur\u00e9e de vie de 30 000 heures<\/strong><\/li>\n<li>5 000 ANSI Lumens pour des images lumineuses dans tous les environnements<\/li>\n<li>\u00c9cran ultra-large jusqu&#8217;\u00e0 300 pouces avec un co\u00fbt par pouce inf\u00e9rieur<\/li>\n<li>R\u00e9solution : 1920 x 1080 pixels<\/li>\n<li>Taille compacte et poids l\u00e9ger r\u00e9duisant les co\u00fbts de transport et d&#8217;installation<\/li>\n<li>Connectique : HDMI (x2), Jack 3.5 mm, USB<\/li>\n<\/ul>\n","protected":false},"featured_media":15454,"comment_status":"open","ping_status":"closed","template":"","meta":{"_acf_changed":false,"_monsterinsights_skip_tracking":false,"_monsterinsights_sitenote_active":false,"_monsterinsights_sitenote_note":"","_monsterinsights_sitenote_category":0,"_uf_show_specific_survey":0,"_uf_disable_surveys":false,"_joinchat":[]},"product_brand":[],"product_cat":[274,340],"product_tag":[],"class_list":{"0":"post-15453","1":"product","2":"type-product","3":"status-publish","4":"has-post-thumbnail","6":"product_cat-videoprojecteur-ecran","7":"product_cat-videoprojecteur","9":"first","10":"instock","11":"sale","12":"shipping-taxable","13":"purchasable","14":"product-type-simple"},"acf":[],"jetpack_sharing_enabled":true,"_links":{"self":[{"href":"https:\/\/digistar.ma\/index.php?rest_route=\/wp\/v2\/product\/15453","targetHints":{"allow":["GET"]}}],"collection":[{"href":"https:\/\/digistar.ma\/index.php?rest_route=\/wp\/v2\/product"}],"about":[{"href":"https:\/\/digistar.ma\/index.php?rest_route=\/wp\/v2\/types\/product"}],"replies":[{"embeddable":true,"href":"https:\/\/digistar.ma\/index.php?rest_route=%2Fwp%2Fv2%2Fcomments&post=15453"}],"version-history":[{"count":1,"href":"https:\/\/digistar.ma\/index.php?rest_route=\/wp\/v2\/product\/15453\/revisions"}],"predecessor-version":[{"id":15459,"href":"https:\/\/digistar.ma\/index.php?rest_route=\/wp\/v2\/product\/15453\/revisions\/15459"}],"wp:featuredmedia":[{"embeddable":true,"href":"https:\/\/digistar.ma\/index.php?rest_route=\/wp\/v2\/media\/15454"}],"wp:attachment":[{"href":"https:\/\/digistar.ma\/index.php?rest_route=%2Fwp%2Fv2%2Fmedia&parent=15453"}],"wp:term":[{"taxonomy":"product_brand","embeddable":true,"href":"https:\/\/digistar.ma\/index.php?rest_route=%2Fwp%2Fv2%2Fproduct_brand&post=15453"},{"taxonomy":"product_cat","embeddable":true,"href":"https:\/\/digistar.ma\/index.php?rest_route=%2Fwp%2Fv2%2Fproduct_cat&post=15453"},{"taxonomy":"product_tag","embeddable":true,"href":"https:\/\/digistar.ma\/index.php?rest_route=%2Fwp%2Fv2%2Fproduct_tag&post=15453"}],"curies":[{"name":"wp","href":"https:\/\/api.w.org\/{rel}","templated":true}]}}