{"id":15826,"date":"2025-12-26T12:07:42","date_gmt":"2025-12-26T12:07:42","guid":{"rendered":"https:\/\/digistar.ma\/?post_type=product&#038;p=15826"},"modified":"2025-12-26T12:07:43","modified_gmt":"2025-12-26T12:07:43","slug":"papier-photo-inkjet-mr-r-glossy-260g-m%c2%b2-10x15-cm-4r-100-sheets","status":"publish","type":"product","link":"https:\/\/digistar.ma\/?product=papier-photo-inkjet-mr-r-glossy-260g-m%c2%b2-10x15-cm-4r-100-sheets","title":{"rendered":"Papier Photo Inkjet MR.R Glossy 260g\/m\u00b2 \u2013 10&#215;15 cm 4R \u2013 100 Sheets"},"content":{"rendered":"<h4>Papier Photo Inkjet MR.R Glossy 260g\/m\u00b2 \u2013 10&#215;15 cm 4R \u2013 100 Sheets<\/h4>\n<p data-start=\"205\" data-end=\"554\">Le papier photo inkjet MR.R Glossy 260g\/m\u00b2 est con\u00e7u pour offrir des impressions photo de haute qualit\u00e9 avec un rendu professionnel.<\/p>\n<p data-start=\"205\" data-end=\"554\">Sa surface brillante High Glossy met en valeur les couleurs, am\u00e9liore le contraste et assure une excellente nettet\u00e9 des d\u00e9tails. Gr\u00e2ce \u00e0 son rev\u00eatement RC microporeux, l\u2019encre s\u00e8che instantan\u00e9ment et r\u00e9siste \u00e0 l\u2019eau.<\/p>\n<p data-start=\"556\" data-end=\"735\">Ce papier photo est compatible avec toutes les imprimantes jet d\u2019encre utilisant des encres \u00e0 base d\u2019eau, ce qui le rend id\u00e9al pour une utilisation personnelle ou professionnelle.<\/p>\n<p data-start=\"556\" data-end=\"735\"><img fetchpriority=\"high\" decoding=\"async\" class=\"alignnone size-medium wp-image-15669\" src=\"https:\/\/digistar.ma\/wp-content\/uploads\/2025\/12\/H8eb632d825424da382c0cd010da10c232-1-300x300.jpg\" alt=\"Le papier photo inkjet MR.R Glossy 260g\/m\u00b2 est con\u00e7u pour offrir des impressions photo de haute qualit\u00e9 avec un rendu professionnel. Sa surface brillante High Glossy met en valeur les couleurs, am\u00e9liore le contraste et assure une excellente nettet\u00e9 des d\u00e9tails. Gr\u00e2ce \u00e0 son rev\u00eatement RC microporeux, l\u2019encre s\u00e8che instantan\u00e9ment et r\u00e9siste \u00e0 l\u2019eau.\n\nCe papier photo est compatible avec toutes les imprimantes jet d\u2019encre utilisant des encres \u00e0 base d\u2019eau, ce qui le rend id\u00e9al pour une utilisation personnelle ou professionnelle.\" width=\"300\" height=\"300\" srcset=\"https:\/\/digistar.ma\/wp-content\/uploads\/2025\/12\/H8eb632d825424da382c0cd010da10c232-1-300x300.jpg 300w, https:\/\/digistar.ma\/wp-content\/uploads\/2025\/12\/H8eb632d825424da382c0cd010da10c232-1-150x150.jpg 150w, https:\/\/digistar.ma\/wp-content\/uploads\/2025\/12\/H8eb632d825424da382c0cd010da10c232-1-768x768.jpg 768w, https:\/\/digistar.ma\/wp-content\/uploads\/2025\/12\/H8eb632d825424da382c0cd010da10c232-1-600x600.jpg 600w, https:\/\/digistar.ma\/wp-content\/uploads\/2025\/12\/H8eb632d825424da382c0cd010da10c232-1-100x100.jpg 100w, https:\/\/digistar.ma\/wp-content\/uploads\/2025\/12\/H8eb632d825424da382c0cd010da10c232-1.jpg 1000w\" sizes=\"(max-width: 300px) 100vw, 300px\" \/><\/p>\n<h3 data-start=\"742\" data-end=\"773\">Caract\u00e9ristiques techniques<\/h3>\n<ul data-start=\"774\" data-end=\"1083\">\n<li data-start=\"774\" data-end=\"791\">\n<p data-start=\"776\" data-end=\"791\">Marque : MR.R<\/p>\n<\/li>\n<li data-start=\"792\" data-end=\"845\">\n<p data-start=\"794\" data-end=\"845\">Type : Papier photo inkjet brillant (High Glossy)<\/p>\n<\/li>\n<li data-start=\"846\" data-end=\"869\">\n<p data-start=\"848\" data-end=\"869\">Grammage : 260 g\/m\u00b2<\/p>\n<\/li>\n<li data-start=\"870\" data-end=\"913\">\n<p data-start=\"872\" data-end=\"913\">Format : 10 x 15 cm (4R \/ 102 x 152 mm)<\/p>\n<\/li>\n<li data-start=\"914\" data-end=\"941\">\n<p data-start=\"916\" data-end=\"941\">Quantit\u00e9 : 100 feuilles<\/p>\n<\/li>\n<li data-start=\"942\" data-end=\"981\">\n<p data-start=\"944\" data-end=\"981\">Rev\u00eatement : RC microporeux premium<\/p>\n<\/li>\n<li data-start=\"982\" data-end=\"1006\">\n<p data-start=\"984\" data-end=\"1006\">S\u00e9chage : Instantan\u00e9<\/p>\n<\/li>\n<li data-start=\"1007\" data-end=\"1034\">\n<p data-start=\"1009\" data-end=\"1034\">R\u00e9sistance : Waterproof<\/p>\n<\/li>\n<li data-start=\"1035\" data-end=\"1083\">\n<p data-start=\"1037\" data-end=\"1083\">Compatibilit\u00e9 : Toutes imprimantes jet d\u2019encre<\/p>\n<\/li>\n<\/ul>\n<h3 data-start=\"1090\" data-end=\"1103\">Avantages<\/h3>\n<ul data-start=\"1104\" data-end=\"1286\">\n<li data-start=\"1104\" data-end=\"1135\">\n<p data-start=\"1106\" data-end=\"1135\">Qualit\u00e9 photo professionnelle<\/p>\n<\/li>\n<li data-start=\"1136\" data-end=\"1171\">\n<p data-start=\"1138\" data-end=\"1171\">Couleurs vives et contraste \u00e9lev\u00e9<\/p>\n<\/li>\n<li data-start=\"1172\" data-end=\"1219\">\n<p data-start=\"1174\" data-end=\"1219\">Surface brillante pour un rendu net et pr\u00e9cis<\/p>\n<\/li>\n<li data-start=\"1220\" data-end=\"1253\">\n<p data-start=\"1222\" data-end=\"1253\">Papier \u00e9pais, rigide et durable<\/p>\n<\/li>\n<li data-start=\"1254\" data-end=\"1286\">\n<p data-start=\"1256\" data-end=\"1286\">Excellente tenue dans le temps<\/p>\n<\/li>\n<\/ul>\n<h3 data-start=\"1293\" data-end=\"1322\">Utilisations recommand\u00e9es<\/h3>\n<ul data-start=\"1323\" data-end=\"1487\">\n<li data-start=\"1323\" data-end=\"1356\">\n<p data-start=\"1325\" data-end=\"1356\">Impression de photos num\u00e9riques<\/p>\n<\/li>\n<li data-start=\"1357\" data-end=\"1392\">\n<p data-start=\"1359\" data-end=\"1392\">Albums photo et tirages souvenirs<\/p>\n<\/li>\n<li data-start=\"1393\" data-end=\"1416\">\n<p data-start=\"1395\" data-end=\"1416\">Cartes personnalis\u00e9es<\/p>\n<\/li>\n<li data-start=\"1417\" data-end=\"1451\">\n<p data-start=\"1419\" data-end=\"1451\">Scrapbooking et projets cr\u00e9atifs<\/p>\n<\/li>\n<li data-start=\"1452\" data-end=\"1487\">\n<p data-start=\"1454\" data-end=\"1487\">Usage domestique et professionnel<\/p>\n<\/li>\n<\/ul>\n","protected":false},"excerpt":{"rendered":"<ul data-start=\"774\" data-end=\"1083\">\n<li data-start=\"774\" data-end=\"791\">\n<p data-start=\"776\" data-end=\"791\">Marque : MR.R<\/p>\n<\/li>\n<li data-start=\"792\" data-end=\"845\">\n<p data-start=\"794\" data-end=\"845\">Type : Papier photo inkjet brillant (High Glossy)<\/p>\n<\/li>\n<li data-start=\"846\" data-end=\"869\">\n<p data-start=\"848\" data-end=\"869\">Grammage : 260 g\/m\u00b2<\/p>\n<\/li>\n<li data-start=\"870\" data-end=\"913\">\n<p data-start=\"872\" data-end=\"913\">Format : 10 x 15 cm (4R \/ 102 x 152 mm)<\/p>\n<\/li>\n<li data-start=\"914\" data-end=\"941\">\n<p data-start=\"916\" data-end=\"941\">Quantit\u00e9 : 100 feuilles<\/p>\n<\/li>\n<li data-start=\"942\" data-end=\"981\">\n<p data-start=\"944\" data-end=\"981\">Rev\u00eatement : RC microporeux premium<\/p>\n<\/li>\n<li data-start=\"982\" data-end=\"1006\">\n<p data-start=\"984\" data-end=\"1006\">S\u00e9chage : Instantan\u00e9<\/p>\n<\/li>\n<li data-start=\"1007\" data-end=\"1034\">\n<p data-start=\"1009\" data-end=\"1034\">R\u00e9sistance : Waterproof<\/p>\n<\/li>\n<li data-start=\"1035\" data-end=\"1083\">\n<p data-start=\"1037\" data-end=\"1083\">Compatibilit\u00e9 : Toutes imprimantes jet d\u2019encre ( Epson, Canon, Brother&#8230; )<\/p>\n<\/li>\n<\/ul>\n","protected":false},"featured_media":15827,"comment_status":"open","ping_status":"closed","template":"","meta":{"_acf_changed":false,"_monsterinsights_skip_tracking":false,"_monsterinsights_sitenote_active":false,"_monsterinsights_sitenote_note":"","_monsterinsights_sitenote_category":0,"_uf_show_specific_survey":0,"_uf_disable_surveys":false,"_joinchat":[]},"product_brand":[],"product_cat":[384,387],"product_tag":[],"class_list":{"0":"post-15826","1":"product","2":"type-product","3":"status-publish","4":"has-post-thumbnail","6":"product_cat-fournitures-dimpression","7":"product_cat-papier-photo","9":"first","10":"instock","11":"sale","12":"shipping-taxable","13":"purchasable","14":"product-type-simple"},"acf":[],"jetpack_sharing_enabled":true,"_links":{"self":[{"href":"https:\/\/digistar.ma\/index.php?rest_route=\/wp\/v2\/product\/15826","targetHints":{"allow":["GET"]}}],"collection":[{"href":"https:\/\/digistar.ma\/index.php?rest_route=\/wp\/v2\/product"}],"about":[{"href":"https:\/\/digistar.ma\/index.php?rest_route=\/wp\/v2\/types\/product"}],"replies":[{"embeddable":true,"href":"https:\/\/digistar.ma\/index.php?rest_route=%2Fwp%2Fv2%2Fcomments&post=15826"}],"version-history":[{"count":1,"href":"https:\/\/digistar.ma\/index.php?rest_route=\/wp\/v2\/product\/15826\/revisions"}],"predecessor-version":[{"id":15828,"href":"https:\/\/digistar.ma\/index.php?rest_route=\/wp\/v2\/product\/15826\/revisions\/15828"}],"wp:featuredmedia":[{"embeddable":true,"href":"https:\/\/digistar.ma\/index.php?rest_route=\/wp\/v2\/media\/15827"}],"wp:attachment":[{"href":"https:\/\/digistar.ma\/index.php?rest_route=%2Fwp%2Fv2%2Fmedia&parent=15826"}],"wp:term":[{"taxonomy":"product_brand","embeddable":true,"href":"https:\/\/digistar.ma\/index.php?rest_route=%2Fwp%2Fv2%2Fproduct_brand&post=15826"},{"taxonomy":"product_cat","embeddable":true,"href":"https:\/\/digistar.ma\/index.php?rest_route=%2Fwp%2Fv2%2Fproduct_cat&post=15826"},{"taxonomy":"product_tag","embeddable":true,"href":"https:\/\/digistar.ma\/index.php?rest_route=%2Fwp%2Fv2%2Fproduct_tag&post=15826"}],"curies":[{"name":"wp","href":"https:\/\/api.w.org\/{rel}","templated":true}]}}