{"id":15829,"date":"2025-12-26T12:26:34","date_gmt":"2025-12-26T12:26:34","guid":{"rendered":"https:\/\/digistar.ma\/?post_type=product&#038;p=15829"},"modified":"2025-12-26T12:39:53","modified_gmt":"2025-12-26T12:39:53","slug":"papier-photo-inkjet-mr-r-glossy-260g-m%c2%b2-13x18-cm-5r-100-feuilles","status":"publish","type":"product","link":"https:\/\/digistar.ma\/?product=papier-photo-inkjet-mr-r-glossy-260g-m%c2%b2-13x18-cm-5r-100-feuilles","title":{"rendered":"Papier Photo Inkjet MR.R Glossy 260g\/m\u00b2 \u2013 13&#215;18 cm 5R \u2013 100 Feuilles"},"content":{"rendered":"<h3>Papier Photo Inkjet MR.R Glossy 260g\/m\u00b2 \u2013 13&#215;18 cm 5R \u2013 100 Feuilles<\/h3>\n<p data-start=\"254\" data-end=\"640\">Le papier photo inkjet MR.R Glossy 260g\/m\u00b2 est con\u00e7u pour offrir une qualit\u00e9 d\u2019impression photo professionnelle avec une finition brillante haute d\u00e9finition. Sa surface High Glossy assure un rendu net, des couleurs \u00e9clatantes et un excellent contraste.<\/p>\n<p data-start=\"254\" data-end=\"640\">Gr\u00e2ce \u00e0 son rev\u00eatement RC microporeux premium, l\u2019encre p\u00e9n\u00e8tre rapidement pour un s\u00e9chage instantan\u00e9 et une bonne r\u00e9sistance \u00e0 l\u2019eau.<\/p>\n<p data-start=\"642\" data-end=\"830\">Compatible avec toutes les imprimantes jet d\u2019encre utilisant des encres dye et pigment, ce papier photo est id\u00e9al pour les albums photo, tirages souvenirs et impressions de qualit\u00e9 studio.<\/p>\n<p><img fetchpriority=\"high\" decoding=\"async\" class=\" wp-image-15830\" src=\"https:\/\/digistar.ma\/wp-content\/uploads\/2025\/12\/Papier-Photo-RC-High-Glossy-InkJet-240gsm-2-300x300.jpg\" alt=\"Papier Photo Inkjet MR.R Glossy 260g\/m\u00b2 \u2013 13x18 cm 5R \u2013 100 Feuilles\" width=\"301\" height=\"301\" srcset=\"https:\/\/digistar.ma\/wp-content\/uploads\/2025\/12\/Papier-Photo-RC-High-Glossy-InkJet-240gsm-2-300x300.jpg 300w, https:\/\/digistar.ma\/wp-content\/uploads\/2025\/12\/Papier-Photo-RC-High-Glossy-InkJet-240gsm-2-1024x1024.jpg 1024w, https:\/\/digistar.ma\/wp-content\/uploads\/2025\/12\/Papier-Photo-RC-High-Glossy-InkJet-240gsm-2-150x150.jpg 150w, https:\/\/digistar.ma\/wp-content\/uploads\/2025\/12\/Papier-Photo-RC-High-Glossy-InkJet-240gsm-2-768x768.jpg 768w, https:\/\/digistar.ma\/wp-content\/uploads\/2025\/12\/Papier-Photo-RC-High-Glossy-InkJet-240gsm-2-600x600.jpg 600w, https:\/\/digistar.ma\/wp-content\/uploads\/2025\/12\/Papier-Photo-RC-High-Glossy-InkJet-240gsm-2-100x100.jpg 100w, https:\/\/digistar.ma\/wp-content\/uploads\/2025\/12\/Papier-Photo-RC-High-Glossy-InkJet-240gsm-2.jpg 1080w\" sizes=\"(max-width: 301px) 100vw, 301px\" \/><\/p>\n<h3 data-start=\"837\" data-end=\"868\">Caract\u00e9ristiques techniques<\/h3>\n<ul data-start=\"869\" data-end=\"1268\">\n<li data-start=\"869\" data-end=\"886\">\n<p data-start=\"871\" data-end=\"886\">Marque : MR.R<\/p>\n<\/li>\n<li data-start=\"887\" data-end=\"938\">\n<p data-start=\"889\" data-end=\"938\">Type : Papier photo inkjet brillant High Glossy<\/p>\n<\/li>\n<li data-start=\"939\" data-end=\"962\">\n<p data-start=\"941\" data-end=\"962\">Grammage : 260 g\/m\u00b2<\/p>\n<\/li>\n<li data-start=\"963\" data-end=\"1006\">\n<p data-start=\"965\" data-end=\"1006\">Format : 13 x 18 cm (5R \/ 127 x 178 mm)<\/p>\n<\/li>\n<li data-start=\"1007\" data-end=\"1034\">\n<p data-start=\"1009\" data-end=\"1034\">Quantit\u00e9 : 100 feuilles<\/p>\n<\/li>\n<li data-start=\"1035\" data-end=\"1074\">\n<p data-start=\"1037\" data-end=\"1074\">Rev\u00eatement : RC microporeux premium<\/p>\n<\/li>\n<li data-start=\"1075\" data-end=\"1126\">\n<p data-start=\"1077\" data-end=\"1126\">Surface : Lisse avec finition brillante satin\u00e9e<\/p>\n<\/li>\n<li data-start=\"1127\" data-end=\"1151\">\n<p data-start=\"1129\" data-end=\"1151\">S\u00e9chage : Instantan\u00e9<\/p>\n<\/li>\n<li data-start=\"1152\" data-end=\"1179\">\n<p data-start=\"1154\" data-end=\"1179\">R\u00e9sistance : Waterproof<\/p>\n<\/li>\n<li data-start=\"1180\" data-end=\"1230\">\n<p data-start=\"1182\" data-end=\"1230\">Compatibilit\u00e9 : Toutes imprimantes jet d\u2019encre<\/p>\n<\/li>\n<li data-start=\"1231\" data-end=\"1268\">\n<p data-start=\"1233\" data-end=\"1268\">Encres compatibles : Dye et Pigment<\/p>\n<\/li>\n<\/ul>\n<h3 data-start=\"1275\" data-end=\"1288\">Avantages<\/h3>\n<ul data-start=\"1289\" data-end=\"1495\">\n<li data-start=\"1289\" data-end=\"1343\">\n<p data-start=\"1291\" data-end=\"1343\">Qualit\u00e9 photo professionnelle pour albums et tirages<\/p>\n<\/li>\n<li data-start=\"1344\" data-end=\"1372\">\n<p data-start=\"1346\" data-end=\"1372\">Couleurs riches et fid\u00e8les<\/p>\n<\/li>\n<li data-start=\"1373\" data-end=\"1420\">\n<p data-start=\"1375\" data-end=\"1420\">Surface brillante pour une excellente nettet\u00e9<\/p>\n<\/li>\n<li data-start=\"1421\" data-end=\"1446\">\n<p data-start=\"1423\" data-end=\"1446\">Papier \u00e9pais et durable<\/p>\n<\/li>\n<li data-start=\"1447\" data-end=\"1495\">\n<p data-start=\"1449\" data-end=\"1495\">Convient \u00e0 un usage personnel et professionnel<\/p>\n<\/li>\n<\/ul>\n<h3 data-start=\"1502\" data-end=\"1531\">Utilisations recommand\u00e9es<\/h3>\n<ul data-start=\"1532\" data-end=\"1709\">\n<li data-start=\"1532\" data-end=\"1565\">\n<p data-start=\"1534\" data-end=\"1565\">Impression de photos num\u00e9riques<\/p>\n<\/li>\n<li data-start=\"1566\" data-end=\"1591\">\n<p data-start=\"1568\" data-end=\"1591\">Tirages photo format 5R<\/p>\n<\/li>\n<li data-start=\"1592\" data-end=\"1616\">\n<p data-start=\"1594\" data-end=\"1616\">Albums photo et cadres<\/p>\n<\/li>\n<li data-start=\"1617\" data-end=\"1661\">\n<p data-start=\"1619\" data-end=\"1661\">Projets cr\u00e9atifs et impressions graphiques<\/p>\n<\/li>\n<li data-start=\"1662\" data-end=\"1709\">\n<p data-start=\"1664\" data-end=\"1709\">Usage domestique, studio photo et bureautique<\/p>\n<\/li>\n<\/ul>\n","protected":false},"excerpt":{"rendered":"<ul data-start=\"869\" data-end=\"1268\">\n<li data-start=\"869\" data-end=\"886\">\n<p data-start=\"871\" data-end=\"886\">Marque : MR.R<\/p>\n<\/li>\n<li data-start=\"887\" data-end=\"938\">\n<p data-start=\"889\" data-end=\"938\">Type : Papier photo inkjet brillant High Glossy<\/p>\n<\/li>\n<li data-start=\"939\" data-end=\"962\">\n<p data-start=\"941\" data-end=\"962\">Grammage : 260 g\/m\u00b2<\/p>\n<\/li>\n<li data-start=\"963\" data-end=\"1006\">\n<p data-start=\"965\" data-end=\"1006\">Format : 13 x 18 cm (5R \/ 127 x 178 mm)<\/p>\n<\/li>\n<li data-start=\"1007\" data-end=\"1034\">\n<p data-start=\"1009\" data-end=\"1034\">Quantit\u00e9 : 100 feuilles<\/p>\n<\/li>\n<li data-start=\"1035\" data-end=\"1074\">\n<p data-start=\"1037\" data-end=\"1074\">Rev\u00eatement : RC microporeux premium<\/p>\n<\/li>\n<li data-start=\"1075\" data-end=\"1126\">\n<p data-start=\"1077\" data-end=\"1126\">Surface : Lisse avec finition brillante satin\u00e9e<\/p>\n<\/li>\n<li data-start=\"1127\" data-end=\"1151\">\n<p data-start=\"1129\" data-end=\"1151\">S\u00e9chage : Instantan\u00e9<\/p>\n<\/li>\n<li data-start=\"1152\" data-end=\"1179\">\n<p data-start=\"1154\" data-end=\"1179\">R\u00e9sistance : Waterproof<\/p>\n<\/li>\n<li data-start=\"1180\" data-end=\"1230\">\n<p data-start=\"1182\" data-end=\"1230\">Compatibilit\u00e9 : Toutes imprimantes jet d\u2019encre<\/p>\n<\/li>\n<li data-start=\"1231\" data-end=\"1268\">\n<p data-start=\"1233\" data-end=\"1268\">Encres compatibles : Dye et Pigment<\/p>\n<\/li>\n<\/ul>\n","protected":false},"featured_media":15830,"comment_status":"open","ping_status":"closed","template":"","meta":{"_acf_changed":false,"_monsterinsights_skip_tracking":false,"_monsterinsights_sitenote_active":false,"_monsterinsights_sitenote_note":"","_monsterinsights_sitenote_category":0,"_uf_show_specific_survey":0,"_uf_disable_surveys":false,"_joinchat":[]},"product_brand":[],"product_cat":[384,387],"product_tag":[],"class_list":{"0":"post-15829","1":"product","2":"type-product","3":"status-publish","4":"has-post-thumbnail","6":"product_cat-fournitures-dimpression","7":"product_cat-papier-photo","9":"first","10":"instock","11":"sale","12":"shipping-taxable","13":"purchasable","14":"product-type-simple"},"acf":[],"jetpack_sharing_enabled":true,"_links":{"self":[{"href":"https:\/\/digistar.ma\/index.php?rest_route=\/wp\/v2\/product\/15829","targetHints":{"allow":["GET"]}}],"collection":[{"href":"https:\/\/digistar.ma\/index.php?rest_route=\/wp\/v2\/product"}],"about":[{"href":"https:\/\/digistar.ma\/index.php?rest_route=\/wp\/v2\/types\/product"}],"replies":[{"embeddable":true,"href":"https:\/\/digistar.ma\/index.php?rest_route=%2Fwp%2Fv2%2Fcomments&post=15829"}],"version-history":[{"count":2,"href":"https:\/\/digistar.ma\/index.php?rest_route=\/wp\/v2\/product\/15829\/revisions"}],"predecessor-version":[{"id":15834,"href":"https:\/\/digistar.ma\/index.php?rest_route=\/wp\/v2\/product\/15829\/revisions\/15834"}],"wp:featuredmedia":[{"embeddable":true,"href":"https:\/\/digistar.ma\/index.php?rest_route=\/wp\/v2\/media\/15830"}],"wp:attachment":[{"href":"https:\/\/digistar.ma\/index.php?rest_route=%2Fwp%2Fv2%2Fmedia&parent=15829"}],"wp:term":[{"taxonomy":"product_brand","embeddable":true,"href":"https:\/\/digistar.ma\/index.php?rest_route=%2Fwp%2Fv2%2Fproduct_brand&post=15829"},{"taxonomy":"product_cat","embeddable":true,"href":"https:\/\/digistar.ma\/index.php?rest_route=%2Fwp%2Fv2%2Fproduct_cat&post=15829"},{"taxonomy":"product_tag","embeddable":true,"href":"https:\/\/digistar.ma\/index.php?rest_route=%2Fwp%2Fv2%2Fproduct_tag&post=15829"}],"curies":[{"name":"wp","href":"https:\/\/api.w.org\/{rel}","templated":true}]}}