{"id":15880,"date":"2025-12-30T17:00:23","date_gmt":"2025-12-30T17:00:23","guid":{"rendered":"https:\/\/digistar.ma\/?post_type=product&#038;p=15880"},"modified":"2025-12-30T17:04:16","modified_gmt":"2025-12-30T17:04:16","slug":"tablette-graphique-a-stylet-wacom-one-petite-bluetooth-ctc4110wlw2b","status":"publish","type":"product","link":"https:\/\/digistar.ma\/?product=tablette-graphique-a-stylet-wacom-one-petite-bluetooth-ctc4110wlw2b","title":{"rendered":"Tablette Graphique \u00e0 stylet Wacom One Petite Bluetooth CTC4110WLW2B"},"content":{"rendered":"<h2>Tablette Graphique \u00e0 stylet Wacom One Petite Bluetooth CTC4110WLW2B<\/h2>\n<h2 class=\"h2-master\">Un atout de poids pour les cr\u00e9ations digitales<\/h2>\n<section>Lib\u00e9rez votre cr\u00e9ativit\u00e9 num\u00e9rique sans effort avec la tablette graphique Wacom One S, compacte et polyvalente. Cette tablette dispose d&#8217;une connexion sans fil pour vous lib\u00e9rer des c\u00e2bles. Avec un design fin et jusqu&#8217;\u00e0 15 heures d&#8217;autonomie de batterie, les Wacom One S sont parfaitement nomades. Avec les Wacom One S, les possibilit\u00e9s sont infinies : exprimez votre cr\u00e9ativit\u00e9 d&#8217;une mani\u00e8re \u00e0 la fois personnelle et unique.<\/section>\n<section>\n<div class=\"desc-image\"><img decoding=\"async\" src=\"https:\/\/media.ldlc.com\/bo\/images\/fiches\/Tablette_graphique\/wacom\/One\/2023\/one_sm801.jpg\" alt=\"\" \/><\/div>\n<div class=\"desc-text\">\n<h2>D\u00e9marrage facile et rapide<\/h2>\n<p>Avec cette tablette, l&#8217;objectif de Wacom est de faciliter au maximum votre passage \u00e0 la cr\u00e9ativit\u00e9 num\u00e9rique. Vous pouvez connecter votre tablette \u00e0 stylet Wacom One \u00e0 l&#8217;aide d&#8217;un seul c\u00e2ble ou via Bluetooth et commencer votre cr\u00e9ativit\u00e9 imm\u00e9diatement.<\/p>\n<p>Les pilotes seront install\u00e9s automatiquement (fonction non disponible pour Mac OS) et vous pourrez profiter d&#8217;une v\u00e9ritable exp\u00e9rience plug\/connect &amp; play. Utilisez le stylet comme vous en avez l&#8217;habitude sur le papier ou la toile et commencez \u00e0 dessiner, \u00e0 griffonner, \u00e0 prendre des notes et bien d&#8217;autres choses encore.<\/p>\n<p>Pour vous faciliter la t\u00e2che, le programme Wacom Adventure propose de nombreuses vid\u00e9os d&#8217;initiation, des versions d&#8217;essai gratuites des logiciels et d&#8217;autres avantages exclusifs.<\/p>\n<\/div>\n<\/section>\n<section>\n<div class=\"desc-text\">\n<h2>Un stylet performant<\/h2>\n<p>La tablette \u00e0 stylet Wacom One a \u00e9t\u00e9 con\u00e7ue pour les d\u00e9butants cr\u00e9atifs, tout en offrant des caract\u00e9ristiques techniques impressionnantes. Les mod\u00e8les Wacom One S et M se distinguent par leur design compact. Avec une \u00e9paisseur de seulement 7,9 mm et une batterie rechargeable int\u00e9gr\u00e9e, votre nouvelle tablette \u00e0 stylet devient votre compagnon quotidien. Gr\u00e2ce \u00e0 la technologie Bluetooth et \u00e0 un stylet sans pile, il est pr\u00eat \u00e0 l&#8217;emploi en un rien de temps.<\/p>\n<p>En outre, le stylet standard Wacom One offre un maximum de pr\u00e9cision et de confort. Le stylet standard Wacom One reproduit l&#8217;exp\u00e9rience de l&#8217;utilisation d&#8217;un stylet classique sur du papier, avec la sensibilit\u00e9 \u00e0 la pression et la d\u00e9tection de l&#8217;inclinaison, mais sans le souci de manquer d&#8217;encre. En outre, il est dot\u00e9 de deux boutons programmables que vous pouvez personnaliser, ce qui vous permet d&#8217;acc\u00e9der rapidement et facilement \u00e0 des raccourcis et de rationaliser votre flux de travail.<\/p>\n<\/div>\n<\/section>\n<p>&nbsp;<\/p>\n","protected":false},"excerpt":{"rendered":"<p>Tablette graphique \u00e9quip\u00e9e d&#8217;un stylet sensible \u00e0 la pression<br \/>\nSurface active: 52 x 95 mm (\u00e9quivalent A6)<br \/>\nStylet: sensible \u00e0 la pression, sans fil et sans pile &#8211; vitesse: 240 pps<br \/>\nR\u00e9solution:\u00a02540 lpi &#8211; Niveaux de pression: 4096<br \/>\nTaille de la tablette : 188 x 141 x 8 mm &#8211; Poids: 200 g<br \/>\nConnectivit\u00e9 : 1 x USB Type C, Bluetooth 5.1<\/p>\n","protected":false},"featured_media":15884,"comment_status":"open","ping_status":"closed","template":"","meta":{"_acf_changed":false,"_monsterinsights_skip_tracking":false,"_monsterinsights_sitenote_active":false,"_monsterinsights_sitenote_note":"","_monsterinsights_sitenote_category":0,"_uf_show_specific_survey":0,"_uf_disable_surveys":false,"_joinchat":[]},"product_brand":[],"product_cat":[245],"product_tag":[],"class_list":{"0":"post-15880","1":"product","2":"type-product","3":"status-publish","4":"has-post-thumbnail","6":"product_cat-tablette-graphique","8":"first","9":"instock","10":"sale","11":"shipping-taxable","12":"purchasable","13":"product-type-simple"},"acf":[],"jetpack_sharing_enabled":true,"_links":{"self":[{"href":"https:\/\/digistar.ma\/index.php?rest_route=\/wp\/v2\/product\/15880","targetHints":{"allow":["GET"]}}],"collection":[{"href":"https:\/\/digistar.ma\/index.php?rest_route=\/wp\/v2\/product"}],"about":[{"href":"https:\/\/digistar.ma\/index.php?rest_route=\/wp\/v2\/types\/product"}],"replies":[{"embeddable":true,"href":"https:\/\/digistar.ma\/index.php?rest_route=%2Fwp%2Fv2%2Fcomments&post=15880"}],"version-history":[{"count":2,"href":"https:\/\/digistar.ma\/index.php?rest_route=\/wp\/v2\/product\/15880\/revisions"}],"predecessor-version":[{"id":15887,"href":"https:\/\/digistar.ma\/index.php?rest_route=\/wp\/v2\/product\/15880\/revisions\/15887"}],"wp:featuredmedia":[{"embeddable":true,"href":"https:\/\/digistar.ma\/index.php?rest_route=\/wp\/v2\/media\/15884"}],"wp:attachment":[{"href":"https:\/\/digistar.ma\/index.php?rest_route=%2Fwp%2Fv2%2Fmedia&parent=15880"}],"wp:term":[{"taxonomy":"product_brand","embeddable":true,"href":"https:\/\/digistar.ma\/index.php?rest_route=%2Fwp%2Fv2%2Fproduct_brand&post=15880"},{"taxonomy":"product_cat","embeddable":true,"href":"https:\/\/digistar.ma\/index.php?rest_route=%2Fwp%2Fv2%2Fproduct_cat&post=15880"},{"taxonomy":"product_tag","embeddable":true,"href":"https:\/\/digistar.ma\/index.php?rest_route=%2Fwp%2Fv2%2Fproduct_tag&post=15880"}],"curies":[{"name":"wp","href":"https:\/\/api.w.org\/{rel}","templated":true}]}}