{"id":16209,"date":"2026-02-22T14:32:23","date_gmt":"2026-02-22T14:32:23","guid":{"rendered":"https:\/\/digistar.ma\/?post_type=product&#038;p=16209"},"modified":"2026-02-22T14:33:12","modified_gmt":"2026-02-22T14:33:12","slug":"cartouche-de-maintenance-compatible-mc-g04-pour-imprimantes-canon-megatank","status":"publish","type":"product","link":"https:\/\/digistar.ma\/?product=cartouche-de-maintenance-compatible-mc-g04-pour-imprimantes-canon-megatank","title":{"rendered":"Cartouche de maintenance compatible MC-G04 pour imprimantes Canon MegaTank"},"content":{"rendered":"<h4>Cartouche de maintenance compatible MC-G04 pour imprimantes Canon MegaTank<\/h4>\n<p>Cartouche de maintenance MC-G04 compatible Canon G3430 G2430 G3470 | Maintenance imprimante MegaTank<\/p>\n<p data-start=\"840\" data-end=\"1204\">La cartouche de maintenance compatible MC-G04 est un composant indispensable pour garantir le bon fonctionnement des imprimantes <span class=\"hover:entity-accent entity-underline inline cursor-pointer align-baseline\"><span class=\"whitespace-normal\">Canon<\/span><\/span> MegaTank. Elle r\u00e9cup\u00e8re l\u2019encre usag\u00e9e g\u00e9n\u00e9r\u00e9e lors des cycles automatiques de nettoyage et pendant l\u2019impression, \u00e9vitant toute accumulation interne pouvant affecter les performances de l\u2019appareil.<\/p>\n<p data-start=\"1206\" data-end=\"1514\">Cette maintenance box permet de pr\u00e9server la qualit\u00e9 d\u2019impression, de prot\u00e9ger les composants internes et d\u2019assurer une utilisation fiable sur le long terme. Con\u00e7ue pour un remplacement simple et rapide, elle permet de maintenir votre imprimante en parfait \u00e9tat de fonctionnement sans intervention technique.<\/p>\n<p data-start=\"1516\" data-end=\"1694\">Solution id\u00e9ale pour les utilisateurs professionnels et particuliers recherchant une maintenance efficace, une impression propre et une dur\u00e9e de vie prolong\u00e9e de leur imprimante.<\/p>\n<h2 data-start=\"1889\" data-end=\"1914\">Avantages principaux<\/h2>\n<p data-start=\"1916\" data-end=\"2205\">\u2022 Collecte efficacement l\u2019encre usag\u00e9e et prot\u00e8ge l\u2019imprimante<br data-start=\"1978\" data-end=\"1981\" \/>\u2022 Maintient une qualit\u00e9 d\u2019impression stable et professionnelle<br data-start=\"2043\" data-end=\"2046\" \/>\u2022 Installation simple et rapide sans outil<br data-start=\"2088\" data-end=\"2091\" \/>\u2022 R\u00e9duit les risques de dysfonctionnement li\u00e9s \u00e0 l\u2019encre r\u00e9siduelle<br data-start=\"2158\" data-end=\"2161\" \/>\u2022 Prolonge la dur\u00e9e de vie de l\u2019imprimante<\/p>\n","protected":false},"excerpt":{"rendered":"<ul>\n<li>Cartouche de maintenance rempla\u00e7able par l&#8217;utilisateur qui r\u00e9duit le besoin d&#8217;un service technique<\/li>\n<li>Garantit une impression de haute qualit\u00e9 et un fonctionnement fluide de l&#8217;imprimante<\/li>\n<li>Absorbe l&#8217;encre utilis\u00e9e pour les op\u00e9rations de nettoyage de la t\u00eate d&#8217;impression<\/li>\n<li>Capture l&#8217;exc\u00e8s d&#8217;encre pulv\u00e9ris\u00e9e pendant l&#8217;impression<\/li>\n<li>Compatibilit\u00e9 : PIXMA G2570 \/ PIXMA G2470 \/ PIXMA G4570 \/ PIXMA G4470 \/ PIXMA G1530 \/ PIXMA G1430 \/ PIXMA G3571 \/ PIXMA G3471 \/ PIXMA G3572 \/ PIXMA G3472 \/ PIXMA G3570 \/ PIXMA G3470 \/ PIXMA G2430 \/ PIXMA G3430 &#8230;.<\/li>\n<\/ul>\n","protected":false},"featured_media":16212,"comment_status":"open","ping_status":"closed","template":"","meta":{"_acf_changed":false,"_monsterinsights_skip_tracking":false,"_monsterinsights_sitenote_active":false,"_monsterinsights_sitenote_note":"","_monsterinsights_sitenote_category":0,"_uf_show_specific_survey":0,"_uf_disable_surveys":false,"_joinchat":[]},"product_brand":[],"product_cat":[238,251,247],"product_tag":[],"class_list":{"0":"post-16209","1":"product","2":"type-product","3":"status-publish","4":"has-post-thumbnail","6":"product_cat-consommables","7":"product_cat-bouteille-dencre","8":"product_cat-cartouche-dencre","10":"first","11":"instock","12":"sale","13":"shipping-taxable","14":"purchasable","15":"product-type-simple"},"acf":[],"jetpack_sharing_enabled":true,"_links":{"self":[{"href":"https:\/\/digistar.ma\/index.php?rest_route=\/wp\/v2\/product\/16209","targetHints":{"allow":["GET"]}}],"collection":[{"href":"https:\/\/digistar.ma\/index.php?rest_route=\/wp\/v2\/product"}],"about":[{"href":"https:\/\/digistar.ma\/index.php?rest_route=\/wp\/v2\/types\/product"}],"replies":[{"embeddable":true,"href":"https:\/\/digistar.ma\/index.php?rest_route=%2Fwp%2Fv2%2Fcomments&post=16209"}],"version-history":[{"count":2,"href":"https:\/\/digistar.ma\/index.php?rest_route=\/wp\/v2\/product\/16209\/revisions"}],"predecessor-version":[{"id":16222,"href":"https:\/\/digistar.ma\/index.php?rest_route=\/wp\/v2\/product\/16209\/revisions\/16222"}],"wp:featuredmedia":[{"embeddable":true,"href":"https:\/\/digistar.ma\/index.php?rest_route=\/wp\/v2\/media\/16212"}],"wp:attachment":[{"href":"https:\/\/digistar.ma\/index.php?rest_route=%2Fwp%2Fv2%2Fmedia&parent=16209"}],"wp:term":[{"taxonomy":"product_brand","embeddable":true,"href":"https:\/\/digistar.ma\/index.php?rest_route=%2Fwp%2Fv2%2Fproduct_brand&post=16209"},{"taxonomy":"product_cat","embeddable":true,"href":"https:\/\/digistar.ma\/index.php?rest_route=%2Fwp%2Fv2%2Fproduct_cat&post=16209"},{"taxonomy":"product_tag","embeddable":true,"href":"https:\/\/digistar.ma\/index.php?rest_route=%2Fwp%2Fv2%2Fproduct_tag&post=16209"}],"curies":[{"name":"wp","href":"https:\/\/api.w.org\/{rel}","templated":true}]}}