{"id":16233,"date":"2026-02-22T17:43:23","date_gmt":"2026-02-22T17:43:23","guid":{"rendered":"https:\/\/digistar.ma\/?post_type=product&#038;p=16233"},"modified":"2026-02-22T17:43:24","modified_gmt":"2026-02-22T17:43:24","slug":"puce-chip-c9345-maintenance-box-epson-l18050-l8050-l8100-l8160-sc-d500-l15150","status":"publish","type":"product","link":"https:\/\/digistar.ma\/?product=puce-chip-c9345-maintenance-box-epson-l18050-l8050-l8100-l8160-sc-d500-l15150","title":{"rendered":"Puce Chip C9345 maintenance box Epson L18050 L8050 L8100 L8160 SC-D500 L15150"},"content":{"rendered":"<h4>Puce Chip C9345 maintenance box Epson L18050 L8050 L8100 L8160 SC-D500 L15150<\/h4>\n<p data-start=\"632\" data-end=\"897\">La puce Chip C9345 est con\u00e7ue pour r\u00e9initialiser la bo\u00eete de maintenance des imprimantes <span class=\"hover:entity-accent entity-underline inline cursor-pointer align-baseline\"><span class=\"whitespace-normal\">Epson<\/span><\/span> compatibles. Elle permet de remettre \u00e0 z\u00e9ro le compteur de la maintenance box lorsque celle-ci est reconnue comme pleine par l\u2019imprimante.<\/p>\n<p data-start=\"899\" data-end=\"1201\">Cette solution pratique et \u00e9conomique permet de prolonger l\u2019utilisation de la bo\u00eete de maintenance et d\u2019\u00e9viter les interruptions d\u2019impression li\u00e9es au blocage du syst\u00e8me. Facile \u00e0 installer, la puce C9345 assure un fonctionnement fluide de l\u2019imprimante et permet de maintenir une productivit\u00e9 continue.<\/p>\n<p data-start=\"1203\" data-end=\"1407\">Id\u00e9ale pour les professionnels de l\u2019impression, laboratoires photo, entreprises et utilisateurs intensifs souhaitant optimiser la maintenance de leur imprimante tout en r\u00e9duisant les co\u00fbts d\u2019exploitation.<\/p>\n<h3 data-start=\"1203\" data-end=\"1407\">Avantages principaux<\/h3>\n<p data-start=\"1203\" data-end=\"1407\">\u2022 R\u00e9initialise le compteur de la bo\u00eete de maintenance<br data-start=\"1749\" data-end=\"1752\" \/>\u2022 Permet de continuer l\u2019impression sans blocage syst\u00e8me<br data-start=\"1807\" data-end=\"1810\" \/>\u2022 Installation simple et rapide<br data-start=\"1841\" data-end=\"1844\" \/>\u2022 Solution \u00e9conomique pour la maintenance imprimante<br data-start=\"1896\" data-end=\"1899\" \/>\u2022 Compatible avec plusieurs mod\u00e8les professionnels et photo<\/p>\n<h3 data-start=\"1445\" data-end=\"1484\">Compatible notamment avec les mod\u00e8les :<\/h3>\n<p data-start=\"1486\" data-end=\"1662\">Epson L18050<br data-start=\"1498\" data-end=\"1501\" \/>Epson L8050<br data-start=\"1512\" data-end=\"1515\" \/>Epson L8100<br data-start=\"1526\" data-end=\"1529\" \/>Epson L8160<br data-start=\"1540\" data-end=\"1543\" \/>Epson SC-D500<br data-start=\"1556\" data-end=\"1559\" \/>Epson L11050<br data-start=\"1571\" data-end=\"1574\" \/>Epson L15150<br data-start=\"1586\" data-end=\"1589\" \/>Epson L15160<br data-start=\"1601\" data-end=\"1604\" \/>Et autres imprimantes utilisant la puce maintenance C9345.<\/p>\n","protected":false},"excerpt":{"rendered":"<p data-start=\"1445\" data-end=\"1484\">Compatible notamment avec les mod\u00e8les :<\/p>\n<p data-start=\"1486\" data-end=\"1662\">Epson L18050<br data-start=\"1498\" data-end=\"1501\" \/>Epson L8050<br data-start=\"1512\" data-end=\"1515\" \/>Epson L8100<br data-start=\"1526\" data-end=\"1529\" \/>Epson L8160<br data-start=\"1540\" data-end=\"1543\" \/>Epson SC-D500<br data-start=\"1556\" data-end=\"1559\" \/>Epson L11050<br data-start=\"1571\" data-end=\"1574\" \/>Epson L15150<br data-start=\"1586\" data-end=\"1589\" \/>Epson L15160<br data-start=\"1601\" data-end=\"1604\" \/>Et autres imprimantes utilisant la puce maintenance C9345.<\/p>\n","protected":false},"featured_media":16235,"comment_status":"open","ping_status":"closed","template":"","meta":{"_acf_changed":false,"_monsterinsights_skip_tracking":false,"_monsterinsights_sitenote_active":false,"_monsterinsights_sitenote_note":"","_monsterinsights_sitenote_category":0,"_uf_show_specific_survey":0,"_uf_disable_surveys":false,"_joinchat":[]},"product_brand":[],"product_cat":[238,251,247],"product_tag":[],"class_list":{"0":"post-16233","1":"product","2":"type-product","3":"status-publish","4":"has-post-thumbnail","6":"product_cat-consommables","7":"product_cat-bouteille-dencre","8":"product_cat-cartouche-dencre","10":"first","11":"instock","12":"sale","13":"shipping-taxable","14":"purchasable","15":"product-type-simple"},"acf":[],"jetpack_sharing_enabled":true,"_links":{"self":[{"href":"https:\/\/digistar.ma\/index.php?rest_route=\/wp\/v2\/product\/16233","targetHints":{"allow":["GET"]}}],"collection":[{"href":"https:\/\/digistar.ma\/index.php?rest_route=\/wp\/v2\/product"}],"about":[{"href":"https:\/\/digistar.ma\/index.php?rest_route=\/wp\/v2\/types\/product"}],"replies":[{"embeddable":true,"href":"https:\/\/digistar.ma\/index.php?rest_route=%2Fwp%2Fv2%2Fcomments&post=16233"}],"version-history":[{"count":1,"href":"https:\/\/digistar.ma\/index.php?rest_route=\/wp\/v2\/product\/16233\/revisions"}],"predecessor-version":[{"id":16239,"href":"https:\/\/digistar.ma\/index.php?rest_route=\/wp\/v2\/product\/16233\/revisions\/16239"}],"wp:featuredmedia":[{"embeddable":true,"href":"https:\/\/digistar.ma\/index.php?rest_route=\/wp\/v2\/media\/16235"}],"wp:attachment":[{"href":"https:\/\/digistar.ma\/index.php?rest_route=%2Fwp%2Fv2%2Fmedia&parent=16233"}],"wp:term":[{"taxonomy":"product_brand","embeddable":true,"href":"https:\/\/digistar.ma\/index.php?rest_route=%2Fwp%2Fv2%2Fproduct_brand&post=16233"},{"taxonomy":"product_cat","embeddable":true,"href":"https:\/\/digistar.ma\/index.php?rest_route=%2Fwp%2Fv2%2Fproduct_cat&post=16233"},{"taxonomy":"product_tag","embeddable":true,"href":"https:\/\/digistar.ma\/index.php?rest_route=%2Fwp%2Fv2%2Fproduct_tag&post=16233"}],"curies":[{"name":"wp","href":"https:\/\/api.w.org\/{rel}","templated":true}]}}