{"id":16246,"date":"2026-02-22T19:57:47","date_gmt":"2026-02-22T19:57:47","guid":{"rendered":"https:\/\/digistar.ma\/?post_type=product&#038;p=16246"},"modified":"2026-02-22T19:57:47","modified_gmt":"2026-02-22T19:57:47","slug":"puce-chip-maintenance-box-t04d1-compatible-epson-c13t04d100","status":"publish","type":"product","link":"https:\/\/digistar.ma\/?product=puce-chip-maintenance-box-t04d1-compatible-epson-c13t04d100","title":{"rendered":"Puce Chip maintenance box T04D1 compatible Epson C13T04D100"},"content":{"rendered":"<h3>Puce Chip maintenance box T04D1 compatible Epson C13T04D100<\/h3>\n<p data-start=\"600\" data-end=\"986\">La puce Chip T04D1 compatible C13T04D100 permet de r\u00e9initialiser le compteur de la bo\u00eete de maintenance des imprimantes <span class=\"hover:entity-accent entity-underline inline cursor-pointer align-baseline\"><span class=\"whitespace-normal\">Epson<\/span><\/span> EcoTank compatibles. Lorsque l\u2019imprimante d\u00e9tecte que la maintenance box est pleine, le syst\u00e8me peut bloquer l\u2019impression.<\/p>\n<p data-start=\"600\" data-end=\"986\">Cette puce permet de remettre le compteur \u00e0 z\u00e9ro afin de r\u00e9tablir le fonctionnement normal de l\u2019appareil.<\/p>\n<p data-start=\"988\" data-end=\"1259\">Facile \u00e0 installer, elle constitue une solution pratique et \u00e9conomique pour prolonger l\u2019utilisation de la bo\u00eete de maintenance et \u00e9viter les interruptions d\u2019activit\u00e9. Elle garantit une continuit\u00e9 d\u2019impression et une gestion efficace de la maintenance de votre imprimante.<\/p>\n<p data-start=\"1261\" data-end=\"1437\">Id\u00e9ale pour les professionnels, centres d\u2019impression, entreprises et utilisateurs intensifs souhaitant optimiser les co\u00fbts de maintenance et maintenir des performances stables.<\/p>\n<h4><strong>Pour les imprimantes :<\/strong><\/h4>\n<ul class=\"compat\">\n<li>ET15000<\/li>\n<li>ET3700<\/li>\n<li>ET3750<\/li>\n<li>ET3760<\/li>\n<li>ET3850<\/li>\n<li>ET4750<\/li>\n<li>ET4760<\/li>\n<li>ET4850<\/li>\n<li>ET5150<\/li>\n<li>ET5170<\/li>\n<li>ETM1140<\/li>\n<li>ETM1170<\/li>\n<li>ETM1180<\/li>\n<li>ETM2140<\/li>\n<li>ETM2170<\/li>\n<li>ETM3140<\/li>\n<li>ETM3170<\/li>\n<li>ETM3180<\/li>\n<li>L14150<\/li>\n<li>L4000<\/li>\n<li>L6000<\/li>\n<li>L6160<\/li>\n<li>L6170<\/li>\n<li>L6176<\/li>\n<li>L6190<\/li>\n<li>L6260<\/li>\n<li>L6270<\/li>\n<li>L6276<\/li>\n<li>L6290<\/li>\n<li>L6460<\/li>\n<li>L6490<\/li>\n<li>Workforce WF2860DWF<\/li>\n<li>Workforce WF2865DWF<\/li>\n<li>XP5100<\/li>\n<li>XP5105<\/li>\n<li>XP5115<\/li>\n<li>XP5150<\/li>\n<\/ul>\n","protected":false},"excerpt":{"rendered":"<p>\u2022 R\u00e9initialise le compteur de la bo\u00eete de maintenance<br data-start=\"1640\" data-end=\"1643\" \/>\u2022 Permet de reprendre l\u2019impression sans blocage syst\u00e8me<br data-start=\"1698\" data-end=\"1701\" \/>\u2022 Installation simple et rapide<br data-start=\"1732\" data-end=\"1735\" \/>\u2022 Solution \u00e9conomique de maintenance imprimante<br data-start=\"1782\" data-end=\"1785\" \/>\u2022 Assure la continuit\u00e9 et la productivit\u00e9 d\u2019impression<\/p>\n","protected":false},"featured_media":16248,"comment_status":"open","ping_status":"closed","template":"","meta":{"_acf_changed":false,"_monsterinsights_skip_tracking":false,"_monsterinsights_sitenote_active":false,"_monsterinsights_sitenote_note":"","_monsterinsights_sitenote_category":0,"_uf_show_specific_survey":0,"_uf_disable_surveys":false,"_joinchat":[]},"product_brand":[],"product_cat":[238,251,247],"product_tag":[],"class_list":{"0":"post-16246","1":"product","2":"type-product","3":"status-publish","4":"has-post-thumbnail","6":"product_cat-consommables","7":"product_cat-bouteille-dencre","8":"product_cat-cartouche-dencre","10":"first","11":"instock","12":"sale","13":"shipping-taxable","14":"purchasable","15":"product-type-simple"},"acf":[],"jetpack_sharing_enabled":true,"_links":{"self":[{"href":"https:\/\/digistar.ma\/index.php?rest_route=\/wp\/v2\/product\/16246","targetHints":{"allow":["GET"]}}],"collection":[{"href":"https:\/\/digistar.ma\/index.php?rest_route=\/wp\/v2\/product"}],"about":[{"href":"https:\/\/digistar.ma\/index.php?rest_route=\/wp\/v2\/types\/product"}],"replies":[{"embeddable":true,"href":"https:\/\/digistar.ma\/index.php?rest_route=%2Fwp%2Fv2%2Fcomments&post=16246"}],"version-history":[{"count":2,"href":"https:\/\/digistar.ma\/index.php?rest_route=\/wp\/v2\/product\/16246\/revisions"}],"predecessor-version":[{"id":16259,"href":"https:\/\/digistar.ma\/index.php?rest_route=\/wp\/v2\/product\/16246\/revisions\/16259"}],"wp:featuredmedia":[{"embeddable":true,"href":"https:\/\/digistar.ma\/index.php?rest_route=\/wp\/v2\/media\/16248"}],"wp:attachment":[{"href":"https:\/\/digistar.ma\/index.php?rest_route=%2Fwp%2Fv2%2Fmedia&parent=16246"}],"wp:term":[{"taxonomy":"product_brand","embeddable":true,"href":"https:\/\/digistar.ma\/index.php?rest_route=%2Fwp%2Fv2%2Fproduct_brand&post=16246"},{"taxonomy":"product_cat","embeddable":true,"href":"https:\/\/digistar.ma\/index.php?rest_route=%2Fwp%2Fv2%2Fproduct_cat&post=16246"},{"taxonomy":"product_tag","embeddable":true,"href":"https:\/\/digistar.ma\/index.php?rest_route=%2Fwp%2Fv2%2Fproduct_tag&post=16246"}],"curies":[{"name":"wp","href":"https:\/\/api.w.org\/{rel}","templated":true}]}}