{"id":16272,"date":"2026-02-22T21:23:42","date_gmt":"2026-02-22T21:23:42","guid":{"rendered":"https:\/\/digistar.ma\/?post_type=product&#038;p=16272"},"modified":"2026-02-22T21:23:43","modified_gmt":"2026-02-22T21:23:43","slug":"reinitialiseur-puce-t04d1-c13t04d100-chip-resetter-maintenance-box-ecotank","status":"publish","type":"product","link":"https:\/\/digistar.ma\/?product=reinitialiseur-puce-t04d1-c13t04d100-chip-resetter-maintenance-box-ecotank","title":{"rendered":"R\u00e9initialiseur puce T04D1 C13T04D100 Chip resetter maintenance box EcoTank"},"content":{"rendered":"<h3>R\u00e9initialiseur puce T04D1 C13T04D100 Chip resetter maintenance box EcoTank<\/h3>\n<p data-start=\"612\" data-end=\"821\">Le r\u00e9initialiseur de puce maintenance box T04D1 compatible C13T04D100 permet de remettre \u00e0 z\u00e9ro le compteur de la bo\u00eete de maintenance des imprimantes <span class=\"hover:entity-accent entity-underline inline cursor-pointer align-baseline\"><span class=\"whitespace-normal\">Epson<\/span><\/span> EcoTank compatibles.<\/p>\n<p data-start=\"823\" data-end=\"1099\">Lorsque la maintenance box est d\u00e9tect\u00e9e comme pleine, l\u2019imprimante bloque automatiquement l\u2019impression. Gr\u00e2ce \u00e0 ce chip resetter, vous pouvez r\u00e9initialiser la puce \u00e9lectronique de la bo\u00eete de maintenance et restaurer imm\u00e9diatement le fonctionnement normal de votre imprimante.<\/p>\n<p data-start=\"1101\" data-end=\"1300\">Cet outil est con\u00e7u pour une utilisation simple, rapide et s\u00e9curis\u00e9e. Il constitue une solution \u00e9conomique pour prolonger l\u2019utilisation de la maintenance box et \u00e9viter les interruptions d\u2019impression.<\/p>\n<p data-start=\"1302\" data-end=\"1462\">Id\u00e9al pour les professionnels de l\u2019impression, entreprises, laboratoires photo et utilisateurs intensifs souhaitant optimiser la maintenance de leur \u00e9quipement.<\/p>\n<h4><strong>Pour les imprimantes :<\/strong><\/h4>\n<ul class=\"compat\">\n<li>ET15000<\/li>\n<li>ET3700<\/li>\n<li>ET3750<\/li>\n<li>ET3760<\/li>\n<li>ET3850<\/li>\n<li>ET4750<\/li>\n<li>ET4760<\/li>\n<li>ET4850<\/li>\n<li>ET5150<\/li>\n<li>ET5170<\/li>\n<li>ETM1140<\/li>\n<li>ETM1170<\/li>\n<li>ETM1180<\/li>\n<li>ETM2140<\/li>\n<li>ETM2170<\/li>\n<li>ETM3140<\/li>\n<li>ETM3170<\/li>\n<li>ETM3180<\/li>\n<li>L14150<\/li>\n<li>L4000<\/li>\n<li>L6000<\/li>\n<li>L6160<\/li>\n<li>L6170<\/li>\n<li>L6176<\/li>\n<li>L6190<\/li>\n<li>L6260<\/li>\n<li>L6270<\/li>\n<li>L6276<\/li>\n<li>L6290<\/li>\n<li>L6460<\/li>\n<li>L6490<\/li>\n<li>Workforce WF2860DWF<\/li>\n<li>Workforce WF2865DWF<\/li>\n<li>XP5100<\/li>\n<li>XP5105<\/li>\n<li>XP5115<\/li>\n<li>XP5150<\/li>\n<\/ul>\n","protected":false},"excerpt":{"rendered":"<p>\u2022 R\u00e9initialisation rapide du compteur de maintenance<br data-start=\"1664\" data-end=\"1667\" \/>\u2022 Permet de d\u00e9bloquer l\u2019imprimante instantan\u00e9ment<br data-start=\"1716\" data-end=\"1719\" \/>\u2022 Utilisation simple et sans logiciel complexe<br data-start=\"1765\" data-end=\"1768\" \/>\u2022 Solution \u00e9conomique pour la maintenance imprimante<br data-start=\"1820\" data-end=\"1823\" \/>\u2022 Prolonge l\u2019utilisation de la maintenance box<\/p>\n","protected":false},"featured_media":16273,"comment_status":"open","ping_status":"closed","template":"","meta":{"_acf_changed":false,"_monsterinsights_skip_tracking":false,"_monsterinsights_sitenote_active":false,"_monsterinsights_sitenote_note":"","_monsterinsights_sitenote_category":0,"_uf_show_specific_survey":0,"_uf_disable_surveys":false,"_joinchat":[]},"product_brand":[],"product_cat":[238,251,247],"product_tag":[],"class_list":{"0":"post-16272","1":"product","2":"type-product","3":"status-publish","4":"has-post-thumbnail","6":"product_cat-consommables","7":"product_cat-bouteille-dencre","8":"product_cat-cartouche-dencre","10":"first","11":"instock","12":"sale","13":"shipping-taxable","14":"purchasable","15":"product-type-simple"},"acf":[],"jetpack_sharing_enabled":true,"_links":{"self":[{"href":"https:\/\/digistar.ma\/index.php?rest_route=\/wp\/v2\/product\/16272","targetHints":{"allow":["GET"]}}],"collection":[{"href":"https:\/\/digistar.ma\/index.php?rest_route=\/wp\/v2\/product"}],"about":[{"href":"https:\/\/digistar.ma\/index.php?rest_route=\/wp\/v2\/types\/product"}],"replies":[{"embeddable":true,"href":"https:\/\/digistar.ma\/index.php?rest_route=%2Fwp%2Fv2%2Fcomments&post=16272"}],"version-history":[{"count":2,"href":"https:\/\/digistar.ma\/index.php?rest_route=\/wp\/v2\/product\/16272\/revisions"}],"predecessor-version":[{"id":16280,"href":"https:\/\/digistar.ma\/index.php?rest_route=\/wp\/v2\/product\/16272\/revisions\/16280"}],"wp:featuredmedia":[{"embeddable":true,"href":"https:\/\/digistar.ma\/index.php?rest_route=\/wp\/v2\/media\/16273"}],"wp:attachment":[{"href":"https:\/\/digistar.ma\/index.php?rest_route=%2Fwp%2Fv2%2Fmedia&parent=16272"}],"wp:term":[{"taxonomy":"product_brand","embeddable":true,"href":"https:\/\/digistar.ma\/index.php?rest_route=%2Fwp%2Fv2%2Fproduct_brand&post=16272"},{"taxonomy":"product_cat","embeddable":true,"href":"https:\/\/digistar.ma\/index.php?rest_route=%2Fwp%2Fv2%2Fproduct_cat&post=16272"},{"taxonomy":"product_tag","embeddable":true,"href":"https:\/\/digistar.ma\/index.php?rest_route=%2Fwp%2Fv2%2Fproduct_tag&post=16272"}],"curies":[{"name":"wp","href":"https:\/\/api.w.org\/{rel}","templated":true}]}}