{"id":16307,"date":"2026-02-24T20:47:24","date_gmt":"2026-02-24T20:47:24","guid":{"rendered":"https:\/\/digistar.ma\/?post_type=product&#038;p=16307"},"modified":"2026-02-24T20:47:25","modified_gmt":"2026-02-24T20:47:25","slug":"epson-tm-h6000vi-imprimante-tickets-pos-hybride-c31cl25112","status":"publish","type":"product","link":"https:\/\/digistar.ma\/?product=epson-tm-h6000vi-imprimante-tickets-pos-hybride-c31cl25112","title":{"rendered":"Epson TM-H6000VI Imprimante Tickets POS hybride C31CL25112"},"content":{"rendered":"<h3>Epson TM-H6000VI Imprimante Tickets POS hybride C31CL25112<\/h3>\n<p>Epson TM-H6000VI-112,Srl,MICR,Blk, PSU,EU<\/p>\n<p>Cette imprimante point de vente est capable d\u2019imprimer des tickets et des re\u00e7us, mais aussi de traiter les ch\u00e8ques. Fiable, elle affiche des options de connexion tr\u00e8s \u00e9tendues et un co\u00fbt total de possession tr\u00e8s faible. Elle est parfaite pour les entreprises qui doivent traiter les ch\u00e8ques en point de vente, mais aussi imprimer des tickets avec la m\u00eame unit\u00e9.<\/p>\n<h2 class=\"h2-master\">Imprimante POS hybride<\/h2>\n<section>Id\u00e9ale pour les environnements tr\u00e8s actifs, l&#8217;imprimante thermique Epson TM-H6000VI comprend un ensemble de fonctionnalit\u00e9s qui aident les entreprises \u00e0 am\u00e9liorer leur efficacit\u00e9 globale. Elle imprime \u00e0 des vitesses atteignant 500 mm\/s, elle traite rapidement les ch\u00e8ques et elle est dot\u00e9e d\u2019un massicot automatique tr\u00e8s efficace.<\/p>\n<p>Dans les environnements au rythme soutenu, il est essentiel de minimiser les temps d\u2019arr\u00eat. L\u2019imprimante TM-H6000VI est une solution fiable, l\u2019imprimante thermique peut produire 200 km de tickets et le massicot automatique permet de r\u00e9aliser trois millions de d\u00e9coupes. La TM-H6000VI est con\u00e7ue pour g\u00e9rer facilement tous les types de solutions de POS.<\/p>\n<p>Sa flexibilit\u00e9 lui permet de s\u2019adapter aux demandes des environnements modernes de vente au d\u00e9tail, gr\u00e2ce notamment \u00e0 Server Direct Print (SDP) pour afficher et imprimer des donn\u00e9es provenant de serveurs externes, et \u00e0 de multiples interfaces pour la coexistence entre tablettes et PC.<\/p>\n<p>Les fonctions ePOS-Print et ePOS-display, mais aussi l\u2019\u00e9tiquetage NFC, vous permettent d\u2019int\u00e9grer de nouvelles fonctionnalit\u00e9s sur le point de vente et d\u2019installer rapidement l\u2019imprimante POS \u00e0 l\u2019aide d\u2019une tablette.<\/p>\n<\/section>\n<section class=\"list\">\n<h2>Caract\u00e9ristiques principales :<\/h2>\n<ul>\n<li>Imprimante point de vente hybride : peut imprimer des tickets et des re\u00e7us, mais aussi traiter des ch\u00e8ques<\/li>\n<li>Vitesses d\u2019impression \u00e9lev\u00e9es pouvant atteindre 500 mm\/s, traitement rapide des ch\u00e8ques et massicot automatique<\/li>\n<li>Connectivit\u00e9 flexible USB et Ethernet int\u00e9gr\u00e9s sur tous les mod\u00e8les<\/li>\n<li>Un investissement p\u00e9renne : ePOS-Print, ePOS-display et NFC<\/li>\n<li>Emulation OPOS, JavaPOS<\/li>\n<li>Excellent rapport qualit\u00e9-prix : faible co\u00fbt total de possession<\/li>\n<li>Alimentation : bloc d&#8217;alimentation secteur inclus<\/li>\n<\/ul>\n<p>&nbsp;<\/p>\n<h3><a href=\"https:\/\/digistar.ma\/wp-content\/uploads\/2026\/02\/epson-tm-h6000vi-112-srl-micr-blk-psu-eu-datasheet.pdf\">FICHE TECHNIQUE Epson TM-H6000VI<\/a><\/h3>\n<\/section>\n","protected":false},"excerpt":{"rendered":"<ul class=\"features\">\n<li><strong>Imprimante point de vente hybride<\/strong>\u00a0Peut imprimer des tickets et des re\u00e7us, mais aussi traiter des ch\u00e8ques<\/li>\n<li><strong>Am\u00e9liore l\u2019efficacit\u00e9<\/strong> Vitesses d\u2019impression \u00e9lev\u00e9es pouvant atteindre 500\u00a0mm\/s, traitement rapide des ch\u00e8ques et massicot automatique<\/li>\n<li><strong>Connectivit\u00e9 flexible<\/strong>\u00a0USB et Ethernet int\u00e9gr\u00e9s sur tous les mod\u00e8les<\/li>\n<li><strong>Un investissement p\u00e9renne<\/strong>\u00a0ePOS-Print, ePOS-display et NFC<\/li>\n<li><strong>Excellent rapport qualit\u00e9-prix<\/strong>\u00a0Faible co\u00fbt total de possession<\/li>\n<\/ul>\n","protected":false},"featured_media":16308,"comment_status":"open","ping_status":"closed","template":"","meta":{"_acf_changed":false,"_monsterinsights_skip_tracking":false,"_monsterinsights_sitenote_active":false,"_monsterinsights_sitenote_note":"","_monsterinsights_sitenote_category":0,"_uf_show_specific_survey":0,"_uf_disable_surveys":false,"_joinchat":[]},"product_brand":[],"product_cat":[253,292],"product_tag":[],"class_list":{"0":"post-16307","1":"product","2":"type-product","3":"status-publish","4":"has-post-thumbnail","6":"product_cat-imprimante","7":"product_cat-etiqueteuse-imprimante-de-tickets","9":"first","10":"instock","11":"sale","12":"shipping-taxable","13":"purchasable","14":"product-type-simple"},"acf":[],"jetpack_sharing_enabled":true,"_links":{"self":[{"href":"https:\/\/digistar.ma\/index.php?rest_route=\/wp\/v2\/product\/16307","targetHints":{"allow":["GET"]}}],"collection":[{"href":"https:\/\/digistar.ma\/index.php?rest_route=\/wp\/v2\/product"}],"about":[{"href":"https:\/\/digistar.ma\/index.php?rest_route=\/wp\/v2\/types\/product"}],"replies":[{"embeddable":true,"href":"https:\/\/digistar.ma\/index.php?rest_route=%2Fwp%2Fv2%2Fcomments&post=16307"}],"version-history":[{"count":1,"href":"https:\/\/digistar.ma\/index.php?rest_route=\/wp\/v2\/product\/16307\/revisions"}],"predecessor-version":[{"id":16313,"href":"https:\/\/digistar.ma\/index.php?rest_route=\/wp\/v2\/product\/16307\/revisions\/16313"}],"wp:featuredmedia":[{"embeddable":true,"href":"https:\/\/digistar.ma\/index.php?rest_route=\/wp\/v2\/media\/16308"}],"wp:attachment":[{"href":"https:\/\/digistar.ma\/index.php?rest_route=%2Fwp%2Fv2%2Fmedia&parent=16307"}],"wp:term":[{"taxonomy":"product_brand","embeddable":true,"href":"https:\/\/digistar.ma\/index.php?rest_route=%2Fwp%2Fv2%2Fproduct_brand&post=16307"},{"taxonomy":"product_cat","embeddable":true,"href":"https:\/\/digistar.ma\/index.php?rest_route=%2Fwp%2Fv2%2Fproduct_cat&post=16307"},{"taxonomy":"product_tag","embeddable":true,"href":"https:\/\/digistar.ma\/index.php?rest_route=%2Fwp%2Fv2%2Fproduct_tag&post=16307"}],"curies":[{"name":"wp","href":"https:\/\/api.w.org\/{rel}","templated":true}]}}