{"id":16315,"date":"2026-02-24T21:43:07","date_gmt":"2026-02-24T21:43:07","guid":{"rendered":"https:\/\/digistar.ma\/?post_type=product&#038;p=16315"},"modified":"2026-02-24T21:43:07","modified_gmt":"2026-02-24T21:43:07","slug":"epson-ecotank-l3550-imprimante-multifonction-a-reservoirs-rechargeables-c11ck59404","status":"publish","type":"product","link":"https:\/\/digistar.ma\/?product=epson-ecotank-l3550-imprimante-multifonction-a-reservoirs-rechargeables-c11ck59404","title":{"rendered":"Epson EcoTank L3550 Imprimante multifonction \u00e0 r\u00e9servoirs rechargeables C11CK59404"},"content":{"rendered":"<h3>Epson EcoTank L3550 Imprimante multifonction \u00e0 r\u00e9servoirs rechargeables C11CK59404<\/h3>\n<section>\n<div class=\"container\">\n<div class=\"columns sixteen\">\n<div class=\"product-description\">\n<div class=\"container\">\n<div class=\"columns s-sixteen eight offset-by-two\">\n<p class=\"headline\">Cette imprimante multifonction (impression, num\u00e9risation, copie), sans cartouches \u00e0 remplacer et dot\u00e9e de Wi-Fi\u00a0Direct, est id\u00e9ale pour les personnes qui recherchent des impressions de haute qualit\u00e9 et un co\u00fbt par page incroyablement bas.<\/p>\n<p class=\"headline\">Gr\u00e2ce \u00e0 un bac papier arri\u00e8re de 100\u00a0feuilles, \u00e0 l\u2019impression photo sans marge (jusqu\u2019\u00e0 10\u00a0\u00d7\u00a015\u00a0cm) ainsi qu\u2019\u00e0 des vitesses d\u2019impression pouvant atteindre 15\u00a0pages par minute<sup>1<\/sup>, vous pouvez effectuer rapidement plusieurs t\u00e2ches en toute simplicit\u00e9.<\/p>\n<p class=\"headline\">Pour un entretien facile, cette imprimante poss\u00e8de un r\u00e9cup\u00e9rateur d\u2019encre usag\u00e9 \u00e0 changer d\u00e8s que n\u00e9cessaire.<\/p>\n<\/div>\n<\/div>\n<div class=\"container\">\n<div class=\"columns s-sixteen l-eight six\">\n<h3><strong>Adieu aux cartouches on\u00e9reuses<\/strong><\/h3>\n<p>EcoTank offre une impression \u00e0 domicile simple et \u00e9conomique\u00a0: les r\u00e9servoirs d\u2019encre ultra haute capacit\u00e9 permettent des recharges faciles. De plus, les bouteilles sont dot\u00e9es d\u2019un d\u00e9trompeur pour ne plus se tromper de couleur lors du remplissage du r\u00e9servoir.<\/p>\n<\/div>\n<div class=\"columns s-sixteen eight offset-by-two\">\n<h3><strong>\u00c9conomies \u00e0 long terme<\/strong><\/h3>\n<p>Cette imprimante multifonction, qui vous fait \u00e9conomiser jusqu\u2019\u00e0 95 % sur vos co\u00fbts d\u2019impression<sup>2<\/sup>, est livr\u00e9e avec jusqu\u2019\u00e0 trois ans d\u2019encre<sup>3<\/sup>. Le kit de bouteilles d\u2019encre inclus permet d\u2019imprimer jusqu\u2019\u00e0 6\u00a0600\u00a0pages en monochrome et 5\u00a0900\u00a0pages en couleur<sup>4<\/sup>.<\/p>\n<\/div>\n<\/div>\n<div class=\"container\">\n<div class=\"columns s-sixteen l-eight six\">\n<h3><strong>Application Epson Smart Panel<\/strong><\/h3>\n<p>Cette application vous permet de contr\u00f4ler votre imprimante multifonction \u00e0 partir de votre appareil connect\u00e9<sup>5<\/sup>. Vous pouvez configurer le Wi-Fi rapidement et facilement, imprimer des documents et des photos, mais aussi contr\u00f4ler et d\u00e9panner votre imprimante.<\/p>\n<\/div>\n<div class=\"columns s-sixteen eight offset-by-two\">\n<h3><strong>Flexibilit\u00e9 moderne<\/strong><\/h3>\n<p>Gr\u00e2ce \u00e0 son design compact et \u00e0 sa connectivit\u00e9 Wi-Fi et Wi-Fi Direct, cette imprimante s\u2019int\u00e8gre facilement \u00e0 votre installation domestique existante et peut \u00eatre command\u00e9e depuis des appareils mobiles, tablettes et ordinateurs portables.<sup>5<\/sup>.<\/p>\n<\/div>\n<\/div>\n<div class=\"container\">\n<div class=\"columns s-sixteen l-eight six\">\n<h3><strong>Technologie Z\u00e9ro\u00a0Chaleur<\/strong><\/h3>\n<p>Gr\u00e2ce \u00e0 la technologie Z\u00e9ro Chaleur PrecisionCore, vous b\u00e9n\u00e9ficiez d\u2019une consommation d\u2019\u00e9nergie r\u00e9duite et vous avez besoin de moins de pi\u00e8ces de rechange. La t\u00eate d\u2019impression est \u00e9galement pr\u00e9install\u00e9e, de sorte que la configuration de votre multifonction est d\u2019une grande simplicit\u00e9.<\/p>\n<\/div>\n<div class=\"columns s-sixteen eight offset-by-two\">\n<p>&nbsp;<\/p>\n<\/div>\n<\/div>\n<\/div>\n<\/div>\n<\/div>\n<\/section>\n<section>\n<div class=\"container\">\n<div class=\"columns sixteen\">\n<div class=\"key-features\">\n<div class=\"columns s-sixteen eight\"><\/div>\n<\/div>\n<\/div>\n<\/div>\n<\/section>\n","protected":false},"excerpt":{"rendered":"<ul>\n<li>Imprimante multifonction: Impression, copie et num\u00e9risation sans fil<\/li>\n<li>Impression ultra \u00e9conomique: \u00c9conomisez jusqu\u2019\u00e0 95 % sur vos co\u00fbts d\u2019impression<\/li>\n<li>Capacit\u00e9 fournie : 6 600 pages en monochrome et 5 900 pages en couleur<\/li>\n<li>Syst\u00e8me de r\u00e9servoir d\u2019encre simple: Recharges simples avec les bouteilles d\u2019encre \u00e0 d\u00e9trompeurs et les r\u00e9servoirs d\u2019encre en fa\u00e7ade<\/li>\n<li>Application Epson Smart Panel: Configuration, surveillance, impression sans fil et plus encore depuis votre appareil mobile<\/li>\n<\/ul>\n","protected":false},"featured_media":16316,"comment_status":"open","ping_status":"closed","template":"","meta":{"_acf_changed":false,"_monsterinsights_skip_tracking":false,"_monsterinsights_sitenote_active":false,"_monsterinsights_sitenote_note":"","_monsterinsights_sitenote_category":0,"_uf_show_specific_survey":0,"_uf_disable_surveys":false,"_joinchat":[]},"product_brand":[],"product_cat":[15,265,266],"product_tag":[],"class_list":{"0":"post-16315","1":"product","2":"type-product","3":"status-publish","4":"has-post-thumbnail","6":"product_cat-imprimante-scanner","7":"product_cat-imprimante-a-reservoirs-rechargeables","8":"product_cat-multifonction-jet-dencre","10":"first","11":"instock","12":"sale","13":"shipping-taxable","14":"purchasable","15":"product-type-simple"},"acf":[],"jetpack_sharing_enabled":true,"_links":{"self":[{"href":"https:\/\/digistar.ma\/index.php?rest_route=\/wp\/v2\/product\/16315","targetHints":{"allow":["GET"]}}],"collection":[{"href":"https:\/\/digistar.ma\/index.php?rest_route=\/wp\/v2\/product"}],"about":[{"href":"https:\/\/digistar.ma\/index.php?rest_route=\/wp\/v2\/types\/product"}],"replies":[{"embeddable":true,"href":"https:\/\/digistar.ma\/index.php?rest_route=%2Fwp%2Fv2%2Fcomments&post=16315"}],"version-history":[{"count":1,"href":"https:\/\/digistar.ma\/index.php?rest_route=\/wp\/v2\/product\/16315\/revisions"}],"predecessor-version":[{"id":16323,"href":"https:\/\/digistar.ma\/index.php?rest_route=\/wp\/v2\/product\/16315\/revisions\/16323"}],"wp:featuredmedia":[{"embeddable":true,"href":"https:\/\/digistar.ma\/index.php?rest_route=\/wp\/v2\/media\/16316"}],"wp:attachment":[{"href":"https:\/\/digistar.ma\/index.php?rest_route=%2Fwp%2Fv2%2Fmedia&parent=16315"}],"wp:term":[{"taxonomy":"product_brand","embeddable":true,"href":"https:\/\/digistar.ma\/index.php?rest_route=%2Fwp%2Fv2%2Fproduct_brand&post=16315"},{"taxonomy":"product_cat","embeddable":true,"href":"https:\/\/digistar.ma\/index.php?rest_route=%2Fwp%2Fv2%2Fproduct_cat&post=16315"},{"taxonomy":"product_tag","embeddable":true,"href":"https:\/\/digistar.ma\/index.php?rest_route=%2Fwp%2Fv2%2Fproduct_tag&post=16315"}],"curies":[{"name":"wp","href":"https:\/\/api.w.org\/{rel}","templated":true}]}}