{"id":16343,"date":"2026-02-27T00:13:29","date_gmt":"2026-02-27T00:13:29","guid":{"rendered":"https:\/\/digistar.ma\/?post_type=product&#038;p=16343"},"modified":"2026-02-27T00:13:30","modified_gmt":"2026-02-27T00:13:30","slug":"imprimante-etiquettes-epson-colorworks-c6500ae","status":"publish","type":"product","link":"https:\/\/digistar.ma\/?product=imprimante-etiquettes-epson-colorworks-c6500ae","title":{"rendered":"Imprimante Etiquettes Epson ColorWorks C6500Ae"},"content":{"rendered":"<h3>Imprimante Etiquettes Epson ColorWorks C6500Ae<\/h3>\n<p>Imprimante d\u2019\u00e9tiquettes couleur industrielle<\/p>\n<p>Imprimante d\u2019\u00e9tiquettes couleur industrielle huit\u00a0pouces pour produire des \u00e9tiquettes en interne et \u00e0 la demande en petits et moyens volumes<\/p>\n<div class=\"product-summary__headline\">Ces imprimantes num\u00e9riques d\u2019\u00e9tiquettes quatre\u00a0couleurs \u00e0 la demande ouvrent de nouvelles opportunit\u00e9s pour les entreprises ayant \u00e0 g\u00e9rer de nombreuses r\u00e9f\u00e9rences produit et disposant de peu de temps.<\/div>\n<div><\/div>\n<div class=\"product-summary__headline\">La s\u00e9rie\u00a0C6500 r\u00e9pond aux besoins des clients imprimant des s\u00e9ries en petits et moyens volumes dans de nombreux secteurs (alimentation, produits chimiques, boissons, fabrication, etc.).<\/div>\n<div class=\"product-summary__secondary-information\">\n<div class=\"product-summary__intro\">\n<div class=\"heading1\">\n<h4>Flexibilit\u00e9 des m\u00e9dias<\/h4>\n<p>La C6500 b\u00e9n\u00e9ficie d\u2019une multitude de nouvelles fonctionnalit\u00e9s con\u00e7ues pour offrir des solutions pratiques et cr\u00e9atives. Elle prend en charge des largeurs d\u2019\u00e9tiquettes allant de 25,4\u00a0mm \u00e0 215,9\u00a0mm ainsi qu\u2019un large \u00e9ventail de m\u00e9dias, incluant le papier textur\u00e9.<\/p>\n<p>En pratique, cette gamme d\u2019imprimantes ColorWorks permet d\u2019imprimer n\u2019importe quel format, de petites \u00e9tiquettes pour flacons de liquide e-cigarettes aux grandes \u00e9tiquettes r\u00e9sistantes pour barils de produits chimiques. La version \u00e0 encre noire mate (pour les mod\u00e8les Pe et Ae) offre \u00e9galement aux utilisateurs une plus grande flexibilit\u00e9 dans les r\u00e9sultats d\u2019impression, sur du papier textur\u00e9 ou uni.<\/p>\n<\/div>\n<div class=\"heading2\">\n<h4>Simple d\u2019utilisation<\/h4>\n<p>La s\u00e9rie a \u00e9t\u00e9 con\u00e7ue pour \u00eatre extr\u00eamement facile \u00e0 utiliser. Toutes les op\u00e9rations peuvent se faire en frontal, ce qui est synonyme de gain de place en termes d\u2019espace de fonctionnement. Le remplacement du rouleau est possible depuis l\u2019avant, la droite et la gauche.<\/p>\n<p>Nous avons \u00e9galement con\u00e7u un certain nombre d\u2019outils techniques qui aident \u00e0 g\u00e9rer, configurer et entretenir l\u2019imprimante, notamment une interface Web facilitant la gestion du parc d\u2019imprimantes, ainsi que la configuration, la maintenance et la surveillance \u00e0 distance.<\/p>\n<\/div>\n<div class=\"heading3\">\n<h4>Qualit\u00e9 d\u2019impression<\/h4>\n<p>Ces \u00e9tiqueteuses offrent en standard des impressions de haute qualit\u00e9 et haute r\u00e9solution en quatre couleurs, ainsi que la fonctionnalit\u00e9 de correspondance colorim\u00e9trique (profil ICC et outil de concordance des tons directs).<\/p>\n<p>&nbsp;<\/p>\n<\/div>\n<h3><a href=\"https:\/\/digistar.ma\/wp-content\/uploads\/2026\/02\/colorworks-c6500ae-bk-datasheet.pdf\">Fiche Technique Epson ColorWorks C6500Ae<\/a><\/h3>\n<\/div>\n<p>&nbsp;<\/p>\n<\/div>\n","protected":false},"excerpt":{"rendered":"<ul class=\"features\">\n<li><strong>Flexibilit\u00e9 des m\u00e9dias<\/strong>\u00a0Prise en charge \u00e9tendue des m\u00e9dias. Largeurs d\u2019\u00e9tiquette de 25,4\u00a0mm \u00e0 215.9\u00a0mm<\/li>\n<li><strong>Design compact<\/strong>\u00a0Design simple et discret avec panneau de commandes \u00e0 l\u2019avant<\/li>\n<li><strong>Cutter automatique<\/strong>\u00a0Pour l\u2019\u00e9tiquetage primaire et secondaire des produits chimiques, de l\u2019alimentaire et des boissons, de l\u2019horticulture et de la logistique.<\/li>\n<li><strong>Gestion \u00e0 distance<\/strong>\u00a0Configuration, maintenance et surveillance \u00e0 distance<\/li>\n<li><strong>Faites des \u00e9conomies<\/strong>\u00a0Pas besoin d\u2019avoir un stock d\u2019\u00e9tiquettes pr\u00e9-imprim\u00e9es. Imprimez en couleur sur des \u00e9tiquettes vierges<\/li>\n<\/ul>\n","protected":false},"featured_media":16345,"comment_status":"open","ping_status":"closed","template":"","meta":{"_acf_changed":false,"_monsterinsights_skip_tracking":false,"_monsterinsights_sitenote_active":false,"_monsterinsights_sitenote_note":"","_monsterinsights_sitenote_category":0,"_uf_show_specific_survey":0,"_uf_disable_surveys":false,"_joinchat":[]},"product_brand":[],"product_cat":[15,380,292],"product_tag":[],"class_list":{"0":"post-16343","1":"product","2":"type-product","3":"status-publish","4":"has-post-thumbnail","6":"product_cat-imprimante-scanner","7":"product_cat-epson","8":"product_cat-etiqueteuse-imprimante-de-tickets","10":"first","11":"instock","12":"sale","13":"shipping-taxable","14":"purchasable","15":"product-type-simple"},"acf":[],"jetpack_sharing_enabled":true,"_links":{"self":[{"href":"https:\/\/digistar.ma\/index.php?rest_route=\/wp\/v2\/product\/16343","targetHints":{"allow":["GET"]}}],"collection":[{"href":"https:\/\/digistar.ma\/index.php?rest_route=\/wp\/v2\/product"}],"about":[{"href":"https:\/\/digistar.ma\/index.php?rest_route=\/wp\/v2\/types\/product"}],"replies":[{"embeddable":true,"href":"https:\/\/digistar.ma\/index.php?rest_route=%2Fwp%2Fv2%2Fcomments&post=16343"}],"version-history":[{"count":2,"href":"https:\/\/digistar.ma\/index.php?rest_route=\/wp\/v2\/product\/16343\/revisions"}],"predecessor-version":[{"id":16352,"href":"https:\/\/digistar.ma\/index.php?rest_route=\/wp\/v2\/product\/16343\/revisions\/16352"}],"wp:featuredmedia":[{"embeddable":true,"href":"https:\/\/digistar.ma\/index.php?rest_route=\/wp\/v2\/media\/16345"}],"wp:attachment":[{"href":"https:\/\/digistar.ma\/index.php?rest_route=%2Fwp%2Fv2%2Fmedia&parent=16343"}],"wp:term":[{"taxonomy":"product_brand","embeddable":true,"href":"https:\/\/digistar.ma\/index.php?rest_route=%2Fwp%2Fv2%2Fproduct_brand&post=16343"},{"taxonomy":"product_cat","embeddable":true,"href":"https:\/\/digistar.ma\/index.php?rest_route=%2Fwp%2Fv2%2Fproduct_cat&post=16343"},{"taxonomy":"product_tag","embeddable":true,"href":"https:\/\/digistar.ma\/index.php?rest_route=%2Fwp%2Fv2%2Fproduct_tag&post=16343"}],"curies":[{"name":"wp","href":"https:\/\/api.w.org\/{rel}","templated":true}]}}