{"id":16368,"date":"2026-02-27T01:50:27","date_gmt":"2026-02-27T01:50:27","guid":{"rendered":"https:\/\/digistar.ma\/?post_type=product&#038;p=16368"},"modified":"2026-02-27T01:51:04","modified_gmt":"2026-02-27T01:51:04","slug":"sjic36py-epson-yellow-colorworks-c6000-c6500-c13t44c440","status":"publish","type":"product","link":"https:\/\/digistar.ma\/?product=sjic36py-epson-yellow-colorworks-c6000-c6500-c13t44c440","title":{"rendered":"SJIC36P(Y) Epson Yellow ColorWorks C6000\/C6500 C13T44C440"},"content":{"rendered":"<h3>SJIC36P(Y) Epson Yellow ColorWorks C6000\/C6500 C13T44C440<\/h3>\n<p data-start=\"155\" data-end=\"372\">La <strong data-start=\"158\" data-end=\"208\">Epson SJIC36P(Y) Yellow (r\u00e9f\u00e9rence C13T44C440)<\/strong> est une cartouche d\u2019encre pigmentaire originale con\u00e7ue pour les imprimantes d\u2019\u00e9tiquettes professionnelles <strong data-start=\"315\" data-end=\"341\">Epson ColorWorks C6000<\/strong> et <strong data-start=\"345\" data-end=\"371\">Epson ColorWorks C6500<\/strong>.<\/p>\n<p data-start=\"374\" data-end=\"525\">Elle garantit un jaune lumineux et pr\u00e9cis, essentiel pour les visuels dynamiques, les codes couleur et les \u00e9tiquettes produits \u00e0 fort impact marketing.<\/p>\n<p data-start=\"527\" data-end=\"601\">Gr\u00e2ce \u00e0 la technologie d\u2019encre pigmentaire Epson, cette cartouche assure :<\/p>\n<ul data-start=\"603\" data-end=\"791\">\n<li data-start=\"603\" data-end=\"640\">\n<p data-start=\"605\" data-end=\"640\">Couleur jaune \u00e9clatante et fid\u00e8le<\/p>\n<\/li>\n<li data-start=\"641\" data-end=\"696\">\n<p data-start=\"643\" data-end=\"696\">Haute r\u00e9sistance \u00e0 l\u2019eau, aux frottements et aux UV<\/p>\n<\/li>\n<li data-start=\"697\" data-end=\"740\">\n<p data-start=\"699\" data-end=\"740\">S\u00e9chage rapide pour production continue<\/p>\n<\/li>\n<li data-start=\"741\" data-end=\"791\">\n<p data-start=\"743\" data-end=\"791\">Fiabilit\u00e9 optimale en environnement industriel<\/p>\n<\/li>\n<\/ul>\n<p data-start=\"793\" data-end=\"915\">Cartouche 100 % originale Epson, assurant compatibilit\u00e9 parfaite, qualit\u00e9 constante et protection de la t\u00eate d\u2019impression.<\/p>\n<p data-start=\"917\" data-end=\"1008\">Id\u00e9ale pour les secteurs agroalimentaire, cosm\u00e9tique, pharmaceutique, chimie et logistique.<\/p>\n","protected":false},"excerpt":{"rendered":"<ul>\n<li>\u00a0R\u00e9siste \u00e0 l\u2019eau et au UV.<\/li>\n<li>\u00c9tiquettes durables conformes \u00e0 la norme BS5609<\/li>\n<li>80ml<\/li>\n<\/ul>\n","protected":false},"featured_media":16369,"comment_status":"open","ping_status":"closed","template":"","meta":{"_acf_changed":false,"_monsterinsights_skip_tracking":false,"_monsterinsights_sitenote_active":false,"_monsterinsights_sitenote_note":"","_monsterinsights_sitenote_category":0,"_uf_show_specific_survey":0,"_uf_disable_surveys":false,"_joinchat":[]},"product_brand":[],"product_cat":[238,247,380],"product_tag":[],"class_list":{"0":"post-16368","1":"product","2":"type-product","3":"status-publish","4":"has-post-thumbnail","6":"product_cat-consommables","7":"product_cat-cartouche-dencre","8":"product_cat-epson","10":"first","11":"instock","12":"sale","13":"shipping-taxable","14":"purchasable","15":"product-type-simple"},"acf":[],"jetpack_sharing_enabled":true,"_links":{"self":[{"href":"https:\/\/digistar.ma\/index.php?rest_route=\/wp\/v2\/product\/16368","targetHints":{"allow":["GET"]}}],"collection":[{"href":"https:\/\/digistar.ma\/index.php?rest_route=\/wp\/v2\/product"}],"about":[{"href":"https:\/\/digistar.ma\/index.php?rest_route=\/wp\/v2\/types\/product"}],"replies":[{"embeddable":true,"href":"https:\/\/digistar.ma\/index.php?rest_route=%2Fwp%2Fv2%2Fcomments&post=16368"}],"version-history":[{"count":1,"href":"https:\/\/digistar.ma\/index.php?rest_route=\/wp\/v2\/product\/16368\/revisions"}],"predecessor-version":[{"id":16370,"href":"https:\/\/digistar.ma\/index.php?rest_route=\/wp\/v2\/product\/16368\/revisions\/16370"}],"wp:featuredmedia":[{"embeddable":true,"href":"https:\/\/digistar.ma\/index.php?rest_route=\/wp\/v2\/media\/16369"}],"wp:attachment":[{"href":"https:\/\/digistar.ma\/index.php?rest_route=%2Fwp%2Fv2%2Fmedia&parent=16368"}],"wp:term":[{"taxonomy":"product_brand","embeddable":true,"href":"https:\/\/digistar.ma\/index.php?rest_route=%2Fwp%2Fv2%2Fproduct_brand&post=16368"},{"taxonomy":"product_cat","embeddable":true,"href":"https:\/\/digistar.ma\/index.php?rest_route=%2Fwp%2Fv2%2Fproduct_cat&post=16368"},{"taxonomy":"product_tag","embeddable":true,"href":"https:\/\/digistar.ma\/index.php?rest_route=%2Fwp%2Fv2%2Fproduct_tag&post=16368"}],"curies":[{"name":"wp","href":"https:\/\/api.w.org\/{rel}","templated":true}]}}