{"id":16519,"date":"2026-03-01T23:05:31","date_gmt":"2026-03-01T23:05:31","guid":{"rendered":"https:\/\/digistar.ma\/?post_type=product&#038;p=16519"},"modified":"2026-03-01T23:05:31","modified_gmt":"2026-03-01T23:05:31","slug":"imprimante-uv-dtf-locorpro-60-cm-2-tetes-tx800","status":"publish","type":"product","link":"https:\/\/digistar.ma\/?product=imprimante-uv-dtf-locorpro-60-cm-2-tetes-tx800","title":{"rendered":"Imprimante UV DTF LocorPro 60\u202fcm \u2013 2 T\u00eates TX800"},"content":{"rendered":"<h3>Imprimante UV DTF LocorPro 60\u202fcm \u2013 2 T\u00eates TX800<\/h3>\n<p data-start=\"677\" data-end=\"1035\">L\u2019Imprimante <strong data-start=\"690\" data-end=\"715\">UV DTF Locor Pro 60\u202fcm<\/strong> avec <strong data-start=\"721\" data-end=\"738\">2 t\u00eates TX800<\/strong> est con\u00e7ue pour les professionnels de la personnalisation et de l\u2019impression.<br data-start=\"816\" data-end=\"819\" \/>Elle combine la technologie <strong data-start=\"847\" data-end=\"871\">Direct-to-Film (DTF)<\/strong> avec l\u2019encre <strong data-start=\"885\" data-end=\"895\">UV LED<\/strong>, garantissant des impressions r\u00e9sistantes, \u00e9clatantes et durables sur diff\u00e9rents supports : textile, PVC, m\u00e9tal, bois, verre et stickers.<\/p>\n<ul data-start=\"1037\" data-end=\"1495\">\n<li data-start=\"1037\" data-end=\"1073\">\n<p data-start=\"1039\" data-end=\"1073\"><strong data-start=\"1039\" data-end=\"1063\">Largeur d\u2019impression<\/strong> : 60\u202fcm<\/p>\n<\/li>\n<li data-start=\"1074\" data-end=\"1143\">\n<p data-start=\"1076\" data-end=\"1143\"><strong data-start=\"1076\" data-end=\"1098\">T\u00eates d\u2019impression<\/strong> : 2 \u00d7 TX800 pour un rendu pr\u00e9cis et rapide<\/p>\n<\/li>\n<li data-start=\"1144\" data-end=\"1203\">\n<p data-start=\"1146\" data-end=\"1203\"><strong data-start=\"1146\" data-end=\"1168\">Encres compatibles<\/strong> : CMJN + blanc + vernis possible<\/p>\n<\/li>\n<li data-start=\"1204\" data-end=\"1315\">\n<p data-start=\"1206\" data-end=\"1315\"><strong data-start=\"1206\" data-end=\"1222\">Applications<\/strong> : textiles personnalis\u00e9s, objets publicitaires, stickers, \u00e9tiquettes et cr\u00e9ations sur film<\/p>\n<\/li>\n<li data-start=\"1316\" data-end=\"1410\">\n<p data-start=\"1318\" data-end=\"1410\"><strong data-start=\"1318\" data-end=\"1340\">Technologie LED UV<\/strong> : s\u00e9chage imm\u00e9diat, r\u00e9sistance optimale aux rayures et \u00e0 la lumi\u00e8re<\/p>\n<\/li>\n<li data-start=\"1411\" data-end=\"1495\">\n<p data-start=\"1413\" data-end=\"1495\"><strong data-start=\"1413\" data-end=\"1428\">Polyvalence<\/strong> : impression directe sur film ou objets selon encres et supports<\/p>\n<\/li>\n<\/ul>\n<p><img fetchpriority=\"high\" decoding=\"async\" class=\"alignnone  wp-image-16526\" src=\"https:\/\/digistar.ma\/wp-content\/uploads\/2026\/03\/d3139195-9f76-4431-be81-244a7d3f9919-300x294.jpg\" alt=\"Imprimante UV DTF LocorPro 60\u202fcm \u2013 2 T\u00eates TX800\" width=\"433\" height=\"425\" srcset=\"https:\/\/digistar.ma\/wp-content\/uploads\/2026\/03\/d3139195-9f76-4431-be81-244a7d3f9919-300x294.jpg 300w, https:\/\/digistar.ma\/wp-content\/uploads\/2026\/03\/d3139195-9f76-4431-be81-244a7d3f9919-600x587.jpg 600w, https:\/\/digistar.ma\/wp-content\/uploads\/2026\/03\/d3139195-9f76-4431-be81-244a7d3f9919.jpg 755w\" sizes=\"(max-width: 433px) 100vw, 433px\" \/><\/p>\n<p data-start=\"1497\" data-end=\"1673\">Que vous soyez une <strong data-start=\"1516\" data-end=\"1530\">imprimerie<\/strong>, un <strong data-start=\"1535\" data-end=\"1565\">studio de personnalisation<\/strong> ou un <strong data-start=\"1572\" data-end=\"1600\">entrepreneur dans le DTF<\/strong>, cette imprimante offre la productivit\u00e9 et la qualit\u00e9 que vous attendez.<\/p>\n","protected":false},"excerpt":{"rendered":"<ul>\n<li data-start=\"1110\" data-end=\"1142\">\n<p data-start=\"1112\" data-end=\"1142\">Largeur d\u2019impression : 60\u202fcm<\/p>\n<\/li>\n<li data-start=\"1143\" data-end=\"1204\">\n<p data-start=\"1145\" data-end=\"1204\">T\u00eates d\u2019impression : 2 \u00d7 TX800 pour pr\u00e9cision et rapidit\u00e9<\/p>\n<\/li>\n<li data-start=\"1205\" data-end=\"1248\">\n<p data-start=\"1207\" data-end=\"1248\">Encres : CMJN + blanc + vernis possible<\/p>\n<\/li>\n<li data-start=\"1249\" data-end=\"1293\">\n<p data-start=\"1251\" data-end=\"1293\">Technologie LED UV pour s\u00e9chage imm\u00e9diat<\/p>\n<\/li>\n<li data-start=\"1294\" data-end=\"1362\">\n<p data-start=\"1296\" data-end=\"1362\">Applications multiples : studios, imprimeries, entrepreneurs DTF<\/p>\n<\/li>\n<\/ul>\n","protected":false},"featured_media":16520,"comment_status":"open","ping_status":"closed","template":"","meta":{"_acf_changed":false,"_monsterinsights_skip_tracking":false,"_monsterinsights_sitenote_active":false,"_monsterinsights_sitenote_note":"","_monsterinsights_sitenote_category":0,"_uf_show_specific_survey":0,"_uf_disable_surveys":false,"_joinchat":[]},"product_brand":[],"product_cat":[384],"product_tag":[],"class_list":{"0":"post-16519","1":"product","2":"type-product","3":"status-publish","4":"has-post-thumbnail","6":"product_cat-fournitures-dimpression","8":"first","9":"instock","10":"sale","11":"shipping-taxable","12":"purchasable","13":"product-type-simple"},"acf":[],"jetpack_sharing_enabled":true,"_links":{"self":[{"href":"https:\/\/digistar.ma\/index.php?rest_route=\/wp\/v2\/product\/16519","targetHints":{"allow":["GET"]}}],"collection":[{"href":"https:\/\/digistar.ma\/index.php?rest_route=\/wp\/v2\/product"}],"about":[{"href":"https:\/\/digistar.ma\/index.php?rest_route=\/wp\/v2\/types\/product"}],"replies":[{"embeddable":true,"href":"https:\/\/digistar.ma\/index.php?rest_route=%2Fwp%2Fv2%2Fcomments&post=16519"}],"version-history":[{"count":1,"href":"https:\/\/digistar.ma\/index.php?rest_route=\/wp\/v2\/product\/16519\/revisions"}],"predecessor-version":[{"id":16529,"href":"https:\/\/digistar.ma\/index.php?rest_route=\/wp\/v2\/product\/16519\/revisions\/16529"}],"wp:featuredmedia":[{"embeddable":true,"href":"https:\/\/digistar.ma\/index.php?rest_route=\/wp\/v2\/media\/16520"}],"wp:attachment":[{"href":"https:\/\/digistar.ma\/index.php?rest_route=%2Fwp%2Fv2%2Fmedia&parent=16519"}],"wp:term":[{"taxonomy":"product_brand","embeddable":true,"href":"https:\/\/digistar.ma\/index.php?rest_route=%2Fwp%2Fv2%2Fproduct_brand&post=16519"},{"taxonomy":"product_cat","embeddable":true,"href":"https:\/\/digistar.ma\/index.php?rest_route=%2Fwp%2Fv2%2Fproduct_cat&post=16519"},{"taxonomy":"product_tag","embeddable":true,"href":"https:\/\/digistar.ma\/index.php?rest_route=%2Fwp%2Fv2%2Fproduct_tag&post=16519"}],"curies":[{"name":"wp","href":"https:\/\/api.w.org\/{rel}","templated":true}]}}