{"id":16592,"date":"2026-03-08T22:06:30","date_gmt":"2026-03-08T22:06:30","guid":{"rendered":"https:\/\/digistar.ma\/?post_type=product&#038;p=16592"},"modified":"2026-03-08T22:12:48","modified_gmt":"2026-03-08T22:12:48","slug":"papier-photo-magnetique-a4-jojo-pour-imprimante-jet-dencre","status":"publish","type":"product","link":"https:\/\/digistar.ma\/?product=papier-photo-magnetique-a4-jojo-pour-imprimante-jet-dencre","title":{"rendered":"Papier Photo Magn\u00e9tique A4 JOJO pour Imprimante Jet d\u2019Encre"},"content":{"rendered":"<h3>Papier Photo Magn\u00e9tique A4 JOJO pour Imprimante Jet d\u2019Encre<\/h3>\n<p data-start=\"217\" data-end=\"585\">Le <strong data-start=\"220\" data-end=\"255\">papier photo magn\u00e9tique A4 JOJO<\/strong> vous permet d\u2019imprimer vos photos et cr\u00e9ations puis de les transformer en <strong data-start=\"330\" data-end=\"355\">magnets personnalis\u00e9s<\/strong>.<\/p>\n<p data-start=\"217\" data-end=\"585\">Gr\u00e2ce \u00e0 sa surface photo de haute qualit\u00e9 et son support magn\u00e9tique, vos impressions peuvent \u00eatre directement fix\u00e9es sur toutes les <strong data-start=\"489\" data-end=\"513\">surfaces m\u00e9talliques<\/strong> comme les r\u00e9frig\u00e9rateurs, tableaux m\u00e9talliques ou supports d\u2019affichage.<\/p>\n<p data-start=\"587\" data-end=\"771\">Compatible avec la majorit\u00e9 des <strong data-start=\"619\" data-end=\"646\">imprimantes jet d\u2019encre Epson, Canon, Brother &#8230; <\/strong>, ce papier est id\u00e9al pour cr\u00e9er des <strong data-start=\"683\" data-end=\"770\">magnets photo, souvenirs personnalis\u00e9s, cadeaux originaux ou supports promotionnels<\/strong>.<\/p>\n<p data-start=\"773\" data-end=\"934\">Tr\u00e8s utilis\u00e9 par les <strong data-start=\"794\" data-end=\"869\">photographes, studios photo, imprimeurs et ateliers de personnalisation<\/strong>, ce papier offre des <strong data-start=\"891\" data-end=\"933\">couleurs vives et une impression nette<\/strong>.<\/p>\n<p data-start=\"773\" data-end=\"934\"><img fetchpriority=\"high\" decoding=\"async\" class=\"alignnone wp-image-16600\" src=\"https:\/\/digistar.ma\/wp-content\/uploads\/2026\/03\/Untitleddesign-2025-07-30T220948.854_09e706d6-ae23-4c42-9571-ecf68a82b384-300x300.webp\" alt=\"Papier Photo Magn\u00e9tique A4 JOJO pour Imprimante Jet d\u2019Encre\" width=\"425\" height=\"425\" srcset=\"https:\/\/digistar.ma\/wp-content\/uploads\/2026\/03\/Untitleddesign-2025-07-30T220948.854_09e706d6-ae23-4c42-9571-ecf68a82b384-300x300.webp 300w, https:\/\/digistar.ma\/wp-content\/uploads\/2026\/03\/Untitleddesign-2025-07-30T220948.854_09e706d6-ae23-4c42-9571-ecf68a82b384-1024x1024.webp 1024w, https:\/\/digistar.ma\/wp-content\/uploads\/2026\/03\/Untitleddesign-2025-07-30T220948.854_09e706d6-ae23-4c42-9571-ecf68a82b384-150x150.webp 150w, https:\/\/digistar.ma\/wp-content\/uploads\/2026\/03\/Untitleddesign-2025-07-30T220948.854_09e706d6-ae23-4c42-9571-ecf68a82b384-768x768.webp 768w, https:\/\/digistar.ma\/wp-content\/uploads\/2026\/03\/Untitleddesign-2025-07-30T220948.854_09e706d6-ae23-4c42-9571-ecf68a82b384-600x600.webp 600w, https:\/\/digistar.ma\/wp-content\/uploads\/2026\/03\/Untitleddesign-2025-07-30T220948.854_09e706d6-ae23-4c42-9571-ecf68a82b384-100x100.webp 100w, https:\/\/digistar.ma\/wp-content\/uploads\/2026\/03\/Untitleddesign-2025-07-30T220948.854_09e706d6-ae23-4c42-9571-ecf68a82b384.webp 1200w\" sizes=\"(max-width: 425px) 100vw, 425px\" \/><\/p>\n<h2 data-section-id=\"k0zlak\" data-start=\"1232\" data-end=\"1251\"><strong data-start=\"1235\" data-end=\"1251\">Applications<\/strong><\/h2>\n<ul data-start=\"1252\" data-end=\"1408\">\n<li data-section-id=\"1kqrn4q\" data-start=\"1252\" data-end=\"1282\">\n<p data-start=\"1254\" data-end=\"1282\">Magnets pour r\u00e9frig\u00e9rateur<\/p>\n<\/li>\n<li data-section-id=\"1aokkyg\" data-start=\"1283\" data-end=\"1318\">\n<p data-start=\"1285\" data-end=\"1318\">Photos souvenirs personnalis\u00e9es<\/p>\n<\/li>\n<li data-section-id=\"1kchokx\" data-start=\"1319\" data-end=\"1344\">\n<p data-start=\"1321\" data-end=\"1344\">Cadeaux personnalis\u00e9s<\/p>\n<\/li>\n<li data-section-id=\"11jyy8t\" data-start=\"1345\" data-end=\"1371\">\n<p data-start=\"1347\" data-end=\"1371\">Produits promotionnels<\/p>\n<\/li>\n<li data-section-id=\"1cowbho\" data-start=\"1372\" data-end=\"1408\">\n<p data-start=\"1374\" data-end=\"1408\">Activit\u00e9s cr\u00e9atives et scolaires<\/p>\n<\/li>\n<\/ul>\n","protected":false},"excerpt":{"rendered":"<ul>\n<li data-section-id=\"1hs88b1\" data-start=\"965\" data-end=\"986\">\n<p data-start=\"967\" data-end=\"986\">Marque : JOJO<\/p>\n<\/li>\n<li data-section-id=\"rgugt9\" data-start=\"987\" data-end=\"1021\">\n<p data-start=\"989\" data-end=\"1021\">Format : A4 (210 \u00d7 297 mm)<\/p>\n<\/li>\n<li data-section-id=\"wtpah\" data-start=\"1022\" data-end=\"1060\">\n<p data-start=\"1024\" data-end=\"1060\">Type : Papier photo magn\u00e9tique<\/p>\n<\/li>\n<li data-section-id=\"8zped6\" data-start=\"1061\" data-end=\"1108\">\n<p data-start=\"1063\" data-end=\"1108\">Compatibilit\u00e9 : Imprimantes jet d\u2019encre<\/p>\n<\/li>\n<li data-section-id=\"8jre0l\" data-start=\"1109\" data-end=\"1149\">\n<p data-start=\"1111\" data-end=\"1149\">Contenu : 10 feuilles par paquet<\/p>\n<\/li>\n<li data-section-id=\"12eflc4\" data-start=\"1150\" data-end=\"1203\">\n<p data-start=\"1152\" data-end=\"1203\">Utilisation : Cr\u00e9ation de magnets personnalis\u00e9s<\/p>\n<\/li>\n<\/ul>\n","protected":false},"featured_media":16601,"comment_status":"open","ping_status":"closed","template":"","meta":{"_acf_changed":false,"_monsterinsights_skip_tracking":false,"_monsterinsights_sitenote_active":false,"_monsterinsights_sitenote_note":"","_monsterinsights_sitenote_category":0,"_uf_show_specific_survey":0,"_uf_disable_surveys":false,"_joinchat":[]},"product_brand":[],"product_cat":[249,238,384,387],"product_tag":[],"class_list":{"0":"post-16592","1":"product","2":"type-product","3":"status-publish","4":"has-post-thumbnail","6":"product_cat-papier","7":"product_cat-consommables","8":"product_cat-fournitures-dimpression","9":"product_cat-papier-photo","11":"first","12":"instock","13":"sale","14":"shipping-taxable","15":"purchasable","16":"product-type-simple"},"acf":[],"jetpack_sharing_enabled":true,"_links":{"self":[{"href":"https:\/\/digistar.ma\/index.php?rest_route=\/wp\/v2\/product\/16592","targetHints":{"allow":["GET"]}}],"collection":[{"href":"https:\/\/digistar.ma\/index.php?rest_route=\/wp\/v2\/product"}],"about":[{"href":"https:\/\/digistar.ma\/index.php?rest_route=\/wp\/v2\/types\/product"}],"replies":[{"embeddable":true,"href":"https:\/\/digistar.ma\/index.php?rest_route=%2Fwp%2Fv2%2Fcomments&post=16592"}],"version-history":[{"count":1,"href":"https:\/\/digistar.ma\/index.php?rest_route=\/wp\/v2\/product\/16592\/revisions"}],"predecessor-version":[{"id":16602,"href":"https:\/\/digistar.ma\/index.php?rest_route=\/wp\/v2\/product\/16592\/revisions\/16602"}],"wp:featuredmedia":[{"embeddable":true,"href":"https:\/\/digistar.ma\/index.php?rest_route=\/wp\/v2\/media\/16601"}],"wp:attachment":[{"href":"https:\/\/digistar.ma\/index.php?rest_route=%2Fwp%2Fv2%2Fmedia&parent=16592"}],"wp:term":[{"taxonomy":"product_brand","embeddable":true,"href":"https:\/\/digistar.ma\/index.php?rest_route=%2Fwp%2Fv2%2Fproduct_brand&post=16592"},{"taxonomy":"product_cat","embeddable":true,"href":"https:\/\/digistar.ma\/index.php?rest_route=%2Fwp%2Fv2%2Fproduct_cat&post=16592"},{"taxonomy":"product_tag","embeddable":true,"href":"https:\/\/digistar.ma\/index.php?rest_route=%2Fwp%2Fv2%2Fproduct_tag&post=16592"}],"curies":[{"name":"wp","href":"https:\/\/api.w.org\/{rel}","templated":true}]}}