{"id":16603,"date":"2026-03-08T22:54:37","date_gmt":"2026-03-08T22:54:37","guid":{"rendered":"https:\/\/digistar.ma\/?post_type=product&#038;p=16603"},"modified":"2026-03-08T23:11:13","modified_gmt":"2026-03-08T23:11:13","slug":"papier-transfert-dark-sublimation-a4-jojo-pour-textiles-fonces","status":"publish","type":"product","link":"https:\/\/digistar.ma\/?product=papier-transfert-dark-sublimation-a4-jojo-pour-textiles-fonces","title":{"rendered":"Papier Transfert Dark Sublimation A4 JOJO pour Textiles Fonc\u00e9s"},"content":{"rendered":"<h3>Papier Transfert Dark Sublimation A4 JOJO pour Textiles Fonc\u00e9s<\/h3>\n<p data-start=\"378\" data-end=\"755\">Le <strong data-start=\"381\" data-end=\"414\">papier transfert Dark A4 JOJO<\/strong> est sp\u00e9cialement con\u00e7u pour l\u2019impression et la personnalisation de <strong data-start=\"482\" data-end=\"513\">t-shirts et textiles fonc\u00e9s<\/strong>. Tr\u00e8s utilis\u00e9 dans le domaine de l\u2019impression textile, ce <strong data-start=\"572\" data-end=\"596\">papier transfer dark<\/strong> permet d\u2019imprimer vos designs avec une imprimante <strong data-start=\"647\" data-end=\"662\">jet d\u2019encre<\/strong> puis de les transf\u00e9rer sur textile \u00e0 l\u2019aide d\u2019un <strong data-start=\"712\" data-end=\"754\">fer \u00e0 repasser ou d\u2019une presse \u00e0 chaud<\/strong>.<\/p>\n<p data-start=\"757\" data-end=\"919\">Gr\u00e2ce \u00e0 sa qualit\u00e9 d\u2019impression jusqu\u2019\u00e0 <strong data-start=\"797\" data-end=\"809\">1440 dpi<\/strong>, ce papier garantit des <strong data-start=\"834\" data-end=\"878\">couleurs vives et un rendu professionnel<\/strong> sur les t-shirts noirs ou tissus fonc\u00e9s.<\/p>\n<p data-start=\"921\" data-end=\"1093\">Le <strong data-start=\"924\" data-end=\"944\">papier dark JOJO<\/strong> est id\u00e9al pour les <strong data-start=\"964\" data-end=\"1092\">ateliers de personnalisation, imprimeurs textiles, cr\u00e9ateurs de marques de v\u00eatements et production de t-shirts personnalis\u00e9s<\/strong>.<\/p>\n<h3 data-start=\"921\" data-end=\"1093\">Caract\u00e9ristiques<\/h3>\n<ul>\n<li data-section-id=\"1hs88b1\" data-start=\"1124\" data-end=\"1145\">\n<p data-start=\"1126\" data-end=\"1145\">Marque : JOJO<\/p>\n<\/li>\n<li data-section-id=\"1bl78cm\" data-start=\"1146\" data-end=\"1197\">\n<p data-start=\"1148\" data-end=\"1197\">Type : Papier Transfer Dark (tissus fonc\u00e9s)<\/p>\n<\/li>\n<li data-section-id=\"rgugt9\" data-start=\"1198\" data-end=\"1232\">\n<p data-start=\"1200\" data-end=\"1232\">Format : A4 (210 \u00d7 297 mm)<\/p>\n<\/li>\n<li data-section-id=\"8zped6\" data-start=\"1233\" data-end=\"1280\">\n<p data-start=\"1235\" data-end=\"1280\">Compatibilit\u00e9 : Imprimantes jet d\u2019encre<\/p>\n<\/li>\n<li data-section-id=\"aq2wrv\" data-start=\"1281\" data-end=\"1335\">\n<p data-start=\"1283\" data-end=\"1335\">Application : Presse \u00e0 chaud ou fer \u00e0 repasser<\/p>\n<\/li>\n<\/ul>\n","protected":false},"excerpt":{"rendered":"<ul>\n<li data-section-id=\"1hs88b1\" data-start=\"1124\" data-end=\"1145\">\n<p data-start=\"1126\" data-end=\"1145\">Marque : JOJO<\/p>\n<\/li>\n<li data-section-id=\"1bl78cm\" data-start=\"1146\" data-end=\"1197\">\n<p data-start=\"1148\" data-end=\"1197\">Type : Papier Transfer Dark (tissus fonc\u00e9s)<\/p>\n<\/li>\n<li data-section-id=\"rgugt9\" data-start=\"1198\" data-end=\"1232\">\n<p data-start=\"1200\" data-end=\"1232\">Format : A4 (210 \u00d7 297 mm)<\/p>\n<\/li>\n<li data-section-id=\"8zped6\" data-start=\"1233\" data-end=\"1280\">\n<p data-start=\"1235\" data-end=\"1280\">Compatibilit\u00e9 : Imprimantes jet d\u2019encre<\/p>\n<\/li>\n<li data-section-id=\"aq2wrv\" data-start=\"1281\" data-end=\"1335\">\n<p data-start=\"1283\" data-end=\"1335\">Application : Presse \u00e0 chaud ou fer \u00e0 repasser<\/p>\n<\/li>\n<li data-section-id=\"1361hpw\" data-start=\"1336\" data-end=\"1383\">\n<p data-start=\"1338\" data-end=\"1383\">Qualit\u00e9 d\u2019impression : jusqu\u2019\u00e0 1440 dpi<\/p>\n<\/li>\n<li data-section-id=\"11hmfwy\" data-start=\"1384\" data-end=\"1411\">\n<p data-start=\"1386\" data-end=\"1411\">Contenu : 10 feuilles<\/p>\n<\/li>\n<\/ul>\n","protected":false},"featured_media":16604,"comment_status":"open","ping_status":"closed","template":"","meta":{"_acf_changed":false,"_monsterinsights_skip_tracking":false,"_monsterinsights_sitenote_active":false,"_monsterinsights_sitenote_note":"","_monsterinsights_sitenote_category":0,"_uf_show_specific_survey":0,"_uf_disable_surveys":false,"_joinchat":[]},"product_brand":[],"product_cat":[238,384,249,387],"product_tag":[],"class_list":{"0":"post-16603","1":"product","2":"type-product","3":"status-publish","4":"has-post-thumbnail","6":"product_cat-consommables","7":"product_cat-fournitures-dimpression","8":"product_cat-papier","9":"product_cat-papier-photo","11":"first","12":"instock","13":"sale","14":"shipping-taxable","15":"purchasable","16":"product-type-simple"},"acf":[],"jetpack_sharing_enabled":true,"_links":{"self":[{"href":"https:\/\/digistar.ma\/index.php?rest_route=\/wp\/v2\/product\/16603","targetHints":{"allow":["GET"]}}],"collection":[{"href":"https:\/\/digistar.ma\/index.php?rest_route=\/wp\/v2\/product"}],"about":[{"href":"https:\/\/digistar.ma\/index.php?rest_route=\/wp\/v2\/types\/product"}],"replies":[{"embeddable":true,"href":"https:\/\/digistar.ma\/index.php?rest_route=%2Fwp%2Fv2%2Fcomments&post=16603"}],"version-history":[{"count":5,"href":"https:\/\/digistar.ma\/index.php?rest_route=\/wp\/v2\/product\/16603\/revisions"}],"predecessor-version":[{"id":16618,"href":"https:\/\/digistar.ma\/index.php?rest_route=\/wp\/v2\/product\/16603\/revisions\/16618"}],"wp:featuredmedia":[{"embeddable":true,"href":"https:\/\/digistar.ma\/index.php?rest_route=\/wp\/v2\/media\/16604"}],"wp:attachment":[{"href":"https:\/\/digistar.ma\/index.php?rest_route=%2Fwp%2Fv2%2Fmedia&parent=16603"}],"wp:term":[{"taxonomy":"product_brand","embeddable":true,"href":"https:\/\/digistar.ma\/index.php?rest_route=%2Fwp%2Fv2%2Fproduct_brand&post=16603"},{"taxonomy":"product_cat","embeddable":true,"href":"https:\/\/digistar.ma\/index.php?rest_route=%2Fwp%2Fv2%2Fproduct_cat&post=16603"},{"taxonomy":"product_tag","embeddable":true,"href":"https:\/\/digistar.ma\/index.php?rest_route=%2Fwp%2Fv2%2Fproduct_tag&post=16603"}],"curies":[{"name":"wp","href":"https:\/\/api.w.org\/{rel}","templated":true}]}}