{"id":16620,"date":"2026-03-08T23:48:51","date_gmt":"2026-03-08T23:48:51","guid":{"rendered":"https:\/\/digistar.ma\/?post_type=product&#038;p=16620"},"modified":"2026-03-08T23:48:51","modified_gmt":"2026-03-08T23:48:51","slug":"scanner-epson-workforce-ds-1760wn-b11b274402","status":"publish","type":"product","link":"https:\/\/digistar.ma\/?product=scanner-epson-workforce-ds-1760wn-b11b274402","title":{"rendered":"Scanner Epson WorkForce DS-1760WN &#8211; B11B274402"},"content":{"rendered":"<h3>Scanner Epson WorkForce DS-1760WN &#8211; B11B274402<\/h3>\n<p><span class=\"oopStage-productInfoTopItem\">Format de scan\u00a0A4\u00a0<\/span>\u00a0<span class=\"oopStage-productInfoTopItem\">R\u00e9solution du scanner\u00a0600\u00a0<\/span>\u00a0<span class=\"oopStage-productInfoTopItem\">Vitesse de num\u00e9risation max.\u00a030\u00a0page(s)\/min\u00a0<\/span>\u00a0<span class=\"oopStage-productInfoTopItem\">\u00c9cran tactile \u00e0 affichage couleur\u00a0<\/span>\u00a0<span class=\"oopStage-productInfoTopItem\">Source de lumi\u00e8re\u00a0LED\u00a0<\/span>\u00a0<span class=\"oopStage-productInfoTopItem\">USB<\/span><\/p>\n<div class=\"tab-panel__section tab-panel__section--full-width js-tab-panel-section\" data-section=\"overview\" data-sticky-header-anchor=\"overview\">\n<div class=\"tab-panel__section-inner\">\n<div class=\"tab-panel__section-content\">\n<div class=\"product-overview\">\n<div class=\"product-overview-section\">\n<div class=\"product-overview__introText--neon\">Le DS-1760WN est la solution professionnelle id\u00e9ale pour les utilisateurs \u00e0 la recherche d\u2019un scanner \u00e0 plat alliant un prix abordable \u00e0 des performances impressionnantes.<\/div>\n<div class=\"product-overview__introText--neon\">Ce scanner produit des r\u00e9sultats d\u2019une qualit\u00e9 fiable et constante, r\u00e9pondant aux standards professionnels et respectant les contraintes budg\u00e9taires. Dans un design simple et discret pr\u00e9sentant un faible encombrement, le DS-1760WN permet aux utilisateurs d\u2019obtenir des r\u00e9sultats professionnels.<\/div>\n<div><\/div>\n<\/div>\n<h3>Prix concurrentiel<\/h3>\n<p>Le DS-1760WN r\u00e9pond aux besoins des propri\u00e9taires de petites entreprises soucieux<br \/>\ndes co\u00fbts et des utilisateurs de bureaux \u00e0 domicile qui exigent pr\u00e9cision, performances et<br \/>\nfiabilit\u00e9<br \/>\nNum\u00e9risation d\u2019images de qualit\u00e9 sup\u00e9rieure<br \/>\nCe scanner de documents produit une qualit\u00e9 d\u2019image impressionnante \u00e0 une r\u00e9solution<br \/>\nde 1200 dpi lors de la num\u00e9risation depuis la vitre du scanner. Document Capture Pro<br \/>\npermet \u00e9galement de corriger les distorsions, les plis et les ombres sans avoir \u00e0<br \/>\nnum\u00e9riser \u00e0 nouveau le document.<\/p>\n<h3>\nFiable et facile d\u2019utilisation<\/h3>\n<p>Tous les scanners de documents Epson sont fabriqu\u00e9s \u00e0 l\u2019aide de composants de<br \/>\nqualit\u00e9 sup\u00e9rieure pour garantir des r\u00e9sultats et un cycle de vie du produit de haut niveau.<br \/>\nLe DS-1760WN est \u00e9quip\u00e9 d\u2019un logiciel intuitif et peut \u00eatre configur\u00e9 rapidement et en<br \/>\ntoute simplicit\u00e9.<\/p>\n<h3>\nVaste capacit\u00e9 de gestion des supports<\/h3>\n<p>L\u2019utilisateur peut num\u00e9riser des documents de diff\u00e9rentes tailles et qualit\u00e9s, y compris les<br \/>\ndocuments de forme irr\u00e9guli\u00e8re et fragiles. Le DS-1760WN permet \u00e9galement \u00e0<br \/>\nl\u2019utilisateur de choisir entre la num\u00e9risation \u00e0 partir du chargeur automatique de<br \/>\ndocuments ou de la vitre du scanner<\/p>\n<h3>\nConnectivit\u00e9 r\u00e9seau et Wi-Fi int\u00e9gr\u00e9s<\/h3>\n<p>La connectivit\u00e9 r\u00e9seau int\u00e9gr\u00e9e permet \u00e0 chaque scanner d\u2019\u00eatre partag\u00e9 par plusieurs<br \/>\nutilisateurs.<\/p>\n<p>&nbsp;<\/p>\n<div class=\"product-overview-section\">\n<div class=\"product-overview__section\">\n<div class=\"product-overview__section-content\">\n<div class=\"product-overview__description product-overview__description--neon\">\n<div class=\"descrip-cols owl-carousel owl-loaded owl-drag\">\n<div class=\"owl-stage-outer\">\n<div class=\"owl-stage\">\n<div class=\"owl-item active\">\n<h3 class=\"paragraph1\"><a href=\"https:\/\/digistar.ma\/wp-content\/uploads\/2026\/03\/workforce-ds-1760wn-datasheet.pdf\">FICHE TECHNIQUE ICI\u00a0<\/a><\/h3>\n<\/div>\n<div class=\"owl-item active\">\n<div class=\"paragraph2\"><\/div>\n<\/div>\n<div class=\"owl-item active\">\n<div class=\"paragraph3\"><\/div>\n<\/div>\n<div class=\"owl-item active\">\n<div class=\"paragraph4\"><\/div>\n<\/div>\n<div class=\"owl-item\">\n<div class=\"paragraph5\"><\/div>\n<\/div>\n<\/div>\n<\/div>\n<div class=\"owl-nav\"><\/div>\n<\/div>\n<\/div>\n<\/div>\n<\/div>\n<\/div>\n<\/div>\n<\/div>\n<\/div>\n<\/div>\n<div class=\"section-container__section\">\n<div class=\"section-container__section-inner\"><\/div>\n<\/div>\n","protected":false},"excerpt":{"rendered":"<ul class=\"features\">\n<li><strong>\u00c9conomique<\/strong>\u00a0Le DS-1760WN est un scanner professionnel aux nombreuses fonctionnalit\u00e9s propos\u00e9 \u00e0 un prix comp\u00e9titif<\/li>\n<li><strong>Haute qualit\u00e9<\/strong>\u00a0R\u00e9solution de 600\u00a0dpi lors de la num\u00e9risation \u00e0 partir du chargeur automatique de documents et de 1200\u00a0dpi \u00e0 partir de la vitre du scanner. Logiciel Document Capture Pro inclus.<\/li>\n<li><strong>Connectivit\u00e9 r\u00e9seau<\/strong>\u00a0La connectivit\u00e9 r\u00e9seau et le Wi-Fi int\u00e9gr\u00e9s permettent au DS-1760WN d\u2019\u00eatre partag\u00e9 par plusieurs utilisateurs.<\/li>\n<li><strong>Facilit\u00e9 d\u2019utilisation<\/strong>\u00a0Dot\u00e9 d\u2019un logiciel intuitif, le DS-1760WN est facile \u00e0 configurer et ses processus de num\u00e9risation sont simples<\/li>\n<li><strong>Gestion polyvalente des supports<\/strong>\u00a0G\u00e8re facilement les documents de diff\u00e9rentes tailles et qualit\u00e9s<\/li>\n<\/ul>\n","protected":false},"featured_media":16628,"comment_status":"open","ping_status":"closed","template":"","meta":{"_acf_changed":false,"_monsterinsights_skip_tracking":false,"_monsterinsights_sitenote_active":false,"_monsterinsights_sitenote_note":"","_monsterinsights_sitenote_category":0,"_uf_show_specific_survey":0,"_uf_disable_surveys":false,"_joinchat":[]},"product_brand":[],"product_cat":[15,380,254,296],"product_tag":[],"class_list":{"0":"post-16620","1":"product","2":"type-product","3":"status-publish","4":"has-post-thumbnail","6":"product_cat-imprimante-scanner","7":"product_cat-epson","8":"product_cat-scanner","9":"product_cat-scanner-a-plat-avec-chargeur-automatique","11":"first","12":"instock","13":"sale","14":"shipping-taxable","15":"purchasable","16":"product-type-simple"},"acf":[],"jetpack_sharing_enabled":true,"_links":{"self":[{"href":"https:\/\/digistar.ma\/index.php?rest_route=\/wp\/v2\/product\/16620","targetHints":{"allow":["GET"]}}],"collection":[{"href":"https:\/\/digistar.ma\/index.php?rest_route=\/wp\/v2\/product"}],"about":[{"href":"https:\/\/digistar.ma\/index.php?rest_route=\/wp\/v2\/types\/product"}],"replies":[{"embeddable":true,"href":"https:\/\/digistar.ma\/index.php?rest_route=%2Fwp%2Fv2%2Fcomments&post=16620"}],"version-history":[{"count":1,"href":"https:\/\/digistar.ma\/index.php?rest_route=\/wp\/v2\/product\/16620\/revisions"}],"predecessor-version":[{"id":16630,"href":"https:\/\/digistar.ma\/index.php?rest_route=\/wp\/v2\/product\/16620\/revisions\/16630"}],"wp:featuredmedia":[{"embeddable":true,"href":"https:\/\/digistar.ma\/index.php?rest_route=\/wp\/v2\/media\/16628"}],"wp:attachment":[{"href":"https:\/\/digistar.ma\/index.php?rest_route=%2Fwp%2Fv2%2Fmedia&parent=16620"}],"wp:term":[{"taxonomy":"product_brand","embeddable":true,"href":"https:\/\/digistar.ma\/index.php?rest_route=%2Fwp%2Fv2%2Fproduct_brand&post=16620"},{"taxonomy":"product_cat","embeddable":true,"href":"https:\/\/digistar.ma\/index.php?rest_route=%2Fwp%2Fv2%2Fproduct_cat&post=16620"},{"taxonomy":"product_tag","embeddable":true,"href":"https:\/\/digistar.ma\/index.php?rest_route=%2Fwp%2Fv2%2Fproduct_tag&post=16620"}],"curies":[{"name":"wp","href":"https:\/\/api.w.org\/{rel}","templated":true}]}}