{"id":16666,"date":"2026-03-09T01:19:46","date_gmt":"2026-03-09T01:19:46","guid":{"rendered":"https:\/\/digistar.ma\/?post_type=product&#038;p=16666"},"modified":"2026-03-09T01:19:46","modified_gmt":"2026-03-09T01:19:46","slug":"pack-encres-compatibles-epson-ecotank-101","status":"publish","type":"product","link":"https:\/\/digistar.ma\/?product=pack-encres-compatibles-epson-ecotank-101","title":{"rendered":"Pack Encres Compatibles Epson EcoTank 101"},"content":{"rendered":"<h3>Pack Encres Compatibles Epson EcoTank 101<\/h3>\n<p dir=\"auto\">Optez pour notre pack encres compatibles Epson 101 (noir + cyan + magenta + jaune) et profitez d&#8217;impressions ultra-\u00e9conomiques<\/p>\n<p dir=\"auto\">Chaque bouteille offre un volume g\u00e9n\u00e9reux : noir 127 ml pour jusqu&#8217;\u00e0 7500 pages, et couleurs 70 ml chacune pour jusqu&#8217;\u00e0 6000 pages (ISO 5%).<\/p>\n<p dir=\"auto\">Ces encres pigment\u00e9es\/dye assurent des textes nets r\u00e9sistants aux taches, des couleurs vives, un s\u00e9chage rapide et z\u00e9ro colmatage des t\u00eates. Remplissage propre anti-goutte, compatible 100% avec les Epson EcoTank L4150, L4160, L6160, L6170, L6190, L14150 et plus.<\/p>\n<p dir=\"auto\">\u00c9conomisez jusqu&#8217;\u00e0 80% vs originales Epson 101.<\/p>\n<p dir=\"auto\">Id\u00e9al pour bureau, maison ou \u00e9tudes \u00e0 Casablanca, Rabat et Marrakech. Sur Digistar.ma : meilleur prix au Maroc, livraison rapide<\/p>\n<ul>\n<li><strong>Mod\u00e8le<\/strong> : Encres compatibles Epson 101 (pack 4 bouteilles)<\/li>\n<li><strong>Couleurs<\/strong> : Noir (pigment\u00e9) + Cyan \/ Magenta \/ Jaune<\/li>\n<li><strong>Volume<\/strong> : Noir 127 ml \u2013 Couleurs 70 ml chacune<\/li>\n<li><strong>Rendement ISO<\/strong> : Noir 7500 pages \u2013 Couleurs 6000 pages<\/li>\n<li><strong>Compatibilit\u00e9<\/strong> : EcoTank L4150, L4160, L6160, L6170, L6190, L14150, L4260, L6290 &#8230;<\/li>\n<li><strong>Qualit\u00e9<\/strong> : Anti-taches\/colmatage, s\u00e9chage rapide, remplissage facile<\/li>\n<li><strong>\u00c9conomies<\/strong> : Jusqu&#8217;\u00e0 80% vs originales Epson 101<\/li>\n<\/ul>\n","protected":false},"excerpt":{"rendered":"<ul>\n<li><strong>Mod\u00e8le<\/strong> : Encres compatibles Epson 101 (pack 4 bouteilles)<\/li>\n<li><strong>Couleurs<\/strong> : Noir (pigment\u00e9) + Cyan \/ Magenta \/ Jaune<\/li>\n<li><strong>Volume<\/strong> : Noir 127 ml \u2013 Couleurs 70 ml chacune<\/li>\n<li><strong>Rendement ISO<\/strong> : Noir 7500 pages \u2013 Couleurs 6000 pages<\/li>\n<li><strong>Compatibilit\u00e9<\/strong> : EcoTank L4150, L4160, L6160, L6170, L6190, L14150, L4260, L6290 &#8230;<\/li>\n<li><strong>Qualit\u00e9<\/strong> : Anti-taches\/colmatage, s\u00e9chage rapide, remplissage facile<\/li>\n<li><strong>\u00c9conomies<\/strong> : Jusqu&#8217;\u00e0 80% vs originales Epson 101<\/li>\n<\/ul>\n","protected":false},"featured_media":16668,"comment_status":"open","ping_status":"closed","template":"","meta":{"_acf_changed":false,"_monsterinsights_skip_tracking":false,"_monsterinsights_sitenote_active":false,"_monsterinsights_sitenote_note":"","_monsterinsights_sitenote_category":0,"_uf_show_specific_survey":0,"_uf_disable_surveys":false,"_joinchat":[]},"product_brand":[],"product_cat":[238,251],"product_tag":[],"class_list":{"0":"post-16666","1":"product","2":"type-product","3":"status-publish","4":"has-post-thumbnail","6":"product_cat-consommables","7":"product_cat-bouteille-dencre","9":"first","10":"instock","11":"sale","12":"shipping-taxable","13":"purchasable","14":"product-type-simple"},"acf":[],"jetpack_sharing_enabled":true,"_links":{"self":[{"href":"https:\/\/digistar.ma\/index.php?rest_route=\/wp\/v2\/product\/16666","targetHints":{"allow":["GET"]}}],"collection":[{"href":"https:\/\/digistar.ma\/index.php?rest_route=\/wp\/v2\/product"}],"about":[{"href":"https:\/\/digistar.ma\/index.php?rest_route=\/wp\/v2\/types\/product"}],"replies":[{"embeddable":true,"href":"https:\/\/digistar.ma\/index.php?rest_route=%2Fwp%2Fv2%2Fcomments&post=16666"}],"version-history":[{"count":2,"href":"https:\/\/digistar.ma\/index.php?rest_route=\/wp\/v2\/product\/16666\/revisions"}],"predecessor-version":[{"id":16675,"href":"https:\/\/digistar.ma\/index.php?rest_route=\/wp\/v2\/product\/16666\/revisions\/16675"}],"wp:featuredmedia":[{"embeddable":true,"href":"https:\/\/digistar.ma\/index.php?rest_route=\/wp\/v2\/media\/16668"}],"wp:attachment":[{"href":"https:\/\/digistar.ma\/index.php?rest_route=%2Fwp%2Fv2%2Fmedia&parent=16666"}],"wp:term":[{"taxonomy":"product_brand","embeddable":true,"href":"https:\/\/digistar.ma\/index.php?rest_route=%2Fwp%2Fv2%2Fproduct_brand&post=16666"},{"taxonomy":"product_cat","embeddable":true,"href":"https:\/\/digistar.ma\/index.php?rest_route=%2Fwp%2Fv2%2Fproduct_cat&post=16666"},{"taxonomy":"product_tag","embeddable":true,"href":"https:\/\/digistar.ma\/index.php?rest_route=%2Fwp%2Fv2%2Fproduct_tag&post=16666"}],"curies":[{"name":"wp","href":"https:\/\/api.w.org\/{rel}","templated":true}]}}