{"id":16674,"date":"2026-03-09T01:37:56","date_gmt":"2026-03-09T01:37:56","guid":{"rendered":"https:\/\/digistar.ma\/?post_type=product&#038;p=16674"},"modified":"2026-03-09T01:41:34","modified_gmt":"2026-03-09T01:41:34","slug":"encre-compatible-epson-110-noir-pigment-ecotank","status":"publish","type":"product","link":"https:\/\/digistar.ma\/?product=encre-compatible-epson-110-noir-pigment-ecotank","title":{"rendered":"Encre Compatible Epson 110 Noir Pigment EcoTank"},"content":{"rendered":"<h3>Encre Compatible Epson 110 Noir Pigment EcoTank<\/h3>\n<p dir=\"auto\">Encres compatibles Epson 110 : Noir pigment\u00e9 120-127 ml (jusqu&#8217;\u00e0 6000 pages). Pour EcoTank ET-M1100 M1120 M1140 M1180 M2140 M3170 M2170. Qualit\u00e9 premium anti-taches, livraison Casablanca &amp; Maroc, paiement \u00e0 la livraison<\/p>\n<ul>\n<li><strong>Mod\u00e8le<\/strong> : Encres compatibles Epson 110<\/li>\n<li><strong>Couleurs<\/strong> : Noir pigment\u00e9 (principal)<\/li>\n<li><strong>Volume<\/strong> : Noir 120-127 ml<\/li>\n<li><strong>Rendement ISO<\/strong> : Noir jusqu&#8217;\u00e0 6000 pages<\/li>\n<li><strong>Compatibilit\u00e9<\/strong> : EcoTank ET-M1100, ET-M1120, ET-M1140, ET-M1180, ET-M2140, ET-M3170, ET-M2170 (s\u00e9rie monochrome\/business)<\/li>\n<li><strong>Qualit\u00e9<\/strong> : Pigment\u00e9 anti-taches\/smudge, s\u00e9chage rapide, anti-colmatage, remplissage facile anti-goutte<\/li>\n<li><strong>\u00c9conomies<\/strong> : Jusqu&#8217;\u00e0 80% vs originales Epson 110<\/li>\n<\/ul>\n","protected":false},"excerpt":{"rendered":"<ul>\n<li><strong>Mod\u00e8le<\/strong> : Encres compatibles Epson 110<\/li>\n<li><strong>Couleurs<\/strong> : Noir pigment\u00e9 (principal)<\/li>\n<li><strong>Volume<\/strong> : Noir 120-127 ml<\/li>\n<li><strong>Rendement ISO<\/strong> : Noir jusqu&#8217;\u00e0 6000 pages<\/li>\n<li><strong>Compatibilit\u00e9<\/strong> : EcoTank ET-M1100, ET-M1120, ET-M1140, ET-M1180, ET-M2140, ET-M3170, ET-M2170 (s\u00e9rie monochrome\/business)<\/li>\n<li><strong>Qualit\u00e9<\/strong> : Pigment\u00e9 anti-taches\/smudge, s\u00e9chage rapide, anti-colmatage, remplissage facile anti-goutte<\/li>\n<li><strong>\u00c9conomies<\/strong> : Jusqu&#8217;\u00e0 80% vs originales Epson 110<\/li>\n<\/ul>\n","protected":false},"featured_media":16676,"comment_status":"open","ping_status":"closed","template":"","meta":{"_acf_changed":false,"_monsterinsights_skip_tracking":false,"_monsterinsights_sitenote_active":false,"_monsterinsights_sitenote_note":"","_monsterinsights_sitenote_category":0,"_uf_show_specific_survey":0,"_uf_disable_surveys":false,"_joinchat":[]},"product_brand":[],"product_cat":[238,251],"product_tag":[],"class_list":{"0":"post-16674","1":"product","2":"type-product","3":"status-publish","4":"has-post-thumbnail","6":"product_cat-consommables","7":"product_cat-bouteille-dencre","9":"first","10":"instock","11":"sale","12":"shipping-taxable","13":"purchasable","14":"product-type-simple"},"acf":[],"jetpack_sharing_enabled":true,"_links":{"self":[{"href":"https:\/\/digistar.ma\/index.php?rest_route=\/wp\/v2\/product\/16674","targetHints":{"allow":["GET"]}}],"collection":[{"href":"https:\/\/digistar.ma\/index.php?rest_route=\/wp\/v2\/product"}],"about":[{"href":"https:\/\/digistar.ma\/index.php?rest_route=\/wp\/v2\/types\/product"}],"replies":[{"embeddable":true,"href":"https:\/\/digistar.ma\/index.php?rest_route=%2Fwp%2Fv2%2Fcomments&post=16674"}],"version-history":[{"count":1,"href":"https:\/\/digistar.ma\/index.php?rest_route=\/wp\/v2\/product\/16674\/revisions"}],"predecessor-version":[{"id":16679,"href":"https:\/\/digistar.ma\/index.php?rest_route=\/wp\/v2\/product\/16674\/revisions\/16679"}],"wp:featuredmedia":[{"embeddable":true,"href":"https:\/\/digistar.ma\/index.php?rest_route=\/wp\/v2\/media\/16676"}],"wp:attachment":[{"href":"https:\/\/digistar.ma\/index.php?rest_route=%2Fwp%2Fv2%2Fmedia&parent=16674"}],"wp:term":[{"taxonomy":"product_brand","embeddable":true,"href":"https:\/\/digistar.ma\/index.php?rest_route=%2Fwp%2Fv2%2Fproduct_brand&post=16674"},{"taxonomy":"product_cat","embeddable":true,"href":"https:\/\/digistar.ma\/index.php?rest_route=%2Fwp%2Fv2%2Fproduct_cat&post=16674"},{"taxonomy":"product_tag","embeddable":true,"href":"https:\/\/digistar.ma\/index.php?rest_route=%2Fwp%2Fv2%2Fproduct_tag&post=16674"}],"curies":[{"name":"wp","href":"https:\/\/api.w.org\/{rel}","templated":true}]}}