{"id":16816,"date":"2026-03-14T04:11:40","date_gmt":"2026-03-14T04:11:40","guid":{"rendered":"https:\/\/digistar.ma\/?post_type=product&#038;p=16816"},"modified":"2026-03-14T04:11:40","modified_gmt":"2026-03-14T04:11:40","slug":"flex-de-decoupe-textile-bleu-50cm-x-5m-pour-transfert-a-chaud","status":"publish","type":"product","link":"https:\/\/digistar.ma\/?product=flex-de-decoupe-textile-bleu-50cm-x-5m-pour-transfert-a-chaud","title":{"rendered":"Flex de D\u00e9coupe Textile Bleu 50cm x 5m pour Transfert \u00e0 Chaud"},"content":{"rendered":"<h3>Flex de D\u00e9coupe Textile Bleu 50cm x 5m pour Transfert \u00e0 Chaud<\/h3>\n<p data-start=\"412\" data-end=\"654\">Le\u00a0<strong data-start=\"415\" data-end=\"459\">flex de d\u00e9coupe textile bleu 50 cm x 5 m<\/strong>\u00a0est un\u00a0<strong data-start=\"467\" data-end=\"505\">vinyle thermocollant haute qualit\u00e9<\/strong>\u00a0sp\u00e9cialement con\u00e7u pour la\u00a0<strong data-start=\"533\" data-end=\"561\">personnalisation textile<\/strong>. Il permet de cr\u00e9er facilement des designs professionnels sur diff\u00e9rents types de v\u00eatements.<\/p>\n<p data-start=\"656\" data-end=\"854\">Ce flex est compatible avec les\u00a0<strong data-start=\"688\" data-end=\"721\">machines de d\u00e9coupe (plotter)<\/strong>\u00a0et s\u2019applique facilement avec une\u00a0<strong data-start=\"756\" data-end=\"774\">presse \u00e0 chaud<\/strong>, garantissant une excellente adh\u00e9rence et une longue dur\u00e9e de vie apr\u00e8s lavage.<\/p>\n<p data-start=\"856\" data-end=\"978\">Id\u00e9al pour les\u00a0<strong data-start=\"871\" data-end=\"977\">ateliers d\u2019impression textile, cr\u00e9ateurs de v\u00eatements personnalis\u00e9s et entreprises de marquage textile<\/strong>.<\/p>\n<h2 data-section-id=\"19dle6\" data-start=\"1327\" data-end=\"1354\"><img decoding=\"async\" class=\"emoji\" role=\"img\" draggable=\"false\" src=\"https:\/\/s.w.org\/images\/core\/emoji\/16.0.1\/svg\/1f455.svg\" alt=\"\ud83d\udc55\" \/>\u00a0Compatibilit\u00e9 textile<\/h2>\n<p data-start=\"1356\" data-end=\"1401\">Ce flex thermocollant peut \u00eatre utilis\u00e9 sur :<\/p>\n<ul data-start=\"1403\" data-end=\"1536\">\n<li data-section-id=\"17m6fiu\" data-start=\"1403\" data-end=\"1415\">\n<p data-start=\"1405\" data-end=\"1415\">T-shirts<\/p>\n<\/li>\n<li data-section-id=\"18no27\" data-start=\"1416\" data-end=\"1426\">\n<p data-start=\"1418\" data-end=\"1426\">Sweats<\/p>\n<\/li>\n<li data-section-id=\"625xtd\" data-start=\"1427\" data-end=\"1436\">\n<p data-start=\"1429\" data-end=\"1436\">Coton<\/p>\n<\/li>\n<li data-section-id=\"qjs3b\" data-start=\"1437\" data-end=\"1450\">\n<p data-start=\"1439\" data-end=\"1450\">Polyester<\/p>\n<\/li>\n<li data-section-id=\"mdw0o4\" data-start=\"1451\" data-end=\"1478\">\n<p data-start=\"1453\" data-end=\"1478\">M\u00e9lange coton\/polyester<\/p>\n<\/li>\n<li data-section-id=\"nf44i1\" data-start=\"1479\" data-end=\"1496\">\n<p data-start=\"1481\" data-end=\"1496\">Sacs en tissu<\/p>\n<\/li>\n<li data-section-id=\"1ia1ixm\" data-start=\"1497\" data-end=\"1510\">\n<p data-start=\"1499\" data-end=\"1510\">Uniformes<\/p>\n<\/li>\n<li data-section-id=\"877k9v\" data-start=\"1511\" data-end=\"1536\">\n<p data-start=\"1513\" data-end=\"1536\">V\u00eatements promotionnels<\/p>\n<\/li>\n<\/ul>\n<h2 data-section-id=\"pg64ge\" data-start=\"1789\" data-end=\"1813\">Mode d\u2019utilisation<\/h2>\n<p data-start=\"1815\" data-end=\"2014\"><img decoding=\"async\" class=\"emoji\" role=\"img\" draggable=\"false\" src=\"https:\/\/s.w.org\/images\/core\/emoji\/16.0.1\/svg\/31-20e3.svg\" alt=\"1\ufe0f\u20e3\" \/>\u00a0D\u00e9couper le design avec un plotter de d\u00e9coupe<br data-start=\"1864\" data-end=\"1867\" \/><img decoding=\"async\" class=\"emoji\" role=\"img\" draggable=\"false\" src=\"https:\/\/s.w.org\/images\/core\/emoji\/16.0.1\/svg\/32-20e3.svg\" alt=\"2\ufe0f\u20e3\" \/>\u00a0\u00c9cheniller le surplus de mati\u00e8re<br data-start=\"1903\" data-end=\"1906\" \/><img decoding=\"async\" class=\"emoji\" role=\"img\" draggable=\"false\" src=\"https:\/\/s.w.org\/images\/core\/emoji\/16.0.1\/svg\/33-20e3.svg\" alt=\"3\ufe0f\u20e3\" \/>\u00a0Positionner le flex sur le textile<br data-start=\"1944\" data-end=\"1947\" \/><img decoding=\"async\" class=\"emoji\" role=\"img\" draggable=\"false\" src=\"https:\/\/s.w.org\/images\/core\/emoji\/16.0.1\/svg\/34-20e3.svg\" alt=\"4\ufe0f\u20e3\" \/>\u00a0Appliquer avec une presse \u00e0 chaud<br data-start=\"1984\" data-end=\"1987\" \/><img decoding=\"async\" class=\"emoji\" role=\"img\" draggable=\"false\" src=\"https:\/\/s.w.org\/images\/core\/emoji\/16.0.1\/svg\/35-20e3.svg\" alt=\"5\ufe0f\u20e3\" \/>\u00a0Retirer le film support<\/p>\n","protected":false},"excerpt":{"rendered":"<ul>\n<li data-section-id=\"8s8ej4\" data-start=\"1020\" data-end=\"1042\">\n<p data-start=\"1022\" data-end=\"1042\"><strong data-start=\"1022\" data-end=\"1035\">Couleur :<\/strong> Bleu<\/p>\n<\/li>\n<li data-section-id=\"q7jjqb\" data-start=\"1043\" data-end=\"1066\">\n<p data-start=\"1045\" data-end=\"1066\"><strong data-start=\"1045\" data-end=\"1058\">Largeur :<\/strong>\u00a050 cm<\/p>\n<\/li>\n<li data-section-id=\"14oaj1r\" data-start=\"1067\" data-end=\"1094\">\n<p data-start=\"1069\" data-end=\"1094\"><strong data-start=\"1069\" data-end=\"1083\">Longueur :<\/strong>\u00a05 m\u00e8tres<\/p>\n<\/li>\n<li data-section-id=\"1vic5gw\" data-start=\"1095\" data-end=\"1145\">\n<p data-start=\"1097\" data-end=\"1145\"><strong data-start=\"1097\" data-end=\"1107\">Type :<\/strong>\u00a0Flex thermocollant \/ vinyle textile<\/p>\n<\/li>\n<li data-section-id=\"10acer0\" data-start=\"1146\" data-end=\"1185\">\n<p data-start=\"1148\" data-end=\"1185\"><strong data-start=\"1148\" data-end=\"1165\">Application :<\/strong>\u00a0Transfert \u00e0 chaud<\/p>\n<\/li>\n<li data-section-id=\"1rq0ncn\" data-start=\"1209\" data-end=\"1245\">\n<p data-start=\"1211\" data-end=\"1245\"><strong data-start=\"1211\" data-end=\"1224\">D\u00e9coupe :<\/strong>\u00a0Plotter de d\u00e9coupe<\/p>\n<\/li>\n<li data-section-id=\"1s05xx1\" data-start=\"1246\" data-end=\"1274\">\n<p data-start=\"1248\" data-end=\"1274\"><strong data-start=\"1248\" data-end=\"1265\">\u00c9chenillage :<\/strong>\u00a0Facile<\/p>\n<\/li>\n<li data-section-id=\"1nvvrub\" data-start=\"1275\" data-end=\"1320\">\n<p data-start=\"1277\" data-end=\"1320\"><strong data-start=\"1277\" data-end=\"1293\">R\u00e9sistance :<\/strong>\u00a0Haute r\u00e9sistance au lavage<\/p>\n<\/li>\n<\/ul>\n","protected":false},"featured_media":16817,"comment_status":"open","ping_status":"closed","template":"","meta":{"_acf_changed":false,"_monsterinsights_skip_tracking":false,"_monsterinsights_sitenote_active":false,"_monsterinsights_sitenote_note":"","_monsterinsights_sitenote_category":0,"_uf_show_specific_survey":0,"_uf_disable_surveys":false,"_joinchat":[]},"product_brand":[],"product_cat":[384],"product_tag":[],"class_list":{"0":"post-16816","1":"product","2":"type-product","3":"status-publish","4":"has-post-thumbnail","6":"product_cat-fournitures-dimpression","8":"first","9":"instock","10":"sale","11":"shipping-taxable","12":"purchasable","13":"product-type-simple"},"acf":[],"jetpack_sharing_enabled":true,"_links":{"self":[{"href":"https:\/\/digistar.ma\/index.php?rest_route=\/wp\/v2\/product\/16816","targetHints":{"allow":["GET"]}}],"collection":[{"href":"https:\/\/digistar.ma\/index.php?rest_route=\/wp\/v2\/product"}],"about":[{"href":"https:\/\/digistar.ma\/index.php?rest_route=\/wp\/v2\/types\/product"}],"replies":[{"embeddable":true,"href":"https:\/\/digistar.ma\/index.php?rest_route=%2Fwp%2Fv2%2Fcomments&post=16816"}],"version-history":[{"count":1,"href":"https:\/\/digistar.ma\/index.php?rest_route=\/wp\/v2\/product\/16816\/revisions"}],"predecessor-version":[{"id":16822,"href":"https:\/\/digistar.ma\/index.php?rest_route=\/wp\/v2\/product\/16816\/revisions\/16822"}],"wp:featuredmedia":[{"embeddable":true,"href":"https:\/\/digistar.ma\/index.php?rest_route=\/wp\/v2\/media\/16817"}],"wp:attachment":[{"href":"https:\/\/digistar.ma\/index.php?rest_route=%2Fwp%2Fv2%2Fmedia&parent=16816"}],"wp:term":[{"taxonomy":"product_brand","embeddable":true,"href":"https:\/\/digistar.ma\/index.php?rest_route=%2Fwp%2Fv2%2Fproduct_brand&post=16816"},{"taxonomy":"product_cat","embeddable":true,"href":"https:\/\/digistar.ma\/index.php?rest_route=%2Fwp%2Fv2%2Fproduct_cat&post=16816"},{"taxonomy":"product_tag","embeddable":true,"href":"https:\/\/digistar.ma\/index.php?rest_route=%2Fwp%2Fv2%2Fproduct_tag&post=16816"}],"curies":[{"name":"wp","href":"https:\/\/api.w.org\/{rel}","templated":true}]}}